{"id":27108,"date":"2024-03-21T14:21:14","date_gmt":"2024-03-21T12:21:14","guid":{"rendered":"https:\/\/tys.fi\/?page_id=27108"},"modified":"2024-03-21T14:24:07","modified_gmt":"2024-03-21T12:24:07","slug":"leveransvilkor-paytrail","status":"publish","type":"page","link":"https:\/\/tys.fi\/sv\/leveransvilkor-paytrail","title":{"rendered":"Leveransvilkor (Paytrail)"},"content":{"rendered":"<h2>Paytrails leveransvillkor<\/h2>\n<p>&nbsp;<\/p>\n<h3><strong>Betaltj\u00e4nstleverant\u00f6r<\/strong><\/h3>\n<p>Betalningsf\u00f6rmedlingstj\u00e4nsten utf\u00f6rs av och som betaltj\u00e4nstleverant\u00f6r fungerar Paytrail Oyj (2122839-7) i samarbete med finl\u00e4ndska banker och kreditinstitut. Paytrail Oyj st\u00e5r som betalningsmottagare p\u00e5 kontoutdraget eller kortfakturan och vidarebefordrar betalningen till s\u00e4ljaren. Paytrail Oyj har beviljats verksamhetstillst\u00e5nd f\u00f6r betalningsinstitut. V\u00e4nligen kontakta i f\u00f6rsta hand tj\u00e4nsteleverant\u00f6ren i reklamationsfall. Studentbystiftelsen i \u00c5bo (0142348-6), Inspekt\u00f6rsgatan 12A 20540 \u00c5BO. Tfn 358 2 2750 200, <a href=\"mailto:office@tys.fi\">office@tys.fi<\/a>.<\/p>\n<p>&nbsp;<\/p>\n<h3><strong>Kontaktuppgifter f\u00f6r Paytrail-betalningstj\u00e4nsten<\/strong><\/h3>\n<p>Paytrail Oyj, FO-nummer: 2122839-7<br \/>\nInnova 2<br \/>\nLutakonaukio 7<br \/>\n40100 Jyv\u00e4skyl\u00e4<br \/>\nwww.paytrail.com<\/p>\n<p>&nbsp;<\/p>\n<h3><strong>Betalningss\u00e4tt<\/strong><\/h3>\n<p>&nbsp;<\/p>\n<h4><strong>Bankavgifter<\/strong><\/h4>\n<p>Andelsbanken, Nordea, Danske Bank, POP Bank, Oma S\u00e4\u00e4st\u00f6pankki, Sparbanken, Aktia, S-banken, Handelsbanken och \u00c5landsbanken.<\/p>\n<h4><strong>Kortavgifter<\/strong><\/h4>\n<p>Visa-, Visa Debit-, Visa Electron-, Mastercard-, och Debit MasterCard-kort.<\/p>\n<h4><strong>Mobila betalningss\u00e4tt<\/strong><\/h4>\n<p>Mobilbetalningssa\u0308tten MobilePay, Pivo och Siirto a\u0308r tja\u0308nster som fungerar via en app, med vilken du kan betala webbutiksinko\u0308p med banko\u0308verfo\u0308ring fra\u030an ditt konto eller som kortbetalning fra\u030an ditt kort genom att acceptera betalningen i den aktuella applikationen.<\/p>\n<h4><strong>MobilePay<\/strong><\/h4>\n<p>Villkoren finns tillg\u00e4ngliga p\u00e5 MobilePays webbplats: <a href=\"https:\/\/mobilepay.fi\/asiakastuki\/ehdot\/%20\">https:\/\/mobilepay.fi\/asiakastuki\/ehdot\/<\/a><\/p>\n<h4><strong>Pivo<\/strong><\/h4>\n<p>Villkoren finns tillg\u00e4ngliga p\u00e5 Pivos webbplats: <a href=\"https:\/\/pivo.fi\/kayttoehdot\/pivon-kayttoehdot\/%20\">https:\/\/pivo.fi\/kayttoehdot\/pivon-kayttoehdot\/<\/a><\/p>\n<h4><strong>Siirto<\/strong><\/h4>\n<p>Tillg\u00e4ngliga alternativ: OP Siirto och Nordea Siirto.<\/p>\n<h4><strong>Faktura- och avbetalningstj\u00e4nster<\/strong><\/h4>\n<p>Faktura- och avbetalningsbetalningstj\u00e4nster via Paytrail tillhandah\u00e5lls av OP Faktura, OP Tililuotto och Walley.<\/p>\n<p><strong>\u00a0<\/strong><\/p>\n<h3><strong>Returpolicy<\/strong><\/h3>\n<p>K\u00f6pta krediter \u00e5terbetalas inte.<\/p>\n","protected":false},"excerpt":{"rendered":"<p>Paytrails leveransvillkor &nbsp; Betaltj\u00e4nstleverant\u00f6r Betalningsf\u00f6rmedlingstj\u00e4nsten utf\u00f6rs av och som betaltj\u00e4nstleverant\u00f6r fungerar Paytrail Oyj (2122839-7) i&#8230;<\/p>\n","protected":false},"author":2,"featured_media":0,"parent":0,"menu_order":0,"comment_status":"closed","ping_status":"closed","template":"","meta":{"footnotes":""},"class_list":["post-27108","page","type-page","status-publish"],"yoast_head":"<!-- This site is optimized with the Yoast SEO plugin v27.4 - https:\/\/yoast.com\/product\/yoast-seo-wordpress\/ -->\n<title>Leveransvilkor (Paytrail) | TYS | Turun Ylioppilaskyl\u00e4s\u00e4\u00e4ti\u00f6<\/title>\n<meta name=\"robots\" content=\"index, follow, max-snippet:-1, max-image-preview:large, max-video-preview:-1\" \/>\n<link rel=\"canonical\" href=\"https:\/\/tys.fi\/sv\/leveransvilkor-paytrail\" \/>\n<meta property=\"og:locale\" content=\"sv_SE\" \/>\n<meta property=\"og:type\" content=\"article\" \/>\n<meta property=\"og:title\" content=\"Leveransvilkor (Paytrail) | TYS | Turun Ylioppilaskyl\u00e4s\u00e4\u00e4ti\u00f6\" \/>\n<meta property=\"og:description\" content=\"Paytrails leveransvillkor &nbsp; Betaltj\u00e4nstleverant\u00f6r Betalningsf\u00f6rmedlingstj\u00e4nsten utf\u00f6rs av och som betaltj\u00e4nstleverant\u00f6r fungerar Paytrail Oyj (2122839-7) i...\" \/>\n<meta property=\"og:url\" content=\"https:\/\/tys.fi\/sv\/leveransvilkor-paytrail\" \/>\n<meta property=\"og:site_name\" content=\"Turun Ylioppilaskyl&auml;s&auml;&auml;ti&ouml;\" \/>\n<meta property=\"article:publisher\" content=\"https:\/\/www.facebook.com\/tysturku\/\" \/>\n<meta property=\"article:modified_time\" content=\"2024-03-21T12:24:07+00:00\" \/>\n<meta name=\"twitter:card\" content=\"summary_large_image\" \/>\n<meta name=\"twitter:site\" content=\"@tysturku\" \/>\n<meta name=\"twitter:label1\" content=\"Ber\u00e4knad l\u00e4stid\" \/>\n\t<meta name=\"twitter:data1\" content=\"2 minuter\" \/>\n<script type=\"application\/ld+json\" class=\"yoast-schema-graph\">{\"@context\":\"https:\\\/\\\/schema.org\",\"@graph\":[{\"@type\":\"WebPage\",\"@id\":\"https:\\\/\\\/tys.fi\\\/sv\\\/leveransvilkor-paytrail\",\"url\":\"https:\\\/\\\/tys.fi\\\/sv\\\/leveransvilkor-paytrail\",\"name\":\"Leveransvilkor (Paytrail) | TYS | Turun Ylioppilaskyl\u00e4s\u00e4\u00e4ti\u00f6\",\"isPartOf\":{\"@id\":\"https:\\\/\\\/tys.fi\\\/#website\"},\"datePublished\":\"2024-03-21T12:21:14+00:00\",\"dateModified\":\"2024-03-21T12:24:07+00:00\",\"breadcrumb\":{\"@id\":\"https:\\\/\\\/tys.fi\\\/sv\\\/leveransvilkor-paytrail#breadcrumb\"},\"inLanguage\":\"sv-SE\",\"potentialAction\":[{\"@type\":\"ReadAction\",\"target\":[\"https:\\\/\\\/tys.fi\\\/sv\\\/leveransvilkor-paytrail\"]}]},{\"@type\":\"BreadcrumbList\",\"@id\":\"https:\\\/\\\/tys.fi\\\/sv\\\/leveransvilkor-paytrail#breadcrumb\",\"itemListElement\":[{\"@type\":\"ListItem\",\"position\":1,\"name\":\"Home\",\"item\":\"https:\\\/\\\/tys.fi\\\/sv\"},{\"@type\":\"ListItem\",\"position\":2,\"name\":\"Leveransvilkor (Paytrail)\"}]},{\"@type\":\"WebSite\",\"@id\":\"https:\\\/\\\/tys.fi\\\/#website\",\"url\":\"https:\\\/\\\/tys.fi\\\/\",\"name\":\"Turun Ylioppilaskyl\u00e4s\u00e4\u00e4ti\u00f6\",\"description\":\"Vuokra-asunnot Turku\",\"publisher\":{\"@id\":\"https:\\\/\\\/tys.fi\\\/#organization\"},\"potentialAction\":[{\"@type\":\"SearchAction\",\"target\":{\"@type\":\"EntryPoint\",\"urlTemplate\":\"https:\\\/\\\/tys.fi\\\/?s={search_term_string}\"},\"query-input\":{\"@type\":\"PropertyValueSpecification\",\"valueRequired\":true,\"valueName\":\"search_term_string\"}}],\"inLanguage\":\"sv-SE\"},{\"@type\":\"Organization\",\"@id\":\"https:\\\/\\\/tys.fi\\\/#organization\",\"name\":\"TYS\",\"url\":\"https:\\\/\\\/tys.fi\\\/\",\"logo\":{\"@type\":\"ImageObject\",\"inLanguage\":\"sv-SE\",\"@id\":\"https:\\\/\\\/tys.fi\\\/#\\\/schema\\\/logo\\\/image\\\/\",\"url\":\"https:\\\/\\\/tys.fi\\\/wp-content\\\/uploads\\\/2019\\\/03\\\/TYS-Logo_Green_500px.png\",\"contentUrl\":\"https:\\\/\\\/tys.fi\\\/wp-content\\\/uploads\\\/2019\\\/03\\\/TYS-Logo_Green_500px.png\",\"width\":500,\"height\":232,\"caption\":\"TYS\"},\"image\":{\"@id\":\"https:\\\/\\\/tys.fi\\\/#\\\/schema\\\/logo\\\/image\\\/\"},\"sameAs\":[\"https:\\\/\\\/www.facebook.com\\\/tysturku\\\/\",\"https:\\\/\\\/x.com\\\/tysturku\",\"https:\\\/\\\/www.instagram.com\\\/tysturku\\\/\",\"https:\\\/\\\/www.linkedin.com\\\/company\\\/tysturku\\\/\",\"https:\\\/\\\/www.youtube.com\\\/channel\\\/UCjKOs8BOiY0SORCB0WWixlw?view_as=subscriber\",\"https:\\\/\\\/fi.wikipedia.org\\\/wiki\\\/Turun_ylioppilaskyl\u00e4s\u00e4\u00e4ti\u00f6\"]}]}<\/script>\n<!-- \/ Yoast SEO plugin. -->","yoast_head_json":{"title":"Leveransvilkor (Paytrail) | TYS | Turun Ylioppilaskyl\u00e4s\u00e4\u00e4ti\u00f6","robots":{"index":"index","follow":"follow","max-snippet":"max-snippet:-1","max-image-preview":"max-image-preview:large","max-video-preview":"max-video-preview:-1"},"canonical":"https:\/\/tys.fi\/sv\/leveransvilkor-paytrail","og_locale":"sv_SE","og_type":"article","og_title":"Leveransvilkor (Paytrail) | TYS | Turun Ylioppilaskyl\u00e4s\u00e4\u00e4ti\u00f6","og_description":"Paytrails leveransvillkor &nbsp; Betaltj\u00e4nstleverant\u00f6r Betalningsf\u00f6rmedlingstj\u00e4nsten utf\u00f6rs av och som betaltj\u00e4nstleverant\u00f6r fungerar Paytrail Oyj (2122839-7) i...","og_url":"https:\/\/tys.fi\/sv\/leveransvilkor-paytrail","og_site_name":"Turun Ylioppilaskyl&auml;s&auml;&auml;ti&ouml;","article_publisher":"https:\/\/www.facebook.com\/tysturku\/","article_modified_time":"2024-03-21T12:24:07+00:00","twitter_card":"summary_large_image","twitter_site":"@tysturku","twitter_misc":{"Ber\u00e4knad l\u00e4stid":"2 minuter"},"schema":{"@context":"https:\/\/schema.org","@graph":[{"@type":"WebPage","@id":"https:\/\/tys.fi\/sv\/leveransvilkor-paytrail","url":"https:\/\/tys.fi\/sv\/leveransvilkor-paytrail","name":"Leveransvilkor (Paytrail) | TYS | Turun Ylioppilaskyl\u00e4s\u00e4\u00e4ti\u00f6","isPartOf":{"@id":"https:\/\/tys.fi\/#website"},"datePublished":"2024-03-21T12:21:14+00:00","dateModified":"2024-03-21T12:24:07+00:00","breadcrumb":{"@id":"https:\/\/tys.fi\/sv\/leveransvilkor-paytrail#breadcrumb"},"inLanguage":"sv-SE","potentialAction":[{"@type":"ReadAction","target":["https:\/\/tys.fi\/sv\/leveransvilkor-paytrail"]}]},{"@type":"BreadcrumbList","@id":"https:\/\/tys.fi\/sv\/leveransvilkor-paytrail#breadcrumb","itemListElement":[{"@type":"ListItem","position":1,"name":"Home","item":"https:\/\/tys.fi\/sv"},{"@type":"ListItem","position":2,"name":"Leveransvilkor (Paytrail)"}]},{"@type":"WebSite","@id":"https:\/\/tys.fi\/#website","url":"https:\/\/tys.fi\/","name":"Turun Ylioppilaskyl\u00e4s\u00e4\u00e4ti\u00f6","description":"Vuokra-asunnot Turku","publisher":{"@id":"https:\/\/tys.fi\/#organization"},"potentialAction":[{"@type":"SearchAction","target":{"@type":"EntryPoint","urlTemplate":"https:\/\/tys.fi\/?s={search_term_string}"},"query-input":{"@type":"PropertyValueSpecification","valueRequired":true,"valueName":"search_term_string"}}],"inLanguage":"sv-SE"},{"@type":"Organization","@id":"https:\/\/tys.fi\/#organization","name":"TYS","url":"https:\/\/tys.fi\/","logo":{"@type":"ImageObject","inLanguage":"sv-SE","@id":"https:\/\/tys.fi\/#\/schema\/logo\/image\/","url":"https:\/\/tys.fi\/wp-content\/uploads\/2019\/03\/TYS-Logo_Green_500px.png","contentUrl":"https:\/\/tys.fi\/wp-content\/uploads\/2019\/03\/TYS-Logo_Green_500px.png","width":500,"height":232,"caption":"TYS"},"image":{"@id":"https:\/\/tys.fi\/#\/schema\/logo\/image\/"},"sameAs":["https:\/\/www.facebook.com\/tysturku\/","https:\/\/x.com\/tysturku","https:\/\/www.instagram.com\/tysturku\/","https:\/\/www.linkedin.com\/company\/tysturku\/","https:\/\/www.youtube.com\/channel\/UCjKOs8BOiY0SORCB0WWixlw?view_as=subscriber","https:\/\/fi.wikipedia.org\/wiki\/Turun_ylioppilaskyl\u00e4s\u00e4\u00e4ti\u00f6"]}]}},"_links":{"self":[{"href":"https:\/\/tys.fi\/sv\/wp-json\/wp\/v2\/pages\/27108","targetHints":{"allow":["GET"]}}],"collection":[{"href":"https:\/\/tys.fi\/sv\/wp-json\/wp\/v2\/pages"}],"about":[{"href":"https:\/\/tys.fi\/sv\/wp-json\/wp\/v2\/types\/page"}],"author":[{"embeddable":true,"href":"https:\/\/tys.fi\/sv\/wp-json\/wp\/v2\/users\/2"}],"replies":[{"embeddable":true,"href":"https:\/\/tys.fi\/sv\/wp-json\/wp\/v2\/comments?post=27108"}],"version-history":[{"count":3,"href":"https:\/\/tys.fi\/sv\/wp-json\/wp\/v2\/pages\/27108\/revisions"}],"predecessor-version":[{"id":27113,"href":"https:\/\/tys.fi\/sv\/wp-json\/wp\/v2\/pages\/27108\/revisions\/27113"}],"wp:attachment":[{"href":"https:\/\/tys.fi\/sv\/wp-json\/wp\/v2\/media?parent=27108"}],"curies":[{"name":"wp","href":"https:\/\/api.w.org\/{rel}","templated":true}]}}