{"id":26951,"date":"2024-03-20T13:11:06","date_gmt":"2024-03-20T11:11:06","guid":{"rendered":"https:\/\/tys.fi\/?page_id=26951"},"modified":"2026-01-12T11:28:19","modified_gmt":"2026-01-12T09:28:19","slug":"inredning-och-uteplats","status":"publish","type":"page","link":"https:\/\/tys.fi\/sv\/hyresgastens-handbok\/inredning-och-uteplats","title":{"rendered":"Inredning och uteplats"},"content":{"rendered":"[vc_row type=&#8221;full_width_background&#8221; full_screen_row_position=&#8221;middle&#8221; column_margin=&#8221;default&#8221; column_direction=&#8221;default&#8221; column_direction_tablet=&#8221;default&#8221; column_direction_phone=&#8221;default&#8221; bg_image=&#8221;26886&#8243; bg_image_type=&#8221;default&#8221; bg_position=&#8221;center center&#8221; background_image_loading=&#8221;default&#8221; bg_repeat=&#8221;no-repeat&#8221; scene_position=&#8221;center&#8221; top_padding=&#8221;15%&#8221; constrain_group_1=&#8221;yes&#8221; bottom_padding=&#8221;15%&#8221; text_color=&#8221;light&#8221; text_align=&#8221;center&#8221; row_border_radius=&#8221;none&#8221; row_border_radius_applies=&#8221;bg&#8221; row_position_desktop=&#8221;default&#8221; row_position_tablet=&#8221;inherit&#8221; row_position_phone=&#8221;inherit&#8221; overflow=&#8221;visible&#8221; color_overlay=&#8221;rgba(0,0,0,0.5)&#8221; overlay_strength=&#8221;0.3&#8243; gradient_direction=&#8221;left_to_right&#8221; shape_divider_color=&#8221;#ffffff&#8221; shape_divider_position=&#8221;bottom&#8221; bg_image_animation=&#8221;none&#8221; parallax_bg=&#8221;true&#8221; parallax_bg_speed=&#8221;fast&#8221; shape_type=&#8221;curve&#8221; gradient_type=&#8221;default&#8221;][vc_column column_padding=&#8221;no-extra-padding&#8221; column_padding_tablet=&#8221;inherit&#8221; column_padding_phone=&#8221;inherit&#8221; column_padding_position=&#8221;all&#8221; flex_gap_desktop=&#8221;10px&#8221; column_element_direction_desktop=&#8221;default&#8221; column_element_spacing=&#8221;default&#8221; desktop_text_alignment=&#8221;default&#8221; tablet_text_alignment=&#8221;default&#8221; phone_text_alignment=&#8221;default&#8221; background_color_opacity=&#8221;1&#8243; background_hover_color_opacity=&#8221;1&#8243; column_backdrop_filter=&#8221;none&#8221; column_shadow=&#8221;none&#8221; column_border_radius=&#8221;none&#8221; column_link_target=&#8221;_self&#8221; column_position=&#8221;default&#8221; gradient_direction=&#8221;left_to_right&#8221; overlay_strength=&#8221;0.3&#8243; width=&#8221;1\/1&#8243; tablet_width_inherit=&#8221;default&#8221; animation_type=&#8221;default&#8221; bg_image_animation=&#8221;none&#8221; border_type=&#8221;simple&#8221; column_border_width=&#8221;none&#8221; column_border_style=&#8221;solid&#8221;][\/vc_column][\/vc_row][vc_row type=&#8221;in_container&#8221; full_screen_row_position=&#8221;middle&#8221; column_margin=&#8221;default&#8221; column_direction=&#8221;default&#8221; column_direction_tablet=&#8221;default&#8221; column_direction_phone=&#8221;default&#8221; scene_position=&#8221;center&#8221; text_color=&#8221;dark&#8221; text_align=&#8221;left&#8221; row_border_radius=&#8221;none&#8221; row_border_radius_applies=&#8221;bg&#8221; row_position_desktop=&#8221;default&#8221; row_position_tablet=&#8221;inherit&#8221; row_position_phone=&#8221;inherit&#8221; overflow=&#8221;visible&#8221; overlay_strength=&#8221;0.3&#8243; gradient_direction=&#8221;left_to_right&#8221; shape_divider_position=&#8221;bottom&#8221; bg_image_animation=&#8221;none&#8221; shape_type=&#8221;&#8221;][vc_column column_padding=&#8221;padding-5-percent&#8221; column_padding_tablet=&#8221;inherit&#8221; column_padding_phone=&#8221;inherit&#8221; column_padding_position=&#8221;all&#8221; top_margin=&#8221;-8%&#8221; flex_gap_desktop=&#8221;10px&#8221; column_element_direction_desktop=&#8221;default&#8221; column_element_spacing=&#8221;default&#8221; centered_text=&#8221;true&#8221; desktop_text_alignment=&#8221;default&#8221; tablet_text_alignment=&#8221;default&#8221; phone_text_alignment=&#8221;default&#8221; background_color=&#8221;#829974&#8243; background_color_opacity=&#8221;1&#8243; background_hover_color_opacity=&#8221;1&#8243; column_backdrop_filter=&#8221;none&#8221; font_color=&#8221;#ffffff&#8221; column_shadow=&#8221;small_depth&#8221; column_border_radius=&#8221;none&#8221; column_link_target=&#8221;_self&#8221; column_position=&#8221;default&#8221; gradient_direction=&#8221;left_to_right&#8221; overlay_strength=&#8221;0.3&#8243; width=&#8221;1\/1&#8243; tablet_width_inherit=&#8221;default&#8221; animation_type=&#8221;default&#8221; bg_image_animation=&#8221;none&#8221; border_type=&#8221;simple&#8221; column_border_width=&#8221;none&#8221; column_border_style=&#8221;solid&#8221; column_padding_type=&#8221;default&#8221; gradient_type=&#8221;default&#8221;][vc_custom_heading text=&#8221;Inredning och uteplats&#8221; font_container=&#8221;tag:h1|font_size:60|text_align:center|color:%23ffffff|line_height:70px&#8221; use_theme_fonts=&#8221;yes&#8221;][\/vc_column][\/vc_row][vc_row type=&#8221;in_container&#8221; full_screen_row_position=&#8221;middle&#8221; column_margin=&#8221;default&#8221; column_direction=&#8221;default&#8221; column_direction_tablet=&#8221;default&#8221; column_direction_phone=&#8221;default&#8221; scene_position=&#8221;center&#8221; top_padding=&#8221;5%&#8221; bottom_padding=&#8221;5%&#8221; text_color=&#8221;dark&#8221; text_align=&#8221;left&#8221; row_border_radius=&#8221;none&#8221; row_border_radius_applies=&#8221;bg&#8221; row_position_desktop=&#8221;default&#8221; row_position_tablet=&#8221;inherit&#8221; row_position_phone=&#8221;inherit&#8221; overflow=&#8221;visible&#8221; overlay_strength=&#8221;0.3&#8243; gradient_direction=&#8221;left_to_right&#8221; shape_divider_position=&#8221;bottom&#8221; bg_image_animation=&#8221;none&#8221; shape_type=&#8221;&#8221; gradient_type=&#8221;default&#8221;][vc_column column_padding=&#8221;no-extra-padding&#8221; column_padding_tablet=&#8221;inherit&#8221; column_padding_phone=&#8221;inherit&#8221; column_padding_position=&#8221;all&#8221; flex_gap_desktop=&#8221;10px&#8221; column_element_direction_desktop=&#8221;default&#8221; column_element_spacing=&#8221;default&#8221; desktop_text_alignment=&#8221;default&#8221; tablet_text_alignment=&#8221;default&#8221; phone_text_alignment=&#8221;default&#8221; background_color_opacity=&#8221;1&#8243; background_hover_color_opacity=&#8221;1&#8243; column_backdrop_filter=&#8221;none&#8221; column_shadow=&#8221;none&#8221; column_border_radius=&#8221;none&#8221; column_link_target=&#8221;_self&#8221; column_position=&#8221;default&#8221; gradient_direction=&#8221;left_to_right&#8221; overlay_strength=&#8221;0.3&#8243; width=&#8221;1\/4&#8243; tablet_width_inherit=&#8221;default&#8221; animation_type=&#8221;default&#8221; bg_image_animation=&#8221;none&#8221; border_type=&#8221;simple&#8221; column_border_width=&#8221;none&#8221; column_border_style=&#8221;solid&#8221;][vc_widget_sidebar sidebar_id=&#8221;blog-sidebar&#8221;][\/vc_column][vc_column left_padding_desktop=&#8221;5%&#8221; constrain_group_101=&#8221;yes&#8221; right_padding_desktop=&#8221;5%&#8221; left_padding_phone=&#8221;0&#8243; constrain_group_105=&#8221;yes&#8221; right_padding_phone=&#8221;0&#8243; flex_gap_desktop=&#8221;10px&#8221; column_element_direction_desktop=&#8221;default&#8221; column_element_spacing=&#8221;default&#8221; desktop_text_alignment=&#8221;default&#8221; tablet_text_alignment=&#8221;default&#8221; phone_text_alignment=&#8221;default&#8221; background_color_opacity=&#8221;1&#8243; background_hover_color_opacity=&#8221;1&#8243; column_backdrop_filter=&#8221;none&#8221; column_shadow=&#8221;none&#8221; column_border_radius=&#8221;none&#8221; column_link_target=&#8221;_self&#8221; column_position=&#8221;default&#8221; gradient_direction=&#8221;left_to_right&#8221; overlay_strength=&#8221;0.3&#8243; width=&#8221;3\/4&#8243; tablet_width_inherit=&#8221;default&#8221; animation_type=&#8221;default&#8221; bg_image_animation=&#8221;none&#8221; border_type=&#8221;simple&#8221; column_border_width=&#8221;none&#8221; column_border_style=&#8221;solid&#8221; column_padding_type=&#8221;advanced&#8221; gradient_type=&#8221;default&#8221;][vc_row_inner column_margin=&#8221;default&#8221; column_direction=&#8221;default&#8221; column_direction_tablet=&#8221;default&#8221; column_direction_phone=&#8221;default&#8221; left_padding_desktop=&#8221;20&#8243; right_padding_desktop=&#8221;5&#8243; text_align=&#8221;left&#8221; row_position=&#8221;default&#8221; row_position_tablet=&#8221;inherit&#8221; row_position_phone=&#8221;inherit&#8221; overflow=&#8221;visible&#8221; pointer_events=&#8221;all&#8221;][vc_column_inner column_padding=&#8221;padding-7-percent&#8221; column_padding_tablet=&#8221;inherit&#8221; column_padding_phone=&#8221;inherit&#8221; column_padding_position=&#8221;right&#8221; flex_gap_desktop=&#8221;10px&#8221; column_element_direction_desktop=&#8221;default&#8221; column_element_spacing=&#8221;default&#8221; desktop_text_alignment=&#8221;default&#8221; tablet_text_alignment=&#8221;default&#8221; phone_text_alignment=&#8221;default&#8221; background_color_opacity=&#8221;1&#8243; background_hover_color_opacity=&#8221;1&#8243; column_backdrop_filter=&#8221;none&#8221; column_shadow=&#8221;none&#8221; column_border_radius=&#8221;none&#8221; column_link_target=&#8221;_self&#8221; overflow=&#8221;visible&#8221; gradient_direction=&#8221;left_to_right&#8221; overlay_strength=&#8221;0.3&#8243; width=&#8221;1\/1&#8243; tablet_width_inherit=&#8221;default&#8221; animation_type=&#8221;default&#8221; bg_image_animation=&#8221;none&#8221; border_type=&#8221;simple&#8221; column_border_width=&#8221;none&#8221; column_border_style=&#8221;solid&#8221;][vc_column_text css=&#8221;&#8221; text_direction=&#8221;default&#8221;]<strong><span style=\"font-size: 12pt;\">Inredning<\/span><\/strong><\/p>\n<p><span style=\"font-size: 12pt;\">Du f\u00e5r h\u00e4nga eller s\u00e4tta upp tavlor, hyllor och speglar p\u00e5 v\u00e4ggen men f\u00e4stena ska vara sk\u00e4liga. Upps\u00e4ttningen ska ocks\u00e5 beakta v\u00e4ggmaterialet \u2013 du f\u00e5r till exempel inte borra eller g\u00f6ra inf\u00e4stningar i badrumsv\u00e4ggen. Det \u00e4r f\u00f6rbjudet att f\u00e4sta spegelplattor p\u00e5 v\u00e4ggen.<\/span><\/p>\n<p>Vi rekommenderar att undvika tavelupph\u00e4ngningsstrips avsedda f\u00f6r att h\u00e4nga upp tavlor, eftersom de ofta skadar v\u00e4ggf\u00e4rgen n\u00e4r de tas bort. Dekorativa filmer som anv\u00e4nds p\u00e5 sk\u00e5pd\u00f6rrar och ytor (som D-C-Fix och liknande produkter) b\u00f6r ocks\u00e5 undvikas av samma anledning. Filmerna m\u00e5ste tas bort vid utflyttning, och hyresg\u00e4sten \u00e4r ansvarig f\u00f6r eventuella skador som filmerna orsakar p\u00e5 ytorna.<\/p>\n<p><span style=\"font-size: 12pt;\">Utan tillst\u00e5nd f\u00e5r du inte reparera eller bygga om din l\u00e4genhet. Tillst\u00e5nd kr\u00e4vs till exempel f\u00f6r m\u00e5lning och strukturella f\u00f6r\u00e4ndringar. Ingen ers\u00e4ttning betalas f\u00f6r arbete som gjorts utan tillst\u00e5nd eller f\u00f6r materialutgifter. I st\u00e4llet kan ett reparations- eller m\u00e5lningsprojekt utan tillst\u00e5nd utg\u00f6ra grund f\u00f6r upps\u00e4gning av hyresavtalet och indrivning av skadeers\u00e4ttning.<br \/>\n<\/span><span style=\"font-size: 12pt;\"><br \/>\nDu f\u00e5r p\u00e5 egen bekostnad l\u00e5ta installera ett d\u00f6rr\u00f6ga, en s\u00e4kerhetskedja eller persienner i din bostad. Installationen ska utf\u00f6ras av en yrkeskunnig person, och d\u00f6rr\u00f6gat, s\u00e4kerhetskedjan eller persiennerna ska l\u00e4mnas kvar i bostaden vid utflyttning. Persienner f\u00e5r endast installeras mellan f\u00f6nsterrutorna.<br \/>\n<\/span><\/p>\n<h3><span style=\"font-size: 12pt;\">Uteplats<\/span><\/h3>\n<p data-start=\"2186\" data-end=\"2426\">Enligt hyresavtalets villkor \u00e4r hyresg\u00e4sten skyldig att h\u00e5lla l\u00e4genheten samt eventuell g\u00e5rd eller balkong ren och i gott skick. Om brister uppt\u00e4cks har hyresv\u00e4rden r\u00e4tt att l\u00e5ta utf\u00f6ra st\u00e4dning eller reparation p\u00e5 hyresg\u00e4stens bekostnad.<\/p>\n<p data-start=\"2428\" data-end=\"2781\">Regelbunden sk\u00f6tsel av g\u00e5rdar och balkonger \u00e4r viktig \u2013 n\u00e4r gr\u00e4set klipps, ogr\u00e4s tas bort och planteringar sk\u00f6ts aktivt, h\u00e5lls milj\u00f6n prydlig och v\u00e4xtligheten h\u00e5lls under kontroll. En v\u00e4lv\u00e5rdad g\u00e5rd eller balkong ser inte bara snygg ut, utan f\u00f6rhindrar ocks\u00e5 spridning av skadedjur, skyddar byggnader fr\u00e5n v\u00e4xtskador och \u00f6kar trivseln f\u00f6r alla hyresg\u00e4ster.<\/p>\n<p data-start=\"2783\" data-end=\"2821\">Var s\u00e4rskilt uppm\u00e4rksam p\u00e5 f\u00f6ljande:<\/p>\n<ul data-start=\"2822\" data-end=\"3777\">\n<li data-start=\"2822\" data-end=\"2934\">\n<p data-start=\"2824\" data-end=\"2934\">L\u00e4genhetsg\u00e5rdar ska rensas fr\u00e5n \u00f6verfl\u00f6dig v\u00e4xtlighet. Gr\u00e4sytorna ska vara v\u00e4lv\u00e5rdade och gr\u00e4set kortklippt.<\/p>\n<\/li>\n<li data-start=\"2935\" data-end=\"2991\">\n<p data-start=\"2937\" data-end=\"2991\">Ta bort \u00f6verfl\u00f6digt skr\u00e4p fr\u00e5n g\u00e5rdar och balkonger.<\/p>\n<\/li>\n<li data-start=\"2992\" data-end=\"3176\">\n<p data-start=\"2994\" data-end=\"3176\">Kontrollera att balkonger eller l\u00e4genhetsg\u00e5rdar inte anv\u00e4nds f\u00f6r f\u00f6rvaring av f\u00f6rbjudna eller farliga f\u00f6rem\u00e5l ur brands\u00e4kerhetssynpunkt, s\u00e5som gamla m\u00f6bler eller hush\u00e5llsapparater.<\/p>\n<\/li>\n<li data-start=\"3177\" data-end=\"3291\">\n<p data-start=\"3179\" data-end=\"3291\">Bilsd\u00e4ck f\u00e5r inte f\u00f6rvaras p\u00e5 balkongen eller p\u00e5 l\u00e4genhetens g\u00e5rd. Endast ett d\u00e4ckset f\u00e5r f\u00f6rvaras i f\u00f6rr\u00e5det.<\/p>\n<\/li>\n<li data-start=\"3292\" data-end=\"3563\">\n<p data-start=\"3294\" data-end=\"3563\">Om du vill avgr\u00e4nsa din l\u00e4genhetsg\u00e5rd kan du s\u00e4tta upp ett gr\u00f6nt n\u00e4tst\u00e4ngsel mellan de befintliga mellanv\u00e4ggarna. G\u00e5rden f\u00e5r dock inte utvidgas \u2013 n\u00e4tet ska placeras endast mellan mellanv\u00e4ggarnas \u00e4ndar. Andra typer av staket eller egna konstruktioner \u00e4r inte till\u00e5tna.<\/p>\n<\/li>\n<li data-start=\"3564\" data-end=\"3777\">\n<p data-start=\"3566\" data-end=\"3777\">Vid underh\u00e5llsarbete p\u00e5 balkongen eller g\u00e5rden ska du komma ih\u00e5g att inga reparations- eller \u00e4ndringsarbeten f\u00e5r g\u00f6ras p\u00e5 konstruktionerna (till exempel m\u00e5lning eller f\u00f6r\u00e4ndring av byggnadsdelar \u00e4r f\u00f6rbjudet).<\/p>\n<\/li>\n<\/ul>\n<p data-start=\"3779\" data-end=\"3807\">Tips f\u00f6r g\u00e5rdssk\u00f6tsel:<\/p>\n<ul data-start=\"3808\" data-end=\"4055\">\n<li data-start=\"3808\" data-end=\"3921\">\n<p data-start=\"3810\" data-end=\"3921\">Om du inte har egna tr\u00e4dg\u00e5rdsredskap kan du fr\u00e5ga hyresg\u00e4stkommitt\u00e9n i ditt bostadsobjekt om de har redskap att l\u00e5na ut.<\/p>\n<\/li>\n<li data-start=\"3922\" data-end=\"4055\">\n<p data-start=\"3924\" data-end=\"4055\">Gr\u00e4sklippare finns i cykel- eller utomhusf\u00f6rr\u00e5den. Om den gr\u00e4sklippare du l\u00e5nar \u00e4r i d\u00e5ligt skick, meddela TYS om det omedelbart!<\/p>\n<\/li>\n<\/ul>\n[\/vc_column_text][\/vc_column_inner][\/vc_row_inner][\/vc_column][\/vc_row][vc_row type=&#8221;in_container&#8221; full_screen_row_position=&#8221;middle&#8221; column_margin=&#8221;default&#8221; column_direction=&#8221;default&#8221; column_direction_tablet=&#8221;default&#8221; column_direction_phone=&#8221;default&#8221; scene_position=&#8221;center&#8221; text_color=&#8221;dark&#8221; text_align=&#8221;left&#8221; row_border_radius=&#8221;none&#8221; row_border_radius_applies=&#8221;bg&#8221; row_position_desktop=&#8221;default&#8221; row_position_tablet=&#8221;inherit&#8221; row_position_phone=&#8221;inherit&#8221; overflow=&#8221;visible&#8221; overlay_strength=&#8221;0.3&#8243; gradient_direction=&#8221;left_to_right&#8221; shape_divider_position=&#8221;bottom&#8221; bg_image_animation=&#8221;none&#8221;][vc_column column_padding=&#8221;no-extra-padding&#8221; column_padding_tablet=&#8221;inherit&#8221; column_padding_phone=&#8221;inherit&#8221; column_padding_position=&#8221;all&#8221; flex_gap_desktop=&#8221;10px&#8221; column_element_direction_desktop=&#8221;default&#8221; column_element_spacing=&#8221;default&#8221; desktop_text_alignment=&#8221;default&#8221; tablet_text_alignment=&#8221;default&#8221; phone_text_alignment=&#8221;default&#8221; background_color_opacity=&#8221;1&#8243; background_hover_color_opacity=&#8221;1&#8243; column_backdrop_filter=&#8221;none&#8221; column_shadow=&#8221;none&#8221; column_border_radius=&#8221;none&#8221; column_link_target=&#8221;_self&#8221; column_position=&#8221;default&#8221; gradient_direction=&#8221;left_to_right&#8221; overlay_strength=&#8221;0.3&#8243; width=&#8221;1\/1&#8243; tablet_width_inherit=&#8221;default&#8221; animation_type=&#8221;default&#8221; bg_image_animation=&#8221;none&#8221; border_type=&#8221;simple&#8221; column_border_width=&#8221;none&#8221; column_border_style=&#8221;solid&#8221;][nectar_global_section id=&#8221;26906&#8243;][\/vc_column][\/vc_row]\n","protected":false},"excerpt":{"rendered":"<p>[vc_row type=&#8221;full_width_background&#8221; full_screen_row_position=&#8221;middle&#8221; column_margin=&#8221;default&#8221; column_direction=&#8221;default&#8221; column_direction_tablet=&#8221;default&#8221; column_direction_phone=&#8221;default&#8221; bg_image=&#8221;26886&#8243; bg_image_type=&#8221;default&#8221; bg_position=&#8221;center center&#8221; background_image_loading=&#8221;default&#8221; bg_repeat=&#8221;no-repeat&#8221; scene_position=&#8221;center&#8221; top_padding=&#8221;15%&#8221;&#8230;<\/p>\n","protected":false},"author":1,"featured_media":0,"parent":27009,"menu_order":0,"comment_status":"closed","ping_status":"closed","template":"","meta":{"footnotes":""},"class_list":["post-26951","page","type-page","status-publish"],"yoast_head":"<!-- This site is optimized with the Yoast SEO plugin v27.5 - https:\/\/yoast.com\/product\/yoast-seo-wordpress\/ -->\n<title>TYS | Hyresg\u00e4stens handbok | Inredning och uteplats<\/title>\n<meta name=\"description\" content=\"Du f\u00e5r h\u00e4nga eller s\u00e4tta upp tavlor, hyllor och speglar p\u00e5 v\u00e4ggen men f\u00e4stena ska vara sk\u00e4liga.\" \/>\n<meta name=\"robots\" content=\"index, follow, max-snippet:-1, max-image-preview:large, max-video-preview:-1\" \/>\n<link rel=\"canonical\" href=\"https:\/\/tys.fi\/sv\/hyresgastens-handbok\/inredning-och-uteplats\" \/>\n<meta property=\"og:locale\" content=\"sv_SE\" \/>\n<meta property=\"og:type\" content=\"article\" \/>\n<meta property=\"og:title\" content=\"TYS | Hyresg\u00e4stens handbok | Inredning och uteplats\" \/>\n<meta property=\"og:description\" content=\"Du f\u00e5r h\u00e4nga eller s\u00e4tta upp tavlor, hyllor och speglar p\u00e5 v\u00e4ggen men f\u00e4stena ska vara sk\u00e4liga.\" \/>\n<meta property=\"og:url\" content=\"https:\/\/tys.fi\/sv\/hyresgastens-handbok\/inredning-och-uteplats\" \/>\n<meta property=\"og:site_name\" content=\"Turun Ylioppilaskyl&auml;s&auml;&auml;ti&ouml;\" \/>\n<meta property=\"article:publisher\" content=\"https:\/\/www.facebook.com\/tysturku\/\" \/>\n<meta property=\"article:modified_time\" content=\"2026-01-12T09:28:19+00:00\" \/>\n<meta name=\"twitter:card\" content=\"summary_large_image\" \/>\n<meta name=\"twitter:site\" content=\"@tysturku\" \/>\n<meta name=\"twitter:label1\" content=\"Ber\u00e4knad l\u00e4stid\" \/>\n\t<meta name=\"twitter:data1\" content=\"3 minuter\" \/>\n<script type=\"application\/ld+json\" class=\"yoast-schema-graph\">{\"@context\":\"https:\\\/\\\/schema.org\",\"@graph\":[{\"@type\":\"WebPage\",\"@id\":\"https:\\\/\\\/tys.fi\\\/sv\\\/hyresgastens-handbok\\\/inredning-och-uteplats\",\"url\":\"https:\\\/\\\/tys.fi\\\/sv\\\/hyresgastens-handbok\\\/inredning-och-uteplats\",\"name\":\"TYS | Hyresg\u00e4stens handbok | Inredning och uteplats\",\"isPartOf\":{\"@id\":\"https:\\\/\\\/tys.fi\\\/#website\"},\"datePublished\":\"2024-03-20T11:11:06+00:00\",\"dateModified\":\"2026-01-12T09:28:19+00:00\",\"description\":\"Du f\u00e5r h\u00e4nga eller s\u00e4tta upp tavlor, hyllor och speglar p\u00e5 v\u00e4ggen men f\u00e4stena ska vara sk\u00e4liga.\",\"breadcrumb\":{\"@id\":\"https:\\\/\\\/tys.fi\\\/sv\\\/hyresgastens-handbok\\\/inredning-och-uteplats#breadcrumb\"},\"inLanguage\":\"sv-SE\",\"potentialAction\":[{\"@type\":\"ReadAction\",\"target\":[\"https:\\\/\\\/tys.fi\\\/sv\\\/hyresgastens-handbok\\\/inredning-och-uteplats\"]}]},{\"@type\":\"BreadcrumbList\",\"@id\":\"https:\\\/\\\/tys.fi\\\/sv\\\/hyresgastens-handbok\\\/inredning-och-uteplats#breadcrumb\",\"itemListElement\":[{\"@type\":\"ListItem\",\"position\":1,\"name\":\"Home\",\"item\":\"https:\\\/\\\/tys.fi\\\/sv\"},{\"@type\":\"ListItem\",\"position\":2,\"name\":\"Hyresg\u00e4stens handbok\",\"item\":\"https:\\\/\\\/tys.fi\\\/sv\\\/hyresgastens-handbok\"},{\"@type\":\"ListItem\",\"position\":3,\"name\":\"Inredning och uteplats\"}]},{\"@type\":\"WebSite\",\"@id\":\"https:\\\/\\\/tys.fi\\\/#website\",\"url\":\"https:\\\/\\\/tys.fi\\\/\",\"name\":\"Turun Ylioppilaskyl\u00e4s\u00e4\u00e4ti\u00f6\",\"description\":\"Vuokra-asunnot Turku\",\"publisher\":{\"@id\":\"https:\\\/\\\/tys.fi\\\/#organization\"},\"potentialAction\":[{\"@type\":\"SearchAction\",\"target\":{\"@type\":\"EntryPoint\",\"urlTemplate\":\"https:\\\/\\\/tys.fi\\\/?s={search_term_string}\"},\"query-input\":{\"@type\":\"PropertyValueSpecification\",\"valueRequired\":true,\"valueName\":\"search_term_string\"}}],\"inLanguage\":\"sv-SE\"},{\"@type\":\"Organization\",\"@id\":\"https:\\\/\\\/tys.fi\\\/#organization\",\"name\":\"TYS\",\"url\":\"https:\\\/\\\/tys.fi\\\/\",\"logo\":{\"@type\":\"ImageObject\",\"inLanguage\":\"sv-SE\",\"@id\":\"https:\\\/\\\/tys.fi\\\/#\\\/schema\\\/logo\\\/image\\\/\",\"url\":\"https:\\\/\\\/tys.fi\\\/wp-content\\\/uploads\\\/2019\\\/03\\\/TYS-Logo_Green_500px.png\",\"contentUrl\":\"https:\\\/\\\/tys.fi\\\/wp-content\\\/uploads\\\/2019\\\/03\\\/TYS-Logo_Green_500px.png\",\"width\":500,\"height\":232,\"caption\":\"TYS\"},\"image\":{\"@id\":\"https:\\\/\\\/tys.fi\\\/#\\\/schema\\\/logo\\\/image\\\/\"},\"sameAs\":[\"https:\\\/\\\/www.facebook.com\\\/tysturku\\\/\",\"https:\\\/\\\/x.com\\\/tysturku\",\"https:\\\/\\\/www.instagram.com\\\/tysturku\\\/\",\"https:\\\/\\\/www.linkedin.com\\\/company\\\/tysturku\\\/\",\"https:\\\/\\\/www.youtube.com\\\/channel\\\/UCjKOs8BOiY0SORCB0WWixlw?view_as=subscriber\",\"https:\\\/\\\/fi.wikipedia.org\\\/wiki\\\/Turun_ylioppilaskyl\u00e4s\u00e4\u00e4ti\u00f6\"]}]}<\/script>\n<!-- \/ Yoast SEO plugin. -->","yoast_head_json":{"title":"TYS | Hyresg\u00e4stens handbok | Inredning och uteplats","description":"Du f\u00e5r h\u00e4nga eller s\u00e4tta upp tavlor, hyllor och speglar p\u00e5 v\u00e4ggen men f\u00e4stena ska vara sk\u00e4liga.","robots":{"index":"index","follow":"follow","max-snippet":"max-snippet:-1","max-image-preview":"max-image-preview:large","max-video-preview":"max-video-preview:-1"},"canonical":"https:\/\/tys.fi\/sv\/hyresgastens-handbok\/inredning-och-uteplats","og_locale":"sv_SE","og_type":"article","og_title":"TYS | Hyresg\u00e4stens handbok | Inredning och uteplats","og_description":"Du f\u00e5r h\u00e4nga eller s\u00e4tta upp tavlor, hyllor och speglar p\u00e5 v\u00e4ggen men f\u00e4stena ska vara sk\u00e4liga.","og_url":"https:\/\/tys.fi\/sv\/hyresgastens-handbok\/inredning-och-uteplats","og_site_name":"Turun Ylioppilaskyl&auml;s&auml;&auml;ti&ouml;","article_publisher":"https:\/\/www.facebook.com\/tysturku\/","article_modified_time":"2026-01-12T09:28:19+00:00","twitter_card":"summary_large_image","twitter_site":"@tysturku","twitter_misc":{"Ber\u00e4knad l\u00e4stid":"3 minuter"},"schema":{"@context":"https:\/\/schema.org","@graph":[{"@type":"WebPage","@id":"https:\/\/tys.fi\/sv\/hyresgastens-handbok\/inredning-och-uteplats","url":"https:\/\/tys.fi\/sv\/hyresgastens-handbok\/inredning-och-uteplats","name":"TYS | Hyresg\u00e4stens handbok | Inredning och uteplats","isPartOf":{"@id":"https:\/\/tys.fi\/#website"},"datePublished":"2024-03-20T11:11:06+00:00","dateModified":"2026-01-12T09:28:19+00:00","description":"Du f\u00e5r h\u00e4nga eller s\u00e4tta upp tavlor, hyllor och speglar p\u00e5 v\u00e4ggen men f\u00e4stena ska vara sk\u00e4liga.","breadcrumb":{"@id":"https:\/\/tys.fi\/sv\/hyresgastens-handbok\/inredning-och-uteplats#breadcrumb"},"inLanguage":"sv-SE","potentialAction":[{"@type":"ReadAction","target":["https:\/\/tys.fi\/sv\/hyresgastens-handbok\/inredning-och-uteplats"]}]},{"@type":"BreadcrumbList","@id":"https:\/\/tys.fi\/sv\/hyresgastens-handbok\/inredning-och-uteplats#breadcrumb","itemListElement":[{"@type":"ListItem","position":1,"name":"Home","item":"https:\/\/tys.fi\/sv"},{"@type":"ListItem","position":2,"name":"Hyresg\u00e4stens handbok","item":"https:\/\/tys.fi\/sv\/hyresgastens-handbok"},{"@type":"ListItem","position":3,"name":"Inredning och uteplats"}]},{"@type":"WebSite","@id":"https:\/\/tys.fi\/#website","url":"https:\/\/tys.fi\/","name":"Turun Ylioppilaskyl\u00e4s\u00e4\u00e4ti\u00f6","description":"Vuokra-asunnot Turku","publisher":{"@id":"https:\/\/tys.fi\/#organization"},"potentialAction":[{"@type":"SearchAction","target":{"@type":"EntryPoint","urlTemplate":"https:\/\/tys.fi\/?s={search_term_string}"},"query-input":{"@type":"PropertyValueSpecification","valueRequired":true,"valueName":"search_term_string"}}],"inLanguage":"sv-SE"},{"@type":"Organization","@id":"https:\/\/tys.fi\/#organization","name":"TYS","url":"https:\/\/tys.fi\/","logo":{"@type":"ImageObject","inLanguage":"sv-SE","@id":"https:\/\/tys.fi\/#\/schema\/logo\/image\/","url":"https:\/\/tys.fi\/wp-content\/uploads\/2019\/03\/TYS-Logo_Green_500px.png","contentUrl":"https:\/\/tys.fi\/wp-content\/uploads\/2019\/03\/TYS-Logo_Green_500px.png","width":500,"height":232,"caption":"TYS"},"image":{"@id":"https:\/\/tys.fi\/#\/schema\/logo\/image\/"},"sameAs":["https:\/\/www.facebook.com\/tysturku\/","https:\/\/x.com\/tysturku","https:\/\/www.instagram.com\/tysturku\/","https:\/\/www.linkedin.com\/company\/tysturku\/","https:\/\/www.youtube.com\/channel\/UCjKOs8BOiY0SORCB0WWixlw?view_as=subscriber","https:\/\/fi.wikipedia.org\/wiki\/Turun_ylioppilaskyl\u00e4s\u00e4\u00e4ti\u00f6"]}]}},"_links":{"self":[{"href":"https:\/\/tys.fi\/sv\/wp-json\/wp\/v2\/pages\/26951","targetHints":{"allow":["GET"]}}],"collection":[{"href":"https:\/\/tys.fi\/sv\/wp-json\/wp\/v2\/pages"}],"about":[{"href":"https:\/\/tys.fi\/sv\/wp-json\/wp\/v2\/types\/page"}],"author":[{"embeddable":true,"href":"https:\/\/tys.fi\/sv\/wp-json\/wp\/v2\/users\/1"}],"replies":[{"embeddable":true,"href":"https:\/\/tys.fi\/sv\/wp-json\/wp\/v2\/comments?post=26951"}],"version-history":[{"count":7,"href":"https:\/\/tys.fi\/sv\/wp-json\/wp\/v2\/pages\/26951\/revisions"}],"predecessor-version":[{"id":30694,"href":"https:\/\/tys.fi\/sv\/wp-json\/wp\/v2\/pages\/26951\/revisions\/30694"}],"up":[{"embeddable":true,"href":"https:\/\/tys.fi\/sv\/wp-json\/wp\/v2\/pages\/27009"}],"wp:attachment":[{"href":"https:\/\/tys.fi\/sv\/wp-json\/wp\/v2\/media?parent=26951"}],"curies":[{"name":"wp","href":"https:\/\/api.w.org\/{rel}","templated":true}]}}