{"id":26935,"date":"2024-03-20T13:11:11","date_gmt":"2024-03-20T11:11:11","guid":{"rendered":"https:\/\/tys.fi\/?page_id=26935"},"modified":"2024-03-26T15:51:50","modified_gmt":"2024-03-26T13:51:50","slug":"sallskapsdjur","status":"publish","type":"page","link":"https:\/\/tys.fi\/sv\/hyresgastens-handbok\/sallskapsdjur","title":{"rendered":"S\u00e4llskapsdjur"},"content":{"rendered":"[vc_row type=&#8221;full_width_background&#8221; full_screen_row_position=&#8221;middle&#8221; column_margin=&#8221;default&#8221; column_direction=&#8221;default&#8221; column_direction_tablet=&#8221;default&#8221; column_direction_phone=&#8221;default&#8221; bg_image=&#8221;26886&#8243; bg_position=&#8221;center center&#8221; background_image_loading=&#8221;default&#8221; bg_repeat=&#8221;no-repeat&#8221; scene_position=&#8221;center&#8221; top_padding=&#8221;15%&#8221; constrain_group_1=&#8221;yes&#8221; bottom_padding=&#8221;15%&#8221; text_color=&#8221;light&#8221; text_align=&#8221;center&#8221; row_border_radius=&#8221;none&#8221; row_border_radius_applies=&#8221;bg&#8221; overflow=&#8221;visible&#8221; color_overlay=&#8221;rgba(0,0,0,0.5)&#8221; overlay_strength=&#8221;0.3&#8243; gradient_direction=&#8221;left_to_right&#8221; shape_divider_color=&#8221;#ffffff&#8221; shape_divider_position=&#8221;bottom&#8221; bg_image_animation=&#8221;none&#8221; parallax_bg=&#8221;true&#8221; parallax_bg_speed=&#8221;fast&#8221; shape_type=&#8221;curve&#8221; gradient_type=&#8221;default&#8221;][vc_column column_padding=&#8221;no-extra-padding&#8221; column_padding_tablet=&#8221;inherit&#8221; column_padding_phone=&#8221;inherit&#8221; column_padding_position=&#8221;all&#8221; column_element_direction_desktop=&#8221;default&#8221; column_element_spacing=&#8221;default&#8221; desktop_text_alignment=&#8221;default&#8221; tablet_text_alignment=&#8221;default&#8221; phone_text_alignment=&#8221;default&#8221; background_color_opacity=&#8221;1&#8243; background_hover_color_opacity=&#8221;1&#8243; column_backdrop_filter=&#8221;none&#8221; column_shadow=&#8221;none&#8221; column_border_radius=&#8221;none&#8221; column_link_target=&#8221;_self&#8221; column_position=&#8221;default&#8221; gradient_direction=&#8221;left_to_right&#8221; overlay_strength=&#8221;0.3&#8243; width=&#8221;1\/1&#8243; tablet_width_inherit=&#8221;default&#8221; animation_type=&#8221;default&#8221; bg_image_animation=&#8221;none&#8221; border_type=&#8221;simple&#8221; column_border_width=&#8221;none&#8221; column_border_style=&#8221;solid&#8221;][\/vc_column][\/vc_row][vc_row type=&#8221;in_container&#8221; full_screen_row_position=&#8221;middle&#8221; column_margin=&#8221;default&#8221; column_direction=&#8221;default&#8221; column_direction_tablet=&#8221;default&#8221; column_direction_phone=&#8221;default&#8221; scene_position=&#8221;center&#8221; text_color=&#8221;dark&#8221; text_align=&#8221;left&#8221; row_border_radius=&#8221;none&#8221; row_border_radius_applies=&#8221;bg&#8221; overflow=&#8221;visible&#8221; overlay_strength=&#8221;0.3&#8243; gradient_direction=&#8221;left_to_right&#8221; shape_divider_position=&#8221;bottom&#8221; bg_image_animation=&#8221;none&#8221; shape_type=&#8221;&#8221;][vc_column column_padding=&#8221;padding-5-percent&#8221; column_padding_tablet=&#8221;inherit&#8221; column_padding_phone=&#8221;inherit&#8221; column_padding_position=&#8221;all&#8221; top_margin=&#8221;-8%&#8221; column_element_direction_desktop=&#8221;default&#8221; column_element_spacing=&#8221;default&#8221; centered_text=&#8221;true&#8221; desktop_text_alignment=&#8221;default&#8221; tablet_text_alignment=&#8221;default&#8221; phone_text_alignment=&#8221;default&#8221; background_color=&#8221;#829974&#8243; background_color_opacity=&#8221;1&#8243; background_hover_color_opacity=&#8221;1&#8243; column_backdrop_filter=&#8221;none&#8221; font_color=&#8221;#ffffff&#8221; column_shadow=&#8221;small_depth&#8221; column_border_radius=&#8221;none&#8221; column_link_target=&#8221;_self&#8221; column_position=&#8221;default&#8221; gradient_direction=&#8221;left_to_right&#8221; overlay_strength=&#8221;0.3&#8243; width=&#8221;1\/1&#8243; tablet_width_inherit=&#8221;default&#8221; animation_type=&#8221;default&#8221; bg_image_animation=&#8221;none&#8221; border_type=&#8221;simple&#8221; column_border_width=&#8221;none&#8221; column_border_style=&#8221;solid&#8221; column_padding_type=&#8221;default&#8221; gradient_type=&#8221;default&#8221;][vc_custom_heading text=&#8221;S\u00e4llskapsdjur&#8221; font_container=&#8221;tag:h1|font_size:60|text_align:center|color:%23ffffff|line_height:70px&#8221; use_theme_fonts=&#8221;yes&#8221;][\/vc_column][\/vc_row][vc_row type=&#8221;in_container&#8221; full_screen_row_position=&#8221;middle&#8221; column_margin=&#8221;default&#8221; column_direction=&#8221;default&#8221; column_direction_tablet=&#8221;default&#8221; column_direction_phone=&#8221;default&#8221; scene_position=&#8221;center&#8221; top_padding=&#8221;5%&#8221; bottom_padding=&#8221;5%&#8221; text_color=&#8221;dark&#8221; text_align=&#8221;left&#8221; row_border_radius=&#8221;none&#8221; row_border_radius_applies=&#8221;bg&#8221; overflow=&#8221;visible&#8221; overlay_strength=&#8221;0.3&#8243; gradient_direction=&#8221;left_to_right&#8221; shape_divider_position=&#8221;bottom&#8221; bg_image_animation=&#8221;none&#8221; shape_type=&#8221;&#8221; gradient_type=&#8221;default&#8221;][vc_column column_padding=&#8221;no-extra-padding&#8221; column_padding_tablet=&#8221;inherit&#8221; column_padding_phone=&#8221;inherit&#8221; column_padding_position=&#8221;all&#8221; column_element_direction_desktop=&#8221;default&#8221; column_element_spacing=&#8221;default&#8221; desktop_text_alignment=&#8221;default&#8221; tablet_text_alignment=&#8221;default&#8221; phone_text_alignment=&#8221;default&#8221; background_color_opacity=&#8221;1&#8243; background_hover_color_opacity=&#8221;1&#8243; column_backdrop_filter=&#8221;none&#8221; column_shadow=&#8221;none&#8221; column_border_radius=&#8221;none&#8221; column_link_target=&#8221;_self&#8221; column_position=&#8221;default&#8221; gradient_direction=&#8221;left_to_right&#8221; overlay_strength=&#8221;0.3&#8243; width=&#8221;1\/4&#8243; tablet_width_inherit=&#8221;default&#8221; animation_type=&#8221;default&#8221; bg_image_animation=&#8221;none&#8221; border_type=&#8221;simple&#8221; column_border_width=&#8221;none&#8221; column_border_style=&#8221;solid&#8221;][vc_widget_sidebar sidebar_id=&#8221;blog-sidebar&#8221;][\/vc_column][vc_column left_padding_desktop=&#8221;5%&#8221; constrain_group_101=&#8221;yes&#8221; right_padding_desktop=&#8221;5%&#8221; left_padding_phone=&#8221;0&#8243; constrain_group_105=&#8221;yes&#8221; right_padding_phone=&#8221;0&#8243; column_element_direction_desktop=&#8221;default&#8221; column_element_spacing=&#8221;default&#8221; desktop_text_alignment=&#8221;default&#8221; tablet_text_alignment=&#8221;default&#8221; phone_text_alignment=&#8221;default&#8221; background_color_opacity=&#8221;1&#8243; background_hover_color_opacity=&#8221;1&#8243; column_backdrop_filter=&#8221;none&#8221; column_shadow=&#8221;none&#8221; column_border_radius=&#8221;none&#8221; column_link_target=&#8221;_self&#8221; column_position=&#8221;default&#8221; gradient_direction=&#8221;left_to_right&#8221; overlay_strength=&#8221;0.3&#8243; width=&#8221;3\/4&#8243; tablet_width_inherit=&#8221;default&#8221; animation_type=&#8221;default&#8221; bg_image_animation=&#8221;none&#8221; border_type=&#8221;simple&#8221; column_border_width=&#8221;none&#8221; column_border_style=&#8221;solid&#8221; column_padding_type=&#8221;advanced&#8221; gradient_type=&#8221;default&#8221;][vc_row_inner column_margin=&#8221;default&#8221; column_direction=&#8221;default&#8221; column_direction_tablet=&#8221;default&#8221; column_direction_phone=&#8221;default&#8221; left_padding_desktop=&#8221;20&#8243; right_padding_desktop=&#8221;5&#8243; text_align=&#8221;left&#8221; row_position=&#8221;default&#8221; row_position_tablet=&#8221;inherit&#8221; row_position_phone=&#8221;inherit&#8221; overflow=&#8221;visible&#8221; pointer_events=&#8221;all&#8221;][vc_column_inner column_padding=&#8221;padding-7-percent&#8221; column_padding_tablet=&#8221;inherit&#8221; column_padding_phone=&#8221;inherit&#8221; column_padding_position=&#8221;right&#8221; column_element_direction_desktop=&#8221;default&#8221; column_element_spacing=&#8221;default&#8221; desktop_text_alignment=&#8221;default&#8221; tablet_text_alignment=&#8221;default&#8221; phone_text_alignment=&#8221;default&#8221; background_color_opacity=&#8221;1&#8243; background_hover_color_opacity=&#8221;1&#8243; column_backdrop_filter=&#8221;none&#8221; column_shadow=&#8221;none&#8221; column_border_radius=&#8221;none&#8221; column_link_target=&#8221;_self&#8221; overflow=&#8221;visible&#8221; gradient_direction=&#8221;left_to_right&#8221; overlay_strength=&#8221;0.3&#8243; width=&#8221;1\/1&#8243; tablet_width_inherit=&#8221;default&#8221; animation_type=&#8221;default&#8221; bg_image_animation=&#8221;none&#8221; border_type=&#8221;simple&#8221; column_border_width=&#8221;none&#8221; column_border_style=&#8221;solid&#8221;][vc_column_text text_direction=&#8221;default&#8221;]Med undantag f\u00f6r kompisl\u00e4genheterna och bostadsobjektet Tavasti \u00e4r s\u00e4llskapsdjur v\u00e4lkomna i alla TYS l\u00e4genheter. Hyresg\u00e4sten ansvarar alltid f\u00f6r skador orsakade av s\u00e4llskapsdjuret. S\u00e4llskapsdjur f\u00e5r inte heller ge upphov till osk\u00e4liga st\u00f6rningar f\u00f6r andra hyresg\u00e4ster.<\/p>\n<p>&nbsp;<\/p>\n<h4><strong>Rastning av s\u00e4llskapsdjur<\/strong><\/h4>\n<p>Inom t\u00e4tortsomr\u00e5de ska s\u00e4llskapsdjur alltid vara kopplade. Notera att denna regel g\u00e4ller inte bara hundar utan ocks\u00e5 katter. F\u00f6rs\u00e4kra dig alltid om att ditt s\u00e4llskapsdjur inte kommer \u00e5t att utr\u00e4tta sina behov mot husv\u00e4ggar, p\u00e5 andras uteplatser eller p\u00e5 lekplatser, och plocka alltid upp avf\u00f6ringen.<\/p>\n<p>Vid rastning ska man respektera andra m\u00e4nniskors personliga sf\u00e4r. Ocks\u00e5 om du sj\u00e4lv vet att din hund bara vill h\u00e4lsa kan andra bli skr\u00e4mda av en fr\u00e4mmande hund som kommer n\u00e4ra. S\u00e5 l\u00e4nge du inte kan vara helt s\u00e4ker p\u00e5 att \u00f6nskan om n\u00e4rmare bekantskap \u00e4r \u00f6msesidig ska du allts\u00e5 inte sl\u00e4ppa inte din hund n\u00e4ra dem du m\u00f6ter.<\/p>\n<p>&nbsp;<\/p>\n<h4><strong>Hunden sk\u00e4ller?<\/strong><\/h4>\n<p>Tillf\u00e4lligt hundskall h\u00f6r till de sedvanliga livsljud som m\u00e5ste tolereras i flerv\u00e5nings- och radhus. Ett konstant sk\u00e4llande eller ylande, som tyder p\u00e5 att hunden har sv\u00e5rt att vara ensam, \u00e4r d\u00e4remot ett helt annat kapitel.<\/p>\n<p>Om du allts\u00e5 m\u00e4rker att grannens hund upprepade g\u00e5nger sk\u00e4ller eller ylar l\u00e5nga stunder kan du informera \u00e4garen genom att peta in en lapp i l\u00e4genhetens brevinkast eller s\u00e4tta upp en lapp p\u00e5 anslagstavlan i trappuppg\u00e5ngen. Grannen vet inte n\u00f6dv\u00e4ndigtvis ens om att hunden sk\u00e4ller n\u00e4r hen sj\u00e4lv \u00e4r borta.<\/p>\n<p>Om du h\u00f6r eller annars observerar att ett s\u00e4llskapsdjur beter sig st\u00f6rande, till exempel att en hund sk\u00e4ller oavbrutet och l\u00e4nge, ska du f\u00f6rs\u00f6ka ta reda p\u00e5 fr\u00e5n vilken l\u00e4genhet ljudet kommer och i f\u00f6rsta hand informera ber\u00f6rda hyresg\u00e4st. Om du inte kan lokalisera ljudet till en l\u00e4genhet kan du informera om sk\u00e4llandet genom att s\u00e4tta upp en lapp p\u00e5 anslagstavlan i trappuppg\u00e5ngen.<\/p>\n<p>Om din hund h\u00e5ller p\u00e5 att l\u00e4ra sig att vara ensam, eller om du annars vet att din hund kan f\u00f6ra oljud n\u00e4r den \u00e4r ensam, rekommenderar vi att du informerar grannarna till exempel p\u00e5 anslagstavlan i trappuppg\u00e5ngen.<\/p>\n<p>Feromonpreparat kan g\u00f6ra det l\u00e4ttare f\u00f6r s\u00e4llskapsdjuren att vara ensamma. Problem med att vara ensam b\u00f6r \u00e5tg\u00e4rdas s\u00e5 snart som m\u00f6jligt; vid behov kan man s\u00f6ka hj\u00e4lp av en problemhundstr\u00e4nare.[\/vc_column_text][\/vc_column_inner][\/vc_row_inner][\/vc_column][\/vc_row][vc_row type=&#8221;in_container&#8221; full_screen_row_position=&#8221;middle&#8221; column_margin=&#8221;default&#8221; column_direction=&#8221;default&#8221; column_direction_tablet=&#8221;default&#8221; column_direction_phone=&#8221;default&#8221; scene_position=&#8221;center&#8221; text_color=&#8221;dark&#8221; text_align=&#8221;left&#8221; row_border_radius=&#8221;none&#8221; row_border_radius_applies=&#8221;bg&#8221; overflow=&#8221;visible&#8221; overlay_strength=&#8221;0.3&#8243; gradient_direction=&#8221;left_to_right&#8221; shape_divider_position=&#8221;bottom&#8221; bg_image_animation=&#8221;none&#8221;][vc_column column_padding=&#8221;no-extra-padding&#8221; column_padding_tablet=&#8221;inherit&#8221; column_padding_phone=&#8221;inherit&#8221; column_padding_position=&#8221;all&#8221; column_element_direction_desktop=&#8221;default&#8221; column_element_spacing=&#8221;default&#8221; desktop_text_alignment=&#8221;default&#8221; tablet_text_alignment=&#8221;default&#8221; phone_text_alignment=&#8221;default&#8221; background_color_opacity=&#8221;1&#8243; background_hover_color_opacity=&#8221;1&#8243; column_backdrop_filter=&#8221;none&#8221; column_shadow=&#8221;none&#8221; column_border_radius=&#8221;none&#8221; column_link_target=&#8221;_self&#8221; column_position=&#8221;default&#8221; gradient_direction=&#8221;left_to_right&#8221; overlay_strength=&#8221;0.3&#8243; width=&#8221;1\/1&#8243; tablet_width_inherit=&#8221;default&#8221; animation_type=&#8221;default&#8221; bg_image_animation=&#8221;none&#8221; border_type=&#8221;simple&#8221; column_border_width=&#8221;none&#8221; column_border_style=&#8221;solid&#8221;][nectar_global_section id=&#8221;26906&#8243;][\/vc_column][\/vc_row]\n","protected":false},"excerpt":{"rendered":"<p>[vc_row type=&#8221;full_width_background&#8221; full_screen_row_position=&#8221;middle&#8221; column_margin=&#8221;default&#8221; column_direction=&#8221;default&#8221; column_direction_tablet=&#8221;default&#8221; column_direction_phone=&#8221;default&#8221; bg_image=&#8221;26886&#8243; bg_position=&#8221;center center&#8221; background_image_loading=&#8221;default&#8221; bg_repeat=&#8221;no-repeat&#8221; scene_position=&#8221;center&#8221; top_padding=&#8221;15%&#8221; constrain_group_1=&#8221;yes&#8221;&#8230;<\/p>\n","protected":false},"author":1,"featured_media":0,"parent":27009,"menu_order":0,"comment_status":"closed","ping_status":"closed","template":"","meta":{"footnotes":""},"class_list":["post-26935","page","type-page","status-publish"],"yoast_head":"<!-- This site is optimized with the Yoast SEO plugin v27.4 - https:\/\/yoast.com\/product\/yoast-seo-wordpress\/ -->\n<title>TYS | Hyresg\u00e4stens handbok | S\u00e4llskapsdjur<\/title>\n<meta name=\"description\" content=\"Med undantag f\u00f6r kompisl\u00e4genheterna och bostadsobjektet Tavasti \u00e4r s\u00e4llskapsdjur v\u00e4lkomna i alla TYS l\u00e4genheter.\" \/>\n<meta name=\"robots\" content=\"index, follow, max-snippet:-1, max-image-preview:large, max-video-preview:-1\" \/>\n<link rel=\"canonical\" href=\"https:\/\/tys.fi\/sv\/hyresgastens-handbok\/sallskapsdjur\" \/>\n<meta property=\"og:locale\" content=\"sv_SE\" \/>\n<meta property=\"og:type\" content=\"article\" \/>\n<meta property=\"og:title\" content=\"TYS | Hyresg\u00e4stens handbok | S\u00e4llskapsdjur\" \/>\n<meta property=\"og:description\" content=\"Med undantag f\u00f6r kompisl\u00e4genheterna och bostadsobjektet Tavasti \u00e4r s\u00e4llskapsdjur v\u00e4lkomna i alla TYS l\u00e4genheter.\" \/>\n<meta property=\"og:url\" content=\"https:\/\/tys.fi\/sv\/hyresgastens-handbok\/sallskapsdjur\" \/>\n<meta property=\"og:site_name\" content=\"Turun Ylioppilaskyl&auml;s&auml;&auml;ti&ouml;\" \/>\n<meta property=\"article:publisher\" content=\"https:\/\/www.facebook.com\/tysturku\/\" \/>\n<meta property=\"article:modified_time\" content=\"2024-03-26T13:51:50+00:00\" \/>\n<meta name=\"twitter:card\" content=\"summary_large_image\" \/>\n<meta name=\"twitter:site\" content=\"@tysturku\" \/>\n<meta name=\"twitter:label1\" content=\"Ber\u00e4knad l\u00e4stid\" \/>\n\t<meta name=\"twitter:data1\" content=\"5 minuter\" \/>\n<script type=\"application\/ld+json\" class=\"yoast-schema-graph\">{\"@context\":\"https:\\\/\\\/schema.org\",\"@graph\":[{\"@type\":\"WebPage\",\"@id\":\"https:\\\/\\\/tys.fi\\\/sv\\\/hyresgastens-handbok\\\/sallskapsdjur\",\"url\":\"https:\\\/\\\/tys.fi\\\/sv\\\/hyresgastens-handbok\\\/sallskapsdjur\",\"name\":\"TYS | Hyresg\u00e4stens handbok | S\u00e4llskapsdjur\",\"isPartOf\":{\"@id\":\"https:\\\/\\\/tys.fi\\\/#website\"},\"datePublished\":\"2024-03-20T11:11:11+00:00\",\"dateModified\":\"2024-03-26T13:51:50+00:00\",\"description\":\"Med undantag f\u00f6r kompisl\u00e4genheterna och bostadsobjektet Tavasti \u00e4r s\u00e4llskapsdjur v\u00e4lkomna i alla TYS l\u00e4genheter.\",\"breadcrumb\":{\"@id\":\"https:\\\/\\\/tys.fi\\\/sv\\\/hyresgastens-handbok\\\/sallskapsdjur#breadcrumb\"},\"inLanguage\":\"sv-SE\",\"potentialAction\":[{\"@type\":\"ReadAction\",\"target\":[\"https:\\\/\\\/tys.fi\\\/sv\\\/hyresgastens-handbok\\\/sallskapsdjur\"]}]},{\"@type\":\"BreadcrumbList\",\"@id\":\"https:\\\/\\\/tys.fi\\\/sv\\\/hyresgastens-handbok\\\/sallskapsdjur#breadcrumb\",\"itemListElement\":[{\"@type\":\"ListItem\",\"position\":1,\"name\":\"Home\",\"item\":\"https:\\\/\\\/tys.fi\\\/sv\"},{\"@type\":\"ListItem\",\"position\":2,\"name\":\"Hyresg\u00e4stens handbok\",\"item\":\"https:\\\/\\\/tys.fi\\\/sv\\\/hyresgastens-handbok\"},{\"@type\":\"ListItem\",\"position\":3,\"name\":\"S\u00e4llskapsdjur\"}]},{\"@type\":\"WebSite\",\"@id\":\"https:\\\/\\\/tys.fi\\\/#website\",\"url\":\"https:\\\/\\\/tys.fi\\\/\",\"name\":\"Turun Ylioppilaskyl\u00e4s\u00e4\u00e4ti\u00f6\",\"description\":\"Vuokra-asunnot Turku\",\"publisher\":{\"@id\":\"https:\\\/\\\/tys.fi\\\/#organization\"},\"potentialAction\":[{\"@type\":\"SearchAction\",\"target\":{\"@type\":\"EntryPoint\",\"urlTemplate\":\"https:\\\/\\\/tys.fi\\\/?s={search_term_string}\"},\"query-input\":{\"@type\":\"PropertyValueSpecification\",\"valueRequired\":true,\"valueName\":\"search_term_string\"}}],\"inLanguage\":\"sv-SE\"},{\"@type\":\"Organization\",\"@id\":\"https:\\\/\\\/tys.fi\\\/#organization\",\"name\":\"TYS\",\"url\":\"https:\\\/\\\/tys.fi\\\/\",\"logo\":{\"@type\":\"ImageObject\",\"inLanguage\":\"sv-SE\",\"@id\":\"https:\\\/\\\/tys.fi\\\/#\\\/schema\\\/logo\\\/image\\\/\",\"url\":\"https:\\\/\\\/tys.fi\\\/wp-content\\\/uploads\\\/2019\\\/03\\\/TYS-Logo_Green_500px.png\",\"contentUrl\":\"https:\\\/\\\/tys.fi\\\/wp-content\\\/uploads\\\/2019\\\/03\\\/TYS-Logo_Green_500px.png\",\"width\":500,\"height\":232,\"caption\":\"TYS\"},\"image\":{\"@id\":\"https:\\\/\\\/tys.fi\\\/#\\\/schema\\\/logo\\\/image\\\/\"},\"sameAs\":[\"https:\\\/\\\/www.facebook.com\\\/tysturku\\\/\",\"https:\\\/\\\/x.com\\\/tysturku\",\"https:\\\/\\\/www.instagram.com\\\/tysturku\\\/\",\"https:\\\/\\\/www.linkedin.com\\\/company\\\/tysturku\\\/\",\"https:\\\/\\\/www.youtube.com\\\/channel\\\/UCjKOs8BOiY0SORCB0WWixlw?view_as=subscriber\",\"https:\\\/\\\/fi.wikipedia.org\\\/wiki\\\/Turun_ylioppilaskyl\u00e4s\u00e4\u00e4ti\u00f6\"]}]}<\/script>\n<!-- \/ Yoast SEO plugin. -->","yoast_head_json":{"title":"TYS | Hyresg\u00e4stens handbok | S\u00e4llskapsdjur","description":"Med undantag f\u00f6r kompisl\u00e4genheterna och bostadsobjektet Tavasti \u00e4r s\u00e4llskapsdjur v\u00e4lkomna i alla TYS l\u00e4genheter.","robots":{"index":"index","follow":"follow","max-snippet":"max-snippet:-1","max-image-preview":"max-image-preview:large","max-video-preview":"max-video-preview:-1"},"canonical":"https:\/\/tys.fi\/sv\/hyresgastens-handbok\/sallskapsdjur","og_locale":"sv_SE","og_type":"article","og_title":"TYS | Hyresg\u00e4stens handbok | S\u00e4llskapsdjur","og_description":"Med undantag f\u00f6r kompisl\u00e4genheterna och bostadsobjektet Tavasti \u00e4r s\u00e4llskapsdjur v\u00e4lkomna i alla TYS l\u00e4genheter.","og_url":"https:\/\/tys.fi\/sv\/hyresgastens-handbok\/sallskapsdjur","og_site_name":"Turun Ylioppilaskyl&auml;s&auml;&auml;ti&ouml;","article_publisher":"https:\/\/www.facebook.com\/tysturku\/","article_modified_time":"2024-03-26T13:51:50+00:00","twitter_card":"summary_large_image","twitter_site":"@tysturku","twitter_misc":{"Ber\u00e4knad l\u00e4stid":"5 minuter"},"schema":{"@context":"https:\/\/schema.org","@graph":[{"@type":"WebPage","@id":"https:\/\/tys.fi\/sv\/hyresgastens-handbok\/sallskapsdjur","url":"https:\/\/tys.fi\/sv\/hyresgastens-handbok\/sallskapsdjur","name":"TYS | Hyresg\u00e4stens handbok | S\u00e4llskapsdjur","isPartOf":{"@id":"https:\/\/tys.fi\/#website"},"datePublished":"2024-03-20T11:11:11+00:00","dateModified":"2024-03-26T13:51:50+00:00","description":"Med undantag f\u00f6r kompisl\u00e4genheterna och bostadsobjektet Tavasti \u00e4r s\u00e4llskapsdjur v\u00e4lkomna i alla TYS l\u00e4genheter.","breadcrumb":{"@id":"https:\/\/tys.fi\/sv\/hyresgastens-handbok\/sallskapsdjur#breadcrumb"},"inLanguage":"sv-SE","potentialAction":[{"@type":"ReadAction","target":["https:\/\/tys.fi\/sv\/hyresgastens-handbok\/sallskapsdjur"]}]},{"@type":"BreadcrumbList","@id":"https:\/\/tys.fi\/sv\/hyresgastens-handbok\/sallskapsdjur#breadcrumb","itemListElement":[{"@type":"ListItem","position":1,"name":"Home","item":"https:\/\/tys.fi\/sv"},{"@type":"ListItem","position":2,"name":"Hyresg\u00e4stens handbok","item":"https:\/\/tys.fi\/sv\/hyresgastens-handbok"},{"@type":"ListItem","position":3,"name":"S\u00e4llskapsdjur"}]},{"@type":"WebSite","@id":"https:\/\/tys.fi\/#website","url":"https:\/\/tys.fi\/","name":"Turun Ylioppilaskyl\u00e4s\u00e4\u00e4ti\u00f6","description":"Vuokra-asunnot Turku","publisher":{"@id":"https:\/\/tys.fi\/#organization"},"potentialAction":[{"@type":"SearchAction","target":{"@type":"EntryPoint","urlTemplate":"https:\/\/tys.fi\/?s={search_term_string}"},"query-input":{"@type":"PropertyValueSpecification","valueRequired":true,"valueName":"search_term_string"}}],"inLanguage":"sv-SE"},{"@type":"Organization","@id":"https:\/\/tys.fi\/#organization","name":"TYS","url":"https:\/\/tys.fi\/","logo":{"@type":"ImageObject","inLanguage":"sv-SE","@id":"https:\/\/tys.fi\/#\/schema\/logo\/image\/","url":"https:\/\/tys.fi\/wp-content\/uploads\/2019\/03\/TYS-Logo_Green_500px.png","contentUrl":"https:\/\/tys.fi\/wp-content\/uploads\/2019\/03\/TYS-Logo_Green_500px.png","width":500,"height":232,"caption":"TYS"},"image":{"@id":"https:\/\/tys.fi\/#\/schema\/logo\/image\/"},"sameAs":["https:\/\/www.facebook.com\/tysturku\/","https:\/\/x.com\/tysturku","https:\/\/www.instagram.com\/tysturku\/","https:\/\/www.linkedin.com\/company\/tysturku\/","https:\/\/www.youtube.com\/channel\/UCjKOs8BOiY0SORCB0WWixlw?view_as=subscriber","https:\/\/fi.wikipedia.org\/wiki\/Turun_ylioppilaskyl\u00e4s\u00e4\u00e4ti\u00f6"]}]}},"_links":{"self":[{"href":"https:\/\/tys.fi\/sv\/wp-json\/wp\/v2\/pages\/26935","targetHints":{"allow":["GET"]}}],"collection":[{"href":"https:\/\/tys.fi\/sv\/wp-json\/wp\/v2\/pages"}],"about":[{"href":"https:\/\/tys.fi\/sv\/wp-json\/wp\/v2\/types\/page"}],"author":[{"embeddable":true,"href":"https:\/\/tys.fi\/sv\/wp-json\/wp\/v2\/users\/1"}],"replies":[{"embeddable":true,"href":"https:\/\/tys.fi\/sv\/wp-json\/wp\/v2\/comments?post=26935"}],"version-history":[{"count":3,"href":"https:\/\/tys.fi\/sv\/wp-json\/wp\/v2\/pages\/26935\/revisions"}],"predecessor-version":[{"id":27162,"href":"https:\/\/tys.fi\/sv\/wp-json\/wp\/v2\/pages\/26935\/revisions\/27162"}],"up":[{"embeddable":true,"href":"https:\/\/tys.fi\/sv\/wp-json\/wp\/v2\/pages\/27009"}],"wp:attachment":[{"href":"https:\/\/tys.fi\/sv\/wp-json\/wp\/v2\/media?parent=26935"}],"curies":[{"name":"wp","href":"https:\/\/api.w.org\/{rel}","templated":true}]}}