{"id":26931,"date":"2024-03-20T13:11:12","date_gmt":"2024-03-20T11:11:12","guid":{"rendered":"https:\/\/tys.fi\/?page_id=26931"},"modified":"2026-02-12T14:23:15","modified_gmt":"2026-02-12T12:23:15","slug":"vitvaror-och-apparater","status":"publish","type":"page","link":"https:\/\/tys.fi\/sv\/hyresgastens-handbok\/vitvaror-och-apparater","title":{"rendered":"Vitvaror och apparater"},"content":{"rendered":"[vc_row type=&#8221;full_width_background&#8221; full_screen_row_position=&#8221;middle&#8221; column_margin=&#8221;default&#8221; column_direction=&#8221;default&#8221; column_direction_tablet=&#8221;default&#8221; column_direction_phone=&#8221;default&#8221; bg_image=&#8221;26886&#8243; bg_image_type=&#8221;default&#8221; bg_position=&#8221;center center&#8221; background_image_loading=&#8221;default&#8221; bg_repeat=&#8221;no-repeat&#8221; scene_position=&#8221;center&#8221; top_padding=&#8221;15%&#8221; constrain_group_1=&#8221;yes&#8221; bottom_padding=&#8221;15%&#8221; text_color=&#8221;light&#8221; text_align=&#8221;center&#8221; row_border_radius=&#8221;none&#8221; row_border_radius_applies=&#8221;bg&#8221; row_position_desktop=&#8221;default&#8221; row_position_tablet=&#8221;inherit&#8221; row_position_phone=&#8221;inherit&#8221; overflow=&#8221;visible&#8221; color_overlay=&#8221;rgba(0,0,0,0.5)&#8221; overlay_strength=&#8221;0.3&#8243; gradient_direction=&#8221;left_to_right&#8221; shape_divider_color=&#8221;#ffffff&#8221; shape_divider_position=&#8221;bottom&#8221; bg_image_animation=&#8221;none&#8221; parallax_bg=&#8221;true&#8221; parallax_bg_speed=&#8221;fast&#8221; shape_type=&#8221;curve&#8221; gradient_type=&#8221;default&#8221;][vc_column column_padding=&#8221;no-extra-padding&#8221; column_padding_tablet=&#8221;inherit&#8221; column_padding_phone=&#8221;inherit&#8221; column_padding_position=&#8221;all&#8221; flex_gap_desktop=&#8221;10px&#8221; column_element_direction_desktop=&#8221;default&#8221; column_element_spacing=&#8221;default&#8221; desktop_text_alignment=&#8221;default&#8221; tablet_text_alignment=&#8221;default&#8221; phone_text_alignment=&#8221;default&#8221; background_color_opacity=&#8221;1&#8243; background_hover_color_opacity=&#8221;1&#8243; column_backdrop_filter=&#8221;none&#8221; column_shadow=&#8221;none&#8221; column_border_radius=&#8221;none&#8221; column_link_target=&#8221;_self&#8221; column_position=&#8221;default&#8221; gradient_direction=&#8221;left_to_right&#8221; overlay_strength=&#8221;0.3&#8243; width=&#8221;1\/1&#8243; tablet_width_inherit=&#8221;default&#8221; animation_type=&#8221;default&#8221; bg_image_animation=&#8221;none&#8221; border_type=&#8221;simple&#8221; column_border_width=&#8221;none&#8221; column_border_style=&#8221;solid&#8221;][\/vc_column][\/vc_row][vc_row type=&#8221;in_container&#8221; full_screen_row_position=&#8221;middle&#8221; column_margin=&#8221;default&#8221; column_direction=&#8221;default&#8221; column_direction_tablet=&#8221;default&#8221; column_direction_phone=&#8221;default&#8221; scene_position=&#8221;center&#8221; text_color=&#8221;dark&#8221; text_align=&#8221;left&#8221; row_border_radius=&#8221;none&#8221; row_border_radius_applies=&#8221;bg&#8221; row_position_desktop=&#8221;default&#8221; row_position_tablet=&#8221;inherit&#8221; row_position_phone=&#8221;inherit&#8221; overflow=&#8221;visible&#8221; overlay_strength=&#8221;0.3&#8243; gradient_direction=&#8221;left_to_right&#8221; shape_divider_position=&#8221;bottom&#8221; bg_image_animation=&#8221;none&#8221; shape_type=&#8221;&#8221;][vc_column column_padding=&#8221;padding-5-percent&#8221; column_padding_tablet=&#8221;inherit&#8221; column_padding_phone=&#8221;inherit&#8221; column_padding_position=&#8221;all&#8221; top_margin=&#8221;-8%&#8221; flex_gap_desktop=&#8221;10px&#8221; column_element_direction_desktop=&#8221;default&#8221; column_element_spacing=&#8221;default&#8221; centered_text=&#8221;true&#8221; desktop_text_alignment=&#8221;default&#8221; tablet_text_alignment=&#8221;default&#8221; phone_text_alignment=&#8221;default&#8221; background_color=&#8221;#829974&#8243; background_color_opacity=&#8221;1&#8243; background_hover_color_opacity=&#8221;1&#8243; column_backdrop_filter=&#8221;none&#8221; font_color=&#8221;#ffffff&#8221; column_shadow=&#8221;small_depth&#8221; column_border_radius=&#8221;none&#8221; column_link_target=&#8221;_self&#8221; column_position=&#8221;default&#8221; gradient_direction=&#8221;left_to_right&#8221; overlay_strength=&#8221;0.3&#8243; width=&#8221;1\/1&#8243; tablet_width_inherit=&#8221;default&#8221; animation_type=&#8221;default&#8221; bg_image_animation=&#8221;none&#8221; border_type=&#8221;simple&#8221; column_border_width=&#8221;none&#8221; column_border_style=&#8221;solid&#8221; column_padding_type=&#8221;default&#8221; gradient_type=&#8221;default&#8221;][vc_custom_heading text=&#8221;Vitvaror och apparater&#8221; font_container=&#8221;tag:h1|font_size:60|text_align:center|color:%23ffffff|line_height:70px&#8221; use_theme_fonts=&#8221;yes&#8221;][\/vc_column][\/vc_row][vc_row type=&#8221;in_container&#8221; full_screen_row_position=&#8221;middle&#8221; column_margin=&#8221;default&#8221; column_direction=&#8221;default&#8221; column_direction_tablet=&#8221;default&#8221; column_direction_phone=&#8221;default&#8221; scene_position=&#8221;center&#8221; top_padding=&#8221;5%&#8221; bottom_padding=&#8221;5%&#8221; text_color=&#8221;dark&#8221; text_align=&#8221;left&#8221; row_border_radius=&#8221;none&#8221; row_border_radius_applies=&#8221;bg&#8221; row_position_desktop=&#8221;default&#8221; row_position_tablet=&#8221;inherit&#8221; row_position_phone=&#8221;inherit&#8221; overflow=&#8221;visible&#8221; overlay_strength=&#8221;0.3&#8243; gradient_direction=&#8221;left_to_right&#8221; shape_divider_position=&#8221;bottom&#8221; bg_image_animation=&#8221;none&#8221; shape_type=&#8221;&#8221; gradient_type=&#8221;default&#8221;][vc_column column_padding=&#8221;no-extra-padding&#8221; column_padding_tablet=&#8221;inherit&#8221; column_padding_phone=&#8221;inherit&#8221; column_padding_position=&#8221;all&#8221; flex_gap_desktop=&#8221;10px&#8221; column_element_direction_desktop=&#8221;default&#8221; column_element_spacing=&#8221;default&#8221; desktop_text_alignment=&#8221;default&#8221; tablet_text_alignment=&#8221;default&#8221; phone_text_alignment=&#8221;default&#8221; background_color_opacity=&#8221;1&#8243; background_hover_color_opacity=&#8221;1&#8243; column_backdrop_filter=&#8221;none&#8221; column_shadow=&#8221;none&#8221; column_border_radius=&#8221;none&#8221; column_link_target=&#8221;_self&#8221; column_position=&#8221;default&#8221; gradient_direction=&#8221;left_to_right&#8221; overlay_strength=&#8221;0.3&#8243; width=&#8221;1\/4&#8243; tablet_width_inherit=&#8221;default&#8221; animation_type=&#8221;default&#8221; bg_image_animation=&#8221;none&#8221; border_type=&#8221;simple&#8221; column_border_width=&#8221;none&#8221; column_border_style=&#8221;solid&#8221;][vc_widget_sidebar sidebar_id=&#8221;blog-sidebar&#8221;][\/vc_column][vc_column left_padding_desktop=&#8221;5%&#8221; constrain_group_101=&#8221;yes&#8221; right_padding_desktop=&#8221;5%&#8221; left_padding_phone=&#8221;0&#8243; constrain_group_105=&#8221;yes&#8221; right_padding_phone=&#8221;0&#8243; flex_gap_desktop=&#8221;10px&#8221; column_element_direction_desktop=&#8221;default&#8221; column_element_spacing=&#8221;default&#8221; desktop_text_alignment=&#8221;default&#8221; tablet_text_alignment=&#8221;default&#8221; phone_text_alignment=&#8221;default&#8221; background_color_opacity=&#8221;1&#8243; background_hover_color_opacity=&#8221;1&#8243; column_backdrop_filter=&#8221;none&#8221; column_shadow=&#8221;none&#8221; column_border_radius=&#8221;none&#8221; column_link_target=&#8221;_self&#8221; column_position=&#8221;default&#8221; gradient_direction=&#8221;left_to_right&#8221; overlay_strength=&#8221;0.3&#8243; width=&#8221;3\/4&#8243; tablet_width_inherit=&#8221;default&#8221; animation_type=&#8221;default&#8221; bg_image_animation=&#8221;none&#8221; border_type=&#8221;simple&#8221; column_border_width=&#8221;none&#8221; column_border_style=&#8221;solid&#8221; column_padding_type=&#8221;advanced&#8221; gradient_type=&#8221;default&#8221;][vc_row_inner column_margin=&#8221;default&#8221; column_direction=&#8221;default&#8221; column_direction_tablet=&#8221;default&#8221; column_direction_phone=&#8221;default&#8221; left_padding_desktop=&#8221;20&#8243; right_padding_desktop=&#8221;5&#8243; text_align=&#8221;left&#8221; row_position=&#8221;default&#8221; row_position_tablet=&#8221;inherit&#8221; row_position_phone=&#8221;inherit&#8221; overflow=&#8221;visible&#8221; pointer_events=&#8221;all&#8221;][vc_column_inner column_padding=&#8221;padding-7-percent&#8221; column_padding_tablet=&#8221;inherit&#8221; column_padding_phone=&#8221;inherit&#8221; column_padding_position=&#8221;right&#8221; flex_gap_desktop=&#8221;10px&#8221; column_element_direction_desktop=&#8221;default&#8221; column_element_spacing=&#8221;default&#8221; desktop_text_alignment=&#8221;default&#8221; tablet_text_alignment=&#8221;default&#8221; phone_text_alignment=&#8221;default&#8221; background_color_opacity=&#8221;1&#8243; background_hover_color_opacity=&#8221;1&#8243; column_backdrop_filter=&#8221;none&#8221; column_shadow=&#8221;none&#8221; column_border_radius=&#8221;none&#8221; column_link_target=&#8221;_self&#8221; overflow=&#8221;visible&#8221; gradient_direction=&#8221;left_to_right&#8221; overlay_strength=&#8221;0.3&#8243; width=&#8221;1\/1&#8243; tablet_width_inherit=&#8221;default&#8221; animation_type=&#8221;default&#8221; bg_image_animation=&#8221;none&#8221; border_type=&#8221;simple&#8221; column_border_width=&#8221;none&#8221; column_border_style=&#8221;solid&#8221;][vc_column_text css=&#8221;&#8221; text_direction=&#8221;default&#8221;]\n<h4><strong>Disk- och tv\u00e4ttmaskiner<\/strong><\/h4>\n<p>Varken disk- eller tv\u00e4ttmaskin ing\u00e5r i l\u00e4genhetens utrustning. Du f\u00e5r installera egen disk- eller tv\u00e4ttmaskin endast om den kan anslutas p\u00e5 korrekt s\u00e4tt. I en kollektiv bostad f\u00e5r endast en tv\u00e4ttmaskin installeras. Om n\u00e5gon av hyresg\u00e4sterna i den kollektiva bostaden skaffar en tv\u00e4ttmaskin till bostaden, ska maskinen vara tillg\u00e4nglig f\u00f6r alla hyresg\u00e4ster i den kollektiva bostaden.<\/p>\n<p>I TYS l\u00e4genheter \u00e4r anslutningarna f\u00f6r disk- eller tv\u00e4ttmaskin f\u00f6rsedda med backventil. G\u00f6r ett felanm\u00e4lan i hyresg\u00e4stsidor om du inte \u00e4r s\u00e4ker p\u00e5 att din l\u00e4genhet har de anslutningar som beh\u00f6vs.<\/p>\n<p>G\u00f6r ett felanm\u00e4lan ocks\u00e5 i det fall att l\u00e4genheten du flyttar in i har en disk- eller tv\u00e4ttmaskin som du inte s\u00e4rskilt har avtalat om med f\u00f6reg\u00e5ende hyresg\u00e4st. Om du inte anm\u00e4ler att det finns tv\u00e4ttmaskin i l\u00e4genheten tolkar vi det som att du ansvarar f\u00f6r maskinen. Det betyder att du ocks\u00e5 ansvarar f\u00f6r skador som orsakas av en eventuellt felaktig installation.<\/p>\n<p>Hyresg\u00e4sten ansvarar alltid sj\u00e4lv f\u00f6r\u00a0installation och sk\u00f6tsel av diskmaskin och tv\u00e4ttmaskin. Vi f\u00f6ruts\u00e4tter att installationen g\u00f6rs av professionell r\u00f6rmokare och att ett s\u00e4kerhetstr\u00e5g placeras under diskmaskinen s\u00e5 att vattenskador kan undvikas.<\/p>\n<p>Notera att professionell installation av disk- eller tv\u00e4ttmaskinen kan vara ett villkor f\u00f6r att hemf\u00f6rs\u00e4kringen ska ers\u00e4tta kostnaderna f\u00f6r en vattenskada.<\/p>\n<p>Anslutningarna till in- och utlopp f\u00f6r disk- och tv\u00e4ttmaskin m\u00e5ste alltid vara korrekt pluggade n\u00e4r ingen maskin \u00e4r ansluten. G\u00f6r felanm\u00e4lan om det droppar eller rinner vatten ur anslutningen eller om korrekt pluggning saknas.<\/p>\n<p>Hyresg\u00e4sten ska ocks\u00e5 alltid plugga igen anslutningen n\u00e4r maskinen tillf\u00e4lligt l\u00f6sg\u00f6rs fr\u00e5n sina anslutningar. Pluggar kan f\u00e5s p\u00e5 TYS byr\u00e5n.<\/p>\n<p>&nbsp;<\/p>\n<h4><strong>K\u00f6ksmaskiner<\/strong><\/h4>\n<p>I utrustningen f\u00f6r en TYS l\u00e4genhet ing\u00e5r spis och kylsk\u00e5p eller kyl-frys. \u00d6vriga hush\u00e5llsapparater f\u00e5r du skaffa sj\u00e4lv.<\/p>\n<p>Optimal kylsk\u00e5pstemperatur \u00e4r +6\u20138\u00b0C, frysen ska st\u00e5 p\u00e5 -18\u00b0C. Om din frys \u00e4r alltf\u00f6r kall ska du kontrollera att snabbfrysfunktionen inte \u00e4r p\u00e5slagen. Snabbfrysknappen k\u00e4nns vanligen igen p\u00e5 att den lyser orange eller p\u00e5 en symboliserad s-bokstav.<\/p>\n<p>Om funktionen kontinuerligt \u00e4r p\u00e5 blir frysen alltf\u00f6r kall och dina livsmedel lagras inte optimalt. Kontinuerlig snabbfrysning inneb\u00e4r energisl\u00f6seri och apparaten \u00f6verbelastas, vilket kan medf\u00f6ra brandrisk.<\/p>\n<p>Frysen b\u00f6r avfrostas regelbundet f\u00f6r att f\u00f6rhindra att is byggs upp. Den hyresg\u00e4sten ska \u00f6vervaka avfrostningen under hela processen. Instruktioner f\u00f6r avfrostning finns <a href=\"https:\/\/youtu.be\/PxBcdaQXotE\">h\u00e4r<\/a> (YouTube).<\/p>\n<p>Om kylsk\u00e5p eller spis inte fungerar normalt ska du g\u00f6ra felanm\u00e4lan.<\/p>\n<p>I st\u00f6rsta delen av l\u00e4genheterna ing\u00e5r ocks\u00e5 spisfl\u00e4kt i utrustningen. Spisk\u00e5porna \u00e4r kopplade till maskineriet f\u00f6r fr\u00e5nluftsventilation; i praktiken \u00e4r fl\u00e4kten allts\u00e5 alltid p\u00e5. I vissa l\u00e4genheter har spisfl\u00e4kten en timer som kan anv\u00e4ndas f\u00f6r att h\u00f6ja effekten.<\/p>\n<p>Bakom spisfl\u00e4kten finns i allm\u00e4nhet ocks\u00e5 en fr\u00e5nluftsventil. Gl\u00f6m inte att regelbundet reng\u00f6ra spisfl\u00e4ktens fettfilter med mild diskmedelsl\u00f6sning eller i diskmaskinen.<\/p>\n<p><a href=\"https:\/\/www.youtube.com\/watch?v=xaBeomXsbIA\">S\u00e5<\/a> h\u00e4r reng\u00f6r du spisfl\u00e4ktens fettfilter (Youtube)<\/p>\n<p>&nbsp;<\/p>\n<h4><strong>TV och internet<\/strong><\/h4>\n<p>Varje TYS-l\u00e4genhet har ett v\u00e4gguttag f\u00f6r kabel-TV och ett f\u00f6r internet. L\u00e4genheten har som regel bara ett fungerande internetuttag. Kompisl\u00e4genheterna har \u00e4nd\u00e5 ett uttag i vart och ett av rummen.<\/p>\n<p>Alla TYS bostadsobjekt har kabelantennsystem som g\u00f6r det m\u00f6jligt att se TV (systemleverant\u00f6r \u00e4r Telia, utom i bostadsobjektet Auringonnousu d\u00e4r DNA \u00e4r leverant\u00f6r).<\/p>\n<p>Dubbelkolla att din TV-apparatur passar f\u00f6r kabeln\u00e4t. Installation av TV och digibox samt kanals\u00f6kning g\u00f6rs av hyresg\u00e4sten.[\/vc_column_text][\/vc_column_inner][\/vc_row_inner][\/vc_column][\/vc_row][vc_row type=&#8221;in_container&#8221; full_screen_row_position=&#8221;middle&#8221; column_margin=&#8221;default&#8221; column_direction=&#8221;default&#8221; column_direction_tablet=&#8221;default&#8221; column_direction_phone=&#8221;default&#8221; scene_position=&#8221;center&#8221; text_color=&#8221;dark&#8221; text_align=&#8221;left&#8221; row_border_radius=&#8221;none&#8221; row_border_radius_applies=&#8221;bg&#8221; row_position_desktop=&#8221;default&#8221; row_position_tablet=&#8221;inherit&#8221; row_position_phone=&#8221;inherit&#8221; overflow=&#8221;visible&#8221; overlay_strength=&#8221;0.3&#8243; gradient_direction=&#8221;left_to_right&#8221; shape_divider_position=&#8221;bottom&#8221; bg_image_animation=&#8221;none&#8221;][vc_column column_padding=&#8221;no-extra-padding&#8221; column_padding_tablet=&#8221;inherit&#8221; column_padding_phone=&#8221;inherit&#8221; column_padding_position=&#8221;all&#8221; flex_gap_desktop=&#8221;10px&#8221; column_element_direction_desktop=&#8221;default&#8221; column_element_spacing=&#8221;default&#8221; desktop_text_alignment=&#8221;default&#8221; tablet_text_alignment=&#8221;default&#8221; phone_text_alignment=&#8221;default&#8221; background_color_opacity=&#8221;1&#8243; background_hover_color_opacity=&#8221;1&#8243; column_backdrop_filter=&#8221;none&#8221; column_shadow=&#8221;none&#8221; column_border_radius=&#8221;none&#8221; column_link_target=&#8221;_self&#8221; column_position=&#8221;default&#8221; gradient_direction=&#8221;left_to_right&#8221; overlay_strength=&#8221;0.3&#8243; width=&#8221;1\/1&#8243; tablet_width_inherit=&#8221;default&#8221; animation_type=&#8221;default&#8221; bg_image_animation=&#8221;none&#8221; border_type=&#8221;simple&#8221; column_border_width=&#8221;none&#8221; column_border_style=&#8221;solid&#8221;][nectar_global_section id=&#8221;26906&#8243;][\/vc_column][\/vc_row]\n","protected":false},"excerpt":{"rendered":"<p>[vc_row type=&#8221;full_width_background&#8221; full_screen_row_position=&#8221;middle&#8221; column_margin=&#8221;default&#8221; column_direction=&#8221;default&#8221; column_direction_tablet=&#8221;default&#8221; column_direction_phone=&#8221;default&#8221; bg_image=&#8221;26886&#8243; bg_image_type=&#8221;default&#8221; bg_position=&#8221;center center&#8221; background_image_loading=&#8221;default&#8221; bg_repeat=&#8221;no-repeat&#8221; scene_position=&#8221;center&#8221; top_padding=&#8221;15%&#8221;&#8230;<\/p>\n","protected":false},"author":1,"featured_media":0,"parent":27009,"menu_order":0,"comment_status":"closed","ping_status":"closed","template":"","meta":{"footnotes":""},"class_list":["post-26931","page","type-page","status-publish"],"yoast_head":"<!-- This site is optimized with the Yoast SEO plugin v27.4 - https:\/\/yoast.com\/product\/yoast-seo-wordpress\/ -->\n<title>TYS | Hyresg\u00e4stens handbok | Vitvaror och apparater<\/title>\n<meta name=\"description\" content=\"I utrustningen f\u00f6r en TYS l\u00e4genhet ing\u00e5r spis och kylsk\u00e5p eller kyl-frys.\" \/>\n<meta name=\"robots\" content=\"index, follow, max-snippet:-1, max-image-preview:large, max-video-preview:-1\" \/>\n<link rel=\"canonical\" href=\"https:\/\/tys.fi\/sv\/hyresgastens-handbok\/vitvaror-och-apparater\" \/>\n<meta property=\"og:locale\" content=\"sv_SE\" \/>\n<meta property=\"og:type\" content=\"article\" \/>\n<meta property=\"og:title\" content=\"TYS | Hyresg\u00e4stens handbok | Vitvaror och apparater\" \/>\n<meta property=\"og:description\" content=\"I utrustningen f\u00f6r en TYS l\u00e4genhet ing\u00e5r spis och kylsk\u00e5p eller kyl-frys.\" \/>\n<meta property=\"og:url\" content=\"https:\/\/tys.fi\/sv\/hyresgastens-handbok\/vitvaror-och-apparater\" \/>\n<meta property=\"og:site_name\" content=\"Turun Ylioppilaskyl&auml;s&auml;&auml;ti&ouml;\" \/>\n<meta property=\"article:publisher\" content=\"https:\/\/www.facebook.com\/tysturku\/\" \/>\n<meta property=\"article:modified_time\" content=\"2026-02-12T12:23:15+00:00\" \/>\n<meta name=\"twitter:card\" content=\"summary_large_image\" \/>\n<meta name=\"twitter:site\" content=\"@tysturku\" \/>\n<meta name=\"twitter:label1\" content=\"Ber\u00e4knad l\u00e4stid\" \/>\n\t<meta name=\"twitter:data1\" content=\"4 minuter\" \/>\n<script type=\"application\/ld+json\" class=\"yoast-schema-graph\">{\"@context\":\"https:\\\/\\\/schema.org\",\"@graph\":[{\"@type\":\"WebPage\",\"@id\":\"https:\\\/\\\/tys.fi\\\/sv\\\/hyresgastens-handbok\\\/vitvaror-och-apparater\",\"url\":\"https:\\\/\\\/tys.fi\\\/sv\\\/hyresgastens-handbok\\\/vitvaror-och-apparater\",\"name\":\"TYS | Hyresg\u00e4stens handbok | Vitvaror och apparater\",\"isPartOf\":{\"@id\":\"https:\\\/\\\/tys.fi\\\/#website\"},\"datePublished\":\"2024-03-20T11:11:12+00:00\",\"dateModified\":\"2026-02-12T12:23:15+00:00\",\"description\":\"I utrustningen f\u00f6r en TYS l\u00e4genhet ing\u00e5r spis och kylsk\u00e5p eller kyl-frys.\",\"breadcrumb\":{\"@id\":\"https:\\\/\\\/tys.fi\\\/sv\\\/hyresgastens-handbok\\\/vitvaror-och-apparater#breadcrumb\"},\"inLanguage\":\"sv-SE\",\"potentialAction\":[{\"@type\":\"ReadAction\",\"target\":[\"https:\\\/\\\/tys.fi\\\/sv\\\/hyresgastens-handbok\\\/vitvaror-och-apparater\"]}]},{\"@type\":\"BreadcrumbList\",\"@id\":\"https:\\\/\\\/tys.fi\\\/sv\\\/hyresgastens-handbok\\\/vitvaror-och-apparater#breadcrumb\",\"itemListElement\":[{\"@type\":\"ListItem\",\"position\":1,\"name\":\"Home\",\"item\":\"https:\\\/\\\/tys.fi\\\/sv\"},{\"@type\":\"ListItem\",\"position\":2,\"name\":\"Hyresg\u00e4stens handbok\",\"item\":\"https:\\\/\\\/tys.fi\\\/sv\\\/hyresgastens-handbok\"},{\"@type\":\"ListItem\",\"position\":3,\"name\":\"Vitvaror och apparater\"}]},{\"@type\":\"WebSite\",\"@id\":\"https:\\\/\\\/tys.fi\\\/#website\",\"url\":\"https:\\\/\\\/tys.fi\\\/\",\"name\":\"Turun Ylioppilaskyl\u00e4s\u00e4\u00e4ti\u00f6\",\"description\":\"Vuokra-asunnot Turku\",\"publisher\":{\"@id\":\"https:\\\/\\\/tys.fi\\\/#organization\"},\"potentialAction\":[{\"@type\":\"SearchAction\",\"target\":{\"@type\":\"EntryPoint\",\"urlTemplate\":\"https:\\\/\\\/tys.fi\\\/?s={search_term_string}\"},\"query-input\":{\"@type\":\"PropertyValueSpecification\",\"valueRequired\":true,\"valueName\":\"search_term_string\"}}],\"inLanguage\":\"sv-SE\"},{\"@type\":\"Organization\",\"@id\":\"https:\\\/\\\/tys.fi\\\/#organization\",\"name\":\"TYS\",\"url\":\"https:\\\/\\\/tys.fi\\\/\",\"logo\":{\"@type\":\"ImageObject\",\"inLanguage\":\"sv-SE\",\"@id\":\"https:\\\/\\\/tys.fi\\\/#\\\/schema\\\/logo\\\/image\\\/\",\"url\":\"https:\\\/\\\/tys.fi\\\/wp-content\\\/uploads\\\/2019\\\/03\\\/TYS-Logo_Green_500px.png\",\"contentUrl\":\"https:\\\/\\\/tys.fi\\\/wp-content\\\/uploads\\\/2019\\\/03\\\/TYS-Logo_Green_500px.png\",\"width\":500,\"height\":232,\"caption\":\"TYS\"},\"image\":{\"@id\":\"https:\\\/\\\/tys.fi\\\/#\\\/schema\\\/logo\\\/image\\\/\"},\"sameAs\":[\"https:\\\/\\\/www.facebook.com\\\/tysturku\\\/\",\"https:\\\/\\\/x.com\\\/tysturku\",\"https:\\\/\\\/www.instagram.com\\\/tysturku\\\/\",\"https:\\\/\\\/www.linkedin.com\\\/company\\\/tysturku\\\/\",\"https:\\\/\\\/www.youtube.com\\\/channel\\\/UCjKOs8BOiY0SORCB0WWixlw?view_as=subscriber\",\"https:\\\/\\\/fi.wikipedia.org\\\/wiki\\\/Turun_ylioppilaskyl\u00e4s\u00e4\u00e4ti\u00f6\"]}]}<\/script>\n<!-- \/ Yoast SEO plugin. -->","yoast_head_json":{"title":"TYS | Hyresg\u00e4stens handbok | Vitvaror och apparater","description":"I utrustningen f\u00f6r en TYS l\u00e4genhet ing\u00e5r spis och kylsk\u00e5p eller kyl-frys.","robots":{"index":"index","follow":"follow","max-snippet":"max-snippet:-1","max-image-preview":"max-image-preview:large","max-video-preview":"max-video-preview:-1"},"canonical":"https:\/\/tys.fi\/sv\/hyresgastens-handbok\/vitvaror-och-apparater","og_locale":"sv_SE","og_type":"article","og_title":"TYS | Hyresg\u00e4stens handbok | Vitvaror och apparater","og_description":"I utrustningen f\u00f6r en TYS l\u00e4genhet ing\u00e5r spis och kylsk\u00e5p eller kyl-frys.","og_url":"https:\/\/tys.fi\/sv\/hyresgastens-handbok\/vitvaror-och-apparater","og_site_name":"Turun Ylioppilaskyl&auml;s&auml;&auml;ti&ouml;","article_publisher":"https:\/\/www.facebook.com\/tysturku\/","article_modified_time":"2026-02-12T12:23:15+00:00","twitter_card":"summary_large_image","twitter_site":"@tysturku","twitter_misc":{"Ber\u00e4knad l\u00e4stid":"4 minuter"},"schema":{"@context":"https:\/\/schema.org","@graph":[{"@type":"WebPage","@id":"https:\/\/tys.fi\/sv\/hyresgastens-handbok\/vitvaror-och-apparater","url":"https:\/\/tys.fi\/sv\/hyresgastens-handbok\/vitvaror-och-apparater","name":"TYS | Hyresg\u00e4stens handbok | Vitvaror och apparater","isPartOf":{"@id":"https:\/\/tys.fi\/#website"},"datePublished":"2024-03-20T11:11:12+00:00","dateModified":"2026-02-12T12:23:15+00:00","description":"I utrustningen f\u00f6r en TYS l\u00e4genhet ing\u00e5r spis och kylsk\u00e5p eller kyl-frys.","breadcrumb":{"@id":"https:\/\/tys.fi\/sv\/hyresgastens-handbok\/vitvaror-och-apparater#breadcrumb"},"inLanguage":"sv-SE","potentialAction":[{"@type":"ReadAction","target":["https:\/\/tys.fi\/sv\/hyresgastens-handbok\/vitvaror-och-apparater"]}]},{"@type":"BreadcrumbList","@id":"https:\/\/tys.fi\/sv\/hyresgastens-handbok\/vitvaror-och-apparater#breadcrumb","itemListElement":[{"@type":"ListItem","position":1,"name":"Home","item":"https:\/\/tys.fi\/sv"},{"@type":"ListItem","position":2,"name":"Hyresg\u00e4stens handbok","item":"https:\/\/tys.fi\/sv\/hyresgastens-handbok"},{"@type":"ListItem","position":3,"name":"Vitvaror och apparater"}]},{"@type":"WebSite","@id":"https:\/\/tys.fi\/#website","url":"https:\/\/tys.fi\/","name":"Turun Ylioppilaskyl\u00e4s\u00e4\u00e4ti\u00f6","description":"Vuokra-asunnot Turku","publisher":{"@id":"https:\/\/tys.fi\/#organization"},"potentialAction":[{"@type":"SearchAction","target":{"@type":"EntryPoint","urlTemplate":"https:\/\/tys.fi\/?s={search_term_string}"},"query-input":{"@type":"PropertyValueSpecification","valueRequired":true,"valueName":"search_term_string"}}],"inLanguage":"sv-SE"},{"@type":"Organization","@id":"https:\/\/tys.fi\/#organization","name":"TYS","url":"https:\/\/tys.fi\/","logo":{"@type":"ImageObject","inLanguage":"sv-SE","@id":"https:\/\/tys.fi\/#\/schema\/logo\/image\/","url":"https:\/\/tys.fi\/wp-content\/uploads\/2019\/03\/TYS-Logo_Green_500px.png","contentUrl":"https:\/\/tys.fi\/wp-content\/uploads\/2019\/03\/TYS-Logo_Green_500px.png","width":500,"height":232,"caption":"TYS"},"image":{"@id":"https:\/\/tys.fi\/#\/schema\/logo\/image\/"},"sameAs":["https:\/\/www.facebook.com\/tysturku\/","https:\/\/x.com\/tysturku","https:\/\/www.instagram.com\/tysturku\/","https:\/\/www.linkedin.com\/company\/tysturku\/","https:\/\/www.youtube.com\/channel\/UCjKOs8BOiY0SORCB0WWixlw?view_as=subscriber","https:\/\/fi.wikipedia.org\/wiki\/Turun_ylioppilaskyl\u00e4s\u00e4\u00e4ti\u00f6"]}]}},"_links":{"self":[{"href":"https:\/\/tys.fi\/sv\/wp-json\/wp\/v2\/pages\/26931","targetHints":{"allow":["GET"]}}],"collection":[{"href":"https:\/\/tys.fi\/sv\/wp-json\/wp\/v2\/pages"}],"about":[{"href":"https:\/\/tys.fi\/sv\/wp-json\/wp\/v2\/types\/page"}],"author":[{"embeddable":true,"href":"https:\/\/tys.fi\/sv\/wp-json\/wp\/v2\/users\/1"}],"replies":[{"embeddable":true,"href":"https:\/\/tys.fi\/sv\/wp-json\/wp\/v2\/comments?post=26931"}],"version-history":[{"count":9,"href":"https:\/\/tys.fi\/sv\/wp-json\/wp\/v2\/pages\/26931\/revisions"}],"predecessor-version":[{"id":30853,"href":"https:\/\/tys.fi\/sv\/wp-json\/wp\/v2\/pages\/26931\/revisions\/30853"}],"up":[{"embeddable":true,"href":"https:\/\/tys.fi\/sv\/wp-json\/wp\/v2\/pages\/27009"}],"wp:attachment":[{"href":"https:\/\/tys.fi\/sv\/wp-json\/wp\/v2\/media?parent=26931"}],"curies":[{"name":"wp","href":"https:\/\/api.w.org\/{rel}","templated":true}]}}