{"id":26253,"date":"2023-11-27T14:22:32","date_gmt":"2023-11-27T12:22:32","guid":{"rendered":"https:\/\/tys.fi\/?page_id=26253"},"modified":"2023-12-14T12:15:37","modified_gmt":"2023-12-14T10:15:37","slug":"etolppa","status":"publish","type":"page","link":"https:\/\/tys.fi\/sv\/etolppa","title":{"rendered":"Laddstationen eTolppa i Studentbyn"},"content":{"rendered":"<h3><strong>Laddstationen eTolppa i Studentbyn <\/strong><\/h3>\n<p>&nbsp;<\/p>\n<p>Hyresg\u00e4ster i Studentbyomr\u00e5det (Aitiopaikka, Ikituuri, Kuikkulankatu, Nummenranta, Tyyssija, Studentbyn \u00d6st och Studentbyn V\u00e4st) har f\u00e5tt tillg\u00e5ng till en laddstation f\u00f6r elbilsladdning. Stationens tv\u00e5 laddningspunkter 12A 1 och 12A 2 finns vid Studentbyn 12A:s gavel (Tyyssijas parkeringsomr\u00e5de, bild 1). Stationens tv\u00e5 uttag kan samtidigt ge ut 22 kW.<\/p>\n<p>&nbsp;<\/p>\n<h5><strong>Bruksvillkor<\/strong><\/h5>\n<ul>\n<li>Laddstationen \u00e4r reserverad f\u00f6r personer som bor i Studentbystiftelsens i \u00c5bo fastigheter inom Studentbyomr\u00e5det (Aitiopaikka, Ikituuri, Kuikkulankatu, Nummenranta, Tyyssija, Studentbyn \u00d6st och Studentbyn V\u00e4st)Den som anv\u00e4nder laddstationen ska inneha giltigt eParking-parkeringstillst\u00e5nd f\u00f6r ett av ovanst\u00e5ende bostadsobjekter. Hur du f\u00e5r parkeringstillst\u00e5nd kan du l\u00e4sa om p\u00e5 adressen <a href=\"https:\/\/tys.fi\/sv\/vara-tjanster\/parkeringsplatser\">https:\/\/tys.fi\/sv\/vara-tjanster\/parkeringsplatser<\/a>.<\/li>\n<li>P\u00e5 laddningspunkten f\u00e5r bilen st\u00e5 endast under den tid den laddas. Laddningspunkten f\u00e5r utnyttjas i h\u00f6gst 4 timmar per k\u00f6p. Parkeringsskiva ska vara framlagd under den tid bilen st\u00e5r parkerad. Skivan ska placeras synligt innanf\u00f6r vindrutan s\u00e5 att det \u00e4r l\u00e4tt att utifr\u00e5n avl\u00e4sa starttiden f\u00f6r parkeringen.<\/li>\n<li>F\u00f6r laddning debiteras enligt f\u00f6rbrukning. Den som anv\u00e4nder laddningsstationen ska f\u00f6re parkering registrera sitt kreditkort i appen eParking, alternativt k\u00f6pa saldo i appen. I den h\u00e4ndelse att ditt saldo inte r\u00e4cker till eller att det inte g\u00e5r att debitera kreditkortet ska bilen p\u00e5 laddning omedelbart flyttas bort fr\u00e5n laddningspunkten. F\u00f6r parkering som strider mot dessa villkor skrivs parkeringsbot ut.<\/li>\n<li>N\u00e4r bilen \u00e4r fulladdad ska den utan dr\u00f6jsm\u00e5l flyttas bort fr\u00e5n laddningspunkten. Parkerings\u00f6vervakningen skriver ut parkeringsbot f\u00f6r en bil som efter avslutad laddning st\u00e5r kvar p\u00e5 laddningspunkten.<\/li>\n<li>Laddningspunkterna \u00e4r inte avsedda f\u00f6r n\u00e5got annat \u00e4n elbilsladdning. F\u00f6r en bil som st\u00e5r p\u00e5 en laddningspunkt utan att vara p\u00e5 laddning skriver parkerings\u00f6vervakningen ut parkeringsbot.<\/li>\n<\/ul>\n<p>&nbsp;<\/p>\n<h5><strong>Bruksanvisning f\u00f6r eTolppa-laddstation<\/strong><\/h5>\n<ul>\n<li>Laddstationen har tv\u00e5 laddningspunkter, 12A 1 och 12A 2. Vardera laddningspunkten har ett normalt eluttag och ett uttag av typ 2 (bild 2).<\/li>\n<li>P\u00e5 laddstationens lock finns punktspecifika QR-koder (bild 3).<\/li>\n<li>Laddningsstationen anv\u00e4nds med appen eParking som laddas ner fr\u00e5n App Store eller Google Play. Du loggar in i appen med din mejladress.<\/li>\n<li>Anv\u00e4ndningen av laddstationen \u00e4r avgiftsbelagd. Fr\u00e5n 18.9.2023 \u00e4r priset 0,25\u20ac\/kWh. TYS f\u00f6rbeh\u00e5ller sig r\u00e4tten till pris\u00e4ndring.<span style=\"text-decoration: line-through;\"><br \/>\n<\/span><\/li>\n<li>Applikationen har nere till v\u00e4nster en meny d\u00e4r du registrerar uppgifter om din bil, fyller p\u00e5 saldo och matar in dina kreditkortsuppgifter (bild 4, punkterna \u201dfordon\u201d, \u201dsaldo\u201d och \u201dbetalkort\u201d).<\/li>\n<li>F\u00f6r att l\u00e4gga till ett kreditkort beh\u00f6ver du uppge kortets nummer och innehavare, kortets giltighetstid och kortets CVV-kod. Bild 5 visar vilka betalningss\u00e4tt som \u00e4r godk\u00e4nda f\u00f6r saldoladdning. Laddningsstationen debiterar enligt laddeffekt. En timmes laddning fr\u00e5n ett laddningsuttag kostar till exempel 22 kWh * 0,25 \u20ac\/kWh = 5,50 \u20ac (laddningspris 0,25\u20ac\/kWh, 18.9.2023).<\/li>\n<li>Laddningsstationen kan anv\u00e4ndas f\u00f6rst n\u00e4r kreditkortsuppgifterna har registrerats eller saldot \u00e4r p\u00e5fyllt.<\/li>\n<li>N\u00e4r du \u00e4r redo att b\u00f6rja ladda ska du f\u00f6rst koppla bilens laddkabel till laddningsstolpen och sedan till bilen. Avl\u00e4s d\u00e4refter laddningspunktens QR-kod med eParking-appen. QR-koden avl\u00e4ses med ett klick p\u00e5 QR-knappen nertill i applikationens startvy. Skanna QR-koden f\u00f6r den laddningspunkt du har valt (12A 1\/ 12A 2, bild 3) och b\u00f6rja ladda. I appen eParking kan du f\u00f6lja med hur laddningen framskrider.<\/li>\n<\/ul>\n<p>&nbsp;<\/p>\n<p><strong>Bilder:<\/strong><\/p>\n<div id=\"attachment_26395\" style=\"width: 310px\" class=\"wp-caption alignleft\"><img loading=\"lazy\" decoding=\"async\" aria-describedby=\"caption-attachment-26395\" class=\"wp-image-26395 size-medium\" src=\"https:\/\/tys.fi\/wp-content\/uploads\/2023\/12\/sijainti-box-300x300.jpg\" alt=\"\" width=\"300\" height=\"300\" srcset=\"https:\/\/tys.fi\/wp-content\/uploads\/2023\/12\/sijainti-box-300x300.jpg 300w, https:\/\/tys.fi\/wp-content\/uploads\/2023\/12\/sijainti-box-1024x1024.jpg 1024w, https:\/\/tys.fi\/wp-content\/uploads\/2023\/12\/sijainti-box-150x150.jpg 150w, https:\/\/tys.fi\/wp-content\/uploads\/2023\/12\/sijainti-box-768x768.jpg 768w, https:\/\/tys.fi\/wp-content\/uploads\/2023\/12\/sijainti-box-140x140.jpg 140w, https:\/\/tys.fi\/wp-content\/uploads\/2023\/12\/sijainti-box-100x100.jpg 100w, https:\/\/tys.fi\/wp-content\/uploads\/2023\/12\/sijainti-box-500x500.jpg 500w, https:\/\/tys.fi\/wp-content\/uploads\/2023\/12\/sijainti-box-350x350.jpg 350w, https:\/\/tys.fi\/wp-content\/uploads\/2023\/12\/sijainti-box-1000x1000.jpg 1000w, https:\/\/tys.fi\/wp-content\/uploads\/2023\/12\/sijainti-box-800x800.jpg 800w, https:\/\/tys.fi\/wp-content\/uploads\/2023\/12\/sijainti-box.jpg 1080w\" sizes=\"auto, (max-width: 300px) 100vw, 300px\" \/><p id=\"caption-attachment-26395\" class=\"wp-caption-text\">Bild 1<\/p><\/div>\n<div id=\"attachment_26389\" style=\"width: 310px\" class=\"wp-caption alignleft\"><img loading=\"lazy\" decoding=\"async\" aria-describedby=\"caption-attachment-26389\" class=\"wp-image-26389 size-medium\" src=\"https:\/\/tys.fi\/wp-content\/uploads\/2023\/12\/pistokkeet-box-300x300.jpg\" alt=\"\" width=\"300\" height=\"300\" srcset=\"https:\/\/tys.fi\/wp-content\/uploads\/2023\/12\/pistokkeet-box-300x300.jpg 300w, https:\/\/tys.fi\/wp-content\/uploads\/2023\/12\/pistokkeet-box-1024x1024.jpg 1024w, https:\/\/tys.fi\/wp-content\/uploads\/2023\/12\/pistokkeet-box-150x150.jpg 150w, https:\/\/tys.fi\/wp-content\/uploads\/2023\/12\/pistokkeet-box-768x768.jpg 768w, https:\/\/tys.fi\/wp-content\/uploads\/2023\/12\/pistokkeet-box-140x140.jpg 140w, https:\/\/tys.fi\/wp-content\/uploads\/2023\/12\/pistokkeet-box-100x100.jpg 100w, https:\/\/tys.fi\/wp-content\/uploads\/2023\/12\/pistokkeet-box-500x500.jpg 500w, https:\/\/tys.fi\/wp-content\/uploads\/2023\/12\/pistokkeet-box-350x350.jpg 350w, https:\/\/tys.fi\/wp-content\/uploads\/2023\/12\/pistokkeet-box-1000x1000.jpg 1000w, https:\/\/tys.fi\/wp-content\/uploads\/2023\/12\/pistokkeet-box-800x800.jpg 800w, https:\/\/tys.fi\/wp-content\/uploads\/2023\/12\/pistokkeet-box.jpg 1080w\" sizes=\"auto, (max-width: 300px) 100vw, 300px\" \/><p id=\"caption-attachment-26389\" class=\"wp-caption-text\">Bild 2<\/p><\/div>\n<div id=\"attachment_26392\" style=\"width: 310px\" class=\"wp-caption alignleft\"><img loading=\"lazy\" decoding=\"async\" aria-describedby=\"caption-attachment-26392\" class=\"wp-image-26392 size-medium\" src=\"https:\/\/tys.fi\/wp-content\/uploads\/2023\/12\/QR-box-300x300.jpg\" alt=\"\" width=\"300\" height=\"300\" srcset=\"https:\/\/tys.fi\/wp-content\/uploads\/2023\/12\/QR-box-300x300.jpg 300w, https:\/\/tys.fi\/wp-content\/uploads\/2023\/12\/QR-box-1024x1024.jpg 1024w, https:\/\/tys.fi\/wp-content\/uploads\/2023\/12\/QR-box-150x150.jpg 150w, https:\/\/tys.fi\/wp-content\/uploads\/2023\/12\/QR-box-768x768.jpg 768w, https:\/\/tys.fi\/wp-content\/uploads\/2023\/12\/QR-box-140x140.jpg 140w, https:\/\/tys.fi\/wp-content\/uploads\/2023\/12\/QR-box-100x100.jpg 100w, https:\/\/tys.fi\/wp-content\/uploads\/2023\/12\/QR-box-500x500.jpg 500w, https:\/\/tys.fi\/wp-content\/uploads\/2023\/12\/QR-box-350x350.jpg 350w, https:\/\/tys.fi\/wp-content\/uploads\/2023\/12\/QR-box-1000x1000.jpg 1000w, https:\/\/tys.fi\/wp-content\/uploads\/2023\/12\/QR-box-800x800.jpg 800w, https:\/\/tys.fi\/wp-content\/uploads\/2023\/12\/QR-box.jpg 1080w\" sizes=\"auto, (max-width: 300px) 100vw, 300px\" \/><p id=\"caption-attachment-26392\" class=\"wp-caption-text\">Bild 3<\/p><\/div>\n","protected":false},"excerpt":{"rendered":"<p>Laddstationen eTolppa i Studentbyn &nbsp; Hyresg\u00e4ster i Studentbyomr\u00e5det (Aitiopaikka, Ikituuri, Kuikkulankatu, Nummenranta, Tyyssija, Studentbyn \u00d6st&#8230;<\/p>\n","protected":false},"author":2,"featured_media":13411,"parent":0,"menu_order":0,"comment_status":"closed","ping_status":"closed","template":"","meta":{"footnotes":""},"class_list":["post-26253","page","type-page","status-publish","has-post-thumbnail"],"yoast_head":"<!-- This site is optimized with the Yoast SEO plugin v27.4 - https:\/\/yoast.com\/product\/yoast-seo-wordpress\/ -->\n<title>Laddstationen eTolppa i Studentbyn | TYS | Turun Ylioppilaskyl\u00e4s\u00e4\u00e4ti\u00f6<\/title>\n<meta name=\"robots\" content=\"index, follow, max-snippet:-1, max-image-preview:large, max-video-preview:-1\" \/>\n<link rel=\"canonical\" href=\"https:\/\/tys.fi\/sv\/etolppa\" \/>\n<meta property=\"og:locale\" content=\"sv_SE\" \/>\n<meta property=\"og:type\" content=\"article\" \/>\n<meta property=\"og:title\" content=\"Laddstationen eTolppa i Studentbyn | TYS | Turun Ylioppilaskyl\u00e4s\u00e4\u00e4ti\u00f6\" \/>\n<meta property=\"og:description\" content=\"Laddstationen eTolppa i Studentbyn &nbsp; Hyresg\u00e4ster i Studentbyomr\u00e5det (Aitiopaikka, Ikituuri, Kuikkulankatu, Nummenranta, Tyyssija, Studentbyn \u00d6st...\" \/>\n<meta property=\"og:url\" content=\"https:\/\/tys.fi\/sv\/etolppa\" \/>\n<meta property=\"og:site_name\" content=\"Turun Ylioppilaskyl&auml;s&auml;&auml;ti&ouml;\" \/>\n<meta property=\"article:publisher\" content=\"https:\/\/www.facebook.com\/tysturku\/\" \/>\n<meta property=\"article:modified_time\" content=\"2023-12-14T10:15:37+00:00\" \/>\n<meta property=\"og:image\" content=\"https:\/\/tys.fi\/wp-content\/uploads\/2019\/04\/Tys-vihrea.jpg\" \/>\n\t<meta property=\"og:image:width\" content=\"1200\" \/>\n\t<meta property=\"og:image:height\" content=\"799\" \/>\n\t<meta property=\"og:image:type\" content=\"image\/jpeg\" \/>\n<meta name=\"twitter:card\" content=\"summary_large_image\" \/>\n<meta name=\"twitter:site\" content=\"@tysturku\" \/>\n<meta name=\"twitter:label1\" content=\"Ber\u00e4knad l\u00e4stid\" \/>\n\t<meta name=\"twitter:data1\" content=\"4 minuter\" \/>\n<script type=\"application\/ld+json\" class=\"yoast-schema-graph\">{\"@context\":\"https:\\\/\\\/schema.org\",\"@graph\":[{\"@type\":\"WebPage\",\"@id\":\"https:\\\/\\\/tys.fi\\\/sv\\\/etolppa\",\"url\":\"https:\\\/\\\/tys.fi\\\/sv\\\/etolppa\",\"name\":\"Laddstationen eTolppa i Studentbyn | TYS | Turun Ylioppilaskyl\u00e4s\u00e4\u00e4ti\u00f6\",\"isPartOf\":{\"@id\":\"https:\\\/\\\/tys.fi\\\/#website\"},\"primaryImageOfPage\":{\"@id\":\"https:\\\/\\\/tys.fi\\\/sv\\\/etolppa#primaryimage\"},\"image\":{\"@id\":\"https:\\\/\\\/tys.fi\\\/sv\\\/etolppa#primaryimage\"},\"thumbnailUrl\":\"https:\\\/\\\/tys.fi\\\/wp-content\\\/uploads\\\/2019\\\/04\\\/Tys-vihrea.jpg\",\"datePublished\":\"2023-11-27T12:22:32+00:00\",\"dateModified\":\"2023-12-14T10:15:37+00:00\",\"breadcrumb\":{\"@id\":\"https:\\\/\\\/tys.fi\\\/sv\\\/etolppa#breadcrumb\"},\"inLanguage\":\"sv-SE\",\"potentialAction\":[{\"@type\":\"ReadAction\",\"target\":[\"https:\\\/\\\/tys.fi\\\/sv\\\/etolppa\"]}]},{\"@type\":\"ImageObject\",\"inLanguage\":\"sv-SE\",\"@id\":\"https:\\\/\\\/tys.fi\\\/sv\\\/etolppa#primaryimage\",\"url\":\"https:\\\/\\\/tys.fi\\\/wp-content\\\/uploads\\\/2019\\\/04\\\/Tys-vihrea.jpg\",\"contentUrl\":\"https:\\\/\\\/tys.fi\\\/wp-content\\\/uploads\\\/2019\\\/04\\\/Tys-vihrea.jpg\",\"width\":1200,\"height\":799},{\"@type\":\"BreadcrumbList\",\"@id\":\"https:\\\/\\\/tys.fi\\\/sv\\\/etolppa#breadcrumb\",\"itemListElement\":[{\"@type\":\"ListItem\",\"position\":1,\"name\":\"Home\",\"item\":\"https:\\\/\\\/tys.fi\\\/sv\"},{\"@type\":\"ListItem\",\"position\":2,\"name\":\"Laddstationen eTolppa i Studentbyn\"}]},{\"@type\":\"WebSite\",\"@id\":\"https:\\\/\\\/tys.fi\\\/#website\",\"url\":\"https:\\\/\\\/tys.fi\\\/\",\"name\":\"Turun Ylioppilaskyl\u00e4s\u00e4\u00e4ti\u00f6\",\"description\":\"Vuokra-asunnot Turku\",\"publisher\":{\"@id\":\"https:\\\/\\\/tys.fi\\\/#organization\"},\"potentialAction\":[{\"@type\":\"SearchAction\",\"target\":{\"@type\":\"EntryPoint\",\"urlTemplate\":\"https:\\\/\\\/tys.fi\\\/?s={search_term_string}\"},\"query-input\":{\"@type\":\"PropertyValueSpecification\",\"valueRequired\":true,\"valueName\":\"search_term_string\"}}],\"inLanguage\":\"sv-SE\"},{\"@type\":\"Organization\",\"@id\":\"https:\\\/\\\/tys.fi\\\/#organization\",\"name\":\"TYS\",\"url\":\"https:\\\/\\\/tys.fi\\\/\",\"logo\":{\"@type\":\"ImageObject\",\"inLanguage\":\"sv-SE\",\"@id\":\"https:\\\/\\\/tys.fi\\\/#\\\/schema\\\/logo\\\/image\\\/\",\"url\":\"https:\\\/\\\/tys.fi\\\/wp-content\\\/uploads\\\/2019\\\/03\\\/TYS-Logo_Green_500px.png\",\"contentUrl\":\"https:\\\/\\\/tys.fi\\\/wp-content\\\/uploads\\\/2019\\\/03\\\/TYS-Logo_Green_500px.png\",\"width\":500,\"height\":232,\"caption\":\"TYS\"},\"image\":{\"@id\":\"https:\\\/\\\/tys.fi\\\/#\\\/schema\\\/logo\\\/image\\\/\"},\"sameAs\":[\"https:\\\/\\\/www.facebook.com\\\/tysturku\\\/\",\"https:\\\/\\\/x.com\\\/tysturku\",\"https:\\\/\\\/www.instagram.com\\\/tysturku\\\/\",\"https:\\\/\\\/www.linkedin.com\\\/company\\\/tysturku\\\/\",\"https:\\\/\\\/www.youtube.com\\\/channel\\\/UCjKOs8BOiY0SORCB0WWixlw?view_as=subscriber\",\"https:\\\/\\\/fi.wikipedia.org\\\/wiki\\\/Turun_ylioppilaskyl\u00e4s\u00e4\u00e4ti\u00f6\"]}]}<\/script>\n<!-- \/ Yoast SEO plugin. -->","yoast_head_json":{"title":"Laddstationen eTolppa i Studentbyn | TYS | Turun Ylioppilaskyl\u00e4s\u00e4\u00e4ti\u00f6","robots":{"index":"index","follow":"follow","max-snippet":"max-snippet:-1","max-image-preview":"max-image-preview:large","max-video-preview":"max-video-preview:-1"},"canonical":"https:\/\/tys.fi\/sv\/etolppa","og_locale":"sv_SE","og_type":"article","og_title":"Laddstationen eTolppa i Studentbyn | TYS | Turun Ylioppilaskyl\u00e4s\u00e4\u00e4ti\u00f6","og_description":"Laddstationen eTolppa i Studentbyn &nbsp; Hyresg\u00e4ster i Studentbyomr\u00e5det (Aitiopaikka, Ikituuri, Kuikkulankatu, Nummenranta, Tyyssija, Studentbyn \u00d6st...","og_url":"https:\/\/tys.fi\/sv\/etolppa","og_site_name":"Turun Ylioppilaskyl&auml;s&auml;&auml;ti&ouml;","article_publisher":"https:\/\/www.facebook.com\/tysturku\/","article_modified_time":"2023-12-14T10:15:37+00:00","og_image":[{"width":1200,"height":799,"url":"https:\/\/tys.fi\/wp-content\/uploads\/2019\/04\/Tys-vihrea.jpg","type":"image\/jpeg"}],"twitter_card":"summary_large_image","twitter_site":"@tysturku","twitter_misc":{"Ber\u00e4knad l\u00e4stid":"4 minuter"},"schema":{"@context":"https:\/\/schema.org","@graph":[{"@type":"WebPage","@id":"https:\/\/tys.fi\/sv\/etolppa","url":"https:\/\/tys.fi\/sv\/etolppa","name":"Laddstationen eTolppa i Studentbyn | TYS | Turun Ylioppilaskyl\u00e4s\u00e4\u00e4ti\u00f6","isPartOf":{"@id":"https:\/\/tys.fi\/#website"},"primaryImageOfPage":{"@id":"https:\/\/tys.fi\/sv\/etolppa#primaryimage"},"image":{"@id":"https:\/\/tys.fi\/sv\/etolppa#primaryimage"},"thumbnailUrl":"https:\/\/tys.fi\/wp-content\/uploads\/2019\/04\/Tys-vihrea.jpg","datePublished":"2023-11-27T12:22:32+00:00","dateModified":"2023-12-14T10:15:37+00:00","breadcrumb":{"@id":"https:\/\/tys.fi\/sv\/etolppa#breadcrumb"},"inLanguage":"sv-SE","potentialAction":[{"@type":"ReadAction","target":["https:\/\/tys.fi\/sv\/etolppa"]}]},{"@type":"ImageObject","inLanguage":"sv-SE","@id":"https:\/\/tys.fi\/sv\/etolppa#primaryimage","url":"https:\/\/tys.fi\/wp-content\/uploads\/2019\/04\/Tys-vihrea.jpg","contentUrl":"https:\/\/tys.fi\/wp-content\/uploads\/2019\/04\/Tys-vihrea.jpg","width":1200,"height":799},{"@type":"BreadcrumbList","@id":"https:\/\/tys.fi\/sv\/etolppa#breadcrumb","itemListElement":[{"@type":"ListItem","position":1,"name":"Home","item":"https:\/\/tys.fi\/sv"},{"@type":"ListItem","position":2,"name":"Laddstationen eTolppa i Studentbyn"}]},{"@type":"WebSite","@id":"https:\/\/tys.fi\/#website","url":"https:\/\/tys.fi\/","name":"Turun Ylioppilaskyl\u00e4s\u00e4\u00e4ti\u00f6","description":"Vuokra-asunnot Turku","publisher":{"@id":"https:\/\/tys.fi\/#organization"},"potentialAction":[{"@type":"SearchAction","target":{"@type":"EntryPoint","urlTemplate":"https:\/\/tys.fi\/?s={search_term_string}"},"query-input":{"@type":"PropertyValueSpecification","valueRequired":true,"valueName":"search_term_string"}}],"inLanguage":"sv-SE"},{"@type":"Organization","@id":"https:\/\/tys.fi\/#organization","name":"TYS","url":"https:\/\/tys.fi\/","logo":{"@type":"ImageObject","inLanguage":"sv-SE","@id":"https:\/\/tys.fi\/#\/schema\/logo\/image\/","url":"https:\/\/tys.fi\/wp-content\/uploads\/2019\/03\/TYS-Logo_Green_500px.png","contentUrl":"https:\/\/tys.fi\/wp-content\/uploads\/2019\/03\/TYS-Logo_Green_500px.png","width":500,"height":232,"caption":"TYS"},"image":{"@id":"https:\/\/tys.fi\/#\/schema\/logo\/image\/"},"sameAs":["https:\/\/www.facebook.com\/tysturku\/","https:\/\/x.com\/tysturku","https:\/\/www.instagram.com\/tysturku\/","https:\/\/www.linkedin.com\/company\/tysturku\/","https:\/\/www.youtube.com\/channel\/UCjKOs8BOiY0SORCB0WWixlw?view_as=subscriber","https:\/\/fi.wikipedia.org\/wiki\/Turun_ylioppilaskyl\u00e4s\u00e4\u00e4ti\u00f6"]}]}},"_links":{"self":[{"href":"https:\/\/tys.fi\/sv\/wp-json\/wp\/v2\/pages\/26253","targetHints":{"allow":["GET"]}}],"collection":[{"href":"https:\/\/tys.fi\/sv\/wp-json\/wp\/v2\/pages"}],"about":[{"href":"https:\/\/tys.fi\/sv\/wp-json\/wp\/v2\/types\/page"}],"author":[{"embeddable":true,"href":"https:\/\/tys.fi\/sv\/wp-json\/wp\/v2\/users\/2"}],"replies":[{"embeddable":true,"href":"https:\/\/tys.fi\/sv\/wp-json\/wp\/v2\/comments?post=26253"}],"version-history":[{"count":5,"href":"https:\/\/tys.fi\/sv\/wp-json\/wp\/v2\/pages\/26253\/revisions"}],"predecessor-version":[{"id":26411,"href":"https:\/\/tys.fi\/sv\/wp-json\/wp\/v2\/pages\/26253\/revisions\/26411"}],"wp:featuredmedia":[{"embeddable":true,"href":"https:\/\/tys.fi\/sv\/wp-json\/wp\/v2\/media\/13411"}],"wp:attachment":[{"href":"https:\/\/tys.fi\/sv\/wp-json\/wp\/v2\/media?parent=26253"}],"curies":[{"name":"wp","href":"https:\/\/api.w.org\/{rel}","templated":true}]}}