{"id":25815,"date":"2023-10-11T10:25:17","date_gmt":"2023-10-11T07:25:17","guid":{"rendered":"https:\/\/tys.fi\/evasteet"},"modified":"2023-10-11T13:35:04","modified_gmt":"2023-10-11T10:35:04","slug":"cookies","status":"publish","type":"page","link":"https:\/\/tys.fi\/sv\/cookies","title":{"rendered":"Cookies"},"content":{"rendered":"<p><strong><span style=\"font-size: 24pt;\">Cookies och annan motsvarande teknologi<\/span><\/strong><\/p>\n<p>&nbsp;<\/p>\n<p><strong><span style=\"font-size: 18pt;\">Vad \u00e4r en cookie?<\/span><\/strong><\/p>\n<p>TYS webbplats anv\u00e4nder cookies. En cookie \u00e4r en liten fil som lagras p\u00e5 anv\u00e4ndarens terminal. Cookies orsakar inte skada p\u00e5 anv\u00e4ndarens enheter eller filer.<\/p>\n<p>&nbsp;<\/p>\n<p><span style=\"font-size: 18pt;\"><strong>Hur och varf\u00f6r anv\u00e4nder denna webbplats cookies<\/strong><\/span><\/p>\n<p><strong><span style=\"font-size: 14pt;\">Statistik<\/span><\/strong><\/p>\n<p>Vi samlar med hj\u00e4lp av cookies in information om anv\u00e4ndningen av webbplatsen. Vi f\u00f6ljer med hj\u00e4lp av Google Analytics med hur anv\u00e4ndarna kommer till v\u00e5ra sidor, hur l\u00e5ng tid de spenderar p\u00e5 dem, hur de navigerar p\u00e5 sidorna och vilka sidor som intresserar dem mest. Vi samlar ocks\u00e5 in information om anv\u00e4ndarnas \u00e5lder, k\u00f6n och plats d\u00e4r de anv\u00e4nder webbplatsen, samt deras enheter och webbl\u00e4sare. V\u00e5rt m\u00e5l \u00e4r att utveckla webbplatsen och dess tj\u00e4nster f\u00f6r att b\u00e4ttre tillgodose anv\u00e4ndarnas behov.<\/p>\n<p><span style=\"font-size: 14pt;\"><strong>Funktioner<\/strong><\/span><\/p>\n<p>Vissa cookies \u00e4r n\u00f6dv\u00e4ndiga f\u00f6r att s\u00e4kerst\u00e4lla att webbplatsen fungerar korrekt. Cookies m\u00f6jligg\u00f6r funktionen av TYS kundtj\u00e4nstchatt och navigeringsassistent (Giosg) p\u00e5 webbplatsen.<\/p>\n<p>&nbsp;<\/p>\n<p><strong><span style=\"font-size: 18pt;\">Hur l\u00e4nge lagras cookies?<\/span><\/strong><\/p>\n<p>Lagringstiden f\u00f6r cookies p\u00e5 din enhet varierar. Raderingstidpunkten ber\u00e4knas baserat p\u00e5 ditt senaste bes\u00f6k. N\u00e4r en cookie l\u00f6per ut f\u00f6rsvinner den automatiskt fr\u00e5n din enhet.<\/p>\n<p>&nbsp;<\/p>\n<p><span style=\"font-size: 18pt;\"><strong>\u00c4ndring av cookie-inst\u00e4llningar<\/strong><\/span><\/p>\n<p>Du kan \u00e4ndra dina cookie-inst\u00e4llningar n\u00e4r som helst genom att klicka p\u00e5 knappen till v\u00e4nster p\u00e5 sidan och redigera dina val.<\/p>\n<p>&nbsp;<\/p>\n<p><span style=\"font-size: 18pt;\"><strong>Blockering och radering av cookies<\/strong><\/span><\/p>\n<p>Du kan n\u00e4r som helst f\u00f6rhindra anv\u00e4ndningen av cookies i webbl\u00e4sarinst\u00e4llningarna p\u00e5 din dator, surfplatta eller mobiltelefon. Den exakta platsen f\u00f6r dina inst\u00e4llningar beror p\u00e5 vilken typ av webbl\u00e4sare du anv\u00e4nder. Om du \u00e4ndrar inst\u00e4llningarna kanske du inte kan anv\u00e4nda alla funktioner och tj\u00e4nster eftersom de kr\u00e4ver att webbplatsen kommer ih\u00e5g de val du gjorde tidigare.<\/p>\n<p>Google Analytics-cookies kan blockeras\u00a0<a href=\"https:\/\/tools.google.com\/dlpage\/gaoptout\">h\u00e4r<\/a>.<\/p>\n<p>Om du vill blockera cookies fr\u00e5n annonsn\u00e4tverk som delar information mellan olika n\u00e4tverk kan du g\u00f6ra det\u00a0<a href=\"http:\/\/www.youronlinechoices.com\/uk\/your-ad-choices\">h\u00e4r<\/a>.<\/p>\n<p>&nbsp;<\/p>\n<p><strong><span style=\"font-size: 18pt;\">Radering av cookies<\/span><\/strong><\/p>\n<p>Om du vill kan du i efterhand radera cookies du har accepterat. Om du har en dator och en nyare webbl\u00e4sarversion kan du radera cookies med hj\u00e4lp av kommandot CTRL + SHIFT + Delete.<\/p>\n<p>Om kommandot inte fungerar och\/eller om du anv\u00e4nder en Apple-dator, kan du ta reda p\u00e5 vilken webbl\u00e4sare du anv\u00e4nder och d\u00e4refter klicka p\u00e5 l\u00e4mplig l\u00e4nk:<\/p>\n<ul>\n<li><a href=\"https:\/\/support.microsoft.com\/sv-se\/help\/17442\/windows-internet-explorer-delete-manage-cookies#ie=ie-11\">Internet Explorer <\/a><\/li>\n<li><a href=\"https:\/\/support.mozilla.org\/en-US\/kb\/delete-cookies-remove-info-websites-stored\">Mozilla Firefox<\/a><\/li>\n<li><a href=\"https:\/\/support.google.com\/chrome\/answer\/95647?hl=en\">Google Chrome<\/a><\/li>\n<li><a href=\"https:\/\/www.opera.com\/help\/tutorials\/security\/cookies\">Opera<\/a><\/li>\n<li><a href=\"https:\/\/support.apple.com\/en-us\/HT201265\">Safari<\/a><\/li>\n<li><a href=\"https:\/\/www.macromedia.com\/support\/documentation\/en\/flashplayer\/help\/settings_manager07.html\">Flash cookies<\/a><\/li>\n<li><a href=\"https:\/\/support.apple.com\/en-us\/HT1677\">Apple<\/a><\/li>\n<li><a href=\"https:\/\/timeread.hubpages.com\/hub\/How-to-delete-internet-cookies-on-your-Droid-or-any-Android-device\">Android<\/a><\/li>\n<li><a href=\"https:\/\/support.microsoft.com\/en-us\/help\/11696\/windows-phone-7\">Windows 7<\/a><\/li>\n<\/ul>\n<p><strong>Kom ih\u00e5g:<\/strong> Om du anv\u00e4nder flera olika webbl\u00e4sare m\u00e5ste du radera cookies separat.<\/p>\n<p>&nbsp;<\/p>\n<p><span style=\"font-size: 18pt;\"><strong>Har du fr\u00e5gor?<\/strong><\/span><\/p>\n<p>Om du har fr\u00e5gor eller kommentarer ang\u00e5ende informationen och\/eller behandlingen av dina personuppgifter kan du kontakta oss p\u00e5 <a href=\"mailto:office@tys.fi\">office@tys.fi<\/a>.<\/p>\n<p>&nbsp;<\/p>\n","protected":false},"excerpt":{"rendered":"<p>Cookies och annan motsvarande teknologi &nbsp; Vad \u00e4r en cookie? TYS webbplats anv\u00e4nder cookies. En&#8230;<\/p>\n","protected":false},"author":2,"featured_media":0,"parent":0,"menu_order":0,"comment_status":"closed","ping_status":"closed","template":"","meta":{"footnotes":""},"class_list":["post-25815","page","type-page","status-publish"],"yoast_head":"<!-- This site is optimized with the Yoast SEO plugin v27.5 - https:\/\/yoast.com\/product\/yoast-seo-wordpress\/ -->\n<title>Cookies | TYS | Turun Ylioppilaskyl\u00e4s\u00e4\u00e4ti\u00f6<\/title>\n<meta name=\"robots\" content=\"index, follow, max-snippet:-1, max-image-preview:large, max-video-preview:-1\" \/>\n<link rel=\"canonical\" href=\"https:\/\/tys.fi\/sv\/cookies\" \/>\n<meta property=\"og:locale\" content=\"sv_SE\" \/>\n<meta property=\"og:type\" content=\"article\" \/>\n<meta property=\"og:title\" content=\"Cookies | TYS | Turun Ylioppilaskyl\u00e4s\u00e4\u00e4ti\u00f6\" \/>\n<meta property=\"og:description\" content=\"Cookies och annan motsvarande teknologi &nbsp; Vad \u00e4r en cookie? TYS webbplats anv\u00e4nder cookies. En...\" \/>\n<meta property=\"og:url\" content=\"https:\/\/tys.fi\/sv\/cookies\" \/>\n<meta property=\"og:site_name\" content=\"Turun Ylioppilaskyl&auml;s&auml;&auml;ti&ouml;\" \/>\n<meta property=\"article:publisher\" content=\"https:\/\/www.facebook.com\/tysturku\/\" \/>\n<meta property=\"article:modified_time\" content=\"2023-10-11T10:35:04+00:00\" \/>\n<meta name=\"twitter:card\" content=\"summary_large_image\" \/>\n<meta name=\"twitter:site\" content=\"@tysturku\" \/>\n<meta name=\"twitter:label1\" content=\"Ber\u00e4knad l\u00e4stid\" \/>\n\t<meta name=\"twitter:data1\" content=\"3 minuter\" \/>\n<script type=\"application\/ld+json\" class=\"yoast-schema-graph\">{\"@context\":\"https:\\\/\\\/schema.org\",\"@graph\":[{\"@type\":\"WebPage\",\"@id\":\"https:\\\/\\\/tys.fi\\\/sv\\\/cookies\",\"url\":\"https:\\\/\\\/tys.fi\\\/sv\\\/cookies\",\"name\":\"Cookies | TYS | Turun Ylioppilaskyl\u00e4s\u00e4\u00e4ti\u00f6\",\"isPartOf\":{\"@id\":\"https:\\\/\\\/tys.fi\\\/#website\"},\"datePublished\":\"2023-10-11T07:25:17+00:00\",\"dateModified\":\"2023-10-11T10:35:04+00:00\",\"breadcrumb\":{\"@id\":\"https:\\\/\\\/tys.fi\\\/sv\\\/cookies#breadcrumb\"},\"inLanguage\":\"sv-SE\",\"potentialAction\":[{\"@type\":\"ReadAction\",\"target\":[\"https:\\\/\\\/tys.fi\\\/sv\\\/cookies\"]}]},{\"@type\":\"BreadcrumbList\",\"@id\":\"https:\\\/\\\/tys.fi\\\/sv\\\/cookies#breadcrumb\",\"itemListElement\":[{\"@type\":\"ListItem\",\"position\":1,\"name\":\"Home\",\"item\":\"https:\\\/\\\/tys.fi\\\/sv\"},{\"@type\":\"ListItem\",\"position\":2,\"name\":\"Cookies\"}]},{\"@type\":\"WebSite\",\"@id\":\"https:\\\/\\\/tys.fi\\\/#website\",\"url\":\"https:\\\/\\\/tys.fi\\\/\",\"name\":\"Turun Ylioppilaskyl\u00e4s\u00e4\u00e4ti\u00f6\",\"description\":\"Vuokra-asunnot Turku\",\"publisher\":{\"@id\":\"https:\\\/\\\/tys.fi\\\/#organization\"},\"potentialAction\":[{\"@type\":\"SearchAction\",\"target\":{\"@type\":\"EntryPoint\",\"urlTemplate\":\"https:\\\/\\\/tys.fi\\\/?s={search_term_string}\"},\"query-input\":{\"@type\":\"PropertyValueSpecification\",\"valueRequired\":true,\"valueName\":\"search_term_string\"}}],\"inLanguage\":\"sv-SE\"},{\"@type\":\"Organization\",\"@id\":\"https:\\\/\\\/tys.fi\\\/#organization\",\"name\":\"TYS\",\"url\":\"https:\\\/\\\/tys.fi\\\/\",\"logo\":{\"@type\":\"ImageObject\",\"inLanguage\":\"sv-SE\",\"@id\":\"https:\\\/\\\/tys.fi\\\/#\\\/schema\\\/logo\\\/image\\\/\",\"url\":\"https:\\\/\\\/tys.fi\\\/wp-content\\\/uploads\\\/2019\\\/03\\\/TYS-Logo_Green_500px.png\",\"contentUrl\":\"https:\\\/\\\/tys.fi\\\/wp-content\\\/uploads\\\/2019\\\/03\\\/TYS-Logo_Green_500px.png\",\"width\":500,\"height\":232,\"caption\":\"TYS\"},\"image\":{\"@id\":\"https:\\\/\\\/tys.fi\\\/#\\\/schema\\\/logo\\\/image\\\/\"},\"sameAs\":[\"https:\\\/\\\/www.facebook.com\\\/tysturku\\\/\",\"https:\\\/\\\/x.com\\\/tysturku\",\"https:\\\/\\\/www.instagram.com\\\/tysturku\\\/\",\"https:\\\/\\\/www.linkedin.com\\\/company\\\/tysturku\\\/\",\"https:\\\/\\\/www.youtube.com\\\/channel\\\/UCjKOs8BOiY0SORCB0WWixlw?view_as=subscriber\",\"https:\\\/\\\/fi.wikipedia.org\\\/wiki\\\/Turun_ylioppilaskyl\u00e4s\u00e4\u00e4ti\u00f6\"]}]}<\/script>\n<!-- \/ Yoast SEO plugin. -->","yoast_head_json":{"title":"Cookies | TYS | Turun Ylioppilaskyl\u00e4s\u00e4\u00e4ti\u00f6","robots":{"index":"index","follow":"follow","max-snippet":"max-snippet:-1","max-image-preview":"max-image-preview:large","max-video-preview":"max-video-preview:-1"},"canonical":"https:\/\/tys.fi\/sv\/cookies","og_locale":"sv_SE","og_type":"article","og_title":"Cookies | TYS | Turun Ylioppilaskyl\u00e4s\u00e4\u00e4ti\u00f6","og_description":"Cookies och annan motsvarande teknologi &nbsp; Vad \u00e4r en cookie? TYS webbplats anv\u00e4nder cookies. En...","og_url":"https:\/\/tys.fi\/sv\/cookies","og_site_name":"Turun Ylioppilaskyl&auml;s&auml;&auml;ti&ouml;","article_publisher":"https:\/\/www.facebook.com\/tysturku\/","article_modified_time":"2023-10-11T10:35:04+00:00","twitter_card":"summary_large_image","twitter_site":"@tysturku","twitter_misc":{"Ber\u00e4knad l\u00e4stid":"3 minuter"},"schema":{"@context":"https:\/\/schema.org","@graph":[{"@type":"WebPage","@id":"https:\/\/tys.fi\/sv\/cookies","url":"https:\/\/tys.fi\/sv\/cookies","name":"Cookies | TYS | Turun Ylioppilaskyl\u00e4s\u00e4\u00e4ti\u00f6","isPartOf":{"@id":"https:\/\/tys.fi\/#website"},"datePublished":"2023-10-11T07:25:17+00:00","dateModified":"2023-10-11T10:35:04+00:00","breadcrumb":{"@id":"https:\/\/tys.fi\/sv\/cookies#breadcrumb"},"inLanguage":"sv-SE","potentialAction":[{"@type":"ReadAction","target":["https:\/\/tys.fi\/sv\/cookies"]}]},{"@type":"BreadcrumbList","@id":"https:\/\/tys.fi\/sv\/cookies#breadcrumb","itemListElement":[{"@type":"ListItem","position":1,"name":"Home","item":"https:\/\/tys.fi\/sv"},{"@type":"ListItem","position":2,"name":"Cookies"}]},{"@type":"WebSite","@id":"https:\/\/tys.fi\/#website","url":"https:\/\/tys.fi\/","name":"Turun Ylioppilaskyl\u00e4s\u00e4\u00e4ti\u00f6","description":"Vuokra-asunnot Turku","publisher":{"@id":"https:\/\/tys.fi\/#organization"},"potentialAction":[{"@type":"SearchAction","target":{"@type":"EntryPoint","urlTemplate":"https:\/\/tys.fi\/?s={search_term_string}"},"query-input":{"@type":"PropertyValueSpecification","valueRequired":true,"valueName":"search_term_string"}}],"inLanguage":"sv-SE"},{"@type":"Organization","@id":"https:\/\/tys.fi\/#organization","name":"TYS","url":"https:\/\/tys.fi\/","logo":{"@type":"ImageObject","inLanguage":"sv-SE","@id":"https:\/\/tys.fi\/#\/schema\/logo\/image\/","url":"https:\/\/tys.fi\/wp-content\/uploads\/2019\/03\/TYS-Logo_Green_500px.png","contentUrl":"https:\/\/tys.fi\/wp-content\/uploads\/2019\/03\/TYS-Logo_Green_500px.png","width":500,"height":232,"caption":"TYS"},"image":{"@id":"https:\/\/tys.fi\/#\/schema\/logo\/image\/"},"sameAs":["https:\/\/www.facebook.com\/tysturku\/","https:\/\/x.com\/tysturku","https:\/\/www.instagram.com\/tysturku\/","https:\/\/www.linkedin.com\/company\/tysturku\/","https:\/\/www.youtube.com\/channel\/UCjKOs8BOiY0SORCB0WWixlw?view_as=subscriber","https:\/\/fi.wikipedia.org\/wiki\/Turun_ylioppilaskyl\u00e4s\u00e4\u00e4ti\u00f6"]}]}},"_links":{"self":[{"href":"https:\/\/tys.fi\/sv\/wp-json\/wp\/v2\/pages\/25815","targetHints":{"allow":["GET"]}}],"collection":[{"href":"https:\/\/tys.fi\/sv\/wp-json\/wp\/v2\/pages"}],"about":[{"href":"https:\/\/tys.fi\/sv\/wp-json\/wp\/v2\/types\/page"}],"author":[{"embeddable":true,"href":"https:\/\/tys.fi\/sv\/wp-json\/wp\/v2\/users\/2"}],"replies":[{"embeddable":true,"href":"https:\/\/tys.fi\/sv\/wp-json\/wp\/v2\/comments?post=25815"}],"version-history":[{"count":3,"href":"https:\/\/tys.fi\/sv\/wp-json\/wp\/v2\/pages\/25815\/revisions"}],"predecessor-version":[{"id":25822,"href":"https:\/\/tys.fi\/sv\/wp-json\/wp\/v2\/pages\/25815\/revisions\/25822"}],"wp:attachment":[{"href":"https:\/\/tys.fi\/sv\/wp-json\/wp\/v2\/media?parent=25815"}],"curies":[{"name":"wp","href":"https:\/\/api.w.org\/{rel}","templated":true}]}}