{"id":25620,"date":"2023-08-31T13:45:06","date_gmt":"2023-08-31T10:45:06","guid":{"rendered":"https:\/\/tys.fi\/saavutettavuus"},"modified":"2023-08-31T17:00:26","modified_gmt":"2023-08-31T14:00:26","slug":"tillganglighet","status":"publish","type":"page","link":"https:\/\/tys.fi\/sv\/tillganglighet","title":{"rendered":"Tillg\u00e4nglighet"},"content":{"rendered":"<h2><strong>V\u00e4lkommen, det h\u00e4r \u00e4r tillg\u00e4nglighetsutl\u00e5tande av Studentbystiftelsen i \u00c5bo<\/strong><\/h2>\n<p>&nbsp;<\/p>\n<p>Detta tillg\u00e4nglighetsutl\u00e5tande g\u00e4ller tj\u00e4nsten tys.fi och har uppr\u00e4ttats \/ uppdaterats den 28.8.2023. Ans\u00f6kan om bostad och val av hyresg\u00e4st omfattas av lagen om tillhandah\u00e5llande av digitala tj\u00e4nster och dess krav p\u00e5 att offentliga webbplatser m\u00e5ste vara tillg\u00e4ngliga.<\/p>\n<p>Tj\u00e4nstens tillg\u00e4nglighet har utv\u00e4rderats av en extern expertorganisation.<\/p>\n<p>&nbsp;<\/p>\n<h3><strong>Tillg\u00e4nglighetsstatus f\u00f6r den digitala tj\u00e4nsten<\/strong><\/h3>\n<p>&nbsp;<\/p>\n<p>Uppfyller delvis tillg\u00e4nglighetskraven.<\/p>\n<p>&nbsp;<\/p>\n<h3><strong>Icke-tillg\u00e4ngligt inneh\u00e5ll<\/strong><\/h3>\n<p>&nbsp;<\/p>\n<p><strong>Webbsidorna \u00f6verensst\u00e4mmer \u00e4nnu inte till alla delar med tillg\u00e4nglighetskraven<\/strong><\/p>\n<p>&nbsp;<\/p>\n<p><strong><strong><strong><strong><strong>M\u00f6jlig att uppfatta: Textmotsvarigheter<\/strong><\/strong><\/strong><\/strong><\/strong><\/p>\n<p><strong><strong><strong><strong><strong>Inneh\u00e5ll som inte \u00e4r tillg\u00e4ngligt och dess brister<\/strong><\/strong><\/strong><\/strong><\/strong><\/p>\n<p>Varum\u00e4rkesvideon p\u00e5 startsidan saknar textmotsvarighet.<\/p>\n<p><strong>Tillg\u00e4nglighetskrav som inte uppfylls<\/strong><\/p>\n<ul>\n<li>1.2.1 Endast ljud eller endast video (inspelad)<\/li>\n<\/ul>\n<p>&nbsp;<\/p>\n<p><strong><strong>M\u00f6jlig att uppfatta: Text som bildt<br \/>\n<\/strong><\/strong><br \/>\n<strong>Inneh\u00e5ll som inte \u00e4r tillg\u00e4ngligt och dess brister<\/strong><\/p>\n<p>Bostadstj\u00e4nsterna har p\u00e5 vissa undersidor enbart presenterats med hj\u00e4lp av ikoner, vilket kan vara sv\u00e5rt f\u00f6r vissa anv\u00e4ndare att urskilja. L\u00e4nkarna i bilderna namnges dock konsekvent, s\u00e5 navigeringen med sk\u00e4rml\u00e4saren \u00e4r tydlig.<\/p>\n<p><strong>Tillg\u00e4nglighetskrav som inte uppfylls<\/strong><\/p>\n<ul>\n<li>1.4.5 Text som bild<\/li>\n<\/ul>\n<p>&nbsp;<\/p>\n<h3><strong>Uppt\u00e4ckte du en tillg\u00e4nglighetsbrist i v\u00e5r digitala tj\u00e4nst? Beskriv den f\u00f6r oss s\u00e5 ska vi g\u00f6ra v\u00e5rt b\u00e4sta f\u00f6r att \u00e5tg\u00e4rda den<\/strong><\/h3>\n<p><strong><br \/>\nVia e-post<\/strong><\/p>\n<p><a href=\"mailto:office@tys.fi\">office@tys.fi<\/a><\/p>\n<h3><strong><br \/>\nTillsynsmyndigheten<\/strong><\/h3>\n<p>&nbsp;<\/p>\n<p>V\u00e4nligen kontakta f\u00f6rst oss, dvs webbplatsens administrat\u00f6r, om du uppt\u00e4cker brister i tillg\u00e4ngligheten p\u00e5 v\u00e5r webbplats. Det kan ta 14 dagar innan du f\u00e5r ett svar. Om du inte \u00e4r n\u00f6jd med det svar du har f\u00e5tt eller inte f\u00e5r n\u00e5got svar alls inom tv\u00e5 veckor, kan <a href=\"https:\/\/www.tillganglighetskrav.fi\/dina-rattigheter\/\">du l\u00e4mna in en anm\u00e4lan om bristande tillg\u00e4nglighet till Regionf\u00f6rvaltningsverket i S\u00f6dra Finland<\/a> (\u00f6ppnas i ett nytt f\u00f6nster). P\u00e5 regionf\u00f6rvaltningsverkets webbplats finns det beskrivet hur du kan l\u00e4mna in en anm\u00e4lan och hur \u00e4rendet behandlas.<\/p>\n<p>&nbsp;<\/p>\n<h3><strong>Tillsynsmyndighetens kontaktuppgifter<\/strong><\/h3>\n<p>&nbsp;<\/p>\n<p>Regionf\u00f6rvaltningsverket i S\u00f6dra Finland<br \/>\nEnheten f\u00f6r tillg\u00e4nglighetstillsyn<br \/>\nwww.tillg\u00e4nglighetskrav.fi<br \/>\nwebbtillganglighet@rfv.fi<br \/>\ntelefonnummer v\u00e4xeln 0295 016 000<\/p>\n<p>&nbsp;<\/p>\n<h3><strong>Vi arbetar st\u00e4ndigt med att f\u00f6rb\u00e4ttra tillg\u00e4ngligheten<\/strong><\/h3>\n<p><strong><br \/>\n<\/strong><strong>Vi har \u00e5tagit oss att f\u00f6rb\u00e4ttra tillg\u00e4ngligheten f\u00f6r digitala tj\u00e4nster<\/strong><\/p>\n<p>Organisationen har \u00e5tagit sig att f\u00f6rb\u00e4ttra tillg\u00e4ngligheten f\u00f6r digitala tj\u00e4nster. \u00c4ndringar f\u00f6r att f\u00f6rb\u00e4ttra tillg\u00e4ngligheten har genomf\u00f6rts i augusti 2023 och arbetet utf\u00f6rs kontinuerligt baserat p\u00e5 bland annat den respons som erh\u00e5llits.<\/p>\n<p><strong>Vi tillhandah\u00e5ller st\u00f6d f\u00f6r anv\u00e4ndare f\u00f6r vilka digitala tj\u00e4nster inte \u00e4r tillg\u00e4ngliga<\/strong><\/p>\n<p>Om du inte erh\u00f6ll n\u00f6dv\u00e4ndig information fr\u00e5n v\u00e5r webbplats kan du kontakta oss via e-post: office@tys.fi eller telefon: +358 2 2750 200.<\/p>\n","protected":false},"excerpt":{"rendered":"<p>V\u00e4lkommen, det h\u00e4r \u00e4r tillg\u00e4nglighetsutl\u00e5tande av Studentbystiftelsen i \u00c5bo &nbsp; Detta tillg\u00e4nglighetsutl\u00e5tande g\u00e4ller tj\u00e4nsten tys.fi&#8230;<\/p>\n","protected":false},"author":2,"featured_media":0,"parent":0,"menu_order":0,"comment_status":"closed","ping_status":"closed","template":"","meta":{"footnotes":""},"class_list":["post-25620","page","type-page","status-publish"],"yoast_head":"<!-- This site is optimized with the Yoast SEO plugin v27.4 - https:\/\/yoast.com\/product\/yoast-seo-wordpress\/ -->\n<title>Tillg\u00e4nglighet | TYS | Turun Ylioppilaskyl\u00e4s\u00e4\u00e4ti\u00f6<\/title>\n<meta name=\"robots\" content=\"index, follow, max-snippet:-1, max-image-preview:large, max-video-preview:-1\" \/>\n<link rel=\"canonical\" href=\"https:\/\/tys.fi\/sv\/tillganglighet\" \/>\n<meta property=\"og:locale\" content=\"sv_SE\" \/>\n<meta property=\"og:type\" content=\"article\" \/>\n<meta property=\"og:title\" content=\"Tillg\u00e4nglighet | TYS | Turun Ylioppilaskyl\u00e4s\u00e4\u00e4ti\u00f6\" \/>\n<meta property=\"og:description\" content=\"V\u00e4lkommen, det h\u00e4r \u00e4r tillg\u00e4nglighetsutl\u00e5tande av Studentbystiftelsen i \u00c5bo &nbsp; Detta tillg\u00e4nglighetsutl\u00e5tande g\u00e4ller tj\u00e4nsten tys.fi...\" \/>\n<meta property=\"og:url\" content=\"https:\/\/tys.fi\/sv\/tillganglighet\" \/>\n<meta property=\"og:site_name\" content=\"Turun Ylioppilaskyl&auml;s&auml;&auml;ti&ouml;\" \/>\n<meta property=\"article:publisher\" content=\"https:\/\/www.facebook.com\/tysturku\/\" \/>\n<meta property=\"article:modified_time\" content=\"2023-08-31T14:00:26+00:00\" \/>\n<meta name=\"twitter:card\" content=\"summary_large_image\" \/>\n<meta name=\"twitter:site\" content=\"@tysturku\" \/>\n<meta name=\"twitter:label1\" content=\"Ber\u00e4knad l\u00e4stid\" \/>\n\t<meta name=\"twitter:data1\" content=\"3 minuter\" \/>\n<script type=\"application\/ld+json\" class=\"yoast-schema-graph\">{\"@context\":\"https:\\\/\\\/schema.org\",\"@graph\":[{\"@type\":\"WebPage\",\"@id\":\"https:\\\/\\\/tys.fi\\\/sv\\\/tillganglighet\",\"url\":\"https:\\\/\\\/tys.fi\\\/sv\\\/tillganglighet\",\"name\":\"Tillg\u00e4nglighet | TYS | Turun Ylioppilaskyl\u00e4s\u00e4\u00e4ti\u00f6\",\"isPartOf\":{\"@id\":\"https:\\\/\\\/tys.fi\\\/#website\"},\"datePublished\":\"2023-08-31T10:45:06+00:00\",\"dateModified\":\"2023-08-31T14:00:26+00:00\",\"breadcrumb\":{\"@id\":\"https:\\\/\\\/tys.fi\\\/sv\\\/tillganglighet#breadcrumb\"},\"inLanguage\":\"sv-SE\",\"potentialAction\":[{\"@type\":\"ReadAction\",\"target\":[\"https:\\\/\\\/tys.fi\\\/sv\\\/tillganglighet\"]}]},{\"@type\":\"BreadcrumbList\",\"@id\":\"https:\\\/\\\/tys.fi\\\/sv\\\/tillganglighet#breadcrumb\",\"itemListElement\":[{\"@type\":\"ListItem\",\"position\":1,\"name\":\"Home\",\"item\":\"https:\\\/\\\/tys.fi\\\/sv\"},{\"@type\":\"ListItem\",\"position\":2,\"name\":\"Tillg\u00e4nglighet\"}]},{\"@type\":\"WebSite\",\"@id\":\"https:\\\/\\\/tys.fi\\\/#website\",\"url\":\"https:\\\/\\\/tys.fi\\\/\",\"name\":\"Turun Ylioppilaskyl\u00e4s\u00e4\u00e4ti\u00f6\",\"description\":\"Vuokra-asunnot Turku\",\"publisher\":{\"@id\":\"https:\\\/\\\/tys.fi\\\/#organization\"},\"potentialAction\":[{\"@type\":\"SearchAction\",\"target\":{\"@type\":\"EntryPoint\",\"urlTemplate\":\"https:\\\/\\\/tys.fi\\\/?s={search_term_string}\"},\"query-input\":{\"@type\":\"PropertyValueSpecification\",\"valueRequired\":true,\"valueName\":\"search_term_string\"}}],\"inLanguage\":\"sv-SE\"},{\"@type\":\"Organization\",\"@id\":\"https:\\\/\\\/tys.fi\\\/#organization\",\"name\":\"TYS\",\"url\":\"https:\\\/\\\/tys.fi\\\/\",\"logo\":{\"@type\":\"ImageObject\",\"inLanguage\":\"sv-SE\",\"@id\":\"https:\\\/\\\/tys.fi\\\/#\\\/schema\\\/logo\\\/image\\\/\",\"url\":\"https:\\\/\\\/tys.fi\\\/wp-content\\\/uploads\\\/2019\\\/03\\\/TYS-Logo_Green_500px.png\",\"contentUrl\":\"https:\\\/\\\/tys.fi\\\/wp-content\\\/uploads\\\/2019\\\/03\\\/TYS-Logo_Green_500px.png\",\"width\":500,\"height\":232,\"caption\":\"TYS\"},\"image\":{\"@id\":\"https:\\\/\\\/tys.fi\\\/#\\\/schema\\\/logo\\\/image\\\/\"},\"sameAs\":[\"https:\\\/\\\/www.facebook.com\\\/tysturku\\\/\",\"https:\\\/\\\/x.com\\\/tysturku\",\"https:\\\/\\\/www.instagram.com\\\/tysturku\\\/\",\"https:\\\/\\\/www.linkedin.com\\\/company\\\/tysturku\\\/\",\"https:\\\/\\\/www.youtube.com\\\/channel\\\/UCjKOs8BOiY0SORCB0WWixlw?view_as=subscriber\",\"https:\\\/\\\/fi.wikipedia.org\\\/wiki\\\/Turun_ylioppilaskyl\u00e4s\u00e4\u00e4ti\u00f6\"]}]}<\/script>\n<!-- \/ Yoast SEO plugin. -->","yoast_head_json":{"title":"Tillg\u00e4nglighet | TYS | Turun Ylioppilaskyl\u00e4s\u00e4\u00e4ti\u00f6","robots":{"index":"index","follow":"follow","max-snippet":"max-snippet:-1","max-image-preview":"max-image-preview:large","max-video-preview":"max-video-preview:-1"},"canonical":"https:\/\/tys.fi\/sv\/tillganglighet","og_locale":"sv_SE","og_type":"article","og_title":"Tillg\u00e4nglighet | TYS | Turun Ylioppilaskyl\u00e4s\u00e4\u00e4ti\u00f6","og_description":"V\u00e4lkommen, det h\u00e4r \u00e4r tillg\u00e4nglighetsutl\u00e5tande av Studentbystiftelsen i \u00c5bo &nbsp; Detta tillg\u00e4nglighetsutl\u00e5tande g\u00e4ller tj\u00e4nsten tys.fi...","og_url":"https:\/\/tys.fi\/sv\/tillganglighet","og_site_name":"Turun Ylioppilaskyl&auml;s&auml;&auml;ti&ouml;","article_publisher":"https:\/\/www.facebook.com\/tysturku\/","article_modified_time":"2023-08-31T14:00:26+00:00","twitter_card":"summary_large_image","twitter_site":"@tysturku","twitter_misc":{"Ber\u00e4knad l\u00e4stid":"3 minuter"},"schema":{"@context":"https:\/\/schema.org","@graph":[{"@type":"WebPage","@id":"https:\/\/tys.fi\/sv\/tillganglighet","url":"https:\/\/tys.fi\/sv\/tillganglighet","name":"Tillg\u00e4nglighet | TYS | Turun Ylioppilaskyl\u00e4s\u00e4\u00e4ti\u00f6","isPartOf":{"@id":"https:\/\/tys.fi\/#website"},"datePublished":"2023-08-31T10:45:06+00:00","dateModified":"2023-08-31T14:00:26+00:00","breadcrumb":{"@id":"https:\/\/tys.fi\/sv\/tillganglighet#breadcrumb"},"inLanguage":"sv-SE","potentialAction":[{"@type":"ReadAction","target":["https:\/\/tys.fi\/sv\/tillganglighet"]}]},{"@type":"BreadcrumbList","@id":"https:\/\/tys.fi\/sv\/tillganglighet#breadcrumb","itemListElement":[{"@type":"ListItem","position":1,"name":"Home","item":"https:\/\/tys.fi\/sv"},{"@type":"ListItem","position":2,"name":"Tillg\u00e4nglighet"}]},{"@type":"WebSite","@id":"https:\/\/tys.fi\/#website","url":"https:\/\/tys.fi\/","name":"Turun Ylioppilaskyl\u00e4s\u00e4\u00e4ti\u00f6","description":"Vuokra-asunnot Turku","publisher":{"@id":"https:\/\/tys.fi\/#organization"},"potentialAction":[{"@type":"SearchAction","target":{"@type":"EntryPoint","urlTemplate":"https:\/\/tys.fi\/?s={search_term_string}"},"query-input":{"@type":"PropertyValueSpecification","valueRequired":true,"valueName":"search_term_string"}}],"inLanguage":"sv-SE"},{"@type":"Organization","@id":"https:\/\/tys.fi\/#organization","name":"TYS","url":"https:\/\/tys.fi\/","logo":{"@type":"ImageObject","inLanguage":"sv-SE","@id":"https:\/\/tys.fi\/#\/schema\/logo\/image\/","url":"https:\/\/tys.fi\/wp-content\/uploads\/2019\/03\/TYS-Logo_Green_500px.png","contentUrl":"https:\/\/tys.fi\/wp-content\/uploads\/2019\/03\/TYS-Logo_Green_500px.png","width":500,"height":232,"caption":"TYS"},"image":{"@id":"https:\/\/tys.fi\/#\/schema\/logo\/image\/"},"sameAs":["https:\/\/www.facebook.com\/tysturku\/","https:\/\/x.com\/tysturku","https:\/\/www.instagram.com\/tysturku\/","https:\/\/www.linkedin.com\/company\/tysturku\/","https:\/\/www.youtube.com\/channel\/UCjKOs8BOiY0SORCB0WWixlw?view_as=subscriber","https:\/\/fi.wikipedia.org\/wiki\/Turun_ylioppilaskyl\u00e4s\u00e4\u00e4ti\u00f6"]}]}},"_links":{"self":[{"href":"https:\/\/tys.fi\/sv\/wp-json\/wp\/v2\/pages\/25620","targetHints":{"allow":["GET"]}}],"collection":[{"href":"https:\/\/tys.fi\/sv\/wp-json\/wp\/v2\/pages"}],"about":[{"href":"https:\/\/tys.fi\/sv\/wp-json\/wp\/v2\/types\/page"}],"author":[{"embeddable":true,"href":"https:\/\/tys.fi\/sv\/wp-json\/wp\/v2\/users\/2"}],"replies":[{"embeddable":true,"href":"https:\/\/tys.fi\/sv\/wp-json\/wp\/v2\/comments?post=25620"}],"version-history":[{"count":3,"href":"https:\/\/tys.fi\/sv\/wp-json\/wp\/v2\/pages\/25620\/revisions"}],"predecessor-version":[{"id":25631,"href":"https:\/\/tys.fi\/sv\/wp-json\/wp\/v2\/pages\/25620\/revisions\/25631"}],"wp:attachment":[{"href":"https:\/\/tys.fi\/sv\/wp-json\/wp\/v2\/media?parent=25620"}],"curies":[{"name":"wp","href":"https:\/\/api.w.org\/{rel}","templated":true}]}}