{"id":20719,"date":"2021-04-14T15:58:45","date_gmt":"2021-04-14T12:58:45","guid":{"rendered":"https:\/\/tys.fi\/?page_id=20719"},"modified":"2026-03-20T14:52:19","modified_gmt":"2026-03-20T12:52:19","slug":"kesaasunto","status":"publish","type":"page","link":"https:\/\/tys.fi\/sv\/kesaasunto","title":{"rendered":"Kommer du till \u00c5bo f\u00f6r ett sommarjobb? Du kan hyra en l\u00e4genhet fr\u00e5n TYS f\u00f6r sommaren!"},"content":{"rendered":"[vc_row type=&#8221;full_width_background&#8221; full_screen_row_position=&#8221;middle&#8221; column_margin=&#8221;default&#8221; column_direction=&#8221;default&#8221; column_direction_tablet=&#8221;default&#8221; column_direction_phone=&#8221;default&#8221; bg_image=&#8221;20727&#8243; bg_image_type=&#8221;default&#8221; bg_position=&#8221;center center&#8221; background_image_loading=&#8221;default&#8221; bg_repeat=&#8221;no-repeat&#8221; scene_position=&#8221;center&#8221; top_padding=&#8221;10%&#8221; bottom_padding=&#8221;10%&#8221; text_color=&#8221;light&#8221; text_align=&#8221;center&#8221; row_border_radius=&#8221;none&#8221; row_border_radius_applies=&#8221;bg&#8221; row_position_desktop=&#8221;default&#8221; row_position_tablet=&#8221;inherit&#8221; row_position_phone=&#8221;inherit&#8221; overflow=&#8221;visible&#8221; overlay_strength=&#8221;0.3&#8243; gradient_direction=&#8221;left_to_right&#8221; shape_divider_color=&#8221;#ffffff&#8221; shape_divider_position=&#8221;bottom&#8221; bg_image_animation=&#8221;none&#8221; parallax_bg=&#8221;true&#8221; parallax_bg_speed=&#8221;slow&#8221; shape_type=&#8221;curve&#8221;][vc_column column_padding=&#8221;no-extra-padding&#8221; column_padding_tablet=&#8221;inherit&#8221; column_padding_phone=&#8221;inherit&#8221; column_padding_position=&#8221;all&#8221; flex_gap_desktop=&#8221;10px&#8221; column_element_direction_desktop=&#8221;default&#8221; column_element_spacing=&#8221;default&#8221; desktop_text_alignment=&#8221;default&#8221; tablet_text_alignment=&#8221;default&#8221; phone_text_alignment=&#8221;default&#8221; background_color_opacity=&#8221;1&#8243; background_hover_color_opacity=&#8221;1&#8243; column_backdrop_filter=&#8221;none&#8221; column_shadow=&#8221;none&#8221; column_border_radius=&#8221;none&#8221; column_link_target=&#8221;_self&#8221; column_position=&#8221;default&#8221; gradient_direction=&#8221;left_to_right&#8221; overlay_strength=&#8221;0.3&#8243; width=&#8221;1\/1&#8243; tablet_width_inherit=&#8221;default&#8221; animation_type=&#8221;default&#8221; bg_image_animation=&#8221;none&#8221; border_type=&#8221;simple&#8221; column_border_width=&#8221;none&#8221; column_border_style=&#8221;solid&#8221;][vc_custom_heading text=&#8221;Kommer du till \u00c5bo f\u00f6r ett sommarjobb? Du kan hyra en l\u00e4genhet fr\u00e5n TYS f\u00f6r sommaren!&#8221; font_container=&#8221;tag:h1|font_size:60|text_align:center|color:%23ffffff|line_height:70px&#8221; use_theme_fonts=&#8221;yes&#8221;][\/vc_column][\/vc_row][vc_row type=&#8221;in_container&#8221; full_screen_row_position=&#8221;middle&#8221; column_margin=&#8221;default&#8221; column_direction=&#8221;default&#8221; column_direction_tablet=&#8221;default&#8221; column_direction_phone=&#8221;default&#8221; scene_position=&#8221;center&#8221; text_color=&#8221;dark&#8221; text_align=&#8221;left&#8221; row_border_radius=&#8221;none&#8221; row_border_radius_applies=&#8221;bg&#8221; row_position_desktop=&#8221;default&#8221; row_position_tablet=&#8221;inherit&#8221; row_position_phone=&#8221;inherit&#8221; overflow=&#8221;visible&#8221; overlay_strength=&#8221;0.3&#8243; gradient_direction=&#8221;left_to_right&#8221; shape_divider_position=&#8221;bottom&#8221; bg_image_animation=&#8221;none&#8221; shape_type=&#8221;&#8221;][vc_column column_padding=&#8221;padding-5-percent&#8221; column_padding_tablet=&#8221;inherit&#8221; column_padding_phone=&#8221;inherit&#8221; column_padding_position=&#8221;all&#8221; top_margin=&#8221;-8%&#8221; flex_gap_desktop=&#8221;10px&#8221; column_element_direction_desktop=&#8221;default&#8221; column_element_spacing=&#8221;default&#8221; centered_text=&#8221;true&#8221; desktop_text_alignment=&#8221;default&#8221; tablet_text_alignment=&#8221;default&#8221; phone_text_alignment=&#8221;default&#8221; background_color=&#8221;#e1a59b&#8221; background_color_opacity=&#8221;1&#8243; background_hover_color_opacity=&#8221;1&#8243; column_backdrop_filter=&#8221;none&#8221; font_color=&#8221;#ffffff&#8221; column_shadow=&#8221;small_depth&#8221; column_border_radius=&#8221;none&#8221; column_link_target=&#8221;_self&#8221; column_position=&#8221;default&#8221; gradient_direction=&#8221;left_to_right&#8221; overlay_strength=&#8221;0.3&#8243; width=&#8221;1\/1&#8243; tablet_width_inherit=&#8221;default&#8221; animation_type=&#8221;default&#8221; bg_image_animation=&#8221;none&#8221; border_type=&#8221;simple&#8221; column_border_width=&#8221;none&#8221; column_border_style=&#8221;solid&#8221;][vc_custom_heading text=&#8221;TYS hyr sommartid ut bost\u00e4der ocks\u00e5 till dem som inte studerar p\u00e5 heltid!&#8221; font_container=&#8221;tag:h2|text_align:center|color:%23ffffff&#8221; use_theme_fonts=&#8221;yes&#8221;][\/vc_column][\/vc_row][vc_row type=&#8221;in_container&#8221; full_screen_row_position=&#8221;middle&#8221; column_margin=&#8221;default&#8221; column_direction=&#8221;default&#8221; column_direction_tablet=&#8221;default&#8221; column_direction_phone=&#8221;default&#8221; scene_position=&#8221;center&#8221; top_padding=&#8221;4%&#8221; bottom_padding=&#8221;4%&#8221; text_color=&#8221;dark&#8221; text_align=&#8221;left&#8221; row_border_radius=&#8221;none&#8221; row_border_radius_applies=&#8221;bg&#8221; row_position_desktop=&#8221;default&#8221; row_position_tablet=&#8221;inherit&#8221; row_position_phone=&#8221;inherit&#8221; overflow=&#8221;visible&#8221; overlay_strength=&#8221;0.3&#8243; gradient_direction=&#8221;left_to_right&#8221; shape_divider_position=&#8221;bottom&#8221; bg_image_animation=&#8221;none&#8221; shape_type=&#8221;&#8221;][vc_column column_padding=&#8221;padding-5-percent&#8221; column_padding_tablet=&#8221;inherit&#8221; column_padding_phone=&#8221;inherit&#8221; column_padding_position=&#8221;all&#8221; flex_gap_desktop=&#8221;10px&#8221; column_element_direction_desktop=&#8221;default&#8221; column_element_spacing=&#8221;default&#8221; desktop_text_alignment=&#8221;default&#8221; tablet_text_alignment=&#8221;default&#8221; phone_text_alignment=&#8221;default&#8221; background_color_opacity=&#8221;1&#8243; background_hover_color_opacity=&#8221;1&#8243; column_backdrop_filter=&#8221;none&#8221; column_shadow=&#8221;none&#8221; column_border_radius=&#8221;none&#8221; column_link_target=&#8221;_self&#8221; column_position=&#8221;default&#8221; gradient_direction=&#8221;left_to_right&#8221; overlay_strength=&#8221;0.3&#8243; width=&#8221;1\/2&#8243; tablet_width_inherit=&#8221;default&#8221; animation_type=&#8221;default&#8221; bg_image_animation=&#8221;none&#8221; border_type=&#8221;simple&#8221; column_border_width=&#8221;none&#8221; column_border_style=&#8221;solid&#8221;][vc_custom_heading text=&#8221;Bostad fr\u00e5n TYS f\u00f6r sommaren&#8221; font_container=&#8221;tag:h3|text_align:left|color:%23829974&#8243; use_theme_fonts=&#8221;yes&#8221;][divider line_type=&#8221;No Line&#8221; custom_height=&#8221;20&#8243;][vc_column_text css=&#8221;&#8221; text_direction=&#8221;default&#8221;]Kommer du till \u00c5bo f\u00f6r ett sommarjobb? Eller dr\u00f6mmer du kanske om att njuta av sommaren i Finlands \u00e4ldsta och vackraste stad s\u00e5 d\u00e4r annars ? Hos TYS kan du hyra en billig bostad \u00f6ver sommaren!<\/p>\n<p>TYS hyr sommartid \u2013 fr\u00e5n maj till augusti \u2013 ut bost\u00e4der ocks\u00e5 till dem som inte studerar p\u00e5 heltid. Vi \u00e4r ett enkelt och billigt boendealternativ f\u00f6r sommarhyresg\u00e4sten. Hyrorna ligger 15\u201320% under fria marknaden och vi uppb\u00e4r ingen garantihyra. I hyran ing\u00e5r dessutom el, internet, fyra bastuskift per m\u00e5bad och in n\u00e4stan alla bost\u00e4der ocks\u00e5 vatten (vatten faktureras separat enligt f\u00f6rbrukning i Aitiopaikka, Haliskyl\u00e4, Kuunsilta och Tyyssija).\u00a0 Anledningen till att man vill hyra kan vara sommarjobb eller n\u00e5gon annan orsak till att tillbringa sommaren i \u00c5bo.<\/p>\n<p>Sommartid st\u00e5r m\u00e5nga olika slags bost\u00e4der tomma. N\u00e5gra exempel nedan.<\/p>\n<p>M\u00f6blerade l\u00e4genheter finns tillg\u00e4ngliga i tre bostadsobjektn. \u00c4ven om din huvudsakliga \u00f6nskan \u00e4r en m\u00f6blerad l\u00e4genhet, \u00e4r det rekommenderat att ocks\u00e5 l\u00e4gga till om\u00f6blerade l\u00e4genheter i din ans\u00f6kan, eftersom antalet m\u00f6blerade l\u00e4genheter \u00e4r mycket begr\u00e4nsat. De bostadsobjekt d\u00e4r m\u00f6blerade l\u00e4genheter finns och vad m\u00f6bleringen inkluderar, hittar du h\u00e4r: <a href=\"https:\/\/tys.fi\/sv\/utrustningen-av-bostader\">https:\/\/tys.fi\/sv\/utrustningen-av-bostader<\/a>[\/vc_column_text][vc_column_text css=&#8221;&#8221; text_direction=&#8221;default&#8221;]<strong>Studentbyn v\u00e4st<\/strong> \u2013 p\u00e5 ungef\u00e4r 2 km promenadavst\u00e5nd fr\u00e5n \u00c5bo centrum<\/p>\n<ul>\n<li>18 m2 rum + gemensamt k\u00f6k, 18 m2 309.00-388.00 \u20ac\/m\u00e5n \u2013 eget kylsk\u00e5p p\u00e5 rummet \u2013 kan f\u00e5s ocks\u00e5 som m\u00f6blerat, fr\u00e5ga om priset!<\/li>\n<\/ul>\n<p><strong>Pilvilinna<\/strong> \u2013 p\u00e5 ungef\u00e4r 4 km promenadavst\u00e5nd fr\u00e5n \u00c5bo centrum, 20 minuter till \u00c5bo centrum med buss i \u00c5bo stads kollektivtrafik<\/p>\n<ul>\n<li>23 m2 rum i 3 personers kollektivbostad, 239.00\u20ac \/ m\u00e5nad + eventuell m\u00f6belavgift 20\u20ac\/m\u00e5nad<\/li>\n<\/ul>\n[\/vc_column_text][\/vc_column][vc_column column_padding=&#8221;padding-5-percent&#8221; column_padding_tablet=&#8221;inherit&#8221; column_padding_phone=&#8221;inherit&#8221; column_padding_position=&#8221;all&#8221; flex_gap_desktop=&#8221;10px&#8221; column_element_direction_desktop=&#8221;default&#8221; column_element_spacing=&#8221;default&#8221; desktop_text_alignment=&#8221;default&#8221; tablet_text_alignment=&#8221;default&#8221; phone_text_alignment=&#8221;default&#8221; background_color=&#8221;#f7f7f7&#8243; background_color_opacity=&#8221;1&#8243; background_hover_color_opacity=&#8221;1&#8243; column_backdrop_filter=&#8221;none&#8221; column_shadow=&#8221;none&#8221; column_border_radius=&#8221;none&#8221; column_link_target=&#8221;_self&#8221; column_position=&#8221;default&#8221; gradient_direction=&#8221;left_to_right&#8221; overlay_strength=&#8221;0.3&#8243; width=&#8221;1\/2&#8243; tablet_width_inherit=&#8221;default&#8221; animation_type=&#8221;default&#8221; bg_image_animation=&#8221;none&#8221; border_type=&#8221;simple&#8221; column_border_width=&#8221;none&#8221; column_border_style=&#8221;solid&#8221;][vc_custom_heading text=&#8221;Hur ans\u00f6ker jag?&#8221; font_container=&#8221;tag:h3|text_align:left|color:%23829974&#8243; use_theme_fonts=&#8221;yes&#8221;][divider line_type=&#8221;No Line&#8221; custom_height=&#8221;30&#8243;]<div class=\"nectar-fancy-ul\" data-list-icon=\"fa fa-chevron-right\" data-animation=\"false\" data-animation-delay=\"0\" data-color=\"accent-color\" data-spacing=\"default\" data-alignment=\"left\"> \n<ul>\n<li>Bekanta dig med v\u00e5ra bostadsobjekt i\u00a0<a href=\"https:\/\/tys-markkinointihaku.etampuuri.fi\/\">bostadss\u00f6kningen<\/a><\/li>\n<li><i class=\"icon-default-style icon-chevron-right accent-color\"><\/i>Fyll i <a href=\"https:\/\/hakemus.etampuuri.fi\/tys\/\">ans\u00f6kningsblanketten<\/a> tidigast 3 m\u00e5nader innan du har behov av en bostad.\u00a0<i class=\"icon-default-style icon-chevron-right accent-color\"><\/i><\/li>\n<li><i class=\"icon-default-style icon-chevron-right accent-color\"><\/i>Uppdatera vid behov din ans\u00f6kan p\u00e5 ans\u00f6kans tj\u00e4nst<i class=\"icon-default-style icon-chevron-right accent-color\"><\/i><\/li>\n<li><i class=\"icon-default-style icon-chevron-right accent-color\"><\/i>Kom ih\u00e5g att f\u00f6rnya din ans\u00f6kan p\u00e5 ans\u00f6kans tj\u00e4nst var tredje m\u00e5nad, s\u00e5 att den inte l\u00f6per ut<\/li>\n<\/ul>\n <\/div>[nectar_btn size=&#8221;jumbo&#8221; button_style=&#8221;regular&#8221; button_color_2=&#8221;Extra-Color-1&#8243; icon_family=&#8221;none&#8221; text=&#8221;Kolla in l\u00e4genheternas 3D-planritningar&#8221; url=&#8221;https:\/\/tys.fi\/sv\/asuntojen-3d-kuvat&#8221;][divider line_type=&#8221;No Line&#8221; custom_height=&#8221;50&#8243;][\/vc_column][vc_column column_padding=&#8221;no-extra-padding&#8221; column_padding_tablet=&#8221;inherit&#8221; column_padding_phone=&#8221;inherit&#8221; column_padding_position=&#8221;all&#8221; flex_gap_desktop=&#8221;10px&#8221; column_element_direction_desktop=&#8221;default&#8221; column_element_spacing=&#8221;default&#8221; desktop_text_alignment=&#8221;default&#8221; tablet_text_alignment=&#8221;default&#8221; phone_text_alignment=&#8221;default&#8221; background_color_opacity=&#8221;1&#8243; background_hover_color_opacity=&#8221;1&#8243; column_backdrop_filter=&#8221;none&#8221; column_shadow=&#8221;none&#8221; column_border_radius=&#8221;none&#8221; column_link_target=&#8221;_self&#8221; column_position=&#8221;default&#8221; gradient_direction=&#8221;left_to_right&#8221; overlay_strength=&#8221;0.3&#8243; width=&#8221;1\/1&#8243; tablet_width_inherit=&#8221;default&#8221; animation_type=&#8221;default&#8221; bg_image_animation=&#8221;none&#8221; border_type=&#8221;simple&#8221; column_border_width=&#8221;none&#8221; column_border_style=&#8221;solid&#8221;][\/vc_column][\/vc_row][vc_row type=&#8221;full_width_background&#8221; full_screen_row_position=&#8221;middle&#8221; column_margin=&#8221;default&#8221; column_direction=&#8221;default&#8221; column_direction_tablet=&#8221;default&#8221; column_direction_phone=&#8221;default&#8221; bg_image=&#8221;2036&#8243; bg_image_type=&#8221;default&#8221; bg_position=&#8221;center bottom&#8221; background_image_loading=&#8221;default&#8221; bg_repeat=&#8221;no-repeat&#8221; scene_position=&#8221;center&#8221; top_padding=&#8221;5%&#8221; bottom_padding=&#8221;5%&#8221; text_color=&#8221;dark&#8221; text_align=&#8221;left&#8221; row_border_radius=&#8221;none&#8221; row_border_radius_applies=&#8221;bg&#8221; row_position_desktop=&#8221;default&#8221; row_position_tablet=&#8221;inherit&#8221; row_position_phone=&#8221;inherit&#8221; overflow=&#8221;visible&#8221; color_overlay=&#8221;#000000&#8243; overlay_strength=&#8221;0.3&#8243; gradient_direction=&#8221;left_to_right&#8221; shape_divider_position=&#8221;bottom&#8221; bg_image_animation=&#8221;none&#8221; parallax_bg=&#8221;true&#8221; parallax_bg_speed=&#8221;slow&#8221; shape_type=&#8221;&#8221;][vc_column column_padding=&#8221;no-extra-padding&#8221; column_padding_tablet=&#8221;inherit&#8221; column_padding_phone=&#8221;inherit&#8221; column_padding_position=&#8221;all&#8221; flex_gap_desktop=&#8221;10px&#8221; column_element_direction_desktop=&#8221;default&#8221; column_element_spacing=&#8221;default&#8221; centered_text=&#8221;true&#8221; desktop_text_alignment=&#8221;default&#8221; tablet_text_alignment=&#8221;default&#8221; phone_text_alignment=&#8221;default&#8221; background_color_opacity=&#8221;1&#8243; background_hover_color_opacity=&#8221;1&#8243; column_backdrop_filter=&#8221;none&#8221; column_shadow=&#8221;none&#8221; column_border_radius=&#8221;none&#8221; column_link_target=&#8221;_self&#8221; column_position=&#8221;default&#8221; gradient_direction=&#8221;left_to_right&#8221; overlay_strength=&#8221;0.3&#8243; width=&#8221;1\/1&#8243; tablet_width_inherit=&#8221;default&#8221; animation_type=&#8221;default&#8221; bg_image_animation=&#8221;none&#8221; border_type=&#8221;simple&#8221; column_border_width=&#8221;none&#8221; column_border_style=&#8221;solid&#8221;][vc_custom_heading text=&#8221;Ans\u00f6k TYS-bostad redan idag!&#8221; font_container=&#8221;tag:h2|text_align:center|color:%23ffffff&#8221; use_theme_fonts=&#8221;yes&#8221;][nectar_btn size=&#8221;jumbo&#8221; button_style=&#8221;see-through&#8221; button_color_2=&#8221;Accent-Color&#8221; color_override=&#8221;#ffffff&#8221; icon_family=&#8221;default_arrow&#8221; url=&#8221;https:\/\/hakemus.etampuuri.fi\/tys\/&#8221; text=&#8221;Fyll i ans\u00f6kningsblanketten&#8221; margin_top=&#8221;30&#8243;][\/vc_column][\/vc_row]\n","protected":false},"excerpt":{"rendered":"<p>[vc_row type=&#8221;full_width_background&#8221; full_screen_row_position=&#8221;middle&#8221; column_margin=&#8221;default&#8221; column_direction=&#8221;default&#8221; column_direction_tablet=&#8221;default&#8221; column_direction_phone=&#8221;default&#8221; bg_image=&#8221;20727&#8243; bg_image_type=&#8221;default&#8221; bg_position=&#8221;center center&#8221; background_image_loading=&#8221;default&#8221; bg_repeat=&#8221;no-repeat&#8221; scene_position=&#8221;center&#8221; top_padding=&#8221;10%&#8221;&#8230;<\/p>\n","protected":false},"author":2,"featured_media":0,"parent":0,"menu_order":0,"comment_status":"closed","ping_status":"closed","template":"","meta":{"footnotes":""},"class_list":["post-20719","page","type-page","status-publish"],"yoast_head":"<!-- This site is optimized with the Yoast SEO plugin v27.4 - https:\/\/yoast.com\/product\/yoast-seo-wordpress\/ -->\n<title>Kommer du till \u00c5bo f\u00f6r ett sommarjobb? Du kan hyra en l\u00e4genhet fr\u00e5n TYS f\u00f6r sommaren!<\/title>\n<meta name=\"description\" content=\"Studentbystiftelsen i \u00c5bo (TYS) bygger, renoverar, hyr ut och underh\u00e5ller bost\u00e4der f\u00f6r studeranden vid l\u00e4roinr\u00e4ttningar f\u00f6r studier p\u00e5 andra stadiet. TYS har cirka 5000 bost\u00e4der f\u00f6r cirka 7 000 personer p\u00e5 18 objeckten runt \u00c5bo.\" \/>\n<meta name=\"robots\" content=\"index, follow, max-snippet:-1, max-image-preview:large, max-video-preview:-1\" \/>\n<link rel=\"canonical\" href=\"https:\/\/tys.fi\/sv\/kesaasunto\" \/>\n<meta property=\"og:locale\" content=\"sv_SE\" \/>\n<meta property=\"og:type\" content=\"article\" \/>\n<meta property=\"og:title\" content=\"Kommer du till \u00c5bo f\u00f6r ett sommarjobb? Du kan hyra en l\u00e4genhet fr\u00e5n TYS f\u00f6r sommaren!\" \/>\n<meta property=\"og:description\" content=\"Studentbystiftelsen i \u00c5bo (TYS) bygger, renoverar, hyr ut och underh\u00e5ller bost\u00e4der f\u00f6r studeranden vid l\u00e4roinr\u00e4ttningar f\u00f6r studier p\u00e5 andra stadiet. TYS har cirka 5000 bost\u00e4der f\u00f6r cirka 7 000 personer p\u00e5 18 objeckten runt \u00c5bo.\" \/>\n<meta property=\"og:url\" content=\"https:\/\/tys.fi\/sv\/kesaasunto\" \/>\n<meta property=\"og:site_name\" content=\"Turun Ylioppilaskyl&auml;s&auml;&auml;ti&ouml;\" \/>\n<meta property=\"article:publisher\" content=\"https:\/\/www.facebook.com\/tysturku\/\" \/>\n<meta property=\"article:modified_time\" content=\"2026-03-20T12:52:19+00:00\" \/>\n<meta name=\"twitter:card\" content=\"summary_large_image\" \/>\n<meta name=\"twitter:site\" content=\"@tysturku\" \/>\n<meta name=\"twitter:label1\" content=\"Ber\u00e4knad l\u00e4stid\" \/>\n\t<meta name=\"twitter:data1\" content=\"3 minuter\" \/>\n<script type=\"application\/ld+json\" class=\"yoast-schema-graph\">{\"@context\":\"https:\\\/\\\/schema.org\",\"@graph\":[{\"@type\":\"WebPage\",\"@id\":\"https:\\\/\\\/tys.fi\\\/sv\\\/kesaasunto\",\"url\":\"https:\\\/\\\/tys.fi\\\/sv\\\/kesaasunto\",\"name\":\"Kommer du till \u00c5bo f\u00f6r ett sommarjobb? Du kan hyra en l\u00e4genhet fr\u00e5n TYS f\u00f6r sommaren!\",\"isPartOf\":{\"@id\":\"https:\\\/\\\/tys.fi\\\/#website\"},\"datePublished\":\"2021-04-14T12:58:45+00:00\",\"dateModified\":\"2026-03-20T12:52:19+00:00\",\"description\":\"Studentbystiftelsen i \u00c5bo (TYS) bygger, renoverar, hyr ut och underh\u00e5ller bost\u00e4der f\u00f6r studeranden vid l\u00e4roinr\u00e4ttningar f\u00f6r studier p\u00e5 andra stadiet. TYS har cirka 5000 bost\u00e4der f\u00f6r cirka 7 000 personer p\u00e5 18 objeckten runt \u00c5bo.\",\"breadcrumb\":{\"@id\":\"https:\\\/\\\/tys.fi\\\/sv\\\/kesaasunto#breadcrumb\"},\"inLanguage\":\"sv-SE\",\"potentialAction\":[{\"@type\":\"ReadAction\",\"target\":[\"https:\\\/\\\/tys.fi\\\/sv\\\/kesaasunto\"]}]},{\"@type\":\"BreadcrumbList\",\"@id\":\"https:\\\/\\\/tys.fi\\\/sv\\\/kesaasunto#breadcrumb\",\"itemListElement\":[{\"@type\":\"ListItem\",\"position\":1,\"name\":\"Home\",\"item\":\"https:\\\/\\\/tys.fi\\\/sv\"},{\"@type\":\"ListItem\",\"position\":2,\"name\":\"Kommer du till \u00c5bo f\u00f6r ett sommarjobb? Du kan hyra en l\u00e4genhet fr\u00e5n TYS f\u00f6r sommaren!\"}]},{\"@type\":\"WebSite\",\"@id\":\"https:\\\/\\\/tys.fi\\\/#website\",\"url\":\"https:\\\/\\\/tys.fi\\\/\",\"name\":\"Turun Ylioppilaskyl\u00e4s\u00e4\u00e4ti\u00f6\",\"description\":\"Vuokra-asunnot Turku\",\"publisher\":{\"@id\":\"https:\\\/\\\/tys.fi\\\/#organization\"},\"potentialAction\":[{\"@type\":\"SearchAction\",\"target\":{\"@type\":\"EntryPoint\",\"urlTemplate\":\"https:\\\/\\\/tys.fi\\\/?s={search_term_string}\"},\"query-input\":{\"@type\":\"PropertyValueSpecification\",\"valueRequired\":true,\"valueName\":\"search_term_string\"}}],\"inLanguage\":\"sv-SE\"},{\"@type\":\"Organization\",\"@id\":\"https:\\\/\\\/tys.fi\\\/#organization\",\"name\":\"TYS\",\"url\":\"https:\\\/\\\/tys.fi\\\/\",\"logo\":{\"@type\":\"ImageObject\",\"inLanguage\":\"sv-SE\",\"@id\":\"https:\\\/\\\/tys.fi\\\/#\\\/schema\\\/logo\\\/image\\\/\",\"url\":\"https:\\\/\\\/tys.fi\\\/wp-content\\\/uploads\\\/2019\\\/03\\\/TYS-Logo_Green_500px.png\",\"contentUrl\":\"https:\\\/\\\/tys.fi\\\/wp-content\\\/uploads\\\/2019\\\/03\\\/TYS-Logo_Green_500px.png\",\"width\":500,\"height\":232,\"caption\":\"TYS\"},\"image\":{\"@id\":\"https:\\\/\\\/tys.fi\\\/#\\\/schema\\\/logo\\\/image\\\/\"},\"sameAs\":[\"https:\\\/\\\/www.facebook.com\\\/tysturku\\\/\",\"https:\\\/\\\/x.com\\\/tysturku\",\"https:\\\/\\\/www.instagram.com\\\/tysturku\\\/\",\"https:\\\/\\\/www.linkedin.com\\\/company\\\/tysturku\\\/\",\"https:\\\/\\\/www.youtube.com\\\/channel\\\/UCjKOs8BOiY0SORCB0WWixlw?view_as=subscriber\",\"https:\\\/\\\/fi.wikipedia.org\\\/wiki\\\/Turun_ylioppilaskyl\u00e4s\u00e4\u00e4ti\u00f6\"]}]}<\/script>\n<!-- \/ Yoast SEO plugin. -->","yoast_head_json":{"title":"Kommer du till \u00c5bo f\u00f6r ett sommarjobb? Du kan hyra en l\u00e4genhet fr\u00e5n TYS f\u00f6r sommaren!","description":"Studentbystiftelsen i \u00c5bo (TYS) bygger, renoverar, hyr ut och underh\u00e5ller bost\u00e4der f\u00f6r studeranden vid l\u00e4roinr\u00e4ttningar f\u00f6r studier p\u00e5 andra stadiet. TYS har cirka 5000 bost\u00e4der f\u00f6r cirka 7 000 personer p\u00e5 18 objeckten runt \u00c5bo.","robots":{"index":"index","follow":"follow","max-snippet":"max-snippet:-1","max-image-preview":"max-image-preview:large","max-video-preview":"max-video-preview:-1"},"canonical":"https:\/\/tys.fi\/sv\/kesaasunto","og_locale":"sv_SE","og_type":"article","og_title":"Kommer du till \u00c5bo f\u00f6r ett sommarjobb? Du kan hyra en l\u00e4genhet fr\u00e5n TYS f\u00f6r sommaren!","og_description":"Studentbystiftelsen i \u00c5bo (TYS) bygger, renoverar, hyr ut och underh\u00e5ller bost\u00e4der f\u00f6r studeranden vid l\u00e4roinr\u00e4ttningar f\u00f6r studier p\u00e5 andra stadiet. TYS har cirka 5000 bost\u00e4der f\u00f6r cirka 7 000 personer p\u00e5 18 objeckten runt \u00c5bo.","og_url":"https:\/\/tys.fi\/sv\/kesaasunto","og_site_name":"Turun Ylioppilaskyl&auml;s&auml;&auml;ti&ouml;","article_publisher":"https:\/\/www.facebook.com\/tysturku\/","article_modified_time":"2026-03-20T12:52:19+00:00","twitter_card":"summary_large_image","twitter_site":"@tysturku","twitter_misc":{"Ber\u00e4knad l\u00e4stid":"3 minuter"},"schema":{"@context":"https:\/\/schema.org","@graph":[{"@type":"WebPage","@id":"https:\/\/tys.fi\/sv\/kesaasunto","url":"https:\/\/tys.fi\/sv\/kesaasunto","name":"Kommer du till \u00c5bo f\u00f6r ett sommarjobb? Du kan hyra en l\u00e4genhet fr\u00e5n TYS f\u00f6r sommaren!","isPartOf":{"@id":"https:\/\/tys.fi\/#website"},"datePublished":"2021-04-14T12:58:45+00:00","dateModified":"2026-03-20T12:52:19+00:00","description":"Studentbystiftelsen i \u00c5bo (TYS) bygger, renoverar, hyr ut och underh\u00e5ller bost\u00e4der f\u00f6r studeranden vid l\u00e4roinr\u00e4ttningar f\u00f6r studier p\u00e5 andra stadiet. TYS har cirka 5000 bost\u00e4der f\u00f6r cirka 7 000 personer p\u00e5 18 objeckten runt \u00c5bo.","breadcrumb":{"@id":"https:\/\/tys.fi\/sv\/kesaasunto#breadcrumb"},"inLanguage":"sv-SE","potentialAction":[{"@type":"ReadAction","target":["https:\/\/tys.fi\/sv\/kesaasunto"]}]},{"@type":"BreadcrumbList","@id":"https:\/\/tys.fi\/sv\/kesaasunto#breadcrumb","itemListElement":[{"@type":"ListItem","position":1,"name":"Home","item":"https:\/\/tys.fi\/sv"},{"@type":"ListItem","position":2,"name":"Kommer du till \u00c5bo f\u00f6r ett sommarjobb? Du kan hyra en l\u00e4genhet fr\u00e5n TYS f\u00f6r sommaren!"}]},{"@type":"WebSite","@id":"https:\/\/tys.fi\/#website","url":"https:\/\/tys.fi\/","name":"Turun Ylioppilaskyl\u00e4s\u00e4\u00e4ti\u00f6","description":"Vuokra-asunnot Turku","publisher":{"@id":"https:\/\/tys.fi\/#organization"},"potentialAction":[{"@type":"SearchAction","target":{"@type":"EntryPoint","urlTemplate":"https:\/\/tys.fi\/?s={search_term_string}"},"query-input":{"@type":"PropertyValueSpecification","valueRequired":true,"valueName":"search_term_string"}}],"inLanguage":"sv-SE"},{"@type":"Organization","@id":"https:\/\/tys.fi\/#organization","name":"TYS","url":"https:\/\/tys.fi\/","logo":{"@type":"ImageObject","inLanguage":"sv-SE","@id":"https:\/\/tys.fi\/#\/schema\/logo\/image\/","url":"https:\/\/tys.fi\/wp-content\/uploads\/2019\/03\/TYS-Logo_Green_500px.png","contentUrl":"https:\/\/tys.fi\/wp-content\/uploads\/2019\/03\/TYS-Logo_Green_500px.png","width":500,"height":232,"caption":"TYS"},"image":{"@id":"https:\/\/tys.fi\/#\/schema\/logo\/image\/"},"sameAs":["https:\/\/www.facebook.com\/tysturku\/","https:\/\/x.com\/tysturku","https:\/\/www.instagram.com\/tysturku\/","https:\/\/www.linkedin.com\/company\/tysturku\/","https:\/\/www.youtube.com\/channel\/UCjKOs8BOiY0SORCB0WWixlw?view_as=subscriber","https:\/\/fi.wikipedia.org\/wiki\/Turun_ylioppilaskyl\u00e4s\u00e4\u00e4ti\u00f6"]}]}},"_links":{"self":[{"href":"https:\/\/tys.fi\/sv\/wp-json\/wp\/v2\/pages\/20719","targetHints":{"allow":["GET"]}}],"collection":[{"href":"https:\/\/tys.fi\/sv\/wp-json\/wp\/v2\/pages"}],"about":[{"href":"https:\/\/tys.fi\/sv\/wp-json\/wp\/v2\/types\/page"}],"author":[{"embeddable":true,"href":"https:\/\/tys.fi\/sv\/wp-json\/wp\/v2\/users\/2"}],"replies":[{"embeddable":true,"href":"https:\/\/tys.fi\/sv\/wp-json\/wp\/v2\/comments?post=20719"}],"version-history":[{"count":6,"href":"https:\/\/tys.fi\/sv\/wp-json\/wp\/v2\/pages\/20719\/revisions"}],"predecessor-version":[{"id":30997,"href":"https:\/\/tys.fi\/sv\/wp-json\/wp\/v2\/pages\/20719\/revisions\/30997"}],"wp:attachment":[{"href":"https:\/\/tys.fi\/sv\/wp-json\/wp\/v2\/media?parent=20719"}],"curies":[{"name":"wp","href":"https:\/\/api.w.org\/{rel}","templated":true}]}}