{"id":18885,"date":"2020-08-07T11:29:16","date_gmt":"2020-08-07T08:29:16","guid":{"rendered":"https:\/\/tys.fi\/?page_id=18885"},"modified":"2020-08-07T11:29:16","modified_gmt":"2020-08-07T08:29:16","slug":"byggprojekt-2019","status":"publish","type":"page","link":"https:\/\/tys.fi\/sv\/arsbok-2018\/byggprojekt-2019","title":{"rendered":"Byggprojekt 2019"},"content":{"rendered":"[vc_row type=&#8221;full_width_background&#8221; full_screen_row_position=&#8221;middle&#8221; column_margin=&#8221;default&#8221; column_direction=&#8221;default&#8221; column_direction_tablet=&#8221;default&#8221; column_direction_phone=&#8221;default&#8221; bg_color=&#8221;#f7f7f7&#8243; scene_position=&#8221;center&#8221; top_padding=&#8221;5%&#8221; bottom_padding=&#8221;5%&#8221; text_color=&#8221;dark&#8221; text_align=&#8221;left&#8221; row_border_radius=&#8221;none&#8221; row_border_radius_applies=&#8221;bg&#8221; overlay_strength=&#8221;0.3&#8243; gradient_direction=&#8221;left_to_right&#8221; shape_divider_position=&#8221;bottom&#8221; bg_image_animation=&#8221;none&#8221; shape_type=&#8221;&#8221;][vc_column column_padding=&#8221;no-extra-padding&#8221; column_padding_tablet=&#8221;inherit&#8221; column_padding_phone=&#8221;inherit&#8221; column_padding_position=&#8221;all&#8221; background_color_opacity=&#8221;1&#8243; background_hover_color_opacity=&#8221;1&#8243; column_shadow=&#8221;none&#8221; column_border_radius=&#8221;none&#8221; column_link_target=&#8221;_self&#8221; gradient_direction=&#8221;left_to_right&#8221; overlay_strength=&#8221;0.3&#8243; width=&#8221;1\/1&#8243; tablet_width_inherit=&#8221;default&#8221; tablet_text_alignment=&#8221;default&#8221; phone_text_alignment=&#8221;default&#8221; column_border_width=&#8221;none&#8221; column_border_style=&#8221;solid&#8221; bg_image_animation=&#8221;none&#8221;][image_with_animation image_url=&#8221;18894&#8243; animation=&#8221;None&#8221; hover_animation=&#8221;none&#8221; alignment=&#8221;&#8221; border_radius=&#8221;none&#8221; box_shadow=&#8221;none&#8221; image_loading=&#8221;default&#8221; max_width=&#8221;100%&#8221; max_width_mobile=&#8221;default&#8221;][divider line_type=&#8221;No Line&#8221; custom_height=&#8221;50&#8243;][vc_custom_heading text=&#8221;Byggprojekt&#8221; font_container=&#8221;tag:h1|text_align:center|color:%23829974&#8243; use_theme_fonts=&#8221;yes&#8221;][vc_row_inner equal_height=&#8221;yes&#8221; content_placement=&#8221;top&#8221; column_margin=&#8221;default&#8221; column_direction=&#8221;default&#8221; column_direction_tablet=&#8221;default&#8221; column_direction_phone=&#8221;default&#8221; top_padding=&#8221;3%&#8221; text_align=&#8221;left&#8221;][vc_column_inner column_padding=&#8221;padding-5-percent&#8221; column_padding_tablet=&#8221;inherit&#8221; column_padding_phone=&#8221;inherit&#8221; column_padding_position=&#8221;all&#8221; background_color=&#8221;#ffffff&#8221; background_color_opacity=&#8221;1&#8243; background_hover_color_opacity=&#8221;1&#8243; column_shadow=&#8221;none&#8221; column_border_radius=&#8221;none&#8221; column_link_target=&#8221;_self&#8221; gradient_direction=&#8221;left_to_right&#8221; overlay_strength=&#8221;0.3&#8243; width=&#8221;1\/2&#8243; tablet_width_inherit=&#8221;default&#8221; column_border_width=&#8221;none&#8221; column_border_style=&#8221;solid&#8221; bg_image_animation=&#8221;none&#8221;][vc_custom_heading text=&#8221;Nya objekt och grundrenoveringar&#8221; font_container=&#8221;tag:h3|text_align:left|color:%23829974&#8243; use_theme_fonts=&#8221;yes&#8221;][divider line_type=&#8221;No Line&#8221; custom_height=&#8221;30&#8243;][vc_column_text]Anbudsbeg\u00e4ran f\u00f6r det nya bostadsobjektet Tyyssija offentliggjordes i december 2018 och fristen f\u00f6r anbudsans\u00f6kan l\u00f6pte ut i februari 2019. Tre byggf\u00f6retag l\u00e4mnade in anbud inom tidsfristen. Anbudsprocessen genomf\u00f6rdes genom ett f\u00f6rhandlat f\u00f6rfarande.<\/p>\n<p>Under f\u00f6rhandlingsrundorna utvecklades planerna och anstr\u00e4ngningar gjordes f\u00f6r att hitta b\u00e5de byggv\u00e4nliga och mer ekonomiska implementeringsl\u00f6sningar. Efter tre f\u00f6rhandlingsrundor valdes Peab Oy, som l\u00e4mnade det mest ekonomiskt f\u00f6rdelaktiga anbudet, till entrepren\u00f6r, med vilken ett prelimin\u00e4rt avtal undertecknades.<\/p>\n<p>Huvudprojektledare f\u00f6r Tyyssija \u00e4r arkitektt\u00e4vlingens vinnare SIGGE Arkitekter Ab, byggprojektledare \u00e4r A-Insin\u00f6\u00f6rit Oy, VVS-projekt\u00f6r \u00e4r LVI-Soisalo Oy och elprojekt\u00f6r \u00e4r Karawatski Oy. Som projektets fuktigheskoordinator verkar Sitowise Oy.<\/p>\n<p>Hyresavtal f\u00f6r Tyyssijas aff\u00e4rslokaler p\u00e5 f\u00f6rsta v\u00e5ningen har ing\u00e5tts med tj\u00e4nsteleverant\u00f6rer fr\u00e5n detaljhandels-, restaurang- och sportbranschen.<\/p>\n<p>Utarbetningen av planen f\u00f6r det nya objektet Kyl\u00e4nkulma inleddes v\u00e5ren 2019. Huvudprojektledare \u00e4r Anttinen Oiva Arkkitehdit Oy, som vann arkitektt\u00e4vlingen. Enligt den prelimin\u00e4ra tidtabellen kommer planeringen av Kyl\u00e4nkulma att vara klar under 2020.<\/p>\n<p>Stiftelsens bruttoinvesteringar under 2019 var 6,2 M\u20ac, av vilka den st\u00f6rsta andelen (3,4 M\u20ac) utgjordes av nybyggnaden av Aitiopaikka, grundrenoveringen av Kuunsilta (1,4 M\u20ac) och planeringskostnaderna f\u00f6r Tyyssija (0,7 M\u20ac).[\/vc_column_text][image_with_animation image_url=&#8221;18047&#8243; animation=&#8221;None&#8221; hover_animation=&#8221;none&#8221; alignment=&#8221;&#8221; border_radius=&#8221;none&#8221; box_shadow=&#8221;none&#8221; image_loading=&#8221;default&#8221; max_width=&#8221;100%&#8221; max_width_mobile=&#8221;default&#8221;][nectar_btn size=&#8221;large&#8221; button_style=&#8221;regular&#8221; button_color_2=&#8221;Extra-Color-1&#8243; icon_family=&#8221;default_arrow&#8221; url=&#8221;\/sv\/arsberattelse-2019#rakennushankkeet&#8221; text=&#8221;Tillbaka till \u00e5rsber\u00e4ttelse&#8221; margin_top=&#8221;20&#8243;][\/vc_column_inner][vc_column_inner column_padding=&#8221;padding-5-percent&#8221; column_padding_tablet=&#8221;inherit&#8221; column_padding_phone=&#8221;inherit&#8221; column_padding_position=&#8221;all&#8221; background_color=&#8221;#ffffff&#8221; background_color_opacity=&#8221;1&#8243; background_hover_color_opacity=&#8221;1&#8243; column_shadow=&#8221;none&#8221; column_border_radius=&#8221;none&#8221; column_link_target=&#8221;_self&#8221; gradient_direction=&#8221;left_to_right&#8221; overlay_strength=&#8221;0.3&#8243; width=&#8221;1\/2&#8243; tablet_width_inherit=&#8221;default&#8221; column_border_width=&#8221;none&#8221; column_border_style=&#8221;solid&#8221; bg_image_animation=&#8221;none&#8221;][vc_custom_heading text=&#8221;Underh\u00e5ll och reparationer&#8221; font_container=&#8221;tag:h3|text_align:left|color:%23829974&#8243; use_theme_fonts=&#8221;yes&#8221;][divider line_type=&#8221;No Line&#8221; custom_height=&#8221;30&#8243;][vc_column_text]S\u00e5som under tidigare \u00e5r har ISS Palvelut Oy ansvarat f\u00f6r fastighetssk\u00f6tseln. I stiftelsens objekt arbetar regelbundet fem fastighetssk\u00f6tare och tv\u00e5 personer som sk\u00f6ter utomhusomr\u00e5den. Optionsperioden f\u00f6r det nuvarande avtalet upph\u00f6r den 30 september 2020. Under v\u00e5ren 2019 lanserades ett uppdateringsprojekt f\u00f6r TYS Tampuuri-systemets servicebok-modell, d\u00e4r serviceb\u00f6ckerna uppdateras i enlighet med Talo 2000-standarden.<\/p>\n<p>Avtalet om beredningen av underh\u00e5llsprogram och maskinkort i enlighet med Talo 2000-standarden tecknades med Vahanen Monitoring Services Oy i mars 2019. Projektet forts\u00e4tter under v\u00e5ren 2020.<\/p>\n<p>F\u00f6rnyandet av de gamla l\u00e5ssystemen till iLoq-l\u00e5ssystem fortsatte under 2019. L\u00e5sen f\u00f6rnyades i Studentbyn och i Kotivalo. F\u00f6rnyandet av de gamla l\u00e5ssystemen forts\u00e4tter under 2020. Konkurrensuts\u00e4ttningen av ramavtalen f\u00f6r VVS- och elreparationsarbeten utf\u00f6rdes under 2018\u20132019 och ramavtalen undertecknades p\u00e5 v\u00e5ren 2019. Den fr\u00e4msta samarbetspartnern i ramavtalet f\u00f6r r\u00f6rarbeten \u00e4r Arkea Oy och f\u00f6r elarbeten Paraisten Valo Oy. Avtalen \u00e4r i kraft tills vidare.<\/p>\n<p>Liksom under tidigare \u00e5r gjordes forts\u00e4ttningsvis betydande insatser f\u00f6r f\u00f6rb\u00e4ttringen av bost\u00e4dernas kvalitet och bost\u00e4dernas reparationer. Planeringen av renoveringen av l\u00e4genheterna och fasaderna i A\u2013E-trappan i Kuunsilta inleddes i slutet av 2018. Konkurrensuts\u00e4ttningen av projektet gjordes v\u00e5ren 2019 och ackordet inleddes i juli 2019. Arbetet slutf\u00f6rdes i januari 2020. Under renoveringen omvandlades 26 l\u00e4genheter till 42 l\u00e4genheter.<\/p>\n<p>Planeringen av renoveringen av fasaderna p\u00e5 Studentbyns 20 B och 25 B daghemsbyggnader p\u00e5b\u00f6rjades i december 2018. Ackordet planerades genomf\u00f6ras sommaren 2019 under daghemmens semesterperiod, men p\u00e5 grund av en f\u00f6rsening i planeringen beslutades att skjuta upp genomf\u00f6randet av ackordet till sommaren 2020.<\/p>\n<p>Stiftelsen f\u00f6rv\u00e4rvade under v\u00e5ren 2019 den gamla aff\u00e4rsfastigheten invid Q-byggnaden p\u00e5 Nummisparkgatan f\u00f6r eventuella framtida markbehov f\u00f6r nybyggnader. Stiftelsens egna servicepersonals verkstadslokaler flyttade fr\u00e5n det gamla servicecentret vid Kuratorsstigen till Q-verkstaden p\u00e5 Nummisparkgatan.<\/p>\n<p>Underh\u00e5llskostnaderna av fastigheterna (inklusive l\u00e4genheter och andra utrymmen) uppgick till cirka 16,6 M\u20ac dvs 7,5 \u20ac\/m\u00b2\/m\u00e5n (\u00e5r 2018 cirka 17,4 M\u20ac, 8,0 \u20ac\/m\u00b2\/m\u00e5n). Sammantaget var fastighetskostnaderna cirka 2 M\u20ac l\u00e4gre \u00e4n vad som ber\u00e4knats i budgeten. De st\u00f6rsta budgetunderskotten utgjordes av reparationskostnader (703 000 \u20ac), v\u00e4rme (354 000 \u20ac), vatten (158 000 \u20ac), el (185 000 \u20ac) och f\u00f6rvaltning (208 000 \u20ac). Budgeten f\u00f6r avfallshantering \u00f6verskreds med 55 000 euro. Budgetunderskottet p\u00e5verkades ocks\u00e5 av f\u00f6rs\u00e4ljningen av objektet Aamurusko, vars utgifter hade budgeterats f\u00f6r hela \u00e5ret.<\/p>\n<p>De mest betydande enskilda reparationerna var renoveringen av Kuunsiltas A\u2013E-trappor (totalt 2,1 M\u20ac, varav kostnader 0,7 M \u20ac), samt renoveringen och l\u00e5ssystemreparationerna av ytterd\u00f6rrarna i Studentbyn (0,55 M\u20ac) och VVS-underh\u00e5llsunders\u00f6kningar (0,2 M\u20ac). Ut\u00f6ver de bokf\u00f6rda reparationskostnaderna uppgick reparationerna i Kuunsilta-projektets balansr\u00e4kning till cirka 1,4M\u20ac. Kuunsilta-projektet har finansierats med hyresint\u00e4kter som samlats in som avs\u00e4ttningar. Kostnaderna f\u00f6r bostadsreparationer (ut\u00f6ver Kuunsilta-projektet) uppgick till cirka 1,7 M\u20ac.[\/vc_column_text][\/vc_column_inner][\/vc_row_inner][\/vc_column][\/vc_row]\n","protected":false},"excerpt":{"rendered":"<p>[vc_row type=&#8221;full_width_background&#8221; full_screen_row_position=&#8221;middle&#8221; column_margin=&#8221;default&#8221; column_direction=&#8221;default&#8221; column_direction_tablet=&#8221;default&#8221; column_direction_phone=&#8221;default&#8221; bg_color=&#8221;#f7f7f7&#8243; scene_position=&#8221;center&#8221; top_padding=&#8221;5%&#8221; bottom_padding=&#8221;5%&#8221; text_color=&#8221;dark&#8221; text_align=&#8221;left&#8221; row_border_radius=&#8221;none&#8221; row_border_radius_applies=&#8221;bg&#8221;&#8230;<\/p>\n","protected":false},"author":2,"featured_media":0,"parent":15504,"menu_order":0,"comment_status":"closed","ping_status":"closed","template":"","meta":{"footnotes":""},"class_list":["post-18885","page","type-page","status-publish"],"yoast_head":"<!-- This site is optimized with the Yoast SEO plugin v27.4 - https:\/\/yoast.com\/product\/yoast-seo-wordpress\/ -->\n<title>Byggprojekt 2019 | TYS | Turun Ylioppilaskyl\u00e4s\u00e4\u00e4ti\u00f6<\/title>\n<meta name=\"robots\" content=\"index, follow, max-snippet:-1, max-image-preview:large, max-video-preview:-1\" \/>\n<link rel=\"canonical\" href=\"https:\/\/tys.fi\/sv\/arsbok-2018\/byggprojekt-2019\" \/>\n<meta property=\"og:locale\" content=\"sv_SE\" \/>\n<meta property=\"og:type\" content=\"article\" \/>\n<meta property=\"og:title\" content=\"Byggprojekt 2019 | TYS | Turun Ylioppilaskyl\u00e4s\u00e4\u00e4ti\u00f6\" \/>\n<meta property=\"og:description\" content=\"[vc_row type=&#8221;full_width_background&#8221; full_screen_row_position=&#8221;middle&#8221; column_margin=&#8221;default&#8221; column_direction=&#8221;default&#8221; column_direction_tablet=&#8221;default&#8221; column_direction_phone=&#8221;default&#8221; bg_color=&#8221;#f7f7f7&#8243; scene_position=&#8221;center&#8221; top_padding=&#8221;5%&#8221; bottom_padding=&#8221;5%&#8221; text_color=&#8221;dark&#8221; text_align=&#8221;left&#8221; row_border_radius=&#8221;none&#8221; row_border_radius_applies=&#8221;bg&#8221;...\" \/>\n<meta property=\"og:url\" content=\"https:\/\/tys.fi\/sv\/arsbok-2018\/byggprojekt-2019\" \/>\n<meta property=\"og:site_name\" content=\"Turun Ylioppilaskyl&auml;s&auml;&auml;ti&ouml;\" \/>\n<meta property=\"article:publisher\" content=\"https:\/\/www.facebook.com\/tysturku\/\" \/>\n<meta name=\"twitter:card\" content=\"summary_large_image\" \/>\n<meta name=\"twitter:site\" content=\"@tysturku\" \/>\n<meta name=\"twitter:label1\" content=\"Ber\u00e4knad l\u00e4stid\" \/>\n\t<meta name=\"twitter:data1\" content=\"6 minuter\" \/>\n<script type=\"application\/ld+json\" class=\"yoast-schema-graph\">{\"@context\":\"https:\\\/\\\/schema.org\",\"@graph\":[{\"@type\":\"WebPage\",\"@id\":\"https:\\\/\\\/tys.fi\\\/sv\\\/arsbok-2018\\\/byggprojekt-2019\",\"url\":\"https:\\\/\\\/tys.fi\\\/sv\\\/arsbok-2018\\\/byggprojekt-2019\",\"name\":\"Byggprojekt 2019 | TYS | Turun Ylioppilaskyl\u00e4s\u00e4\u00e4ti\u00f6\",\"isPartOf\":{\"@id\":\"https:\\\/\\\/tys.fi\\\/#website\"},\"datePublished\":\"2020-08-07T08:29:16+00:00\",\"breadcrumb\":{\"@id\":\"https:\\\/\\\/tys.fi\\\/sv\\\/arsbok-2018\\\/byggprojekt-2019#breadcrumb\"},\"inLanguage\":\"sv-SE\",\"potentialAction\":[{\"@type\":\"ReadAction\",\"target\":[\"https:\\\/\\\/tys.fi\\\/sv\\\/arsbok-2018\\\/byggprojekt-2019\"]}]},{\"@type\":\"BreadcrumbList\",\"@id\":\"https:\\\/\\\/tys.fi\\\/sv\\\/arsbok-2018\\\/byggprojekt-2019#breadcrumb\",\"itemListElement\":[{\"@type\":\"ListItem\",\"position\":1,\"name\":\"Home\",\"item\":\"https:\\\/\\\/tys.fi\\\/sv\"},{\"@type\":\"ListItem\",\"position\":2,\"name\":\"\u00c5rsbok 2018\",\"item\":\"https:\\\/\\\/tys.fi\\\/sv\\\/arsbok-2018\"},{\"@type\":\"ListItem\",\"position\":3,\"name\":\"Byggprojekt 2019\"}]},{\"@type\":\"WebSite\",\"@id\":\"https:\\\/\\\/tys.fi\\\/#website\",\"url\":\"https:\\\/\\\/tys.fi\\\/\",\"name\":\"Turun Ylioppilaskyl\u00e4s\u00e4\u00e4ti\u00f6\",\"description\":\"Vuokra-asunnot Turku\",\"publisher\":{\"@id\":\"https:\\\/\\\/tys.fi\\\/#organization\"},\"potentialAction\":[{\"@type\":\"SearchAction\",\"target\":{\"@type\":\"EntryPoint\",\"urlTemplate\":\"https:\\\/\\\/tys.fi\\\/?s={search_term_string}\"},\"query-input\":{\"@type\":\"PropertyValueSpecification\",\"valueRequired\":true,\"valueName\":\"search_term_string\"}}],\"inLanguage\":\"sv-SE\"},{\"@type\":\"Organization\",\"@id\":\"https:\\\/\\\/tys.fi\\\/#organization\",\"name\":\"TYS\",\"url\":\"https:\\\/\\\/tys.fi\\\/\",\"logo\":{\"@type\":\"ImageObject\",\"inLanguage\":\"sv-SE\",\"@id\":\"https:\\\/\\\/tys.fi\\\/#\\\/schema\\\/logo\\\/image\\\/\",\"url\":\"https:\\\/\\\/tys.fi\\\/wp-content\\\/uploads\\\/2019\\\/03\\\/TYS-Logo_Green_500px.png\",\"contentUrl\":\"https:\\\/\\\/tys.fi\\\/wp-content\\\/uploads\\\/2019\\\/03\\\/TYS-Logo_Green_500px.png\",\"width\":500,\"height\":232,\"caption\":\"TYS\"},\"image\":{\"@id\":\"https:\\\/\\\/tys.fi\\\/#\\\/schema\\\/logo\\\/image\\\/\"},\"sameAs\":[\"https:\\\/\\\/www.facebook.com\\\/tysturku\\\/\",\"https:\\\/\\\/x.com\\\/tysturku\",\"https:\\\/\\\/www.instagram.com\\\/tysturku\\\/\",\"https:\\\/\\\/www.linkedin.com\\\/company\\\/tysturku\\\/\",\"https:\\\/\\\/www.youtube.com\\\/channel\\\/UCjKOs8BOiY0SORCB0WWixlw?view_as=subscriber\",\"https:\\\/\\\/fi.wikipedia.org\\\/wiki\\\/Turun_ylioppilaskyl\u00e4s\u00e4\u00e4ti\u00f6\"]}]}<\/script>\n<!-- \/ Yoast SEO plugin. -->","yoast_head_json":{"title":"Byggprojekt 2019 | TYS | Turun Ylioppilaskyl\u00e4s\u00e4\u00e4ti\u00f6","robots":{"index":"index","follow":"follow","max-snippet":"max-snippet:-1","max-image-preview":"max-image-preview:large","max-video-preview":"max-video-preview:-1"},"canonical":"https:\/\/tys.fi\/sv\/arsbok-2018\/byggprojekt-2019","og_locale":"sv_SE","og_type":"article","og_title":"Byggprojekt 2019 | TYS | Turun Ylioppilaskyl\u00e4s\u00e4\u00e4ti\u00f6","og_description":"[vc_row type=&#8221;full_width_background&#8221; full_screen_row_position=&#8221;middle&#8221; column_margin=&#8221;default&#8221; column_direction=&#8221;default&#8221; column_direction_tablet=&#8221;default&#8221; column_direction_phone=&#8221;default&#8221; bg_color=&#8221;#f7f7f7&#8243; scene_position=&#8221;center&#8221; top_padding=&#8221;5%&#8221; bottom_padding=&#8221;5%&#8221; text_color=&#8221;dark&#8221; text_align=&#8221;left&#8221; row_border_radius=&#8221;none&#8221; row_border_radius_applies=&#8221;bg&#8221;...","og_url":"https:\/\/tys.fi\/sv\/arsbok-2018\/byggprojekt-2019","og_site_name":"Turun Ylioppilaskyl&auml;s&auml;&auml;ti&ouml;","article_publisher":"https:\/\/www.facebook.com\/tysturku\/","twitter_card":"summary_large_image","twitter_site":"@tysturku","twitter_misc":{"Ber\u00e4knad l\u00e4stid":"6 minuter"},"schema":{"@context":"https:\/\/schema.org","@graph":[{"@type":"WebPage","@id":"https:\/\/tys.fi\/sv\/arsbok-2018\/byggprojekt-2019","url":"https:\/\/tys.fi\/sv\/arsbok-2018\/byggprojekt-2019","name":"Byggprojekt 2019 | TYS | Turun Ylioppilaskyl\u00e4s\u00e4\u00e4ti\u00f6","isPartOf":{"@id":"https:\/\/tys.fi\/#website"},"datePublished":"2020-08-07T08:29:16+00:00","breadcrumb":{"@id":"https:\/\/tys.fi\/sv\/arsbok-2018\/byggprojekt-2019#breadcrumb"},"inLanguage":"sv-SE","potentialAction":[{"@type":"ReadAction","target":["https:\/\/tys.fi\/sv\/arsbok-2018\/byggprojekt-2019"]}]},{"@type":"BreadcrumbList","@id":"https:\/\/tys.fi\/sv\/arsbok-2018\/byggprojekt-2019#breadcrumb","itemListElement":[{"@type":"ListItem","position":1,"name":"Home","item":"https:\/\/tys.fi\/sv"},{"@type":"ListItem","position":2,"name":"\u00c5rsbok 2018","item":"https:\/\/tys.fi\/sv\/arsbok-2018"},{"@type":"ListItem","position":3,"name":"Byggprojekt 2019"}]},{"@type":"WebSite","@id":"https:\/\/tys.fi\/#website","url":"https:\/\/tys.fi\/","name":"Turun Ylioppilaskyl\u00e4s\u00e4\u00e4ti\u00f6","description":"Vuokra-asunnot Turku","publisher":{"@id":"https:\/\/tys.fi\/#organization"},"potentialAction":[{"@type":"SearchAction","target":{"@type":"EntryPoint","urlTemplate":"https:\/\/tys.fi\/?s={search_term_string}"},"query-input":{"@type":"PropertyValueSpecification","valueRequired":true,"valueName":"search_term_string"}}],"inLanguage":"sv-SE"},{"@type":"Organization","@id":"https:\/\/tys.fi\/#organization","name":"TYS","url":"https:\/\/tys.fi\/","logo":{"@type":"ImageObject","inLanguage":"sv-SE","@id":"https:\/\/tys.fi\/#\/schema\/logo\/image\/","url":"https:\/\/tys.fi\/wp-content\/uploads\/2019\/03\/TYS-Logo_Green_500px.png","contentUrl":"https:\/\/tys.fi\/wp-content\/uploads\/2019\/03\/TYS-Logo_Green_500px.png","width":500,"height":232,"caption":"TYS"},"image":{"@id":"https:\/\/tys.fi\/#\/schema\/logo\/image\/"},"sameAs":["https:\/\/www.facebook.com\/tysturku\/","https:\/\/x.com\/tysturku","https:\/\/www.instagram.com\/tysturku\/","https:\/\/www.linkedin.com\/company\/tysturku\/","https:\/\/www.youtube.com\/channel\/UCjKOs8BOiY0SORCB0WWixlw?view_as=subscriber","https:\/\/fi.wikipedia.org\/wiki\/Turun_ylioppilaskyl\u00e4s\u00e4\u00e4ti\u00f6"]}]}},"_links":{"self":[{"href":"https:\/\/tys.fi\/sv\/wp-json\/wp\/v2\/pages\/18885","targetHints":{"allow":["GET"]}}],"collection":[{"href":"https:\/\/tys.fi\/sv\/wp-json\/wp\/v2\/pages"}],"about":[{"href":"https:\/\/tys.fi\/sv\/wp-json\/wp\/v2\/types\/page"}],"author":[{"embeddable":true,"href":"https:\/\/tys.fi\/sv\/wp-json\/wp\/v2\/users\/2"}],"replies":[{"embeddable":true,"href":"https:\/\/tys.fi\/sv\/wp-json\/wp\/v2\/comments?post=18885"}],"version-history":[{"count":4,"href":"https:\/\/tys.fi\/sv\/wp-json\/wp\/v2\/pages\/18885\/revisions"}],"predecessor-version":[{"id":19293,"href":"https:\/\/tys.fi\/sv\/wp-json\/wp\/v2\/pages\/18885\/revisions\/19293"}],"up":[{"embeddable":true,"href":"https:\/\/tys.fi\/sv\/wp-json\/wp\/v2\/pages\/15504"}],"wp:attachment":[{"href":"https:\/\/tys.fi\/sv\/wp-json\/wp\/v2\/media?parent=18885"}],"curies":[{"name":"wp","href":"https:\/\/api.w.org\/{rel}","templated":true}]}}