{"id":18860,"date":"2020-08-07T10:59:23","date_gmt":"2020-08-07T07:59:23","guid":{"rendered":"https:\/\/tys.fi\/?page_id=18860"},"modified":"2020-08-07T10:59:23","modified_gmt":"2020-08-07T07:59:23","slug":"verkstallande-direktorens-oversikt-2019","status":"publish","type":"page","link":"https:\/\/tys.fi\/sv\/arsbok-2018\/verkstallande-direktorens-oversikt-2019","title":{"rendered":"Verkst\u00e4llande direkt\u00f6rens \u00f6versikt 2019"},"content":{"rendered":"[vc_row type=&#8221;full_width_background&#8221; full_screen_row_position=&#8221;middle&#8221; column_margin=&#8221;default&#8221; column_direction=&#8221;default&#8221; column_direction_tablet=&#8221;default&#8221; column_direction_phone=&#8221;default&#8221; bg_color=&#8221;#f7f7f7&#8243; scene_position=&#8221;center&#8221; top_padding=&#8221;5%&#8221; text_color=&#8221;dark&#8221; text_align=&#8221;left&#8221; row_border_radius=&#8221;none&#8221; row_border_radius_applies=&#8221;bg&#8221; overlay_strength=&#8221;0.3&#8243; gradient_direction=&#8221;left_to_right&#8221; shape_divider_position=&#8221;bottom&#8221; bg_image_animation=&#8221;none&#8221; shape_type=&#8221;&#8221;][vc_column column_padding=&#8221;no-extra-padding&#8221; column_padding_tablet=&#8221;inherit&#8221; column_padding_phone=&#8221;inherit&#8221; column_padding_position=&#8221;all&#8221; background_color_opacity=&#8221;1&#8243; background_hover_color_opacity=&#8221;1&#8243; column_shadow=&#8221;none&#8221; column_border_radius=&#8221;none&#8221; column_link_target=&#8221;_self&#8221; gradient_direction=&#8221;left_to_right&#8221; overlay_strength=&#8221;0.3&#8243; width=&#8221;1\/1&#8243; tablet_width_inherit=&#8221;default&#8221; tablet_text_alignment=&#8221;default&#8221; phone_text_alignment=&#8221;default&#8221; column_border_width=&#8221;none&#8221; column_border_style=&#8221;solid&#8221; bg_image_animation=&#8221;none&#8221;][image_with_animation image_url=&#8221;18863&#8243; animation=&#8221;None&#8221; hover_animation=&#8221;none&#8221; alignment=&#8221;&#8221; border_radius=&#8221;none&#8221; box_shadow=&#8221;none&#8221; image_loading=&#8221;default&#8221; max_width=&#8221;100%&#8221; max_width_mobile=&#8221;default&#8221;][divider line_type=&#8221;No Line&#8221; custom_height=&#8221;50&#8243;][vc_custom_heading text=&#8221;Verkst\u00e4llande direkt\u00f6rens \u00f6versikt&#8221; font_container=&#8221;tag:h1|text_align:center|color:%23829974&#8243; use_theme_fonts=&#8221;yes&#8221;][\/vc_column][\/vc_row][vc_row type=&#8221;full_width_background&#8221; full_screen_row_position=&#8221;middle&#8221; column_margin=&#8221;default&#8221; column_direction=&#8221;default&#8221; column_direction_tablet=&#8221;default&#8221; column_direction_phone=&#8221;default&#8221; bg_color=&#8221;#f7f7f7&#8243; scene_position=&#8221;center&#8221; top_padding=&#8221;3%&#8221; bottom_padding=&#8221;5%&#8221; text_color=&#8221;dark&#8221; text_align=&#8221;left&#8221; row_border_radius=&#8221;none&#8221; row_border_radius_applies=&#8221;bg&#8221; overlay_strength=&#8221;0.3&#8243; gradient_direction=&#8221;left_to_right&#8221; shape_divider_position=&#8221;bottom&#8221; bg_image_animation=&#8221;none&#8221; shape_type=&#8221;&#8221;][vc_column column_padding=&#8221;padding-5-percent&#8221; column_padding_tablet=&#8221;inherit&#8221; column_padding_phone=&#8221;inherit&#8221; column_padding_position=&#8221;all&#8221; background_color=&#8221;#ffffff&#8221; background_color_opacity=&#8221;1&#8243; background_hover_color_opacity=&#8221;1&#8243; column_shadow=&#8221;none&#8221; column_border_radius=&#8221;none&#8221; column_link_target=&#8221;_self&#8221; gradient_direction=&#8221;left_to_right&#8221; overlay_strength=&#8221;0.3&#8243; width=&#8221;1\/2&#8243; tablet_width_inherit=&#8221;default&#8221; tablet_text_alignment=&#8221;default&#8221; phone_text_alignment=&#8221;default&#8221; column_border_width=&#8221;none&#8221; column_border_style=&#8221;solid&#8221; bg_image_animation=&#8221;none&#8221;][vc_column_text]\u00c5bo den 9.3.2020<\/p>\n<p>\u00c5bo f\u00f6rv\u00e4ntas vid sidan av Helsingfors och Tammerfors vara ett tillv\u00e4xtcentrum \u00e4ven i framtiden, i scenarier som str\u00e4cker sig fram till \u00e5r 2040. Om tillv\u00e4xten forts\u00e4tter n\u00e5gorlunda stadigt, med cirka 2 000 fler inv\u00e5nare per \u00e5r, kommer \u00c5boborna till antalet vara fler \u00e4n 210 000 i slutet av detta decennium.<\/p>\n<p>H\u00f6gskolorna i \u00c5bo fr\u00e4mjar innovationer och \u00f6kar utbildningsutbudet, och ett f\u00e4rskt exempel p\u00e5 det senare \u00e4r utvidgningen av diplomingenj\u00f6rsutbildningen inom maskinteknik och materialteknik vid Turun yliopisto samt den nya utbildningen i det kinesiska spr\u00e5ket. \u00c4ven om de demografiska trenderna och prognoserna i Finland visar p\u00e5 minskande \u00e5ldersgrupper, verkar utvecklingen av \u00c5bo som en studiestad befinna sig p\u00e5 en tillv\u00e4xtbana vad g\u00e4ller studieutbud och antal studenter.<\/p>\n<p>Andelen personer som bor p\u00e5 hyra har \u00f6kat i alla st\u00f6rre stadsregioner. \u00c5bo ligger i topp n\u00e4r det g\u00e4ller det procentuella antalet personer som bor p\u00e5 hyra av alla hush\u00e5ll, den procentuella andelen ensamboende och den senaste tidens hyres\u00f6kningar i fritt finansierade bost\u00e4der.<\/p>\n<p>TYS anv\u00e4nder ARAs (Finansierings- och utvecklingscentralen f\u00f6r boendet) st\u00f6dformer f\u00f6r att kunna producera f\u00f6rm\u00e5nliga bost\u00e4der f\u00f6r studenter. Det nyaste bostadsobjektet Aitiopaikka som stod f\u00e4rdigt \u00e5r 2019 \u00e4r ett bra exempel p\u00e5 att boende och studentboende p\u00e5 hyra kan vara f\u00f6rm\u00e5nligt och av h\u00f6g standard. Stiftelsen renoverar och underh\u00e5ller ocks\u00e5 det \u00e4ldre fastighetsbest\u00e5ndet, d\u00e4r det senaste exemplet utg\u00f6rs av den \u00e5r 2019 p\u00e5b\u00f6rjade och i b\u00f6rjan av 2020 slutf\u00f6rda grundrenoveringen av Kuunsiltas A\u2013E-trappor. Vid behov kan vi \u00e4ven avst\u00e5 fr\u00e5n n\u00e5gra fastigheter, f\u00f6r att bl.a. fr\u00e4mja den allm\u00e4nna utvecklingen av utbudet p\u00e5 hyresbost\u00e4der. \u00c5r 2019 s\u00e5lde stiftelsen bostadsobjektet Aamurusko.[\/vc_column_text][\/vc_column][vc_column column_padding=&#8221;no-extra-padding&#8221; column_padding_tablet=&#8221;inherit&#8221; column_padding_phone=&#8221;inherit&#8221; column_padding_position=&#8221;all&#8221; background_color_opacity=&#8221;1&#8243; background_hover_color_opacity=&#8221;1&#8243; column_shadow=&#8221;none&#8221; column_border_radius=&#8221;none&#8221; column_link_target=&#8221;_self&#8221; gradient_direction=&#8221;left_to_right&#8221; overlay_strength=&#8221;0.3&#8243; width=&#8221;1\/2&#8243; tablet_width_inherit=&#8221;default&#8221; tablet_text_alignment=&#8221;default&#8221; phone_text_alignment=&#8221;default&#8221; column_border_width=&#8221;none&#8221; column_border_style=&#8221;solid&#8221; bg_image_animation=&#8221;none&#8221;][vc_row_inner column_margin=&#8221;default&#8221; column_direction=&#8221;default&#8221; column_direction_tablet=&#8221;default&#8221; column_direction_phone=&#8221;default&#8221; text_align=&#8221;left&#8221;][vc_column_inner column_padding=&#8221;padding-10-percent&#8221; column_padding_tablet=&#8221;inherit&#8221; column_padding_phone=&#8221;inherit&#8221; column_padding_position=&#8221;all&#8221; background_color=&#8221;#ffffff&#8221; background_color_opacity=&#8221;1&#8243; background_hover_color_opacity=&#8221;1&#8243; column_shadow=&#8221;none&#8221; column_border_radius=&#8221;none&#8221; column_link_target=&#8221;_self&#8221; gradient_direction=&#8221;left_to_right&#8221; overlay_strength=&#8221;0.3&#8243; width=&#8221;1\/1&#8243; tablet_width_inherit=&#8221;default&#8221; column_border_width=&#8221;none&#8221; column_border_style=&#8221;solid&#8221; bg_image_animation=&#8221;none&#8221;][vc_column_text]Enligt \u00c5bo stads bostads- och markpolitik som \u00e4r under utarbetande b\u00f6r bostadsproduktionens totala volym vara cirka 2 100 bost\u00e4der per \u00e5r f\u00f6r att m\u00e5ls\u00e4ttningarna f\u00f6r stadens befolkningstillv\u00e4xt ska kunna f\u00f6rverkligas. I dokumentutkastet str\u00e4var man t.ex. att s\u00e4tta upp m\u00e5l f\u00f6r att s\u00e4kra sk\u00e4ligt prissatt bostadsproduktion, och f\u00f6r TYS inneb\u00e4r detta ett \u00e5rligt produktionsm\u00e5l p\u00e5 140 l\u00e4genheter, vilket \u00e4r mycket m\u00f6jligt under stiftelsens strategiska period 2018\u20132022. Aitiopaikka rymmer fler \u00e4n 250 l\u00e4genheter och Tyyssija-projektet, som f\u00e4rdigst\u00e4lls till v\u00e4ster om Studentbyn, n\u00e5got under 200. F\u00f6ljande nya bostadsobjekt \u00e4r Kyl\u00e4nkulma, som byggs p\u00e5 den \u00f6stra sidan av Studentbyn. Planl\u00e4ggningen framskrider under innevarande \u00e5r och fastigheten ska rymma drygt 350 bost\u00e4der.<\/p>\n<p>Stiftelsen s\u00f6ker projektfinansiering av Europeiska unionens Smart Cities and Community (SCC) Lighthouse, d\u00e4r ett av m\u00e5len \u00e4r att skapa modellexempel p\u00e5 klimatpositiva stadsdelar. TYS har f\u00f6r \u00e4ndam\u00e5let l\u00e4mpade fastigheter, som kunde vidareutvecklas inom Lighthouse-projektet. Beredningen av ans\u00f6kan inleddes h\u00f6sten 2019 och \u00c5bo stad l\u00e4mnade in ans\u00f6kan i januari 2020.<\/p>\n<p>TYS tog under v\u00e5ren 2019 i bruk en chatbot som betj\u00e4nar kunder vid situationer och tider n\u00e4r den \u00e4r till st\u00f6rst nytta, till exempel tack vare sin snabbhet och ofelbarhet. TYS webbplatser, kundwebbplatser samt intran\u00e4t f\u00f6rnyades under 2019. Genom att f\u00f6lja upp hur servicel\u00f6ftena som offentliggjordes i b\u00f6rjan av \u00e5r 2018 har uppfyllts f\u00e5r vi v\u00e4rdefull information om hur v\u00e4l stiftelsens tj\u00e4nster fungerar.<\/p>\n<p>Det operativa och ekonomiska resultatet f\u00f6r Studentbystiftelsen i \u00c5bos 53:e verksamhets\u00e5r motsvarade det f\u00f6rv\u00e4ntade. Stiftelsens totalavkastning var under redovisningsperioden cirka 29,7 M\u20ac. Balansomslutningen var 163,7 M\u20ac. L\u00e5ngfristiga l\u00e5n uppgick till 119,7 M\u20ac. \u00c5bo stad och stiftelsen avtalade om att ers\u00e4tta det i februari 2019 f\u00f6rfallna skuldsaneringsavtalet p\u00e5 cirka 7,6 M\u20ac med ett nytt, r\u00e4nteb\u00e4rande l\u00e5n av samma storlek fr\u00e5n \u00c5bo stad. Stiftelsen forts\u00e4tter genomf\u00f6randet av den uppdaterade strategin.[\/vc_column_text][nectar_btn size=&#8221;large&#8221; button_style=&#8221;regular&#8221; button_color_2=&#8221;Extra-Color-1&#8243; icon_family=&#8221;default_arrow&#8221; url=&#8221;\/sv\/arsberattelse-2019#toimitusjohtajankatsaus&#8221; text=&#8221;Tillbaka till \u00e5rsber\u00e4ttelse&#8221; margin_top=&#8221;40&#8243;][\/vc_column_inner][\/vc_row_inner][\/vc_column][\/vc_row]\n","protected":false},"excerpt":{"rendered":"<p>[vc_row type=&#8221;full_width_background&#8221; full_screen_row_position=&#8221;middle&#8221; column_margin=&#8221;default&#8221; column_direction=&#8221;default&#8221; column_direction_tablet=&#8221;default&#8221; column_direction_phone=&#8221;default&#8221; bg_color=&#8221;#f7f7f7&#8243; scene_position=&#8221;center&#8221; top_padding=&#8221;5%&#8221; text_color=&#8221;dark&#8221; text_align=&#8221;left&#8221; row_border_radius=&#8221;none&#8221; row_border_radius_applies=&#8221;bg&#8221; overlay_strength=&#8221;0.3&#8243;&#8230;<\/p>\n","protected":false},"author":2,"featured_media":0,"parent":15504,"menu_order":0,"comment_status":"closed","ping_status":"closed","template":"","meta":{"footnotes":""},"class_list":["post-18860","page","type-page","status-publish"],"yoast_head":"<!-- This site is optimized with the Yoast SEO plugin v27.4 - https:\/\/yoast.com\/product\/yoast-seo-wordpress\/ -->\n<title>Verkst\u00e4llande direkt\u00f6rens \u00f6versikt 2019 | TYS | Turun Ylioppilaskyl\u00e4s\u00e4\u00e4ti\u00f6<\/title>\n<meta name=\"robots\" content=\"index, follow, max-snippet:-1, max-image-preview:large, max-video-preview:-1\" \/>\n<link rel=\"canonical\" href=\"https:\/\/tys.fi\/sv\/arsbok-2018\/verkstallande-direktorens-oversikt-2019\" \/>\n<meta property=\"og:locale\" content=\"sv_SE\" \/>\n<meta property=\"og:type\" content=\"article\" \/>\n<meta property=\"og:title\" content=\"Verkst\u00e4llande direkt\u00f6rens \u00f6versikt 2019 | TYS | Turun Ylioppilaskyl\u00e4s\u00e4\u00e4ti\u00f6\" \/>\n<meta property=\"og:description\" content=\"[vc_row type=&#8221;full_width_background&#8221; full_screen_row_position=&#8221;middle&#8221; column_margin=&#8221;default&#8221; column_direction=&#8221;default&#8221; column_direction_tablet=&#8221;default&#8221; column_direction_phone=&#8221;default&#8221; bg_color=&#8221;#f7f7f7&#8243; scene_position=&#8221;center&#8221; top_padding=&#8221;5%&#8221; text_color=&#8221;dark&#8221; text_align=&#8221;left&#8221; row_border_radius=&#8221;none&#8221; row_border_radius_applies=&#8221;bg&#8221; overlay_strength=&#8221;0.3&#8243;...\" \/>\n<meta property=\"og:url\" content=\"https:\/\/tys.fi\/sv\/arsbok-2018\/verkstallande-direktorens-oversikt-2019\" \/>\n<meta property=\"og:site_name\" content=\"Turun Ylioppilaskyl&auml;s&auml;&auml;ti&ouml;\" \/>\n<meta property=\"article:publisher\" content=\"https:\/\/www.facebook.com\/tysturku\/\" \/>\n<meta name=\"twitter:card\" content=\"summary_large_image\" \/>\n<meta name=\"twitter:site\" content=\"@tysturku\" \/>\n<meta name=\"twitter:label1\" content=\"Ber\u00e4knad l\u00e4stid\" \/>\n\t<meta name=\"twitter:data1\" content=\"6 minuter\" \/>\n<script type=\"application\/ld+json\" class=\"yoast-schema-graph\">{\"@context\":\"https:\\\/\\\/schema.org\",\"@graph\":[{\"@type\":\"WebPage\",\"@id\":\"https:\\\/\\\/tys.fi\\\/sv\\\/arsbok-2018\\\/verkstallande-direktorens-oversikt-2019\",\"url\":\"https:\\\/\\\/tys.fi\\\/sv\\\/arsbok-2018\\\/verkstallande-direktorens-oversikt-2019\",\"name\":\"Verkst\u00e4llande direkt\u00f6rens \u00f6versikt 2019 | TYS | Turun Ylioppilaskyl\u00e4s\u00e4\u00e4ti\u00f6\",\"isPartOf\":{\"@id\":\"https:\\\/\\\/tys.fi\\\/#website\"},\"datePublished\":\"2020-08-07T07:59:23+00:00\",\"breadcrumb\":{\"@id\":\"https:\\\/\\\/tys.fi\\\/sv\\\/arsbok-2018\\\/verkstallande-direktorens-oversikt-2019#breadcrumb\"},\"inLanguage\":\"sv-SE\",\"potentialAction\":[{\"@type\":\"ReadAction\",\"target\":[\"https:\\\/\\\/tys.fi\\\/sv\\\/arsbok-2018\\\/verkstallande-direktorens-oversikt-2019\"]}]},{\"@type\":\"BreadcrumbList\",\"@id\":\"https:\\\/\\\/tys.fi\\\/sv\\\/arsbok-2018\\\/verkstallande-direktorens-oversikt-2019#breadcrumb\",\"itemListElement\":[{\"@type\":\"ListItem\",\"position\":1,\"name\":\"Home\",\"item\":\"https:\\\/\\\/tys.fi\\\/sv\"},{\"@type\":\"ListItem\",\"position\":2,\"name\":\"\u00c5rsbok 2018\",\"item\":\"https:\\\/\\\/tys.fi\\\/sv\\\/arsbok-2018\"},{\"@type\":\"ListItem\",\"position\":3,\"name\":\"Verkst\u00e4llande direkt\u00f6rens \u00f6versikt 2019\"}]},{\"@type\":\"WebSite\",\"@id\":\"https:\\\/\\\/tys.fi\\\/#website\",\"url\":\"https:\\\/\\\/tys.fi\\\/\",\"name\":\"Turun Ylioppilaskyl\u00e4s\u00e4\u00e4ti\u00f6\",\"description\":\"Vuokra-asunnot Turku\",\"publisher\":{\"@id\":\"https:\\\/\\\/tys.fi\\\/#organization\"},\"potentialAction\":[{\"@type\":\"SearchAction\",\"target\":{\"@type\":\"EntryPoint\",\"urlTemplate\":\"https:\\\/\\\/tys.fi\\\/?s={search_term_string}\"},\"query-input\":{\"@type\":\"PropertyValueSpecification\",\"valueRequired\":true,\"valueName\":\"search_term_string\"}}],\"inLanguage\":\"sv-SE\"},{\"@type\":\"Organization\",\"@id\":\"https:\\\/\\\/tys.fi\\\/#organization\",\"name\":\"TYS\",\"url\":\"https:\\\/\\\/tys.fi\\\/\",\"logo\":{\"@type\":\"ImageObject\",\"inLanguage\":\"sv-SE\",\"@id\":\"https:\\\/\\\/tys.fi\\\/#\\\/schema\\\/logo\\\/image\\\/\",\"url\":\"https:\\\/\\\/tys.fi\\\/wp-content\\\/uploads\\\/2019\\\/03\\\/TYS-Logo_Green_500px.png\",\"contentUrl\":\"https:\\\/\\\/tys.fi\\\/wp-content\\\/uploads\\\/2019\\\/03\\\/TYS-Logo_Green_500px.png\",\"width\":500,\"height\":232,\"caption\":\"TYS\"},\"image\":{\"@id\":\"https:\\\/\\\/tys.fi\\\/#\\\/schema\\\/logo\\\/image\\\/\"},\"sameAs\":[\"https:\\\/\\\/www.facebook.com\\\/tysturku\\\/\",\"https:\\\/\\\/x.com\\\/tysturku\",\"https:\\\/\\\/www.instagram.com\\\/tysturku\\\/\",\"https:\\\/\\\/www.linkedin.com\\\/company\\\/tysturku\\\/\",\"https:\\\/\\\/www.youtube.com\\\/channel\\\/UCjKOs8BOiY0SORCB0WWixlw?view_as=subscriber\",\"https:\\\/\\\/fi.wikipedia.org\\\/wiki\\\/Turun_ylioppilaskyl\u00e4s\u00e4\u00e4ti\u00f6\"]}]}<\/script>\n<!-- \/ Yoast SEO plugin. -->","yoast_head_json":{"title":"Verkst\u00e4llande direkt\u00f6rens \u00f6versikt 2019 | TYS | Turun Ylioppilaskyl\u00e4s\u00e4\u00e4ti\u00f6","robots":{"index":"index","follow":"follow","max-snippet":"max-snippet:-1","max-image-preview":"max-image-preview:large","max-video-preview":"max-video-preview:-1"},"canonical":"https:\/\/tys.fi\/sv\/arsbok-2018\/verkstallande-direktorens-oversikt-2019","og_locale":"sv_SE","og_type":"article","og_title":"Verkst\u00e4llande direkt\u00f6rens \u00f6versikt 2019 | TYS | Turun Ylioppilaskyl\u00e4s\u00e4\u00e4ti\u00f6","og_description":"[vc_row type=&#8221;full_width_background&#8221; full_screen_row_position=&#8221;middle&#8221; column_margin=&#8221;default&#8221; column_direction=&#8221;default&#8221; column_direction_tablet=&#8221;default&#8221; column_direction_phone=&#8221;default&#8221; bg_color=&#8221;#f7f7f7&#8243; scene_position=&#8221;center&#8221; top_padding=&#8221;5%&#8221; text_color=&#8221;dark&#8221; text_align=&#8221;left&#8221; row_border_radius=&#8221;none&#8221; row_border_radius_applies=&#8221;bg&#8221; overlay_strength=&#8221;0.3&#8243;...","og_url":"https:\/\/tys.fi\/sv\/arsbok-2018\/verkstallande-direktorens-oversikt-2019","og_site_name":"Turun Ylioppilaskyl&auml;s&auml;&auml;ti&ouml;","article_publisher":"https:\/\/www.facebook.com\/tysturku\/","twitter_card":"summary_large_image","twitter_site":"@tysturku","twitter_misc":{"Ber\u00e4knad l\u00e4stid":"6 minuter"},"schema":{"@context":"https:\/\/schema.org","@graph":[{"@type":"WebPage","@id":"https:\/\/tys.fi\/sv\/arsbok-2018\/verkstallande-direktorens-oversikt-2019","url":"https:\/\/tys.fi\/sv\/arsbok-2018\/verkstallande-direktorens-oversikt-2019","name":"Verkst\u00e4llande direkt\u00f6rens \u00f6versikt 2019 | TYS | Turun Ylioppilaskyl\u00e4s\u00e4\u00e4ti\u00f6","isPartOf":{"@id":"https:\/\/tys.fi\/#website"},"datePublished":"2020-08-07T07:59:23+00:00","breadcrumb":{"@id":"https:\/\/tys.fi\/sv\/arsbok-2018\/verkstallande-direktorens-oversikt-2019#breadcrumb"},"inLanguage":"sv-SE","potentialAction":[{"@type":"ReadAction","target":["https:\/\/tys.fi\/sv\/arsbok-2018\/verkstallande-direktorens-oversikt-2019"]}]},{"@type":"BreadcrumbList","@id":"https:\/\/tys.fi\/sv\/arsbok-2018\/verkstallande-direktorens-oversikt-2019#breadcrumb","itemListElement":[{"@type":"ListItem","position":1,"name":"Home","item":"https:\/\/tys.fi\/sv"},{"@type":"ListItem","position":2,"name":"\u00c5rsbok 2018","item":"https:\/\/tys.fi\/sv\/arsbok-2018"},{"@type":"ListItem","position":3,"name":"Verkst\u00e4llande direkt\u00f6rens \u00f6versikt 2019"}]},{"@type":"WebSite","@id":"https:\/\/tys.fi\/#website","url":"https:\/\/tys.fi\/","name":"Turun Ylioppilaskyl\u00e4s\u00e4\u00e4ti\u00f6","description":"Vuokra-asunnot Turku","publisher":{"@id":"https:\/\/tys.fi\/#organization"},"potentialAction":[{"@type":"SearchAction","target":{"@type":"EntryPoint","urlTemplate":"https:\/\/tys.fi\/?s={search_term_string}"},"query-input":{"@type":"PropertyValueSpecification","valueRequired":true,"valueName":"search_term_string"}}],"inLanguage":"sv-SE"},{"@type":"Organization","@id":"https:\/\/tys.fi\/#organization","name":"TYS","url":"https:\/\/tys.fi\/","logo":{"@type":"ImageObject","inLanguage":"sv-SE","@id":"https:\/\/tys.fi\/#\/schema\/logo\/image\/","url":"https:\/\/tys.fi\/wp-content\/uploads\/2019\/03\/TYS-Logo_Green_500px.png","contentUrl":"https:\/\/tys.fi\/wp-content\/uploads\/2019\/03\/TYS-Logo_Green_500px.png","width":500,"height":232,"caption":"TYS"},"image":{"@id":"https:\/\/tys.fi\/#\/schema\/logo\/image\/"},"sameAs":["https:\/\/www.facebook.com\/tysturku\/","https:\/\/x.com\/tysturku","https:\/\/www.instagram.com\/tysturku\/","https:\/\/www.linkedin.com\/company\/tysturku\/","https:\/\/www.youtube.com\/channel\/UCjKOs8BOiY0SORCB0WWixlw?view_as=subscriber","https:\/\/fi.wikipedia.org\/wiki\/Turun_ylioppilaskyl\u00e4s\u00e4\u00e4ti\u00f6"]}]}},"_links":{"self":[{"href":"https:\/\/tys.fi\/sv\/wp-json\/wp\/v2\/pages\/18860","targetHints":{"allow":["GET"]}}],"collection":[{"href":"https:\/\/tys.fi\/sv\/wp-json\/wp\/v2\/pages"}],"about":[{"href":"https:\/\/tys.fi\/sv\/wp-json\/wp\/v2\/types\/page"}],"author":[{"embeddable":true,"href":"https:\/\/tys.fi\/sv\/wp-json\/wp\/v2\/users\/2"}],"replies":[{"embeddable":true,"href":"https:\/\/tys.fi\/sv\/wp-json\/wp\/v2\/comments?post=18860"}],"version-history":[{"count":3,"href":"https:\/\/tys.fi\/sv\/wp-json\/wp\/v2\/pages\/18860\/revisions"}],"predecessor-version":[{"id":19283,"href":"https:\/\/tys.fi\/sv\/wp-json\/wp\/v2\/pages\/18860\/revisions\/19283"}],"up":[{"embeddable":true,"href":"https:\/\/tys.fi\/sv\/wp-json\/wp\/v2\/pages\/15504"}],"wp:attachment":[{"href":"https:\/\/tys.fi\/sv\/wp-json\/wp\/v2\/media?parent=18860"}],"curies":[{"name":"wp","href":"https:\/\/api.w.org\/{rel}","templated":true}]}}