{"id":1811,"date":"2019-04-26T18:16:02","date_gmt":"2019-04-26T15:16:02","guid":{"rendered":"https:\/\/tys.fi\/?page_id=1811"},"modified":"2025-01-24T14:32:28","modified_gmt":"2025-01-24T12:32:28","slug":"parkeringsratt-pa-eparking","status":"publish","type":"page","link":"https:\/\/tys.fi\/sv\/vara-tjanster\/parkeringsplatser\/parkeringsratt-pa-eparking","title":{"rendered":"Parkeringstillst\u00e5nd p\u00e5 eParking"},"content":{"rendered":"[vc_row type=&#8221;in_container&#8221; full_screen_row_position=&#8221;middle&#8221; column_margin=&#8221;default&#8221; column_direction=&#8221;default&#8221; column_direction_tablet=&#8221;default&#8221; column_direction_phone=&#8221;default&#8221; scene_position=&#8221;center&#8221; top_padding=&#8221;4%&#8221; text_color=&#8221;dark&#8221; text_align=&#8221;left&#8221; row_border_radius=&#8221;none&#8221; row_border_radius_applies=&#8221;bg&#8221; overflow=&#8221;visible&#8221; overlay_strength=&#8221;0.3&#8243; gradient_direction=&#8221;left_to_right&#8221; shape_divider_position=&#8221;bottom&#8221; bg_image_animation=&#8221;none&#8221; shape_type=&#8221;&#8221;][vc_column column_padding=&#8221;padding-5-percent&#8221; column_padding_tablet=&#8221;inherit&#8221; column_padding_phone=&#8221;inherit&#8221; column_padding_position=&#8221;left-right&#8221; column_element_direction_desktop=&#8221;default&#8221; column_element_spacing=&#8221;default&#8221; desktop_text_alignment=&#8221;default&#8221; tablet_text_alignment=&#8221;default&#8221; phone_text_alignment=&#8221;default&#8221; background_color_opacity=&#8221;1&#8243; background_hover_color_opacity=&#8221;1&#8243; column_backdrop_filter=&#8221;none&#8221; column_shadow=&#8221;none&#8221; column_border_radius=&#8221;none&#8221; column_link_target=&#8221;_self&#8221; column_position=&#8221;default&#8221; gradient_direction=&#8221;left_to_right&#8221; overlay_strength=&#8221;0.3&#8243; width=&#8221;1\/1&#8243; tablet_width_inherit=&#8221;default&#8221; animation_type=&#8221;default&#8221; bg_image_animation=&#8221;none&#8221; border_type=&#8221;simple&#8221; column_border_width=&#8221;none&#8221; column_border_style=&#8221;solid&#8221;][vc_custom_heading text=&#8221;Hur man f\u00e5r en parkeringstillst\u00e5nd p\u00e5 eParking&#8221; font_container=&#8221;tag:h2|text_align:left|color:%23829974&#8243; use_theme_fonts=&#8221;yes&#8221;][\/vc_column][\/vc_row][vc_row type=&#8221;in_container&#8221; full_screen_row_position=&#8221;middle&#8221; column_margin=&#8221;default&#8221; column_direction=&#8221;default&#8221; column_direction_tablet=&#8221;default&#8221; column_direction_phone=&#8221;default&#8221; scene_position=&#8221;center&#8221; top_padding=&#8221;2%&#8221; bottom_padding=&#8221;5%&#8221; text_color=&#8221;dark&#8221; text_align=&#8221;left&#8221; row_border_radius=&#8221;none&#8221; row_border_radius_applies=&#8221;bg&#8221; overflow=&#8221;visible&#8221; overlay_strength=&#8221;0.3&#8243; gradient_direction=&#8221;left_to_right&#8221; shape_divider_position=&#8221;bottom&#8221; bg_image_animation=&#8221;none&#8221; shape_type=&#8221;&#8221;][vc_column column_padding=&#8221;padding-5-percent&#8221; column_padding_tablet=&#8221;inherit&#8221; column_padding_phone=&#8221;inherit&#8221; column_padding_position=&#8221;all&#8221; column_element_direction_desktop=&#8221;default&#8221; column_element_spacing=&#8221;default&#8221; desktop_text_alignment=&#8221;default&#8221; tablet_text_alignment=&#8221;default&#8221; phone_text_alignment=&#8221;default&#8221; background_color=&#8221;#f7f7f7&#8243; background_color_opacity=&#8221;1&#8243; background_hover_color_opacity=&#8221;1&#8243; column_backdrop_filter=&#8221;none&#8221; column_shadow=&#8221;none&#8221; column_border_radius=&#8221;none&#8221; column_link_target=&#8221;_self&#8221; column_position=&#8221;default&#8221; gradient_direction=&#8221;left_to_right&#8221; overlay_strength=&#8221;0.3&#8243; width=&#8221;1\/2&#8243; tablet_width_inherit=&#8221;default&#8221; animation_type=&#8221;default&#8221; bg_image_animation=&#8221;none&#8221; border_type=&#8221;simple&#8221; column_border_width=&#8221;none&#8221; column_border_style=&#8221;solid&#8221; column_padding_type=&#8221;default&#8221; gradient_type=&#8221;default&#8221;][vc_column_text css=&#8221;&#8221; text_direction=&#8221;default&#8221;]\n<h4>Parkeringstillst\u00e5nd kr\u00e4vs p\u00e5 bostadsobjektens parkeringsomr\u00e5den<\/h4>\n<p><strong>Ett parkeringstillst\u00e5nd kr\u00e4vs p\u00e5 alla v\u00e5ra bostadsobjekts parkeringsomr\u00e5den.<\/strong> Du ans\u00f6ker om tillst\u00e5nd via appen eParking.<\/p>\n<p>Alla som hyr en hyresg\u00e4st hos TYS kan f\u00e5 ett parkeringstillst\u00e5nd till sitt bostadsomr\u00e5des parkeringsomr\u00e5de. Parkeringstillst\u00e5ndet \u00e4r tillg\u00e4ngligt f\u00f6r hyresg\u00e4sterna utan kostnad, men hyresg\u00e4sten m\u00e5ste 1. Ans\u00f6k om parkeringstillst\u00e5nd via e Parking-appen och efter tillst\u00e5nd \u00e4r g\u00f6dk\u00e4nd 2. reservera r\u00e4tten att parkera p\u00e5 ett valt parkeringsomr\u00e5de\u00a0 i appen. Parkeringstillst\u00e5ndet upph\u00f6r att g\u00e4lla n\u00e4r hyrestiden f\u00f6r bostaden upph\u00f6r.<\/p>\n<p>Observera att det inte finns tillr\u00e4ckligt med parkeringsplatser f\u00f6r alla hyresg\u00e4ster i TYS bostadsobjekt. Parkeringstillst\u00e5ndet garanterar inte en ledig plats, men ger dig r\u00e4tt att parkera om det finns lediga platser p\u00e5 dina bostadsobjekts parkeringsplatser (med undantag f\u00f6r avgiftsbelagda platser med elstolpe).<\/p>\n<p>Bokning och fakturering av avgiftsbelagda parkeringsplatser med elstolpar sk\u00f6ts ocks\u00e5 via eParking. Alla parkeringsplatser vid bostadsobjektet Aitiopaikka \u00e4r avgiftsbelagda platser med elstolpe, men hyresg\u00e4sterna i Aitiopaikka kan ans\u00f6ka om parkeringstillst\u00e5nd p\u00e5 de avgiftsfria parkeringsomr\u00e5dena i Nummenranta.<\/p>\n<p>Felparkerade fordon kommer att b\u00f6tf\u00e4llas. Parkerings\u00f6vervakningen sk\u00f6ts av ParkkiPate Oy. Eventuella reklamationer g\u00e4llande b\u00f6ter och liknande som utf\u00e4rdats av ParkkiPate ska riktas direkt till ParkkiPate p\u00e5 det s\u00e4tt som anges i meddelandet som medf\u00f6ljer b\u00f6terna.<\/p>\n<h5><strong>Var kan g\u00e4sterna parkera?\u00a0<\/strong><\/h5>\n<p>G\u00e4sterna kan antingen parkera p\u00e5 en plats vid gatan eller p\u00e5 den med skylt f\u00f6rsedda g\u00e4stparkeringen i Kiertot\u00e4hti, Tavasti och Studentbyn. Vid behov kan du ocks\u00e5 ans\u00f6ka om parkeringstillst\u00e5nd f\u00f6r din bes\u00f6kares bils registreringsnummer, men notera att du bara kan ha ett aktivt parkeringstillst\u00e5nd f\u00f6r ett registreringsnummer \u00e5t g\u00e5ngen.<\/p>\n<p>Observera att n\u00e4r du f\u00f6rsta g\u00e5ngen ans\u00f6ker om parkeringstillst\u00e5nd f\u00f6r ett registreringsnummer kan processen ta flera arbetsdagar i anspr\u00e5k. N\u00e4r du en g\u00e5ng har ans\u00f6kt om parkeringstillst\u00e5ndet kan du \u00e4nd\u00e5 i forts\u00e4ttningen i realtid \u00e4ndra vilket registreringsnummer som \u00e4r aktivt.<\/p>\n<p>Om du har \u00e5terkommande behov av g\u00e4stparkering kan du reservera en med elstolpe f\u00f6rsedd avgiftsbelagd plats f\u00f6r din egen bil. P\u00e5 s\u00e5 s\u00e4tt kan din g\u00e4st alltid anv\u00e4nda ditt parkeringstillst\u00e5nd f\u00f6r parkeringsplatserna som \u00e4r i fri anv\u00e4ndning. Om du tycker att det borde finnas fler m\u00f6jligheter f\u00f6r g\u00e4stparkering i ditt bostadsobjekt ska du ta kontakt med din hyresg\u00e4stkommitt\u00e9.<\/p>\n<p>&nbsp;<\/p>\n<h5><strong>Att bes\u00f6ka TYS bry\u00e5n och flytta in eller ut <\/strong><\/h5>\n<p>Det finns n\u00e5gra gratis kundplatser f\u00f6r kunder som bes\u00f6ker TYS byr\u00e5n p\u00e5 Inspehtorinkatu.<\/p>\n<p>Observera att parkering i g\u00e5rdar och r\u00e4ddningsv\u00e4gar \u00e4r f\u00f6rbjuden \u2013 men kortvarig tillf\u00e4llig parkering i g\u00e5rdar \u00e4r till\u00e5ten vid inflyttning eller utflyttning fr\u00e5n byggnaden eller vid snabb leverans. Parkeringstillsyn kan ocks\u00e5 ombedas b\u00f6tf\u00e4lla ett fordon som \u00e4r parkerat p\u00e5 en reserverad plats.[\/vc_column_text][\/vc_column][vc_column column_padding=&#8221;padding-5-percent&#8221; column_padding_tablet=&#8221;inherit&#8221; column_padding_phone=&#8221;inherit&#8221; column_padding_position=&#8221;all&#8221; column_element_direction_desktop=&#8221;default&#8221; column_element_spacing=&#8221;default&#8221; desktop_text_alignment=&#8221;default&#8221; tablet_text_alignment=&#8221;default&#8221; phone_text_alignment=&#8221;default&#8221; background_color_opacity=&#8221;1&#8243; background_hover_color_opacity=&#8221;1&#8243; column_backdrop_filter=&#8221;none&#8221; column_shadow=&#8221;none&#8221; column_border_radius=&#8221;none&#8221; column_link_target=&#8221;_self&#8221; column_position=&#8221;default&#8221; gradient_direction=&#8221;left_to_right&#8221; overlay_strength=&#8221;0.3&#8243; width=&#8221;1\/2&#8243; tablet_width_inherit=&#8221;default&#8221; animation_type=&#8221;default&#8221; bg_image_animation=&#8221;none&#8221; border_type=&#8221;simple&#8221; column_border_width=&#8221;none&#8221; column_border_style=&#8221;solid&#8221;][vc_column_text css=&#8221;&#8221; text_direction=&#8221;default&#8221;]\n<h4><strong>G\u00f6r dessa tv\u00e5 saker innan du parkerar<\/strong><\/h4>\n<p>Innan du parkerar p\u00e5 TYS parkeringsomr\u00e5de, m\u00e5ste du skaffa parkeringstillst\u00e5nd och boka en parkeringsplats p\u00e5 ditt bostadsobjekts parkeringsomr\u00e5de. Observera att \u00e4ven parkering p\u00e5 gratis kallparkeringsplatser kr\u00e4ver att du bokar en parkeringsplats!<\/p>\n<h5><strong>1. Skaffa parkeringstillst\u00e5nd fr\u00e5n eParking<\/strong><\/h5>\n<p>Ladda ner appen eParking fr\u00e5n Google Play eller App Store.\u00a0<a href=\"https:\/\/eparking.fi\/fi#!\/newuser\">P\u00e5 adressen eparking.fi hittar du instruktioner f\u00f6r hur man tar i bruk appen<\/a>.<\/p>\n<p><strong>Obs!<\/strong> Registrera dig inte med Haka-identifikation, eftersom de inte kan anv\u00e4ndas f\u00f6r att ans\u00f6ka om tillst\u00e5nd f\u00f6r TYS-bostadsomr\u00e5denas parkeringsplatser.<\/p>\n<p>V\u00e4nligen <a href=\"https:\/\/sv.web.eparking.fi\/ota-yhteytta\">kontakta eParking kundtj\u00e4nst<\/a> om du beh\u00f6ver hj\u00e4lp med registrering eller anv\u00e4ndning av appen.<\/p>\n<ol>\n<li>Installera appen.<\/li>\n<li>\u00d6ppna appen och hitta din bostadsobjekt p\u00e5 kartan.<\/li>\n<li>Tryck p\u00e5 l\u00e5ssymbolen och v\u00e4lj \u201dTurun Ylioppilaskyl\u00e4s\u00e4\u00e4ti\u00f6\u201d fr\u00e5n rullgardinsmenyn.<\/li>\n<li>Tryck p\u00e5 \u201dJatka\u201d och v\u00e4lj din bostadsobjekt fr\u00e5n rullgardinsmenyn.<\/li>\n<li>Skicka in ans\u00f6kan. Din hyresg\u00e4ststatus hos TYS kontrolleras av eParking inom 1-5 arbetsdagar.<\/li>\n<li>L\u00e4gg till ditt registeringsnummer under tillst\u00e5ndet efter att det har beviljats.<\/li>\n<\/ol>\n<p>N\u00e4r din ans\u00f6kan har blivit godk\u00e4nd kommer du att f\u00e5 ett e-postmeddelande fr\u00e5n eParking. Logga in p\u00e5 systemet och boka en parkeringsplats (<strong>OBS:<\/strong> \u00e4ven om du inte hyr ut en personlig parkeringsplats)<\/p>\n<h5><strong>2. Boka en parkeringsplats i eParking:<\/strong><\/h5>\n<ol>\n<li>\u00d6ppna eParking.<\/li>\n<li>\u00c4ndra kartvyn till kontraktsparkeringskartan genom att v\u00e4lja kalenderikonen fr\u00e5n ikonerna som visas l\u00e4ngst ner till h\u00f6ger p\u00e5 kartan. Ans\u00f6kan informerar om att &#8221;Utvald avtalskarta&#8221;.<\/li>\n<li>S\u00f6k upp parkeringsplatsen f\u00f6r din bostadsr\u00e4ttsf\u00f6rening eller arbetsplats baserat p\u00e5 adress eller plats. Ans\u00f6kan visar p\u00e5 kartan i bl\u00e5tt de parkeringsytor som du har r\u00e4tt till enligt ditt godk\u00e4nda kontrakt.<\/li>\n<li>Flytta mark\u00f6ren \u00f6ver r\u00e4tt parkeringsomr\u00e5de p\u00e5 kartan och tryck p\u00e5 &#8221;V\u00e4lj&#8221;.<\/li>\n<li>V\u00e4lj typ av din parkeringsplats. Observera att inte alla parkeringsplatser kan erbjuda alla typer av parkeringsplatser som beskrivs ovan. Efter att ha valt typ av din parkeringsplats, tryck p\u00e5 &#8221;N\u00e4sta&#8221;. Om den typ av parkeringsplats du valt inte \u00e4r tillg\u00e4nglig p\u00e5 parkeringsomr\u00e5det kan du st\u00e4lla dig i k\u00f6.<\/li>\n<li>P\u00e5 n\u00e4sta sida v\u00e4ljer du startdatum f\u00f6r kontraktet och faktureringsintervall. Fyll i ytterligare information. Observera att om du vill kan du redan i detta skede l\u00e4gga till registreringsnumren f\u00f6r alla fordon som anv\u00e4nds i bokningen.<\/li>\n<li>Tryck p\u00e5 &#8221;N\u00e4sta&#8221;.<\/li>\n<li>Kontrollera att informationen \u00e4r korrekt.<\/li>\n<li>L\u00e4s och acceptera anv\u00e4ndarvillkoren.<\/li>\n<li>Tryck slutligen p\u00e5 &#8221;Bekr\u00e4fta&#8221;.<\/li>\n<\/ol>\n<p>Din parkeringsplatsreservation b\u00f6rjar g\u00e4lla fr\u00e5n och med startdatumet f\u00f6r det kontrakt du har valt och du kan d\u00e5 b\u00f6rja parkera p\u00e5 parkeringsplatsen.<\/p>\n<p>Din tillst\u00e5nd kan vara aktivt f\u00f6r ett registreringsnummer \u00e5t g\u00e5ngen, men du kan fortfarande l\u00e4gga till flera registreringsnummer under ett tillst\u00e5nd och v\u00e4xla mellan dem. Vid parkering, se till att registreringsnumret f\u00f6r bilen som parkeras \u00e4r aktivt i appen.[\/vc_column_text][\/vc_column][\/vc_row]\n","protected":false},"excerpt":{"rendered":"<p>[vc_row type=&#8221;in_container&#8221; full_screen_row_position=&#8221;middle&#8221; column_margin=&#8221;default&#8221; column_direction=&#8221;default&#8221; column_direction_tablet=&#8221;default&#8221; column_direction_phone=&#8221;default&#8221; scene_position=&#8221;center&#8221; top_padding=&#8221;4%&#8221; text_color=&#8221;dark&#8221; text_align=&#8221;left&#8221; row_border_radius=&#8221;none&#8221; row_border_radius_applies=&#8221;bg&#8221; overflow=&#8221;visible&#8221; overlay_strength=&#8221;0.3&#8243;&#8230;<\/p>\n","protected":false},"author":1,"featured_media":0,"parent":1578,"menu_order":0,"comment_status":"closed","ping_status":"closed","template":"","meta":{"footnotes":""},"class_list":["post-1811","page","type-page","status-publish"],"yoast_head":"<!-- This site is optimized with the Yoast SEO plugin v27.4 - https:\/\/yoast.com\/product\/yoast-seo-wordpress\/ -->\n<title>Parkeringstillst\u00e5nd p\u00e5 eParking | TYS | Turun Ylioppilaskyl\u00e4s\u00e4\u00e4ti\u00f6<\/title>\n<meta name=\"robots\" content=\"index, follow, max-snippet:-1, max-image-preview:large, max-video-preview:-1\" \/>\n<link rel=\"canonical\" href=\"https:\/\/tys.fi\/sv\/vara-tjanster\/parkeringsplatser\/parkeringsratt-pa-eparking\" \/>\n<meta property=\"og:locale\" content=\"sv_SE\" \/>\n<meta property=\"og:type\" content=\"article\" \/>\n<meta property=\"og:title\" content=\"Parkeringstillst\u00e5nd p\u00e5 eParking | TYS | Turun Ylioppilaskyl\u00e4s\u00e4\u00e4ti\u00f6\" \/>\n<meta property=\"og:description\" content=\"[vc_row type=&#8221;in_container&#8221; full_screen_row_position=&#8221;middle&#8221; column_margin=&#8221;default&#8221; column_direction=&#8221;default&#8221; column_direction_tablet=&#8221;default&#8221; column_direction_phone=&#8221;default&#8221; scene_position=&#8221;center&#8221; top_padding=&#8221;4%&#8221; text_color=&#8221;dark&#8221; text_align=&#8221;left&#8221; row_border_radius=&#8221;none&#8221; row_border_radius_applies=&#8221;bg&#8221; overflow=&#8221;visible&#8221; overlay_strength=&#8221;0.3&#8243;...\" \/>\n<meta property=\"og:url\" content=\"https:\/\/tys.fi\/sv\/vara-tjanster\/parkeringsplatser\/parkeringsratt-pa-eparking\" \/>\n<meta property=\"og:site_name\" content=\"Turun Ylioppilaskyl&auml;s&auml;&auml;ti&ouml;\" \/>\n<meta property=\"article:publisher\" content=\"https:\/\/www.facebook.com\/tysturku\/\" \/>\n<meta property=\"article:modified_time\" content=\"2025-01-24T12:32:28+00:00\" \/>\n<meta name=\"twitter:card\" content=\"summary_large_image\" \/>\n<meta name=\"twitter:site\" content=\"@tysturku\" \/>\n<meta name=\"twitter:label1\" content=\"Ber\u00e4knad l\u00e4stid\" \/>\n\t<meta name=\"twitter:data1\" content=\"6 minuter\" \/>\n<script type=\"application\/ld+json\" class=\"yoast-schema-graph\">{\"@context\":\"https:\\\/\\\/schema.org\",\"@graph\":[{\"@type\":\"WebPage\",\"@id\":\"https:\\\/\\\/tys.fi\\\/sv\\\/vara-tjanster\\\/parkeringsplatser\\\/parkeringsratt-pa-eparking\",\"url\":\"https:\\\/\\\/tys.fi\\\/sv\\\/vara-tjanster\\\/parkeringsplatser\\\/parkeringsratt-pa-eparking\",\"name\":\"Parkeringstillst\u00e5nd p\u00e5 eParking | TYS | Turun Ylioppilaskyl\u00e4s\u00e4\u00e4ti\u00f6\",\"isPartOf\":{\"@id\":\"https:\\\/\\\/tys.fi\\\/#website\"},\"datePublished\":\"2019-04-26T15:16:02+00:00\",\"dateModified\":\"2025-01-24T12:32:28+00:00\",\"breadcrumb\":{\"@id\":\"https:\\\/\\\/tys.fi\\\/sv\\\/vara-tjanster\\\/parkeringsplatser\\\/parkeringsratt-pa-eparking#breadcrumb\"},\"inLanguage\":\"sv-SE\",\"potentialAction\":[{\"@type\":\"ReadAction\",\"target\":[\"https:\\\/\\\/tys.fi\\\/sv\\\/vara-tjanster\\\/parkeringsplatser\\\/parkeringsratt-pa-eparking\"]}]},{\"@type\":\"BreadcrumbList\",\"@id\":\"https:\\\/\\\/tys.fi\\\/sv\\\/vara-tjanster\\\/parkeringsplatser\\\/parkeringsratt-pa-eparking#breadcrumb\",\"itemListElement\":[{\"@type\":\"ListItem\",\"position\":1,\"name\":\"Home\",\"item\":\"https:\\\/\\\/tys.fi\\\/sv\"},{\"@type\":\"ListItem\",\"position\":2,\"name\":\"V\u00e5ra tj\u00e4nster\",\"item\":\"https:\\\/\\\/tys.fi\\\/sv\\\/vara-tjanster\"},{\"@type\":\"ListItem\",\"position\":3,\"name\":\"Parkeringsplatser\",\"item\":\"https:\\\/\\\/tys.fi\\\/sv\\\/vara-tjanster\\\/parkeringsplatser\"},{\"@type\":\"ListItem\",\"position\":4,\"name\":\"Parkeringstillst\u00e5nd p\u00e5 eParking\"}]},{\"@type\":\"WebSite\",\"@id\":\"https:\\\/\\\/tys.fi\\\/#website\",\"url\":\"https:\\\/\\\/tys.fi\\\/\",\"name\":\"Turun Ylioppilaskyl\u00e4s\u00e4\u00e4ti\u00f6\",\"description\":\"Vuokra-asunnot Turku\",\"publisher\":{\"@id\":\"https:\\\/\\\/tys.fi\\\/#organization\"},\"potentialAction\":[{\"@type\":\"SearchAction\",\"target\":{\"@type\":\"EntryPoint\",\"urlTemplate\":\"https:\\\/\\\/tys.fi\\\/?s={search_term_string}\"},\"query-input\":{\"@type\":\"PropertyValueSpecification\",\"valueRequired\":true,\"valueName\":\"search_term_string\"}}],\"inLanguage\":\"sv-SE\"},{\"@type\":\"Organization\",\"@id\":\"https:\\\/\\\/tys.fi\\\/#organization\",\"name\":\"TYS\",\"url\":\"https:\\\/\\\/tys.fi\\\/\",\"logo\":{\"@type\":\"ImageObject\",\"inLanguage\":\"sv-SE\",\"@id\":\"https:\\\/\\\/tys.fi\\\/#\\\/schema\\\/logo\\\/image\\\/\",\"url\":\"https:\\\/\\\/tys.fi\\\/wp-content\\\/uploads\\\/2019\\\/03\\\/TYS-Logo_Green_500px.png\",\"contentUrl\":\"https:\\\/\\\/tys.fi\\\/wp-content\\\/uploads\\\/2019\\\/03\\\/TYS-Logo_Green_500px.png\",\"width\":500,\"height\":232,\"caption\":\"TYS\"},\"image\":{\"@id\":\"https:\\\/\\\/tys.fi\\\/#\\\/schema\\\/logo\\\/image\\\/\"},\"sameAs\":[\"https:\\\/\\\/www.facebook.com\\\/tysturku\\\/\",\"https:\\\/\\\/x.com\\\/tysturku\",\"https:\\\/\\\/www.instagram.com\\\/tysturku\\\/\",\"https:\\\/\\\/www.linkedin.com\\\/company\\\/tysturku\\\/\",\"https:\\\/\\\/www.youtube.com\\\/channel\\\/UCjKOs8BOiY0SORCB0WWixlw?view_as=subscriber\",\"https:\\\/\\\/fi.wikipedia.org\\\/wiki\\\/Turun_ylioppilaskyl\u00e4s\u00e4\u00e4ti\u00f6\"]}]}<\/script>\n<!-- \/ Yoast SEO plugin. -->","yoast_head_json":{"title":"Parkeringstillst\u00e5nd p\u00e5 eParking | TYS | Turun Ylioppilaskyl\u00e4s\u00e4\u00e4ti\u00f6","robots":{"index":"index","follow":"follow","max-snippet":"max-snippet:-1","max-image-preview":"max-image-preview:large","max-video-preview":"max-video-preview:-1"},"canonical":"https:\/\/tys.fi\/sv\/vara-tjanster\/parkeringsplatser\/parkeringsratt-pa-eparking","og_locale":"sv_SE","og_type":"article","og_title":"Parkeringstillst\u00e5nd p\u00e5 eParking | TYS | Turun Ylioppilaskyl\u00e4s\u00e4\u00e4ti\u00f6","og_description":"[vc_row type=&#8221;in_container&#8221; full_screen_row_position=&#8221;middle&#8221; column_margin=&#8221;default&#8221; column_direction=&#8221;default&#8221; column_direction_tablet=&#8221;default&#8221; column_direction_phone=&#8221;default&#8221; scene_position=&#8221;center&#8221; top_padding=&#8221;4%&#8221; text_color=&#8221;dark&#8221; text_align=&#8221;left&#8221; row_border_radius=&#8221;none&#8221; row_border_radius_applies=&#8221;bg&#8221; overflow=&#8221;visible&#8221; overlay_strength=&#8221;0.3&#8243;...","og_url":"https:\/\/tys.fi\/sv\/vara-tjanster\/parkeringsplatser\/parkeringsratt-pa-eparking","og_site_name":"Turun Ylioppilaskyl&auml;s&auml;&auml;ti&ouml;","article_publisher":"https:\/\/www.facebook.com\/tysturku\/","article_modified_time":"2025-01-24T12:32:28+00:00","twitter_card":"summary_large_image","twitter_site":"@tysturku","twitter_misc":{"Ber\u00e4knad l\u00e4stid":"6 minuter"},"schema":{"@context":"https:\/\/schema.org","@graph":[{"@type":"WebPage","@id":"https:\/\/tys.fi\/sv\/vara-tjanster\/parkeringsplatser\/parkeringsratt-pa-eparking","url":"https:\/\/tys.fi\/sv\/vara-tjanster\/parkeringsplatser\/parkeringsratt-pa-eparking","name":"Parkeringstillst\u00e5nd p\u00e5 eParking | TYS | Turun Ylioppilaskyl\u00e4s\u00e4\u00e4ti\u00f6","isPartOf":{"@id":"https:\/\/tys.fi\/#website"},"datePublished":"2019-04-26T15:16:02+00:00","dateModified":"2025-01-24T12:32:28+00:00","breadcrumb":{"@id":"https:\/\/tys.fi\/sv\/vara-tjanster\/parkeringsplatser\/parkeringsratt-pa-eparking#breadcrumb"},"inLanguage":"sv-SE","potentialAction":[{"@type":"ReadAction","target":["https:\/\/tys.fi\/sv\/vara-tjanster\/parkeringsplatser\/parkeringsratt-pa-eparking"]}]},{"@type":"BreadcrumbList","@id":"https:\/\/tys.fi\/sv\/vara-tjanster\/parkeringsplatser\/parkeringsratt-pa-eparking#breadcrumb","itemListElement":[{"@type":"ListItem","position":1,"name":"Home","item":"https:\/\/tys.fi\/sv"},{"@type":"ListItem","position":2,"name":"V\u00e5ra tj\u00e4nster","item":"https:\/\/tys.fi\/sv\/vara-tjanster"},{"@type":"ListItem","position":3,"name":"Parkeringsplatser","item":"https:\/\/tys.fi\/sv\/vara-tjanster\/parkeringsplatser"},{"@type":"ListItem","position":4,"name":"Parkeringstillst\u00e5nd p\u00e5 eParking"}]},{"@type":"WebSite","@id":"https:\/\/tys.fi\/#website","url":"https:\/\/tys.fi\/","name":"Turun Ylioppilaskyl\u00e4s\u00e4\u00e4ti\u00f6","description":"Vuokra-asunnot Turku","publisher":{"@id":"https:\/\/tys.fi\/#organization"},"potentialAction":[{"@type":"SearchAction","target":{"@type":"EntryPoint","urlTemplate":"https:\/\/tys.fi\/?s={search_term_string}"},"query-input":{"@type":"PropertyValueSpecification","valueRequired":true,"valueName":"search_term_string"}}],"inLanguage":"sv-SE"},{"@type":"Organization","@id":"https:\/\/tys.fi\/#organization","name":"TYS","url":"https:\/\/tys.fi\/","logo":{"@type":"ImageObject","inLanguage":"sv-SE","@id":"https:\/\/tys.fi\/#\/schema\/logo\/image\/","url":"https:\/\/tys.fi\/wp-content\/uploads\/2019\/03\/TYS-Logo_Green_500px.png","contentUrl":"https:\/\/tys.fi\/wp-content\/uploads\/2019\/03\/TYS-Logo_Green_500px.png","width":500,"height":232,"caption":"TYS"},"image":{"@id":"https:\/\/tys.fi\/#\/schema\/logo\/image\/"},"sameAs":["https:\/\/www.facebook.com\/tysturku\/","https:\/\/x.com\/tysturku","https:\/\/www.instagram.com\/tysturku\/","https:\/\/www.linkedin.com\/company\/tysturku\/","https:\/\/www.youtube.com\/channel\/UCjKOs8BOiY0SORCB0WWixlw?view_as=subscriber","https:\/\/fi.wikipedia.org\/wiki\/Turun_ylioppilaskyl\u00e4s\u00e4\u00e4ti\u00f6"]}]}},"_links":{"self":[{"href":"https:\/\/tys.fi\/sv\/wp-json\/wp\/v2\/pages\/1811","targetHints":{"allow":["GET"]}}],"collection":[{"href":"https:\/\/tys.fi\/sv\/wp-json\/wp\/v2\/pages"}],"about":[{"href":"https:\/\/tys.fi\/sv\/wp-json\/wp\/v2\/types\/page"}],"author":[{"embeddable":true,"href":"https:\/\/tys.fi\/sv\/wp-json\/wp\/v2\/users\/1"}],"replies":[{"embeddable":true,"href":"https:\/\/tys.fi\/sv\/wp-json\/wp\/v2\/comments?post=1811"}],"version-history":[{"count":5,"href":"https:\/\/tys.fi\/sv\/wp-json\/wp\/v2\/pages\/1811\/revisions"}],"predecessor-version":[{"id":29024,"href":"https:\/\/tys.fi\/sv\/wp-json\/wp\/v2\/pages\/1811\/revisions\/29024"}],"up":[{"embeddable":true,"href":"https:\/\/tys.fi\/sv\/wp-json\/wp\/v2\/pages\/1578"}],"wp:attachment":[{"href":"https:\/\/tys.fi\/sv\/wp-json\/wp\/v2\/media?parent=1811"}],"curies":[{"name":"wp","href":"https:\/\/api.w.org\/{rel}","templated":true}]}}