{"id":1740,"date":"2019-04-23T15:01:21","date_gmt":"2019-04-23T12:01:21","guid":{"rendered":"https:\/\/tys.fi\/?page_id=1740"},"modified":"2026-03-25T10:26:43","modified_gmt":"2026-03-25T08:26:43","slug":"villkor-for-hyra-av-parkeringsplats","status":"publish","type":"page","link":"https:\/\/tys.fi\/sv\/vara-tjanster\/parkeringsplatser\/villkor-for-hyra-av-parkeringsplats","title":{"rendered":"Villkor f\u00f6r hyra av parkeringsplats"},"content":{"rendered":"[vc_row type=&#8221;in_container&#8221; full_screen_row_position=&#8221;middle&#8221; column_margin=&#8221;default&#8221; column_direction=&#8221;default&#8221; column_direction_tablet=&#8221;default&#8221; column_direction_phone=&#8221;default&#8221; scene_position=&#8221;center&#8221; top_padding=&#8221;2%&#8221; text_color=&#8221;dark&#8221; text_align=&#8221;left&#8221; row_border_radius=&#8221;none&#8221; row_border_radius_applies=&#8221;bg&#8221; row_position_desktop=&#8221;default&#8221; row_position_tablet=&#8221;inherit&#8221; row_position_phone=&#8221;inherit&#8221; overflow=&#8221;visible&#8221; overlay_strength=&#8221;0.3&#8243; gradient_direction=&#8221;left_to_right&#8221; shape_divider_position=&#8221;bottom&#8221; bg_image_animation=&#8221;none&#8221; shape_type=&#8221;&#8221;][vc_column column_padding=&#8221;padding-5-percent&#8221; column_padding_tablet=&#8221;inherit&#8221; column_padding_phone=&#8221;inherit&#8221; column_padding_position=&#8221;left-right&#8221; flex_gap_desktop=&#8221;10px&#8221; column_element_direction_desktop=&#8221;default&#8221; column_element_spacing=&#8221;default&#8221; desktop_text_alignment=&#8221;default&#8221; tablet_text_alignment=&#8221;default&#8221; phone_text_alignment=&#8221;default&#8221; background_color_opacity=&#8221;1&#8243; background_hover_color_opacity=&#8221;1&#8243; column_backdrop_filter=&#8221;none&#8221; column_shadow=&#8221;none&#8221; column_border_radius=&#8221;none&#8221; column_link_target=&#8221;_self&#8221; column_position=&#8221;default&#8221; gradient_direction=&#8221;left_to_right&#8221; overlay_strength=&#8221;0.3&#8243; width=&#8221;1\/6&#8243; tablet_width_inherit=&#8221;default&#8221; animation_type=&#8221;default&#8221; bg_image_animation=&#8221;none&#8221; border_type=&#8221;simple&#8221; column_border_width=&#8221;none&#8221; column_border_style=&#8221;solid&#8221;][\/vc_column][vc_column column_padding=&#8221;padding-5-percent&#8221; column_padding_tablet=&#8221;inherit&#8221; column_padding_phone=&#8221;inherit&#8221; column_padding_position=&#8221;all&#8221; flex_gap_desktop=&#8221;10px&#8221; column_element_direction_desktop=&#8221;default&#8221; column_element_spacing=&#8221;default&#8221; desktop_text_alignment=&#8221;default&#8221; tablet_text_alignment=&#8221;default&#8221; phone_text_alignment=&#8221;default&#8221; background_color=&#8221;#f7f7f7&#8243; background_color_opacity=&#8221;1&#8243; background_hover_color_opacity=&#8221;1&#8243; column_backdrop_filter=&#8221;none&#8221; column_shadow=&#8221;none&#8221; column_border_radius=&#8221;none&#8221; column_link_target=&#8221;_self&#8221; column_position=&#8221;default&#8221; gradient_direction=&#8221;left_to_right&#8221; overlay_strength=&#8221;0.3&#8243; width=&#8221;4\/6&#8243; tablet_width_inherit=&#8221;default&#8221; animation_type=&#8221;default&#8221; bg_image_animation=&#8221;none&#8221; border_type=&#8221;simple&#8221; column_border_width=&#8221;none&#8221; column_border_style=&#8221;solid&#8221;][vc_custom_heading text=&#8221;Villkor f\u00f6r hyra av parkeringsplats&#8221; font_container=&#8221;tag:h3|text_align:left|color:%23829974&#8243; use_theme_fonts=&#8221;yes&#8221;][divider line_type=&#8221;No Line&#8221; custom_height=&#8221;30&#8243;][vc_column_text css=&#8221;&#8221; text_direction=&#8221;default&#8221;]\n<ol>\n<li><strong>Hyrestid och upps\u00e4gningstid<\/strong><br \/>\nHyresavtalet \u00e4r i kraft tills vidare och upps\u00e4gningstiden \u00e4r en kalenderm\u00e5nad. Upps\u00e4gningstiden r\u00e4knas fram\u00e5t fr\u00e5n upps\u00e4gningsm\u00e5nadens sista dag. D\u00e5 hyresavtalet f\u00f6r l\u00e4genheten tar slut s\u00e4gs ocks\u00e5 parkeringsplatsen upp automatiskt. Fr\u00e5n hyresv\u00e4rdens sida g\u00f6rs upps\u00e4gningen med en separat anm\u00e4lan.<\/li>\n<li><strong>Hyra<\/strong><br \/>\nF\u00f6r parkeringsplatsen uppb\u00e4rs en m\u00e5natlig hyra enligt vid tidpunkten g\u00e4llande prislista. Hyran f\u00f6r parkeringsplatsen debiteras alltid per hel m\u00e5nad.<\/li>\n<li><strong>Meddelande om \u00e4ndringar i hyran och bruksavgifterna<\/strong><br \/>\nHyresg\u00e4sten meddelas skriftligen om \u00e4ndringar i totala hyran och bruksavgifterna f\u00f6r bostadsomr\u00e5des l\u00e4genhet eller del av l\u00e4genhet tv\u00e5 m\u00e5nader innan hyresjusteringen tr\u00e4der i kraft. Hyrorna justeras varje \u00e5r vid b\u00f6rjan av kalender\u00e5ret.<\/li>\n<li><strong>Betalning av avgifter<\/strong><br \/>\nHyran av parkeringsplats faktureras separat av eParking.<\/li>\n<li><strong>Anv\u00e4nding av en parkeringsplats<\/strong><br \/>\nAtt reservera en parkeringsplats ger dig r\u00e4tt att parkera endast p\u00e5 den reserverade platsen och endast med fordon vars registreringsnummer har angetts i eParking. Endast motorfordon f\u00e5r parkera p\u00e5 parkeringsplatsen.<\/li>\n<li><strong>Anv\u00e4nding av en elstolpe<\/strong><br \/>\nAnv\u00e4ndning av bilens inomhusv\u00e4rmare i bilar \u00e4r f\u00f6rbjuden. Det \u00e4r f\u00f6rbjudet att ansluta elbilar och hybridbilar till en v\u00e4rmestolpe med laddkabel f\u00f6r uppv\u00e4rmning eller laddning av bilbatteriet.Motorv\u00e4rmarnas v\u00e4rmekabel ska alltid p\u00e5 grund av s\u00e4kerhetssk\u00e4l tas loss fr\u00e5n uttaget och uttagsdosan b\u00f6r vara l\u00e5st. Servicem\u00e4nnen avl\u00e4gsnar kablar som h\u00e4nger l\u00f6st i stolparna. Stolparna fungerar antingen med pulsstr\u00f6m eller med timer. Det \u00e4r f\u00f6rbjudet att anv\u00e4nda en egen timer.<\/li>\n<li><strong>Upps\u00e4gning av hyresavtalet<\/strong><br \/>\nParkeringsplatsen s\u00e4gs upp via eParking-systemet genom att annullera parkeringsplatsreserveringen. Inv\u00e5naren f\u00e5r per e-post ett bekr\u00e4ftelsemeddelande om en lyckad annullering.<\/li>\n<li><strong>Annat<\/strong><br \/>\nVinterunderh\u00e5llet p\u00e5 parkeringsplatsen i f\u00f6rsta hand p\u00e5 parkeringsplatsinnehavarens ansvar. \u00c5teruthyrning av parkeringsplatsen \u00e4r f\u00f6rbjudet.<\/li>\n<\/ol>\n[\/vc_column_text][\/vc_column][vc_column column_padding=&#8221;no-extra-padding&#8221; column_padding_tablet=&#8221;inherit&#8221; column_padding_phone=&#8221;inherit&#8221; column_padding_position=&#8221;all&#8221; flex_gap_desktop=&#8221;10px&#8221; column_element_direction_desktop=&#8221;default&#8221; column_element_spacing=&#8221;default&#8221; desktop_text_alignment=&#8221;default&#8221; tablet_text_alignment=&#8221;default&#8221; phone_text_alignment=&#8221;default&#8221; background_color_opacity=&#8221;1&#8243; background_hover_color_opacity=&#8221;1&#8243; column_backdrop_filter=&#8221;none&#8221; column_shadow=&#8221;none&#8221; column_border_radius=&#8221;none&#8221; column_link_target=&#8221;_self&#8221; column_position=&#8221;default&#8221; gradient_direction=&#8221;left_to_right&#8221; overlay_strength=&#8221;0.3&#8243; width=&#8221;1\/6&#8243; tablet_width_inherit=&#8221;default&#8221; animation_type=&#8221;default&#8221; bg_image_animation=&#8221;none&#8221; border_type=&#8221;simple&#8221; column_border_width=&#8221;none&#8221; column_border_style=&#8221;solid&#8221;][\/vc_column][\/vc_row]\n","protected":false},"excerpt":{"rendered":"<p>[vc_row type=&#8221;in_container&#8221; full_screen_row_position=&#8221;middle&#8221; column_margin=&#8221;default&#8221; column_direction=&#8221;default&#8221; column_direction_tablet=&#8221;default&#8221; column_direction_phone=&#8221;default&#8221; scene_position=&#8221;center&#8221; top_padding=&#8221;2%&#8221; text_color=&#8221;dark&#8221; text_align=&#8221;left&#8221; row_border_radius=&#8221;none&#8221; row_border_radius_applies=&#8221;bg&#8221; row_position_desktop=&#8221;default&#8221; row_position_tablet=&#8221;inherit&#8221;&#8230;<\/p>\n","protected":false},"author":1,"featured_media":0,"parent":1578,"menu_order":0,"comment_status":"closed","ping_status":"closed","template":"","meta":{"footnotes":""},"class_list":["post-1740","page","type-page","status-publish"],"yoast_head":"<!-- This site is optimized with the Yoast SEO plugin v27.4 - https:\/\/yoast.com\/product\/yoast-seo-wordpress\/ -->\n<title>Villkor f\u00f6r hyra av parkeringsplats | TYS | Turun Ylioppilaskyl\u00e4s\u00e4\u00e4ti\u00f6<\/title>\n<meta name=\"robots\" content=\"index, follow, max-snippet:-1, max-image-preview:large, max-video-preview:-1\" \/>\n<link rel=\"canonical\" href=\"https:\/\/tys.fi\/sv\/vara-tjanster\/parkeringsplatser\/villkor-for-hyra-av-parkeringsplats\" \/>\n<meta property=\"og:locale\" content=\"sv_SE\" \/>\n<meta property=\"og:type\" content=\"article\" \/>\n<meta property=\"og:title\" content=\"Villkor f\u00f6r hyra av parkeringsplats | TYS | Turun Ylioppilaskyl\u00e4s\u00e4\u00e4ti\u00f6\" \/>\n<meta property=\"og:description\" content=\"[vc_row type=&#8221;in_container&#8221; full_screen_row_position=&#8221;middle&#8221; column_margin=&#8221;default&#8221; column_direction=&#8221;default&#8221; column_direction_tablet=&#8221;default&#8221; column_direction_phone=&#8221;default&#8221; scene_position=&#8221;center&#8221; top_padding=&#8221;2%&#8221; text_color=&#8221;dark&#8221; text_align=&#8221;left&#8221; row_border_radius=&#8221;none&#8221; row_border_radius_applies=&#8221;bg&#8221; row_position_desktop=&#8221;default&#8221; row_position_tablet=&#8221;inherit&#8221;...\" \/>\n<meta property=\"og:url\" content=\"https:\/\/tys.fi\/sv\/vara-tjanster\/parkeringsplatser\/villkor-for-hyra-av-parkeringsplats\" \/>\n<meta property=\"og:site_name\" content=\"Turun Ylioppilaskyl&auml;s&auml;&auml;ti&ouml;\" \/>\n<meta property=\"article:publisher\" content=\"https:\/\/www.facebook.com\/tysturku\/\" \/>\n<meta property=\"article:modified_time\" content=\"2026-03-25T08:26:43+00:00\" \/>\n<meta name=\"twitter:card\" content=\"summary_large_image\" \/>\n<meta name=\"twitter:site\" content=\"@tysturku\" \/>\n<meta name=\"twitter:label1\" content=\"Ber\u00e4knad l\u00e4stid\" \/>\n\t<meta name=\"twitter:data1\" content=\"2 minuter\" \/>\n<script type=\"application\/ld+json\" class=\"yoast-schema-graph\">{\"@context\":\"https:\\\/\\\/schema.org\",\"@graph\":[{\"@type\":\"WebPage\",\"@id\":\"https:\\\/\\\/tys.fi\\\/sv\\\/vara-tjanster\\\/parkeringsplatser\\\/villkor-for-hyra-av-parkeringsplats\",\"url\":\"https:\\\/\\\/tys.fi\\\/sv\\\/vara-tjanster\\\/parkeringsplatser\\\/villkor-for-hyra-av-parkeringsplats\",\"name\":\"Villkor f\u00f6r hyra av parkeringsplats | TYS | Turun Ylioppilaskyl\u00e4s\u00e4\u00e4ti\u00f6\",\"isPartOf\":{\"@id\":\"https:\\\/\\\/tys.fi\\\/#website\"},\"datePublished\":\"2019-04-23T12:01:21+00:00\",\"dateModified\":\"2026-03-25T08:26:43+00:00\",\"breadcrumb\":{\"@id\":\"https:\\\/\\\/tys.fi\\\/sv\\\/vara-tjanster\\\/parkeringsplatser\\\/villkor-for-hyra-av-parkeringsplats#breadcrumb\"},\"inLanguage\":\"sv-SE\",\"potentialAction\":[{\"@type\":\"ReadAction\",\"target\":[\"https:\\\/\\\/tys.fi\\\/sv\\\/vara-tjanster\\\/parkeringsplatser\\\/villkor-for-hyra-av-parkeringsplats\"]}]},{\"@type\":\"BreadcrumbList\",\"@id\":\"https:\\\/\\\/tys.fi\\\/sv\\\/vara-tjanster\\\/parkeringsplatser\\\/villkor-for-hyra-av-parkeringsplats#breadcrumb\",\"itemListElement\":[{\"@type\":\"ListItem\",\"position\":1,\"name\":\"Home\",\"item\":\"https:\\\/\\\/tys.fi\\\/sv\"},{\"@type\":\"ListItem\",\"position\":2,\"name\":\"V\u00e5ra tj\u00e4nster\",\"item\":\"https:\\\/\\\/tys.fi\\\/sv\\\/vara-tjanster\"},{\"@type\":\"ListItem\",\"position\":3,\"name\":\"Parkeringsplatser\",\"item\":\"https:\\\/\\\/tys.fi\\\/sv\\\/vara-tjanster\\\/parkeringsplatser\"},{\"@type\":\"ListItem\",\"position\":4,\"name\":\"Villkor f\u00f6r hyra av parkeringsplats\"}]},{\"@type\":\"WebSite\",\"@id\":\"https:\\\/\\\/tys.fi\\\/#website\",\"url\":\"https:\\\/\\\/tys.fi\\\/\",\"name\":\"Turun Ylioppilaskyl\u00e4s\u00e4\u00e4ti\u00f6\",\"description\":\"Vuokra-asunnot Turku\",\"publisher\":{\"@id\":\"https:\\\/\\\/tys.fi\\\/#organization\"},\"potentialAction\":[{\"@type\":\"SearchAction\",\"target\":{\"@type\":\"EntryPoint\",\"urlTemplate\":\"https:\\\/\\\/tys.fi\\\/?s={search_term_string}\"},\"query-input\":{\"@type\":\"PropertyValueSpecification\",\"valueRequired\":true,\"valueName\":\"search_term_string\"}}],\"inLanguage\":\"sv-SE\"},{\"@type\":\"Organization\",\"@id\":\"https:\\\/\\\/tys.fi\\\/#organization\",\"name\":\"TYS\",\"url\":\"https:\\\/\\\/tys.fi\\\/\",\"logo\":{\"@type\":\"ImageObject\",\"inLanguage\":\"sv-SE\",\"@id\":\"https:\\\/\\\/tys.fi\\\/#\\\/schema\\\/logo\\\/image\\\/\",\"url\":\"https:\\\/\\\/tys.fi\\\/wp-content\\\/uploads\\\/2019\\\/03\\\/TYS-Logo_Green_500px.png\",\"contentUrl\":\"https:\\\/\\\/tys.fi\\\/wp-content\\\/uploads\\\/2019\\\/03\\\/TYS-Logo_Green_500px.png\",\"width\":500,\"height\":232,\"caption\":\"TYS\"},\"image\":{\"@id\":\"https:\\\/\\\/tys.fi\\\/#\\\/schema\\\/logo\\\/image\\\/\"},\"sameAs\":[\"https:\\\/\\\/www.facebook.com\\\/tysturku\\\/\",\"https:\\\/\\\/x.com\\\/tysturku\",\"https:\\\/\\\/www.instagram.com\\\/tysturku\\\/\",\"https:\\\/\\\/www.linkedin.com\\\/company\\\/tysturku\\\/\",\"https:\\\/\\\/www.youtube.com\\\/channel\\\/UCjKOs8BOiY0SORCB0WWixlw?view_as=subscriber\",\"https:\\\/\\\/fi.wikipedia.org\\\/wiki\\\/Turun_ylioppilaskyl\u00e4s\u00e4\u00e4ti\u00f6\"]}]}<\/script>\n<!-- \/ Yoast SEO plugin. -->","yoast_head_json":{"title":"Villkor f\u00f6r hyra av parkeringsplats | TYS | Turun Ylioppilaskyl\u00e4s\u00e4\u00e4ti\u00f6","robots":{"index":"index","follow":"follow","max-snippet":"max-snippet:-1","max-image-preview":"max-image-preview:large","max-video-preview":"max-video-preview:-1"},"canonical":"https:\/\/tys.fi\/sv\/vara-tjanster\/parkeringsplatser\/villkor-for-hyra-av-parkeringsplats","og_locale":"sv_SE","og_type":"article","og_title":"Villkor f\u00f6r hyra av parkeringsplats | TYS | Turun Ylioppilaskyl\u00e4s\u00e4\u00e4ti\u00f6","og_description":"[vc_row type=&#8221;in_container&#8221; full_screen_row_position=&#8221;middle&#8221; column_margin=&#8221;default&#8221; column_direction=&#8221;default&#8221; column_direction_tablet=&#8221;default&#8221; column_direction_phone=&#8221;default&#8221; scene_position=&#8221;center&#8221; top_padding=&#8221;2%&#8221; text_color=&#8221;dark&#8221; text_align=&#8221;left&#8221; row_border_radius=&#8221;none&#8221; row_border_radius_applies=&#8221;bg&#8221; row_position_desktop=&#8221;default&#8221; row_position_tablet=&#8221;inherit&#8221;...","og_url":"https:\/\/tys.fi\/sv\/vara-tjanster\/parkeringsplatser\/villkor-for-hyra-av-parkeringsplats","og_site_name":"Turun Ylioppilaskyl&auml;s&auml;&auml;ti&ouml;","article_publisher":"https:\/\/www.facebook.com\/tysturku\/","article_modified_time":"2026-03-25T08:26:43+00:00","twitter_card":"summary_large_image","twitter_site":"@tysturku","twitter_misc":{"Ber\u00e4knad l\u00e4stid":"2 minuter"},"schema":{"@context":"https:\/\/schema.org","@graph":[{"@type":"WebPage","@id":"https:\/\/tys.fi\/sv\/vara-tjanster\/parkeringsplatser\/villkor-for-hyra-av-parkeringsplats","url":"https:\/\/tys.fi\/sv\/vara-tjanster\/parkeringsplatser\/villkor-for-hyra-av-parkeringsplats","name":"Villkor f\u00f6r hyra av parkeringsplats | TYS | Turun Ylioppilaskyl\u00e4s\u00e4\u00e4ti\u00f6","isPartOf":{"@id":"https:\/\/tys.fi\/#website"},"datePublished":"2019-04-23T12:01:21+00:00","dateModified":"2026-03-25T08:26:43+00:00","breadcrumb":{"@id":"https:\/\/tys.fi\/sv\/vara-tjanster\/parkeringsplatser\/villkor-for-hyra-av-parkeringsplats#breadcrumb"},"inLanguage":"sv-SE","potentialAction":[{"@type":"ReadAction","target":["https:\/\/tys.fi\/sv\/vara-tjanster\/parkeringsplatser\/villkor-for-hyra-av-parkeringsplats"]}]},{"@type":"BreadcrumbList","@id":"https:\/\/tys.fi\/sv\/vara-tjanster\/parkeringsplatser\/villkor-for-hyra-av-parkeringsplats#breadcrumb","itemListElement":[{"@type":"ListItem","position":1,"name":"Home","item":"https:\/\/tys.fi\/sv"},{"@type":"ListItem","position":2,"name":"V\u00e5ra tj\u00e4nster","item":"https:\/\/tys.fi\/sv\/vara-tjanster"},{"@type":"ListItem","position":3,"name":"Parkeringsplatser","item":"https:\/\/tys.fi\/sv\/vara-tjanster\/parkeringsplatser"},{"@type":"ListItem","position":4,"name":"Villkor f\u00f6r hyra av parkeringsplats"}]},{"@type":"WebSite","@id":"https:\/\/tys.fi\/#website","url":"https:\/\/tys.fi\/","name":"Turun Ylioppilaskyl\u00e4s\u00e4\u00e4ti\u00f6","description":"Vuokra-asunnot Turku","publisher":{"@id":"https:\/\/tys.fi\/#organization"},"potentialAction":[{"@type":"SearchAction","target":{"@type":"EntryPoint","urlTemplate":"https:\/\/tys.fi\/?s={search_term_string}"},"query-input":{"@type":"PropertyValueSpecification","valueRequired":true,"valueName":"search_term_string"}}],"inLanguage":"sv-SE"},{"@type":"Organization","@id":"https:\/\/tys.fi\/#organization","name":"TYS","url":"https:\/\/tys.fi\/","logo":{"@type":"ImageObject","inLanguage":"sv-SE","@id":"https:\/\/tys.fi\/#\/schema\/logo\/image\/","url":"https:\/\/tys.fi\/wp-content\/uploads\/2019\/03\/TYS-Logo_Green_500px.png","contentUrl":"https:\/\/tys.fi\/wp-content\/uploads\/2019\/03\/TYS-Logo_Green_500px.png","width":500,"height":232,"caption":"TYS"},"image":{"@id":"https:\/\/tys.fi\/#\/schema\/logo\/image\/"},"sameAs":["https:\/\/www.facebook.com\/tysturku\/","https:\/\/x.com\/tysturku","https:\/\/www.instagram.com\/tysturku\/","https:\/\/www.linkedin.com\/company\/tysturku\/","https:\/\/www.youtube.com\/channel\/UCjKOs8BOiY0SORCB0WWixlw?view_as=subscriber","https:\/\/fi.wikipedia.org\/wiki\/Turun_ylioppilaskyl\u00e4s\u00e4\u00e4ti\u00f6"]}]}},"_links":{"self":[{"href":"https:\/\/tys.fi\/sv\/wp-json\/wp\/v2\/pages\/1740","targetHints":{"allow":["GET"]}}],"collection":[{"href":"https:\/\/tys.fi\/sv\/wp-json\/wp\/v2\/pages"}],"about":[{"href":"https:\/\/tys.fi\/sv\/wp-json\/wp\/v2\/types\/page"}],"author":[{"embeddable":true,"href":"https:\/\/tys.fi\/sv\/wp-json\/wp\/v2\/users\/1"}],"replies":[{"embeddable":true,"href":"https:\/\/tys.fi\/sv\/wp-json\/wp\/v2\/comments?post=1740"}],"version-history":[{"count":7,"href":"https:\/\/tys.fi\/sv\/wp-json\/wp\/v2\/pages\/1740\/revisions"}],"predecessor-version":[{"id":31015,"href":"https:\/\/tys.fi\/sv\/wp-json\/wp\/v2\/pages\/1740\/revisions\/31015"}],"up":[{"embeddable":true,"href":"https:\/\/tys.fi\/sv\/wp-json\/wp\/v2\/pages\/1578"}],"wp:attachment":[{"href":"https:\/\/tys.fi\/sv\/wp-json\/wp\/v2\/media?parent=1740"}],"curies":[{"name":"wp","href":"https:\/\/api.w.org\/{rel}","templated":true}]}}