{"id":15509,"date":"2019-05-29T15:58:49","date_gmt":"2019-05-29T12:58:49","guid":{"rendered":"https:\/\/tys.fi\/vuosikirja-2018\/toimitusjohtajan-katsaus-2018"},"modified":"2019-06-19T15:50:04","modified_gmt":"2019-06-19T12:50:04","slug":"verkstallande-direktorens-oversikt-2018","status":"publish","type":"page","link":"https:\/\/tys.fi\/sv\/arsbok-2018\/verkstallande-direktorens-oversikt-2018","title":{"rendered":"Verkst\u00e4llande direkt\u00f6rens \u00f6versikt 2018"},"content":{"rendered":"[vc_row type=&#8221;full_width_background&#8221; full_screen_row_position=&#8221;middle&#8221; bg_color=&#8221;#f7f7f7&#8243; scene_position=&#8221;center&#8221; text_color=&#8221;dark&#8221; text_align=&#8221;left&#8221; top_padding=&#8221;5%&#8221; overlay_strength=&#8221;0.3&#8243; shape_divider_position=&#8221;bottom&#8221; bg_image_animation=&#8221;none&#8221; shape_type=&#8221;&#8221;][vc_column column_padding=&#8221;no-extra-padding&#8221; column_padding_position=&#8221;all&#8221; background_color_opacity=&#8221;1&#8243; background_hover_color_opacity=&#8221;1&#8243; column_link_target=&#8221;_self&#8221; column_shadow=&#8221;none&#8221; column_border_radius=&#8221;none&#8221; width=&#8221;1\/1&#8243; tablet_width_inherit=&#8221;default&#8221; tablet_text_alignment=&#8221;default&#8221; phone_text_alignment=&#8221;default&#8221; column_border_width=&#8221;none&#8221; column_border_style=&#8221;solid&#8221; bg_image_animation=&#8221;none&#8221;][image_with_animation image_url=&#8221;14793&#8243; alignment=&#8221;&#8221; animation=&#8221;None&#8221; border_radius=&#8221;none&#8221; box_shadow=&#8221;none&#8221; max_width=&#8221;100%&#8221;][divider line_type=&#8221;No Line&#8221; custom_height=&#8221;50&#8243;][vc_custom_heading text=&#8221;Verkst\u00e4llande direkt\u00f6rens \u00f6versikt&#8221; font_container=&#8221;tag:h1|text_align:center|color:%23829974&#8243; use_theme_fonts=&#8221;yes&#8221;][\/vc_column][\/vc_row][vc_row type=&#8221;full_width_background&#8221; full_screen_row_position=&#8221;middle&#8221; bg_color=&#8221;#f7f7f7&#8243; scene_position=&#8221;center&#8221; text_color=&#8221;dark&#8221; text_align=&#8221;left&#8221; top_padding=&#8221;3%&#8221; bottom_padding=&#8221;5%&#8221; overlay_strength=&#8221;0.3&#8243; shape_divider_position=&#8221;bottom&#8221; bg_image_animation=&#8221;none&#8221; shape_type=&#8221;&#8221;][vc_column column_padding=&#8221;padding-5-percent&#8221; column_padding_position=&#8221;all&#8221; background_color=&#8221;#ffffff&#8221; background_color_opacity=&#8221;1&#8243; background_hover_color_opacity=&#8221;1&#8243; column_link_target=&#8221;_self&#8221; column_shadow=&#8221;none&#8221; column_border_radius=&#8221;none&#8221; width=&#8221;1\/2&#8243; tablet_width_inherit=&#8221;default&#8221; tablet_text_alignment=&#8221;default&#8221; phone_text_alignment=&#8221;default&#8221; column_border_width=&#8221;none&#8221; column_border_style=&#8221;solid&#8221; bg_image_animation=&#8221;none&#8221;][vc_column_text]Studentbystiftelsen i \u00c5bo grundades \u00e5r 1966. Enligt stiftelsens stadgar \u00e4r dess huvudsyfte att s\u00f6rja f\u00f6r att studerande som studerar eller forts\u00e4tter sina studier p\u00e5 andra eller tredje stadiets l\u00e4roanstalter i \u00c5boregionen f\u00e5r en hyresbostad. D\u00e4rut\u00f6ver \u00e4r stiftelsens syfte att s\u00f6rja f\u00f6r att utexaminerade och andra unga samt utl\u00e4ndska studerande och forskare f\u00e5r en hyresbostad eller bostadsr\u00e4ttsbostad.<\/p>\n<p>Stiftelsen uppfyller sitt syfte genom att enligt sina tillg\u00e5ngar k\u00f6pa och bygga fastigheter och bost\u00e4der med alla n\u00f6dv\u00e4ndiga till\u00e4ggsutrymmen p\u00e5 l\u00e4mpliga platser och till sk\u00e4liga priser. Stiftelsen uppfyller sitt syfte genom att bygga studentbost\u00e4der och vid behov \u00e4ven andra byggnader inom sitt verksamhetsomr\u00e5de, \u00e4ga bostadsaktier och fastigheter, s\u00f6rja f\u00f6r att reservera markomr\u00e5den f\u00f6r kommande behov inom verksamhetens m\u00e5lgrupp, uppr\u00e4tth\u00e5lla administrativa utrymmen f\u00f6r studentf\u00f6reningar som anslutit sig till stiftelsens verksamhetsomr\u00e5de och fritidsutrymmen f\u00f6r studerande och utveckla de serviceformer som kr\u00e4vs f\u00f6r trivseln i bostadsomr\u00e5dena samt p\u00e5 annat s\u00e4tt f\u00f6rb\u00e4ttra de sociala och ekonomiska f\u00f6ruts\u00e4ttningarna f\u00f6r personer som h\u00f6r till dess verksamhetsomr\u00e5de.<\/p>\n<p>Drygt en femtedel av \u00c5bos v\u00e4xande befolkning \u00e4r studenter, av vilka knappt en femtedel erbjuds en bostad av Studentbystiftelsen i \u00c5bo (TYS). Denna femtedelsregel \u00e4r tillr\u00e4cklig exakt som en minnesregel. Att bo p\u00e5 hyra har blivit allt mer popul\u00e4rt i de st\u00f6rsta st\u00e4derna, \u00e4ven i \u00c5bo. I enk\u00e4ten Turku T\u00e4n\u00e4\u00e4n 2018 som genomf\u00f6rdes av tidningen Taloustutkimus g\u00e4llande hyresv\u00e4rdar i \u00c5bo bed\u00f6mde n\u00e4stan 550 personer mellan 15 och 79 \u00e5r fr\u00e5n \u00c5bo, Reso, N\u00e5dendal, S:t Karins och Lundo att TYS \u00e4r den mest k\u00e4nda av tio hyresv\u00e4rdar i \u00c5boregionen. I enk\u00e4ten bed\u00f6mdes boendekostnader vara den viktigaste faktorn vid valet av hyresbostad och TYS ans\u00e5gs vara den f\u00f6rm\u00e5nligaste. Dessutom intog TYS en ledande position p\u00e5 fr\u00e5gan: hur sannolikt skulle du rekommendera hyresv\u00e4rden till en v\u00e4n eller bekant.<\/p>\n<p>TYS anv\u00e4nder ARAs (Finansierings- och utvecklingscentralen f\u00f6r boendet) st\u00f6dformer f\u00f6r att kunna producera f\u00f6rm\u00e5nliga bost\u00e4der f\u00f6r studenter. Det nyaste bostadsobjektet \u00e4r Aitiopaikka, som \u00e4r ett bra exempel p\u00e5 att boende och studentboende p\u00e5 hyra kan vara f\u00f6rm\u00e5nligt och av h\u00f6g standard. Stiftelsen renoverar och underh\u00e5ller \u00e4ven ett gammalt fastighetsbest\u00e5nd. Vid behov kan vi ocks\u00e5 avst\u00e5 fr\u00e5n n\u00e5gra fastigheter, vilket \u00e5 sin sida skulle fr\u00e4mja bl.a. den allm\u00e4nna utvecklingen av utbudet p\u00e5 hyresbost\u00e4der. Dessutom forts\u00e4tter vi att \u00f6ka bostadsbest\u00e5ndet. Vi str\u00e4var efter att bygga tusen nya studentbost\u00e4der under perioden 2018\u20132022. Av dessa finns drygt 250 bost\u00e4der i det nya bostadsobjektet Aitiopaikka, och Tyyssija som h\u00e5ller p\u00e5 att byggas v\u00e4ster om Studentbyn ska rymma lite under 200. N\u00e4sta nya bostadsobjekt \u00e4r Kyl\u00e4nkulma, som ska byggas p\u00e5 \u00f6stra sidan av Studentbyn. Planl\u00e4ggningen framskrider under innevarande \u00e5r och fastigheten ska rymma drygt 350 bost\u00e4der.[\/vc_column_text][\/vc_column][vc_column column_padding=&#8221;no-extra-padding&#8221; column_padding_position=&#8221;all&#8221; background_color_opacity=&#8221;1&#8243; background_hover_color_opacity=&#8221;1&#8243; column_link_target=&#8221;_self&#8221; column_shadow=&#8221;none&#8221; column_border_radius=&#8221;none&#8221; width=&#8221;1\/2&#8243; tablet_width_inherit=&#8221;default&#8221; tablet_text_alignment=&#8221;default&#8221; phone_text_alignment=&#8221;default&#8221; column_border_width=&#8221;none&#8221; column_border_style=&#8221;solid&#8221; bg_image_animation=&#8221;none&#8221;][vc_row_inner column_margin=&#8221;default&#8221; text_align=&#8221;left&#8221;][vc_column_inner column_padding=&#8221;padding-10-percent&#8221; column_padding_position=&#8221;all&#8221; background_color=&#8221;#ffffff&#8221; background_color_opacity=&#8221;1&#8243; background_hover_color_opacity=&#8221;1&#8243; column_shadow=&#8221;none&#8221; column_border_radius=&#8221;none&#8221; column_link_target=&#8221;_self&#8221; width=&#8221;1\/1&#8243; tablet_width_inherit=&#8221;default&#8221; column_border_width=&#8221;none&#8221; column_border_style=&#8221;solid&#8221; bg_image_animation=&#8221;none&#8221;][vc_column_text]TYS \u00e4r med i \u00c5bo stads projekt Kommunbors energiomst\u00e4llning, som \u00e4r en del av ett partnerskap f\u00f6r h\u00e5llbar utveckling som g\u00f6rs tillsammans med Sitra. Syftet med projektet \u00e4r att starta uppmuntrande s\u00e4tt f\u00f6r f\u00f6retag, samfund och kommuninv\u00e5nare att delta i hela \u00c5bos klimatsamarbete och p\u00e5skynda regionens energiomst\u00e4llning. TYS vill granska den totala energieffektiviteten i sina bostadsobjekt och utveckla innovativa energil\u00f6sningar till exempel i de nya bostadsobjekten.<\/p>\n<p>I stiftelsen p\u00e5g\u00e5r som b\u00e4st ett digitaliseringsprojekt f\u00f6r att effektivisera tj\u00e4nster och arbetsformer. Robotteknikens m\u00f6jligheter utreds. TYS planerar att ta i bruk en chatbot under v\u00e5ren 2019 som ska betj\u00e4na kunder vid situationer och tider n\u00e4r den \u00e4r till st\u00f6rst nytta till exempel tack vare sin snabbhet och ofelbarhet. TYS hemsida och intran\u00e4t f\u00f6rnyas under den innevarande v\u00e5ren.<\/p>\n<p>Genom att f\u00f6lja upp hur servicel\u00f6ftena som offentliggjordes i b\u00f6rjan av \u00e5r 2018 har uppfyllts f\u00e5r vi v\u00e4rdefull information om hur v\u00e4l stiftelsens tj\u00e4nster fungerar.<\/p>\n<p>Stiftelsen fick en ny verkst\u00e4llande direkt\u00f6r sommaren 2018 efter att Kalervo Haverinen g\u00e5tt i pension. Risto Siilos b\u00f6rjade som ny verkst\u00e4llande direkt\u00f6r.[\/vc_column_text][\/vc_column_inner][\/vc_row_inner][vc_row_inner column_margin=&#8221;default&#8221; text_align=&#8221;left&#8221;][vc_column_inner column_padding=&#8221;padding-10-percent&#8221; column_padding_position=&#8221;all&#8221; background_color=&#8221;#ffffff&#8221; background_color_opacity=&#8221;1&#8243; background_hover_color_opacity=&#8221;1&#8243; column_shadow=&#8221;none&#8221; column_border_radius=&#8221;none&#8221; column_link_target=&#8221;_self&#8221; width=&#8221;1\/1&#8243; tablet_width_inherit=&#8221;default&#8221; column_border_width=&#8221;none&#8221; column_border_style=&#8221;solid&#8221; bg_image_animation=&#8221;none&#8221;][vc_column_text]Det operativa och ekonomiska resultatet f\u00f6r Studentbystiftelsen i \u00c5bos 52:a verksamhets\u00e5r var som f\u00f6rv\u00e4ntat.<\/p>\n<p>Stiftelsens totalavkastning var under redovisningsperioden cirka 26,7 M\u20ac. Balansomslutningen uppgick till 166,5 M\u20ac. L\u00e5ngfristiga l\u00e5n uppgick till 126,9 M\u20ac. \u00c5bo stad och stiftelsen avtalade om att ers\u00e4tta det i februari 2019 f\u00f6rfallna skuldsaneringsavtalet p\u00e5 cirka 7,6 M\u20ac med ett nytt, r\u00e4nteb\u00e4rande l\u00e5n av samma storlek fr\u00e5n \u00c5bo stad.<\/p>\n<p>Stiftelsen gjorde inga hyresh\u00f6jningar f\u00f6r \u00e5r 2018 och inga hyresh\u00f6jningar f\u00f6r \u00e5r 2019 har heller gjorts. Stiftelsen forts\u00e4tter genomf\u00f6randet av den uppdaterade strategin.[\/vc_column_text][nectar_btn size=&#8221;large&#8221; button_style=&#8221;regular&#8221; button_color_2=&#8221;Extra-Color-1&#8243; icon_family=&#8221;default_arrow&#8221; url=&#8221;\/sv\/vuosikirja-2018#toimitusjohtajankatsaus&#8221; text=&#8221;Tillbaka till \u00e5rsboken&#8221; margin_top=&#8221;40&#8243;][\/vc_column_inner][\/vc_row_inner][\/vc_column][\/vc_row]\n","protected":false},"excerpt":{"rendered":"<p>[vc_row type=&#8221;full_width_background&#8221; full_screen_row_position=&#8221;middle&#8221; bg_color=&#8221;#f7f7f7&#8243; scene_position=&#8221;center&#8221; text_color=&#8221;dark&#8221; text_align=&#8221;left&#8221; top_padding=&#8221;5%&#8221; overlay_strength=&#8221;0.3&#8243; shape_divider_position=&#8221;bottom&#8221; bg_image_animation=&#8221;none&#8221; shape_type=&#8221;&#8221;][vc_column column_padding=&#8221;no-extra-padding&#8221; column_padding_position=&#8221;all&#8221; background_color_opacity=&#8221;1&#8243;&#8230;<\/p>\n","protected":false},"author":1,"featured_media":0,"parent":15504,"menu_order":0,"comment_status":"closed","ping_status":"closed","template":"","meta":{"footnotes":""},"class_list":["post-15509","page","type-page","status-publish"],"yoast_head":"<!-- This site is optimized with the Yoast SEO plugin v27.5 - https:\/\/yoast.com\/product\/yoast-seo-wordpress\/ -->\n<title>Verkst\u00e4llande direkt\u00f6rens \u00f6versikt 2018 | TYS | Turun Ylioppilaskyl\u00e4s\u00e4\u00e4ti\u00f6<\/title>\n<meta name=\"robots\" content=\"index, follow, max-snippet:-1, max-image-preview:large, max-video-preview:-1\" \/>\n<link rel=\"canonical\" href=\"https:\/\/tys.fi\/sv\/arsbok-2018\/verkstallande-direktorens-oversikt-2018\" \/>\n<meta property=\"og:locale\" content=\"sv_SE\" \/>\n<meta property=\"og:type\" content=\"article\" \/>\n<meta property=\"og:title\" content=\"Verkst\u00e4llande direkt\u00f6rens \u00f6versikt 2018 | TYS | Turun Ylioppilaskyl\u00e4s\u00e4\u00e4ti\u00f6\" \/>\n<meta property=\"og:description\" content=\"[vc_row type=&#8221;full_width_background&#8221; full_screen_row_position=&#8221;middle&#8221; bg_color=&#8221;#f7f7f7&#8243; scene_position=&#8221;center&#8221; text_color=&#8221;dark&#8221; text_align=&#8221;left&#8221; top_padding=&#8221;5%&#8221; overlay_strength=&#8221;0.3&#8243; shape_divider_position=&#8221;bottom&#8221; bg_image_animation=&#8221;none&#8221; shape_type=&#8221;&#8221;][vc_column column_padding=&#8221;no-extra-padding&#8221; column_padding_position=&#8221;all&#8221; background_color_opacity=&#8221;1&#8243;...\" \/>\n<meta property=\"og:url\" content=\"https:\/\/tys.fi\/sv\/arsbok-2018\/verkstallande-direktorens-oversikt-2018\" \/>\n<meta property=\"og:site_name\" content=\"Turun Ylioppilaskyl&auml;s&auml;&auml;ti&ouml;\" \/>\n<meta property=\"article:publisher\" content=\"https:\/\/www.facebook.com\/tysturku\/\" \/>\n<meta property=\"article:modified_time\" content=\"2019-06-19T12:50:04+00:00\" \/>\n<meta name=\"twitter:card\" content=\"summary_large_image\" \/>\n<meta name=\"twitter:site\" content=\"@tysturku\" \/>\n<meta name=\"twitter:label1\" content=\"Ber\u00e4knad l\u00e4stid\" \/>\n\t<meta name=\"twitter:data1\" content=\"6 minuter\" \/>\n<script type=\"application\/ld+json\" class=\"yoast-schema-graph\">{\"@context\":\"https:\\\/\\\/schema.org\",\"@graph\":[{\"@type\":\"WebPage\",\"@id\":\"https:\\\/\\\/tys.fi\\\/sv\\\/arsbok-2018\\\/verkstallande-direktorens-oversikt-2018\",\"url\":\"https:\\\/\\\/tys.fi\\\/sv\\\/arsbok-2018\\\/verkstallande-direktorens-oversikt-2018\",\"name\":\"Verkst\u00e4llande direkt\u00f6rens \u00f6versikt 2018 | TYS | Turun Ylioppilaskyl\u00e4s\u00e4\u00e4ti\u00f6\",\"isPartOf\":{\"@id\":\"https:\\\/\\\/tys.fi\\\/#website\"},\"datePublished\":\"2019-05-29T12:58:49+00:00\",\"dateModified\":\"2019-06-19T12:50:04+00:00\",\"breadcrumb\":{\"@id\":\"https:\\\/\\\/tys.fi\\\/sv\\\/arsbok-2018\\\/verkstallande-direktorens-oversikt-2018#breadcrumb\"},\"inLanguage\":\"sv-SE\",\"potentialAction\":[{\"@type\":\"ReadAction\",\"target\":[\"https:\\\/\\\/tys.fi\\\/sv\\\/arsbok-2018\\\/verkstallande-direktorens-oversikt-2018\"]}]},{\"@type\":\"BreadcrumbList\",\"@id\":\"https:\\\/\\\/tys.fi\\\/sv\\\/arsbok-2018\\\/verkstallande-direktorens-oversikt-2018#breadcrumb\",\"itemListElement\":[{\"@type\":\"ListItem\",\"position\":1,\"name\":\"Home\",\"item\":\"https:\\\/\\\/tys.fi\\\/sv\"},{\"@type\":\"ListItem\",\"position\":2,\"name\":\"\u00c5rsbok 2018\",\"item\":\"https:\\\/\\\/tys.fi\\\/sv\\\/arsbok-2018\"},{\"@type\":\"ListItem\",\"position\":3,\"name\":\"Verkst\u00e4llande direkt\u00f6rens \u00f6versikt 2018\"}]},{\"@type\":\"WebSite\",\"@id\":\"https:\\\/\\\/tys.fi\\\/#website\",\"url\":\"https:\\\/\\\/tys.fi\\\/\",\"name\":\"Turun Ylioppilaskyl\u00e4s\u00e4\u00e4ti\u00f6\",\"description\":\"Vuokra-asunnot Turku\",\"publisher\":{\"@id\":\"https:\\\/\\\/tys.fi\\\/#organization\"},\"potentialAction\":[{\"@type\":\"SearchAction\",\"target\":{\"@type\":\"EntryPoint\",\"urlTemplate\":\"https:\\\/\\\/tys.fi\\\/?s={search_term_string}\"},\"query-input\":{\"@type\":\"PropertyValueSpecification\",\"valueRequired\":true,\"valueName\":\"search_term_string\"}}],\"inLanguage\":\"sv-SE\"},{\"@type\":\"Organization\",\"@id\":\"https:\\\/\\\/tys.fi\\\/#organization\",\"name\":\"TYS\",\"url\":\"https:\\\/\\\/tys.fi\\\/\",\"logo\":{\"@type\":\"ImageObject\",\"inLanguage\":\"sv-SE\",\"@id\":\"https:\\\/\\\/tys.fi\\\/#\\\/schema\\\/logo\\\/image\\\/\",\"url\":\"https:\\\/\\\/tys.fi\\\/wp-content\\\/uploads\\\/2019\\\/03\\\/TYS-Logo_Green_500px.png\",\"contentUrl\":\"https:\\\/\\\/tys.fi\\\/wp-content\\\/uploads\\\/2019\\\/03\\\/TYS-Logo_Green_500px.png\",\"width\":500,\"height\":232,\"caption\":\"TYS\"},\"image\":{\"@id\":\"https:\\\/\\\/tys.fi\\\/#\\\/schema\\\/logo\\\/image\\\/\"},\"sameAs\":[\"https:\\\/\\\/www.facebook.com\\\/tysturku\\\/\",\"https:\\\/\\\/x.com\\\/tysturku\",\"https:\\\/\\\/www.instagram.com\\\/tysturku\\\/\",\"https:\\\/\\\/www.linkedin.com\\\/company\\\/tysturku\\\/\",\"https:\\\/\\\/www.youtube.com\\\/channel\\\/UCjKOs8BOiY0SORCB0WWixlw?view_as=subscriber\",\"https:\\\/\\\/fi.wikipedia.org\\\/wiki\\\/Turun_ylioppilaskyl\u00e4s\u00e4\u00e4ti\u00f6\"]}]}<\/script>\n<!-- \/ Yoast SEO plugin. -->","yoast_head_json":{"title":"Verkst\u00e4llande direkt\u00f6rens \u00f6versikt 2018 | TYS | Turun Ylioppilaskyl\u00e4s\u00e4\u00e4ti\u00f6","robots":{"index":"index","follow":"follow","max-snippet":"max-snippet:-1","max-image-preview":"max-image-preview:large","max-video-preview":"max-video-preview:-1"},"canonical":"https:\/\/tys.fi\/sv\/arsbok-2018\/verkstallande-direktorens-oversikt-2018","og_locale":"sv_SE","og_type":"article","og_title":"Verkst\u00e4llande direkt\u00f6rens \u00f6versikt 2018 | TYS | Turun Ylioppilaskyl\u00e4s\u00e4\u00e4ti\u00f6","og_description":"[vc_row type=&#8221;full_width_background&#8221; full_screen_row_position=&#8221;middle&#8221; bg_color=&#8221;#f7f7f7&#8243; scene_position=&#8221;center&#8221; text_color=&#8221;dark&#8221; text_align=&#8221;left&#8221; top_padding=&#8221;5%&#8221; overlay_strength=&#8221;0.3&#8243; shape_divider_position=&#8221;bottom&#8221; bg_image_animation=&#8221;none&#8221; shape_type=&#8221;&#8221;][vc_column column_padding=&#8221;no-extra-padding&#8221; column_padding_position=&#8221;all&#8221; background_color_opacity=&#8221;1&#8243;...","og_url":"https:\/\/tys.fi\/sv\/arsbok-2018\/verkstallande-direktorens-oversikt-2018","og_site_name":"Turun Ylioppilaskyl&auml;s&auml;&auml;ti&ouml;","article_publisher":"https:\/\/www.facebook.com\/tysturku\/","article_modified_time":"2019-06-19T12:50:04+00:00","twitter_card":"summary_large_image","twitter_site":"@tysturku","twitter_misc":{"Ber\u00e4knad l\u00e4stid":"6 minuter"},"schema":{"@context":"https:\/\/schema.org","@graph":[{"@type":"WebPage","@id":"https:\/\/tys.fi\/sv\/arsbok-2018\/verkstallande-direktorens-oversikt-2018","url":"https:\/\/tys.fi\/sv\/arsbok-2018\/verkstallande-direktorens-oversikt-2018","name":"Verkst\u00e4llande direkt\u00f6rens \u00f6versikt 2018 | TYS | Turun Ylioppilaskyl\u00e4s\u00e4\u00e4ti\u00f6","isPartOf":{"@id":"https:\/\/tys.fi\/#website"},"datePublished":"2019-05-29T12:58:49+00:00","dateModified":"2019-06-19T12:50:04+00:00","breadcrumb":{"@id":"https:\/\/tys.fi\/sv\/arsbok-2018\/verkstallande-direktorens-oversikt-2018#breadcrumb"},"inLanguage":"sv-SE","potentialAction":[{"@type":"ReadAction","target":["https:\/\/tys.fi\/sv\/arsbok-2018\/verkstallande-direktorens-oversikt-2018"]}]},{"@type":"BreadcrumbList","@id":"https:\/\/tys.fi\/sv\/arsbok-2018\/verkstallande-direktorens-oversikt-2018#breadcrumb","itemListElement":[{"@type":"ListItem","position":1,"name":"Home","item":"https:\/\/tys.fi\/sv"},{"@type":"ListItem","position":2,"name":"\u00c5rsbok 2018","item":"https:\/\/tys.fi\/sv\/arsbok-2018"},{"@type":"ListItem","position":3,"name":"Verkst\u00e4llande direkt\u00f6rens \u00f6versikt 2018"}]},{"@type":"WebSite","@id":"https:\/\/tys.fi\/#website","url":"https:\/\/tys.fi\/","name":"Turun Ylioppilaskyl\u00e4s\u00e4\u00e4ti\u00f6","description":"Vuokra-asunnot Turku","publisher":{"@id":"https:\/\/tys.fi\/#organization"},"potentialAction":[{"@type":"SearchAction","target":{"@type":"EntryPoint","urlTemplate":"https:\/\/tys.fi\/?s={search_term_string}"},"query-input":{"@type":"PropertyValueSpecification","valueRequired":true,"valueName":"search_term_string"}}],"inLanguage":"sv-SE"},{"@type":"Organization","@id":"https:\/\/tys.fi\/#organization","name":"TYS","url":"https:\/\/tys.fi\/","logo":{"@type":"ImageObject","inLanguage":"sv-SE","@id":"https:\/\/tys.fi\/#\/schema\/logo\/image\/","url":"https:\/\/tys.fi\/wp-content\/uploads\/2019\/03\/TYS-Logo_Green_500px.png","contentUrl":"https:\/\/tys.fi\/wp-content\/uploads\/2019\/03\/TYS-Logo_Green_500px.png","width":500,"height":232,"caption":"TYS"},"image":{"@id":"https:\/\/tys.fi\/#\/schema\/logo\/image\/"},"sameAs":["https:\/\/www.facebook.com\/tysturku\/","https:\/\/x.com\/tysturku","https:\/\/www.instagram.com\/tysturku\/","https:\/\/www.linkedin.com\/company\/tysturku\/","https:\/\/www.youtube.com\/channel\/UCjKOs8BOiY0SORCB0WWixlw?view_as=subscriber","https:\/\/fi.wikipedia.org\/wiki\/Turun_ylioppilaskyl\u00e4s\u00e4\u00e4ti\u00f6"]}]}},"_links":{"self":[{"href":"https:\/\/tys.fi\/sv\/wp-json\/wp\/v2\/pages\/15509","targetHints":{"allow":["GET"]}}],"collection":[{"href":"https:\/\/tys.fi\/sv\/wp-json\/wp\/v2\/pages"}],"about":[{"href":"https:\/\/tys.fi\/sv\/wp-json\/wp\/v2\/types\/page"}],"author":[{"embeddable":true,"href":"https:\/\/tys.fi\/sv\/wp-json\/wp\/v2\/users\/1"}],"replies":[{"embeddable":true,"href":"https:\/\/tys.fi\/sv\/wp-json\/wp\/v2\/comments?post=15509"}],"version-history":[{"count":4,"href":"https:\/\/tys.fi\/sv\/wp-json\/wp\/v2\/pages\/15509\/revisions"}],"predecessor-version":[{"id":15674,"href":"https:\/\/tys.fi\/sv\/wp-json\/wp\/v2\/pages\/15509\/revisions\/15674"}],"up":[{"embeddable":true,"href":"https:\/\/tys.fi\/sv\/wp-json\/wp\/v2\/pages\/15504"}],"wp:attachment":[{"href":"https:\/\/tys.fi\/sv\/wp-json\/wp\/v2\/media?parent=15509"}],"curies":[{"name":"wp","href":"https:\/\/api.w.org\/{rel}","templated":true}]}}