{"id":25814,"date":"2023-10-11T10:25:17","date_gmt":"2023-10-11T07:25:17","guid":{"rendered":"https:\/\/tys.fi\/evasteet"},"modified":"2023-10-11T13:27:31","modified_gmt":"2023-10-11T10:27:31","slug":"evasteet","status":"publish","type":"page","link":"https:\/\/tys.fi\/en\/evasteet","title":{"rendered":"Cookies"},"content":{"rendered":"<p><strong><span style=\"font-size: 24pt;\">Cookies and software used on the website<\/span><\/strong><\/p>\n<p>&nbsp;<\/p>\n<p><strong><span style=\"font-size: 18pt;\">What are cookies?<\/span><\/strong><\/p>\n<p>The TYS website uses cookies. Cookies are small text files stored on your device. Cookies are perfectly safe and pose no risk to your hardware or files.<\/p>\n<p>&nbsp;<\/p>\n<p><strong><span style=\"font-size: 18pt;\">How and why the website uses cookies<\/span><\/strong><\/p>\n<p><strong><span style=\"font-size: 14pt;\">Statistics<\/span><\/strong><\/p>\n<p>We use cookies to collect information on how the website is used. Google Analytics is used to look at how users navigate to the site, how long they spend on the site, how they navigate through the site, and which pages are most popular. We also collect information on the age, gender and location of users, and on users\u2019 devices and browsers. Our aim is to improve the site and develop our services to better meet the needs of our users.<\/p>\n<p><strong><span style=\"font-size: 14pt;\">Functionality<\/span><\/strong><\/p>\n<p>Some cookies are necessary for the website to function properly. Cookies enable the TYS customer service chat and navigation assistant (Giosg) on the site.<\/p>\n<p>&nbsp;<\/p>\n<p><strong><span style=\"font-size: 18pt;\">How long do are cookies saved?<\/span><\/strong><\/p>\n<p>The expiry time of cookies on your device can vary. The expiry time is based on the time of your last visit to the site. Once the cookie expires, it will be deleted automatically.<\/p>\n<p>&nbsp;<\/p>\n<p><strong><span style=\"font-size: 18pt;\">Changing your cookie preferences<\/span><\/strong><\/p>\n<p>You can review or change your preferences at any time by clicking the button on the bottom left of the site.<\/p>\n<p>&nbsp;<\/p>\n<p><strong><span style=\"font-size: 18pt;\">Blocking or deleting cookies<\/span><\/strong><\/p>\n<p>You can block cookies on your device at any time by changing your browser settings. Where these settings can be found depends on the browser you are using. By changing these settings you might disable some website functions and services on your browser, because the site needs to remember your past choices.<\/p>\n<p>You can choose to block Google Analytics cookies \u00a0<u>h<\/u><a href=\"https:\/\/tools.google.com\/dlpage\/gaoptout\">ere<\/a>.<\/p>\n<p>If you wish to block third-party cookies, you can do so\u00a0<u>h<\/u><a href=\"http:\/\/www.youronlinechoices.com\/uk\/your-ad-choices\">ere<\/a>.<\/p>\n<p>&nbsp;<\/p>\n<p><strong><span style=\"font-size: 18pt;\">Deleting cookies<\/span><\/strong><\/p>\n<p>You can delete any previously accepted cookies. If you are using a PC and an up-to-date browser, you can delete your cookies by pressing CTRL + SHIFT + Delete.<\/p>\n<p>If the keyboard shortcut does not work and\/or you are using an Apple computer, find out what browser you are using and click on the relevant link:<\/p>\n<ul>\n<li><a href=\"https:\/\/support.microsoft.com\/en-us\/help\/17442\/windows-internet-explorer-delete-manage-cookies#ie=ie-11\">Internet Explorer<\/a><\/li>\n<li><a href=\"https:\/\/support.mozilla.org\/en-US\/kb\/delete-cookies-remove-info-websites-stored\">Mozilla Firefox<\/a><\/li>\n<li><a href=\"https:\/\/support.google.com\/chrome\/answer\/95647?hl=en\">Google Chrome<\/a><\/li>\n<li><a href=\"https:\/\/www.opera.com\/help\/tutorials\/security\/cookies\">Opera<\/a><\/li>\n<li><a href=\"https:\/\/support.apple.com\/en-us\/HT201265\">Safari<\/a><\/li>\n<li><a href=\"https:\/\/www.macromedia.com\/support\/documentation\/en\/flashplayer\/help\/settings_manager07.html\">Flash cookies<\/a><\/li>\n<li><a href=\"https:\/\/support.apple.com\/en-us\/HT1677\">Apple<\/a><\/li>\n<li><a href=\"https:\/\/timeread.hubpages.com\/hub\/How-to-delete-internet-cookies-on-your-Droid-or-any-Android-device\">Android<\/a><\/li>\n<li><a href=\"https:\/\/support.microsoft.com\/en-us\/help\/11696\/windows-phone-7\">Windows 7<\/a><\/li>\n<\/ul>\n<p><strong>Note:<\/strong> If you use several browsers, you must delete the cookies on each separately.<\/p>\n<p>&nbsp;<\/p>\n<p><strong><span style=\"font-size: 18pt;\">Do you have questions?<\/span><\/strong><\/p>\n<p>If you have any questions or comments on this information and\/or the processing of your personal data, you can contact us at <a href=\"mailto:office@tys.fi\">office@tys.fi<\/a>.<\/p>\n<p>&nbsp;<\/p>\n","protected":false},"excerpt":{"rendered":"<p>Cookies and software used on the website &nbsp; What are cookies? The TYS website uses&#8230;<\/p>\n","protected":false},"author":2,"featured_media":0,"parent":0,"menu_order":0,"comment_status":"closed","ping_status":"closed","template":"","meta":{"footnotes":""},"class_list":["post-25814","page","type-page","status-publish"],"yoast_head":"<!-- This site is optimized with the Yoast SEO plugin v27.4 - https:\/\/yoast.com\/product\/yoast-seo-wordpress\/ -->\n<title>Cookies | TYS | Turun Ylioppilaskyl\u00e4s\u00e4\u00e4ti\u00f6<\/title>\n<meta name=\"robots\" content=\"index, follow, max-snippet:-1, max-image-preview:large, max-video-preview:-1\" \/>\n<link rel=\"canonical\" href=\"https:\/\/tys.fi\/en\/evasteet\" \/>\n<meta property=\"og:locale\" content=\"en_US\" \/>\n<meta property=\"og:type\" content=\"article\" \/>\n<meta property=\"og:title\" content=\"Cookies | TYS | Turun Ylioppilaskyl\u00e4s\u00e4\u00e4ti\u00f6\" \/>\n<meta property=\"og:description\" content=\"Cookies and software used on the website &nbsp; What are cookies? The TYS website uses...\" \/>\n<meta property=\"og:url\" content=\"https:\/\/tys.fi\/en\/evasteet\" \/>\n<meta property=\"og:site_name\" content=\"Turun Ylioppilaskyl&auml;s&auml;&auml;ti&ouml;\" \/>\n<meta property=\"article:publisher\" content=\"https:\/\/www.facebook.com\/tysturku\/\" \/>\n<meta property=\"article:modified_time\" content=\"2023-10-11T10:27:31+00:00\" \/>\n<meta name=\"twitter:card\" content=\"summary_large_image\" \/>\n<meta name=\"twitter:site\" content=\"@tysturku\" \/>\n<meta name=\"twitter:label1\" content=\"Est. reading time\" \/>\n\t<meta name=\"twitter:data1\" content=\"3 minutes\" \/>\n<script type=\"application\/ld+json\" class=\"yoast-schema-graph\">{\"@context\":\"https:\\\/\\\/schema.org\",\"@graph\":[{\"@type\":\"WebPage\",\"@id\":\"https:\\\/\\\/tys.fi\\\/en\\\/evasteet\",\"url\":\"https:\\\/\\\/tys.fi\\\/en\\\/evasteet\",\"name\":\"Cookies | TYS | Turun Ylioppilaskyl\u00e4s\u00e4\u00e4ti\u00f6\",\"isPartOf\":{\"@id\":\"https:\\\/\\\/tys.fi\\\/#website\"},\"datePublished\":\"2023-10-11T07:25:17+00:00\",\"dateModified\":\"2023-10-11T10:27:31+00:00\",\"breadcrumb\":{\"@id\":\"https:\\\/\\\/tys.fi\\\/en\\\/evasteet#breadcrumb\"},\"inLanguage\":\"en-US\",\"potentialAction\":[{\"@type\":\"ReadAction\",\"target\":[\"https:\\\/\\\/tys.fi\\\/en\\\/evasteet\"]}]},{\"@type\":\"BreadcrumbList\",\"@id\":\"https:\\\/\\\/tys.fi\\\/en\\\/evasteet#breadcrumb\",\"itemListElement\":[{\"@type\":\"ListItem\",\"position\":1,\"name\":\"Home\",\"item\":\"https:\\\/\\\/tys.fi\\\/en\"},{\"@type\":\"ListItem\",\"position\":2,\"name\":\"Cookies\"}]},{\"@type\":\"WebSite\",\"@id\":\"https:\\\/\\\/tys.fi\\\/#website\",\"url\":\"https:\\\/\\\/tys.fi\\\/\",\"name\":\"Turun Ylioppilaskyl\u00e4s\u00e4\u00e4ti\u00f6\",\"description\":\"Vuokra-asunnot Turku\",\"publisher\":{\"@id\":\"https:\\\/\\\/tys.fi\\\/#organization\"},\"potentialAction\":[{\"@type\":\"SearchAction\",\"target\":{\"@type\":\"EntryPoint\",\"urlTemplate\":\"https:\\\/\\\/tys.fi\\\/?s={search_term_string}\"},\"query-input\":{\"@type\":\"PropertyValueSpecification\",\"valueRequired\":true,\"valueName\":\"search_term_string\"}}],\"inLanguage\":\"en-US\"},{\"@type\":\"Organization\",\"@id\":\"https:\\\/\\\/tys.fi\\\/#organization\",\"name\":\"TYS\",\"url\":\"https:\\\/\\\/tys.fi\\\/\",\"logo\":{\"@type\":\"ImageObject\",\"inLanguage\":\"en-US\",\"@id\":\"https:\\\/\\\/tys.fi\\\/#\\\/schema\\\/logo\\\/image\\\/\",\"url\":\"https:\\\/\\\/tys.fi\\\/wp-content\\\/uploads\\\/2019\\\/03\\\/TYS-Logo_Green_500px.png\",\"contentUrl\":\"https:\\\/\\\/tys.fi\\\/wp-content\\\/uploads\\\/2019\\\/03\\\/TYS-Logo_Green_500px.png\",\"width\":500,\"height\":232,\"caption\":\"TYS\"},\"image\":{\"@id\":\"https:\\\/\\\/tys.fi\\\/#\\\/schema\\\/logo\\\/image\\\/\"},\"sameAs\":[\"https:\\\/\\\/www.facebook.com\\\/tysturku\\\/\",\"https:\\\/\\\/x.com\\\/tysturku\",\"https:\\\/\\\/www.instagram.com\\\/tysturku\\\/\",\"https:\\\/\\\/www.linkedin.com\\\/company\\\/tysturku\\\/\",\"https:\\\/\\\/www.youtube.com\\\/channel\\\/UCjKOs8BOiY0SORCB0WWixlw?view_as=subscriber\",\"https:\\\/\\\/fi.wikipedia.org\\\/wiki\\\/Turun_ylioppilaskyl\u00e4s\u00e4\u00e4ti\u00f6\"]}]}<\/script>\n<!-- \/ Yoast SEO plugin. -->","yoast_head_json":{"title":"Cookies | TYS | Turun Ylioppilaskyl\u00e4s\u00e4\u00e4ti\u00f6","robots":{"index":"index","follow":"follow","max-snippet":"max-snippet:-1","max-image-preview":"max-image-preview:large","max-video-preview":"max-video-preview:-1"},"canonical":"https:\/\/tys.fi\/en\/evasteet","og_locale":"en_US","og_type":"article","og_title":"Cookies | TYS | Turun Ylioppilaskyl\u00e4s\u00e4\u00e4ti\u00f6","og_description":"Cookies and software used on the website &nbsp; What are cookies? The TYS website uses...","og_url":"https:\/\/tys.fi\/en\/evasteet","og_site_name":"Turun Ylioppilaskyl&auml;s&auml;&auml;ti&ouml;","article_publisher":"https:\/\/www.facebook.com\/tysturku\/","article_modified_time":"2023-10-11T10:27:31+00:00","twitter_card":"summary_large_image","twitter_site":"@tysturku","twitter_misc":{"Est. reading time":"3 minutes"},"schema":{"@context":"https:\/\/schema.org","@graph":[{"@type":"WebPage","@id":"https:\/\/tys.fi\/en\/evasteet","url":"https:\/\/tys.fi\/en\/evasteet","name":"Cookies | TYS | Turun Ylioppilaskyl\u00e4s\u00e4\u00e4ti\u00f6","isPartOf":{"@id":"https:\/\/tys.fi\/#website"},"datePublished":"2023-10-11T07:25:17+00:00","dateModified":"2023-10-11T10:27:31+00:00","breadcrumb":{"@id":"https:\/\/tys.fi\/en\/evasteet#breadcrumb"},"inLanguage":"en-US","potentialAction":[{"@type":"ReadAction","target":["https:\/\/tys.fi\/en\/evasteet"]}]},{"@type":"BreadcrumbList","@id":"https:\/\/tys.fi\/en\/evasteet#breadcrumb","itemListElement":[{"@type":"ListItem","position":1,"name":"Home","item":"https:\/\/tys.fi\/en"},{"@type":"ListItem","position":2,"name":"Cookies"}]},{"@type":"WebSite","@id":"https:\/\/tys.fi\/#website","url":"https:\/\/tys.fi\/","name":"Turun Ylioppilaskyl\u00e4s\u00e4\u00e4ti\u00f6","description":"Vuokra-asunnot Turku","publisher":{"@id":"https:\/\/tys.fi\/#organization"},"potentialAction":[{"@type":"SearchAction","target":{"@type":"EntryPoint","urlTemplate":"https:\/\/tys.fi\/?s={search_term_string}"},"query-input":{"@type":"PropertyValueSpecification","valueRequired":true,"valueName":"search_term_string"}}],"inLanguage":"en-US"},{"@type":"Organization","@id":"https:\/\/tys.fi\/#organization","name":"TYS","url":"https:\/\/tys.fi\/","logo":{"@type":"ImageObject","inLanguage":"en-US","@id":"https:\/\/tys.fi\/#\/schema\/logo\/image\/","url":"https:\/\/tys.fi\/wp-content\/uploads\/2019\/03\/TYS-Logo_Green_500px.png","contentUrl":"https:\/\/tys.fi\/wp-content\/uploads\/2019\/03\/TYS-Logo_Green_500px.png","width":500,"height":232,"caption":"TYS"},"image":{"@id":"https:\/\/tys.fi\/#\/schema\/logo\/image\/"},"sameAs":["https:\/\/www.facebook.com\/tysturku\/","https:\/\/x.com\/tysturku","https:\/\/www.instagram.com\/tysturku\/","https:\/\/www.linkedin.com\/company\/tysturku\/","https:\/\/www.youtube.com\/channel\/UCjKOs8BOiY0SORCB0WWixlw?view_as=subscriber","https:\/\/fi.wikipedia.org\/wiki\/Turun_ylioppilaskyl\u00e4s\u00e4\u00e4ti\u00f6"]}]}},"_links":{"self":[{"href":"https:\/\/tys.fi\/en\/wp-json\/wp\/v2\/pages\/25814","targetHints":{"allow":["GET"]}}],"collection":[{"href":"https:\/\/tys.fi\/en\/wp-json\/wp\/v2\/pages"}],"about":[{"href":"https:\/\/tys.fi\/en\/wp-json\/wp\/v2\/types\/page"}],"author":[{"embeddable":true,"href":"https:\/\/tys.fi\/en\/wp-json\/wp\/v2\/users\/2"}],"replies":[{"embeddable":true,"href":"https:\/\/tys.fi\/en\/wp-json\/wp\/v2\/comments?post=25814"}],"version-history":[{"count":3,"href":"https:\/\/tys.fi\/en\/wp-json\/wp\/v2\/pages\/25814\/revisions"}],"predecessor-version":[{"id":25818,"href":"https:\/\/tys.fi\/en\/wp-json\/wp\/v2\/pages\/25814\/revisions\/25818"}],"wp:attachment":[{"href":"https:\/\/tys.fi\/en\/wp-json\/wp\/v2\/media?parent=25814"}],"curies":[{"name":"wp","href":"https:\/\/api.w.org\/{rel}","templated":true}]}}