{"id":25622,"date":"2023-08-31T16:39:20","date_gmt":"2023-08-31T13:39:20","guid":{"rendered":"https:\/\/tys.fi\/saavutettavuus"},"modified":"2023-08-31T16:58:23","modified_gmt":"2023-08-31T13:58:23","slug":"accessibility","status":"publish","type":"page","link":"https:\/\/tys.fi\/en\/accessibility","title":{"rendered":"Accessibility"},"content":{"rendered":"<h2><strong>Welcome, this is the accessibility statement of the organisation Turku Student Village Foundation<\/strong><\/h2>\n<p>&nbsp;<\/p>\n<p>This accessibility statement pertains to the service www.tys.fi and it has been compiled\/updated on 28th of August 2023. The Act on the Provision of Digital Services applies to the apartment application process and tenant selection. This act requires public online services to be accessible.<\/p>\n<p>The accessibility of the service has been assessed by an external expert organisation.<\/p>\n<p>&nbsp;<\/p>\n<h3><strong>State of the digital services\u2019 accessibility<\/strong><\/h3>\n<p>&nbsp;<\/p>\n<p>Partly fulfils the accessibility requirements.<\/p>\n<p>&nbsp;<\/p>\n<h3><strong>Non-accessible content<\/strong><\/h3>\n<p>&nbsp;<\/p>\n<p><strong>The website does not meet the requirements in all parts<\/strong><\/p>\n<p>&nbsp;<\/p>\n<p><strong><strong><strong><strong><strong>Perceivable: Alternative texts<\/strong><\/strong><\/strong><\/strong><\/strong><\/p>\n<p><strong><strong><strong><strong><strong>Inaccessible content and its issues<\/strong><\/strong><\/strong><\/strong><\/strong><\/p>\n<p>The brand video on the front page has no alternative text<\/p>\n<p><strong>Saavutettavuusvaatimukset jotka eiv\u00e4t t\u00e4yty<\/strong><\/p>\n<ul>\n<li>1.2.1 Audio-only and Video-only (Prerecorded)<\/li>\n<\/ul>\n<p>&nbsp;<\/p>\n<p><strong><strong>Audio-only and Video-only (Prerecorded)<br \/>\n<\/strong><\/strong><br \/>\n<strong>Inaccessible content and its issues<\/strong><\/p>\n<p>On some subpages, the housing services are only presented with icons, which may be difficult to perceive for some users. However, the links in the images have been named consistently, which makes navigation using a screen reader software clearer.<\/p>\n<p><strong>Accessibility requirements not met<\/strong><\/p>\n<ul>\n<li>1.4.5 Images of Text<\/li>\n<\/ul>\n<p>&nbsp;<\/p>\n<h3><strong>Did you notice an accessibility issue with our digital services? Let us know and we will do our best to correct the issue<\/strong><\/h3>\n<p><strong><br \/>\nEmail<\/strong><\/p>\n<p><a href=\"mailto:office@tys.fi\">office@tys.fi<\/a><\/p>\n<h3><strong><br \/>\nSupervisory authority<\/strong><\/h3>\n<p>&nbsp;<\/p>\n<p>If you notice any issues with the website\u2019s accessibility, please first submit feedback to us, the site administrators. The response may take up to 14 days. If you are not satisfied with the response you have received or if you do not receive a response within two weeks, <a href=\"https:\/\/www.webaccessibility.fi\/rights-of-users\/\">you can report the issue to the Regional State Administrative Agency for Southern Finland<\/a> (link opens in a new window). The website of the Regional State Administrative Agency for Southern Finland will have detailed instructions on how to submit a report and how the matter is processed (in Finnish).<\/p>\n<p>&nbsp;<\/p>\n<h3><strong>Contact information for the supervisory authority<\/strong><\/h3>\n<p>&nbsp;<\/p>\n<p>Regional State Administrative Agency for Southern Finland<br \/>\nSupervisory Unit for Web Accessibility<br \/>\nwww.saavutettavuusvaatimukset.fi<br \/>\nsaavutettavuus(at)avi.fi<br \/>\ntelephone number (exchange) +358 295 016\u202f000<\/p>\n<p>&nbsp;<\/p>\n<h3><strong>We are constantly working to improve accessibility<\/strong><\/h3>\n<p><strong><br \/>\n<\/strong><strong>We are committed to improving the accessibility of digital services<\/strong><\/p>\n<p>The organisation is committed to improving the accessibility of digital services. Changes to improve accessibility have been carried out in August 2023, and their processing is continued continuously based on feedback received, for example.<\/p>\n<p><strong>We offer support to users who find digital services inaccessible<\/strong><\/p>\n<p>If you could not access the necessary information on our website, you can contact us by email at office@tys.fi or by phone, +358 2 2750 200.<\/p>\n","protected":false},"excerpt":{"rendered":"<p>Welcome, this is the accessibility statement of the organisation Turku Student Village Foundation &nbsp; This&#8230;<\/p>\n","protected":false},"author":2,"featured_media":0,"parent":0,"menu_order":0,"comment_status":"closed","ping_status":"closed","template":"","meta":{"footnotes":""},"class_list":["post-25622","page","type-page","status-publish"],"yoast_head":"<!-- This site is optimized with the Yoast SEO plugin v27.4 - https:\/\/yoast.com\/product\/yoast-seo-wordpress\/ -->\n<title>Accessibility | TYS | Turun Ylioppilaskyl\u00e4s\u00e4\u00e4ti\u00f6<\/title>\n<meta name=\"robots\" content=\"index, follow, max-snippet:-1, max-image-preview:large, max-video-preview:-1\" \/>\n<link rel=\"canonical\" href=\"https:\/\/tys.fi\/en\/accessibility\" \/>\n<meta property=\"og:locale\" content=\"en_US\" \/>\n<meta property=\"og:type\" content=\"article\" \/>\n<meta property=\"og:title\" content=\"Accessibility | TYS | Turun Ylioppilaskyl\u00e4s\u00e4\u00e4ti\u00f6\" \/>\n<meta property=\"og:description\" content=\"Welcome, this is the accessibility statement of the organisation Turku Student Village Foundation &nbsp; This...\" \/>\n<meta property=\"og:url\" content=\"https:\/\/tys.fi\/en\/accessibility\" \/>\n<meta property=\"og:site_name\" content=\"Turun Ylioppilaskyl&auml;s&auml;&auml;ti&ouml;\" \/>\n<meta property=\"article:publisher\" content=\"https:\/\/www.facebook.com\/tysturku\/\" \/>\n<meta property=\"article:modified_time\" content=\"2023-08-31T13:58:23+00:00\" \/>\n<meta name=\"twitter:card\" content=\"summary_large_image\" \/>\n<meta name=\"twitter:site\" content=\"@tysturku\" \/>\n<meta name=\"twitter:label1\" content=\"Est. reading time\" \/>\n\t<meta name=\"twitter:data1\" content=\"3 minutes\" \/>\n<script type=\"application\/ld+json\" class=\"yoast-schema-graph\">{\"@context\":\"https:\\\/\\\/schema.org\",\"@graph\":[{\"@type\":\"WebPage\",\"@id\":\"https:\\\/\\\/tys.fi\\\/en\\\/accessibility\",\"url\":\"https:\\\/\\\/tys.fi\\\/en\\\/accessibility\",\"name\":\"Accessibility | TYS | Turun Ylioppilaskyl\u00e4s\u00e4\u00e4ti\u00f6\",\"isPartOf\":{\"@id\":\"https:\\\/\\\/tys.fi\\\/#website\"},\"datePublished\":\"2023-08-31T13:39:20+00:00\",\"dateModified\":\"2023-08-31T13:58:23+00:00\",\"breadcrumb\":{\"@id\":\"https:\\\/\\\/tys.fi\\\/en\\\/accessibility#breadcrumb\"},\"inLanguage\":\"en-US\",\"potentialAction\":[{\"@type\":\"ReadAction\",\"target\":[\"https:\\\/\\\/tys.fi\\\/en\\\/accessibility\"]}]},{\"@type\":\"BreadcrumbList\",\"@id\":\"https:\\\/\\\/tys.fi\\\/en\\\/accessibility#breadcrumb\",\"itemListElement\":[{\"@type\":\"ListItem\",\"position\":1,\"name\":\"Home\",\"item\":\"https:\\\/\\\/tys.fi\\\/en\"},{\"@type\":\"ListItem\",\"position\":2,\"name\":\"Accessibility\"}]},{\"@type\":\"WebSite\",\"@id\":\"https:\\\/\\\/tys.fi\\\/#website\",\"url\":\"https:\\\/\\\/tys.fi\\\/\",\"name\":\"Turun Ylioppilaskyl\u00e4s\u00e4\u00e4ti\u00f6\",\"description\":\"Vuokra-asunnot Turku\",\"publisher\":{\"@id\":\"https:\\\/\\\/tys.fi\\\/#organization\"},\"potentialAction\":[{\"@type\":\"SearchAction\",\"target\":{\"@type\":\"EntryPoint\",\"urlTemplate\":\"https:\\\/\\\/tys.fi\\\/?s={search_term_string}\"},\"query-input\":{\"@type\":\"PropertyValueSpecification\",\"valueRequired\":true,\"valueName\":\"search_term_string\"}}],\"inLanguage\":\"en-US\"},{\"@type\":\"Organization\",\"@id\":\"https:\\\/\\\/tys.fi\\\/#organization\",\"name\":\"TYS\",\"url\":\"https:\\\/\\\/tys.fi\\\/\",\"logo\":{\"@type\":\"ImageObject\",\"inLanguage\":\"en-US\",\"@id\":\"https:\\\/\\\/tys.fi\\\/#\\\/schema\\\/logo\\\/image\\\/\",\"url\":\"https:\\\/\\\/tys.fi\\\/wp-content\\\/uploads\\\/2019\\\/03\\\/TYS-Logo_Green_500px.png\",\"contentUrl\":\"https:\\\/\\\/tys.fi\\\/wp-content\\\/uploads\\\/2019\\\/03\\\/TYS-Logo_Green_500px.png\",\"width\":500,\"height\":232,\"caption\":\"TYS\"},\"image\":{\"@id\":\"https:\\\/\\\/tys.fi\\\/#\\\/schema\\\/logo\\\/image\\\/\"},\"sameAs\":[\"https:\\\/\\\/www.facebook.com\\\/tysturku\\\/\",\"https:\\\/\\\/x.com\\\/tysturku\",\"https:\\\/\\\/www.instagram.com\\\/tysturku\\\/\",\"https:\\\/\\\/www.linkedin.com\\\/company\\\/tysturku\\\/\",\"https:\\\/\\\/www.youtube.com\\\/channel\\\/UCjKOs8BOiY0SORCB0WWixlw?view_as=subscriber\",\"https:\\\/\\\/fi.wikipedia.org\\\/wiki\\\/Turun_ylioppilaskyl\u00e4s\u00e4\u00e4ti\u00f6\"]}]}<\/script>\n<!-- \/ Yoast SEO plugin. -->","yoast_head_json":{"title":"Accessibility | TYS | Turun Ylioppilaskyl\u00e4s\u00e4\u00e4ti\u00f6","robots":{"index":"index","follow":"follow","max-snippet":"max-snippet:-1","max-image-preview":"max-image-preview:large","max-video-preview":"max-video-preview:-1"},"canonical":"https:\/\/tys.fi\/en\/accessibility","og_locale":"en_US","og_type":"article","og_title":"Accessibility | TYS | Turun Ylioppilaskyl\u00e4s\u00e4\u00e4ti\u00f6","og_description":"Welcome, this is the accessibility statement of the organisation Turku Student Village Foundation &nbsp; This...","og_url":"https:\/\/tys.fi\/en\/accessibility","og_site_name":"Turun Ylioppilaskyl&auml;s&auml;&auml;ti&ouml;","article_publisher":"https:\/\/www.facebook.com\/tysturku\/","article_modified_time":"2023-08-31T13:58:23+00:00","twitter_card":"summary_large_image","twitter_site":"@tysturku","twitter_misc":{"Est. reading time":"3 minutes"},"schema":{"@context":"https:\/\/schema.org","@graph":[{"@type":"WebPage","@id":"https:\/\/tys.fi\/en\/accessibility","url":"https:\/\/tys.fi\/en\/accessibility","name":"Accessibility | TYS | Turun Ylioppilaskyl\u00e4s\u00e4\u00e4ti\u00f6","isPartOf":{"@id":"https:\/\/tys.fi\/#website"},"datePublished":"2023-08-31T13:39:20+00:00","dateModified":"2023-08-31T13:58:23+00:00","breadcrumb":{"@id":"https:\/\/tys.fi\/en\/accessibility#breadcrumb"},"inLanguage":"en-US","potentialAction":[{"@type":"ReadAction","target":["https:\/\/tys.fi\/en\/accessibility"]}]},{"@type":"BreadcrumbList","@id":"https:\/\/tys.fi\/en\/accessibility#breadcrumb","itemListElement":[{"@type":"ListItem","position":1,"name":"Home","item":"https:\/\/tys.fi\/en"},{"@type":"ListItem","position":2,"name":"Accessibility"}]},{"@type":"WebSite","@id":"https:\/\/tys.fi\/#website","url":"https:\/\/tys.fi\/","name":"Turun Ylioppilaskyl\u00e4s\u00e4\u00e4ti\u00f6","description":"Vuokra-asunnot Turku","publisher":{"@id":"https:\/\/tys.fi\/#organization"},"potentialAction":[{"@type":"SearchAction","target":{"@type":"EntryPoint","urlTemplate":"https:\/\/tys.fi\/?s={search_term_string}"},"query-input":{"@type":"PropertyValueSpecification","valueRequired":true,"valueName":"search_term_string"}}],"inLanguage":"en-US"},{"@type":"Organization","@id":"https:\/\/tys.fi\/#organization","name":"TYS","url":"https:\/\/tys.fi\/","logo":{"@type":"ImageObject","inLanguage":"en-US","@id":"https:\/\/tys.fi\/#\/schema\/logo\/image\/","url":"https:\/\/tys.fi\/wp-content\/uploads\/2019\/03\/TYS-Logo_Green_500px.png","contentUrl":"https:\/\/tys.fi\/wp-content\/uploads\/2019\/03\/TYS-Logo_Green_500px.png","width":500,"height":232,"caption":"TYS"},"image":{"@id":"https:\/\/tys.fi\/#\/schema\/logo\/image\/"},"sameAs":["https:\/\/www.facebook.com\/tysturku\/","https:\/\/x.com\/tysturku","https:\/\/www.instagram.com\/tysturku\/","https:\/\/www.linkedin.com\/company\/tysturku\/","https:\/\/www.youtube.com\/channel\/UCjKOs8BOiY0SORCB0WWixlw?view_as=subscriber","https:\/\/fi.wikipedia.org\/wiki\/Turun_ylioppilaskyl\u00e4s\u00e4\u00e4ti\u00f6"]}]}},"_links":{"self":[{"href":"https:\/\/tys.fi\/en\/wp-json\/wp\/v2\/pages\/25622","targetHints":{"allow":["GET"]}}],"collection":[{"href":"https:\/\/tys.fi\/en\/wp-json\/wp\/v2\/pages"}],"about":[{"href":"https:\/\/tys.fi\/en\/wp-json\/wp\/v2\/types\/page"}],"author":[{"embeddable":true,"href":"https:\/\/tys.fi\/en\/wp-json\/wp\/v2\/users\/2"}],"replies":[{"embeddable":true,"href":"https:\/\/tys.fi\/en\/wp-json\/wp\/v2\/comments?post=25622"}],"version-history":[{"count":3,"href":"https:\/\/tys.fi\/en\/wp-json\/wp\/v2\/pages\/25622\/revisions"}],"predecessor-version":[{"id":25627,"href":"https:\/\/tys.fi\/en\/wp-json\/wp\/v2\/pages\/25622\/revisions\/25627"}],"wp:attachment":[{"href":"https:\/\/tys.fi\/en\/wp-json\/wp\/v2\/media?parent=25622"}],"curies":[{"name":"wp","href":"https:\/\/api.w.org\/{rel}","templated":true}]}}