{"id":22259,"date":"2021-12-23T22:09:49","date_gmt":"2021-12-23T20:09:49","guid":{"rendered":"https:\/\/tys.fi\/?page_id=22259"},"modified":"2026-04-13T12:33:09","modified_gmt":"2026-04-13T09:33:09","slug":"how-are-the-apartments-equipped","status":"publish","type":"page","link":"https:\/\/tys.fi\/en\/how-are-the-apartments-equipped","title":{"rendered":"How are the apartments equipped?"},"content":{"rendered":"[vc_row type=&#8221;full_width_background&#8221; full_screen_row_position=&#8221;middle&#8221; column_margin=&#8221;default&#8221; column_direction=&#8221;default&#8221; column_direction_tablet=&#8221;default&#8221; column_direction_phone=&#8221;default&#8221; bg_image=&#8221;17878&#8243; bg_image_type=&#8221;default&#8221; bg_position=&#8221;center top&#8221; background_image_loading=&#8221;default&#8221; bg_repeat=&#8221;no-repeat&#8221; scene_position=&#8221;center&#8221; top_padding=&#8221;15%&#8221; constrain_group_1=&#8221;yes&#8221; bottom_padding=&#8221;15%&#8221; text_color=&#8221;light&#8221; text_align=&#8221;center&#8221; row_border_radius=&#8221;none&#8221; row_border_radius_applies=&#8221;bg&#8221; row_position_desktop=&#8221;default&#8221; row_position_tablet=&#8221;inherit&#8221; row_position_phone=&#8221;inherit&#8221; overflow=&#8221;visible&#8221; color_overlay=&#8221;rgba(0,0,0,0.66)&#8221; advanced_gradient_angle=&#8221;0&#8243; overlay_strength=&#8221;0.3&#8243; gradient_direction=&#8221;left_to_right&#8221; shape_divider_color=&#8221;#ffffff&#8221; shape_divider_position=&#8221;bottom&#8221; bg_image_animation=&#8221;none&#8221; parallax_bg=&#8221;true&#8221; parallax_bg_speed=&#8221;fixed&#8221; shape_type=&#8221;curve&#8221; gradient_type=&#8221;default&#8221;][vc_column column_padding=&#8221;no-extra-padding&#8221; column_padding_tablet=&#8221;inherit&#8221; column_padding_phone=&#8221;inherit&#8221; column_padding_position=&#8221;all&#8221; flex_gap_desktop=&#8221;10px&#8221; column_element_direction_desktop=&#8221;default&#8221; column_element_spacing=&#8221;default&#8221; desktop_text_alignment=&#8221;default&#8221; tablet_text_alignment=&#8221;default&#8221; phone_text_alignment=&#8221;default&#8221; background_color_opacity=&#8221;1&#8243; background_hover_color_opacity=&#8221;1&#8243; column_backdrop_filter=&#8221;none&#8221; column_shadow=&#8221;none&#8221; column_border_radius=&#8221;none&#8221; column_link_target=&#8221;_self&#8221; column_position=&#8221;default&#8221; gradient_direction=&#8221;left_to_right&#8221; overlay_strength=&#8221;0.3&#8243; width=&#8221;1\/1&#8243; tablet_width_inherit=&#8221;default&#8221; animation_type=&#8221;default&#8221; bg_image_animation=&#8221;none&#8221; border_type=&#8221;simple&#8221; column_border_width=&#8221;none&#8221; column_border_style=&#8221;solid&#8221;][\/vc_column][\/vc_row][vc_row type=&#8221;in_container&#8221; full_screen_row_position=&#8221;middle&#8221; column_margin=&#8221;default&#8221; column_direction=&#8221;default&#8221; column_direction_tablet=&#8221;default&#8221; column_direction_phone=&#8221;default&#8221; scene_position=&#8221;center&#8221; text_color=&#8221;dark&#8221; text_align=&#8221;left&#8221; row_border_radius=&#8221;none&#8221; row_border_radius_applies=&#8221;bg&#8221; row_position_desktop=&#8221;default&#8221; row_position_tablet=&#8221;inherit&#8221; row_position_phone=&#8221;inherit&#8221; overflow=&#8221;visible&#8221; overlay_strength=&#8221;0.3&#8243; gradient_direction=&#8221;left_to_right&#8221; shape_divider_position=&#8221;bottom&#8221; bg_image_animation=&#8221;none&#8221; shape_type=&#8221;&#8221;][vc_column column_padding=&#8221;padding-5-percent&#8221; column_padding_tablet=&#8221;inherit&#8221; column_padding_phone=&#8221;inherit&#8221; column_padding_position=&#8221;all&#8221; top_margin=&#8221;-8%&#8221; flex_gap_desktop=&#8221;10px&#8221; column_element_direction_desktop=&#8221;default&#8221; column_element_spacing=&#8221;default&#8221; centered_text=&#8221;true&#8221; desktop_text_alignment=&#8221;default&#8221; tablet_text_alignment=&#8221;default&#8221; phone_text_alignment=&#8221;default&#8221; background_color=&#8221;#829974&#8243; background_color_opacity=&#8221;1&#8243; background_hover_color_opacity=&#8221;1&#8243; column_backdrop_filter=&#8221;none&#8221; font_color=&#8221;#ffffff&#8221; column_shadow=&#8221;small_depth&#8221; column_border_radius=&#8221;none&#8221; column_link_target=&#8221;_self&#8221; column_position=&#8221;default&#8221; gradient_direction=&#8221;left_to_right&#8221; overlay_strength=&#8221;0.3&#8243; width=&#8221;1\/1&#8243; tablet_width_inherit=&#8221;default&#8221; animation_type=&#8221;default&#8221; bg_image_animation=&#8221;none&#8221; border_type=&#8221;simple&#8221; column_border_width=&#8221;none&#8221; column_border_style=&#8221;solid&#8221; column_padding_type=&#8221;default&#8221; gradient_type=&#8221;default&#8221;][vc_custom_heading text=&#8221;How are the apartments equipped?&#8221; font_container=&#8221;tag:h1|font_size:60|text_align:center|color:%23ffffff|line_height:70px&#8221; use_theme_fonts=&#8221;yes&#8221; css=&#8221;&#8221;][divider line_type=&#8221;No Line&#8221; custom_height=&#8221;20&#8243;][vc_custom_heading text=&#8221;All apartments include certain basic equipment \u2013 but with some exceptions!&#8221; font_container=&#8221;tag:h2|text_align:center|color:%23ffffff&#8221; use_theme_fonts=&#8221;yes&#8221; css=&#8221;&#8221;][\/vc_column][\/vc_row][vc_row type=&#8221;in_container&#8221; full_screen_row_position=&#8221;middle&#8221; column_margin=&#8221;default&#8221; column_direction=&#8221;default&#8221; column_direction_tablet=&#8221;default&#8221; column_direction_phone=&#8221;default&#8221; scene_position=&#8221;center&#8221; top_padding=&#8221;1%&#8221; bottom_padding=&#8221;1%&#8221; text_color=&#8221;dark&#8221; text_align=&#8221;left&#8221; row_border_radius=&#8221;none&#8221; row_border_radius_applies=&#8221;bg&#8221; row_position_desktop=&#8221;default&#8221; row_position_tablet=&#8221;inherit&#8221; row_position_phone=&#8221;inherit&#8221; overflow=&#8221;visible&#8221; overlay_strength=&#8221;0.3&#8243; gradient_direction=&#8221;left_to_right&#8221; shape_divider_position=&#8221;bottom&#8221; bg_image_animation=&#8221;none&#8221; shape_type=&#8221;&#8221; gradient_type=&#8221;default&#8221;][vc_column column_padding=&#8221;padding-5-percent&#8221; column_padding_tablet=&#8221;inherit&#8221; column_padding_phone=&#8221;inherit&#8221; column_padding_position=&#8221;all&#8221; flex_gap_desktop=&#8221;10px&#8221; column_element_direction_desktop=&#8221;default&#8221; column_element_spacing=&#8221;default&#8221; desktop_text_alignment=&#8221;default&#8221; tablet_text_alignment=&#8221;default&#8221; phone_text_alignment=&#8221;default&#8221; background_color_opacity=&#8221;1&#8243; background_hover_color_opacity=&#8221;1&#8243; column_backdrop_filter=&#8221;none&#8221; column_shadow=&#8221;none&#8221; column_border_radius=&#8221;none&#8221; column_link_target=&#8221;_self&#8221; column_position=&#8221;default&#8221; gradient_direction=&#8221;left_to_right&#8221; overlay_strength=&#8221;0.3&#8243; width=&#8221;1\/2&#8243; tablet_width_inherit=&#8221;default&#8221; animation_type=&#8221;default&#8221; bg_image_animation=&#8221;none&#8221; border_type=&#8221;simple&#8221; column_border_width=&#8221;none&#8221; column_border_style=&#8221;solid&#8221;][vc_custom_heading text=&#8221;Choosing the right apartment type&#8221; font_container=&#8221;tag:h3|text_align:left|color:%23829974&#8243; use_theme_fonts=&#8221;yes&#8221; css=&#8221;&#8221;][divider line_type=&#8221;No Line&#8221; custom_height=&#8221;30&#8243;][vc_column_text css=&#8221;&#8221; text_direction=&#8221;default&#8221;]We offer a range of apartment types: single room studio apartments (some with shared kitchens), family apartments and shared apartments. In other words, we&#8217;re bound to have an apartment that fits your needs!<\/p>\n<p><strong>There is a slight language barrier<\/strong> when talking about the number of rooms in different apartment types, so let&#8217;s clear things up from the get go! A TYS two-room apartment, for example, doesn&#8217;t have two bedrooms, but &#8211; quite literally &#8211; <em>two rooms<\/em>. In most cases this might mean a bedroom and a living room. Be sure to check out the layout of the apartment before applying to avoid any surprises!<\/p>\n<p><strong>Please note, that we only allow one tenant in apartments that are smaller than 34m2.<\/strong> The same goes for shared apartments: a room in a shared apartment is intended for one tenant only. So be sure to apply for a family apartment, if you&#8217;re moving together with someone.<\/p>\n<p><strong>Pets<\/strong> are welcome in all our apartments except shared apartments and the housing location Tavasti.[\/vc_column_text][divider line_type=&#8221;No Line&#8221; custom_height=&#8221;30&#8243;][vc_custom_heading text=&#8221;Basic equipment of apartments&#8221; font_container=&#8221;tag:h3|text_align:left|color:%23829974&#8243; use_theme_fonts=&#8221;yes&#8221; css=&#8221;&#8221;][vc_column_text css=&#8221;&#8221; text_direction=&#8221;default&#8221;]The vast majority of our apartments are unfurnished. The expectation of what an unfurnished apartment might include varies a lot between different countries, so here&#8217;s a rundown of what you can expect when moving in to a TYS apartment!<\/p>\n<p>All apartments include some sort of cabinet or wardrobe for your clothes.<\/p>\n<p>The kitchens are equipped with a refrigerator, cabinets, a faucet and a sink and a stove or a stove-oven depending on the type of apartment. Some kitchens have a dishwasher connection, but the dishwasher itself is not included.<\/p>\n<p>The bathrooms are equipped with a shower (no bathtubs), a toilet seat, a mirror and a sink. Some apartments also include a bidet shower. Some apartments have a connection for a washing machine, but the washing machine itself is not included. Shower curtains are not included either.<\/p>\n<p><a href=\"https:\/\/tys.fi\/en\/services\/laundry-room-shifts\">There are laundry rooms and laundry drying rooms available in nearly all housing locations.<\/a>[\/vc_column_text][\/vc_column][vc_column column_padding=&#8221;padding-5-percent&#8221; column_padding_tablet=&#8221;inherit&#8221; column_padding_phone=&#8221;inherit&#8221; column_padding_position=&#8221;all&#8221; flex_gap_desktop=&#8221;10px&#8221; column_element_direction_desktop=&#8221;default&#8221; column_element_spacing=&#8221;default&#8221; desktop_text_alignment=&#8221;default&#8221; tablet_text_alignment=&#8221;default&#8221; phone_text_alignment=&#8221;default&#8221; background_color_opacity=&#8221;1&#8243; background_hover_color_opacity=&#8221;1&#8243; column_backdrop_filter=&#8221;none&#8221; column_shadow=&#8221;none&#8221; column_border_radius=&#8221;none&#8221; column_link_target=&#8221;_self&#8221; column_position=&#8221;default&#8221; gradient_direction=&#8221;left_to_right&#8221; overlay_strength=&#8221;0.3&#8243; width=&#8221;1\/2&#8243; tablet_width_inherit=&#8221;default&#8221; animation_type=&#8221;default&#8221; bg_image_animation=&#8221;none&#8221; border_type=&#8221;simple&#8221; column_border_width=&#8221;none&#8221; column_border_style=&#8221;solid&#8221; column_padding_type=&#8221;default&#8221; gradient_type=&#8221;default&#8221;][vc_custom_heading text=&#8221;Shared kitchen apartments&#8221; font_container=&#8221;tag:h3|text_align:left|color:%23829974&#8243; use_theme_fonts=&#8221;yes&#8221; css=&#8221;&#8221;][divider line_type=&#8221;No Line&#8221; custom_height=&#8221;30&#8243;][vc_column_text css=&#8221;&#8221; text_direction=&#8221;default&#8221;]Some of our single room studio apartments are so called shared kitchen apartments that don&#8217;t include a kitchen. These apartments are still equipped with a small refrigerator and a shelf you can put a microwave oven on. The actual kitchen is located in the hallway has a stove, an oven and cabinets, but no refrigetator. As the name implies, the kitchen is shared between the tenants of that floor.<\/p>\n<p>Want to see what an shared kitchen apartment might look like?<br \/>\n<a href=\"https:\/\/my.matterport.com\/show\/?m=aN5t6QpgJuE\" target=\"_blank\" rel=\"noopener\">You can get familiar with one example via this 3D-showcase!<\/a>[\/vc_column_text][divider line_type=&#8221;No Line&#8221; custom_height=&#8221;30&#8243;][vc_custom_heading text=&#8221;Furnished apartments&#8221; font_container=&#8221;tag:h3|text_align:left|color:%23829974&#8243; use_theme_fonts=&#8221;yes&#8221; css=&#8221;&#8221;][vc_column_text css=&#8221;&#8221; text_direction=&#8221;default&#8221;]A small number of our apartments are furnished. These apartments are found in housing locations Ispuri, Pilvilinna and Student Village East. Get familiar with what&#8217;s included in these apartments below.[\/vc_column_text][toggles style=&#8221;default&#8221; border_radius=&#8221;none&#8221;][toggle color=&#8221;Default&#8221; heading_tag=&#8221;default&#8221; heading_tag_functionality=&#8221;default&#8221; title=&#8221;Pilvilinna (shared apartment)&#8221;][vc_column_text css=&#8221;&#8221; text_direction=&#8221;default&#8221;]Furniture fee 20\u20ac\/month. The furniture includes:<\/p>\n<ul>\n<li>Single 80 cm x 200 cm bed (<strong>mattress is included<\/strong>)<\/li>\n<li>Desk<\/li>\n<li>Chair<\/li>\n<li>Bookcase<\/li>\n<li>Ceiling lamp<\/li>\n<\/ul>\n[\/vc_column_text][vc_column_text][\/vc_column_text][\/toggle][toggle color=&#8221;Default&#8221; heading_tag=&#8221;default&#8221; heading_tag_functionality=&#8221;default&#8221; title=&#8221;Student Village West (shared kitchen apartment)&#8221;][vc_column_text css=&#8221;&#8221; text_direction=&#8221;default&#8221;]For short-term rental only, maximum lease duration of one year.<\/p>\n<p>Furniture fee 20\u20ac\/month. The furniture includes:<\/p>\n<ul>\n<li>Single 80 cm x 200 cm bed (<strong>mattress is included<\/strong>)<\/li>\n<li>Desk<\/li>\n<li>Chair<\/li>\n<li>Ceiling lamp<\/li>\n<\/ul>\n<p>Please note, that only some of the shared kitchen apartments in Student Village West are furnished.[\/vc_column_text][\/toggle][\/toggles][\/vc_column][\/vc_row][vc_row type=&#8221;full_width_background&#8221; full_screen_row_position=&#8221;middle&#8221; column_margin=&#8221;default&#8221; column_direction=&#8221;default&#8221; column_direction_tablet=&#8221;default&#8221; column_direction_phone=&#8221;default&#8221; bg_image=&#8221;17878&#8243; bg_image_type=&#8221;default&#8221; bg_position=&#8221;center bottom&#8221; background_image_loading=&#8221;default&#8221; bg_repeat=&#8221;no-repeat&#8221; scene_position=&#8221;center&#8221; top_padding=&#8221;5%&#8221; bottom_padding=&#8221;5%&#8221; text_color=&#8221;dark&#8221; text_align=&#8221;left&#8221; row_border_radius=&#8221;none&#8221; row_border_radius_applies=&#8221;bg&#8221; row_position_desktop=&#8221;default&#8221; row_position_tablet=&#8221;inherit&#8221; row_position_phone=&#8221;inherit&#8221; overflow=&#8221;visible&#8221; color_overlay=&#8221;#000000&#8243; advanced_gradient_angle=&#8221;0&#8243; overlay_strength=&#8221;0.3&#8243; gradient_direction=&#8221;left_to_right&#8221; shape_divider_position=&#8221;bottom&#8221; bg_image_animation=&#8221;none&#8221; parallax_bg=&#8221;true&#8221; parallax_bg_speed=&#8221;slow&#8221; shape_type=&#8221;&#8221; gradient_type=&#8221;default&#8221;][vc_column column_padding=&#8221;no-extra-padding&#8221; column_padding_tablet=&#8221;inherit&#8221; column_padding_phone=&#8221;inherit&#8221; column_padding_position=&#8221;all&#8221; flex_gap_desktop=&#8221;10px&#8221; column_element_direction_desktop=&#8221;default&#8221; column_element_spacing=&#8221;default&#8221; centered_text=&#8221;true&#8221; desktop_text_alignment=&#8221;default&#8221; tablet_text_alignment=&#8221;default&#8221; phone_text_alignment=&#8221;default&#8221; background_color_opacity=&#8221;1&#8243; background_hover_color_opacity=&#8221;1&#8243; column_backdrop_filter=&#8221;none&#8221; column_shadow=&#8221;none&#8221; column_border_radius=&#8221;none&#8221; column_link_target=&#8221;_self&#8221; column_position=&#8221;default&#8221; gradient_direction=&#8221;left_to_right&#8221; overlay_strength=&#8221;0.3&#8243; width=&#8221;1\/1&#8243; tablet_width_inherit=&#8221;default&#8221; animation_type=&#8221;default&#8221; bg_image_animation=&#8221;none&#8221; border_type=&#8221;simple&#8221; column_border_width=&#8221;none&#8221; column_border_style=&#8221;solid&#8221;][vc_custom_heading text=&#8221;Apply for a TYS apartment today!&#8221; font_container=&#8221;tag:h2|text_align:center|color:%23ffffff&#8221; use_theme_fonts=&#8221;yes&#8221; css=&#8221;&#8221;][nectar_btn size=&#8221;jumbo&#8221; open_new_tab=&#8221;true&#8221; button_style=&#8221;regular&#8221; button_color_2=&#8221;Extra-Color-1&#8243; icon_family=&#8221;default_arrow&#8221; url=&#8221;https:\/\/hakemus.etampuuri.fi\/tys\/&#8221; text=&#8221;Fill in an application&#8221; margin_top=&#8221;30&#8243;][\/vc_column][\/vc_row]\n","protected":false},"excerpt":{"rendered":"<p>[vc_row type=&#8221;full_width_background&#8221; full_screen_row_position=&#8221;middle&#8221; column_margin=&#8221;default&#8221; column_direction=&#8221;default&#8221; column_direction_tablet=&#8221;default&#8221; column_direction_phone=&#8221;default&#8221; bg_image=&#8221;17878&#8243; bg_image_type=&#8221;default&#8221; bg_position=&#8221;center top&#8221; background_image_loading=&#8221;default&#8221; bg_repeat=&#8221;no-repeat&#8221; scene_position=&#8221;center&#8221; top_padding=&#8221;15%&#8221;&#8230;<\/p>\n","protected":false},"author":2,"featured_media":0,"parent":0,"menu_order":0,"comment_status":"closed","ping_status":"closed","template":"","meta":{"footnotes":""},"class_list":["post-22259","page","type-page","status-publish"],"yoast_head":"<!-- This site is optimized with the Yoast SEO plugin v27.4 - https:\/\/yoast.com\/product\/yoast-seo-wordpress\/ -->\n<title>How are the apartments equipped? | TYS | Turun Ylioppilaskyl\u00e4s\u00e4\u00e4ti\u00f6<\/title>\n<meta name=\"description\" content=\"TYS on Turun yliopiston ylioppilaskunnan perustama vuonna 1966. TYS rakentaa, vuokraa ja yll\u00e4pit\u00e4\u00e4 opiskelija-asuntoja Turussa. Katso vinkit asuntohakuun!\" \/>\n<meta name=\"robots\" content=\"index, follow, max-snippet:-1, max-image-preview:large, max-video-preview:-1\" \/>\n<link rel=\"canonical\" href=\"https:\/\/tys.fi\/en\/how-are-the-apartments-equipped\" \/>\n<meta property=\"og:locale\" content=\"en_US\" \/>\n<meta property=\"og:type\" content=\"article\" \/>\n<meta property=\"og:title\" content=\"How are the apartments equipped? | TYS | Turun Ylioppilaskyl\u00e4s\u00e4\u00e4ti\u00f6\" \/>\n<meta property=\"og:description\" content=\"TYS on Turun yliopiston ylioppilaskunnan perustama vuonna 1966. TYS rakentaa, vuokraa ja yll\u00e4pit\u00e4\u00e4 opiskelija-asuntoja Turussa. Katso vinkit asuntohakuun!\" \/>\n<meta property=\"og:url\" content=\"https:\/\/tys.fi\/en\/how-are-the-apartments-equipped\" \/>\n<meta property=\"og:site_name\" content=\"Turun Ylioppilaskyl&auml;s&auml;&auml;ti&ouml;\" \/>\n<meta property=\"article:publisher\" content=\"https:\/\/www.facebook.com\/tysturku\/\" \/>\n<meta property=\"article:modified_time\" content=\"2026-04-13T09:33:09+00:00\" \/>\n<meta name=\"twitter:card\" content=\"summary_large_image\" \/>\n<meta name=\"twitter:site\" content=\"@tysturku\" \/>\n<meta name=\"twitter:label1\" content=\"Est. reading time\" \/>\n\t<meta name=\"twitter:data1\" content=\"4 minutes\" \/>\n<script type=\"application\/ld+json\" class=\"yoast-schema-graph\">{\"@context\":\"https:\\\/\\\/schema.org\",\"@graph\":[{\"@type\":\"WebPage\",\"@id\":\"https:\\\/\\\/tys.fi\\\/en\\\/how-are-the-apartments-equipped\",\"url\":\"https:\\\/\\\/tys.fi\\\/en\\\/how-are-the-apartments-equipped\",\"name\":\"How are the apartments equipped? | TYS | Turun Ylioppilaskyl\u00e4s\u00e4\u00e4ti\u00f6\",\"isPartOf\":{\"@id\":\"https:\\\/\\\/tys.fi\\\/#website\"},\"datePublished\":\"2021-12-23T20:09:49+00:00\",\"dateModified\":\"2026-04-13T09:33:09+00:00\",\"description\":\"TYS on Turun yliopiston ylioppilaskunnan perustama vuonna 1966. TYS rakentaa, vuokraa ja yll\u00e4pit\u00e4\u00e4 opiskelija-asuntoja Turussa. Katso vinkit asuntohakuun!\",\"breadcrumb\":{\"@id\":\"https:\\\/\\\/tys.fi\\\/en\\\/how-are-the-apartments-equipped#breadcrumb\"},\"inLanguage\":\"en-US\",\"potentialAction\":[{\"@type\":\"ReadAction\",\"target\":[\"https:\\\/\\\/tys.fi\\\/en\\\/how-are-the-apartments-equipped\"]}]},{\"@type\":\"BreadcrumbList\",\"@id\":\"https:\\\/\\\/tys.fi\\\/en\\\/how-are-the-apartments-equipped#breadcrumb\",\"itemListElement\":[{\"@type\":\"ListItem\",\"position\":1,\"name\":\"Home\",\"item\":\"https:\\\/\\\/tys.fi\\\/en\"},{\"@type\":\"ListItem\",\"position\":2,\"name\":\"How are the apartments equipped?\"}]},{\"@type\":\"WebSite\",\"@id\":\"https:\\\/\\\/tys.fi\\\/#website\",\"url\":\"https:\\\/\\\/tys.fi\\\/\",\"name\":\"Turun Ylioppilaskyl\u00e4s\u00e4\u00e4ti\u00f6\",\"description\":\"Vuokra-asunnot Turku\",\"publisher\":{\"@id\":\"https:\\\/\\\/tys.fi\\\/#organization\"},\"potentialAction\":[{\"@type\":\"SearchAction\",\"target\":{\"@type\":\"EntryPoint\",\"urlTemplate\":\"https:\\\/\\\/tys.fi\\\/?s={search_term_string}\"},\"query-input\":{\"@type\":\"PropertyValueSpecification\",\"valueRequired\":true,\"valueName\":\"search_term_string\"}}],\"inLanguage\":\"en-US\"},{\"@type\":\"Organization\",\"@id\":\"https:\\\/\\\/tys.fi\\\/#organization\",\"name\":\"TYS\",\"url\":\"https:\\\/\\\/tys.fi\\\/\",\"logo\":{\"@type\":\"ImageObject\",\"inLanguage\":\"en-US\",\"@id\":\"https:\\\/\\\/tys.fi\\\/#\\\/schema\\\/logo\\\/image\\\/\",\"url\":\"https:\\\/\\\/tys.fi\\\/wp-content\\\/uploads\\\/2019\\\/03\\\/TYS-Logo_Green_500px.png\",\"contentUrl\":\"https:\\\/\\\/tys.fi\\\/wp-content\\\/uploads\\\/2019\\\/03\\\/TYS-Logo_Green_500px.png\",\"width\":500,\"height\":232,\"caption\":\"TYS\"},\"image\":{\"@id\":\"https:\\\/\\\/tys.fi\\\/#\\\/schema\\\/logo\\\/image\\\/\"},\"sameAs\":[\"https:\\\/\\\/www.facebook.com\\\/tysturku\\\/\",\"https:\\\/\\\/x.com\\\/tysturku\",\"https:\\\/\\\/www.instagram.com\\\/tysturku\\\/\",\"https:\\\/\\\/www.linkedin.com\\\/company\\\/tysturku\\\/\",\"https:\\\/\\\/www.youtube.com\\\/channel\\\/UCjKOs8BOiY0SORCB0WWixlw?view_as=subscriber\",\"https:\\\/\\\/fi.wikipedia.org\\\/wiki\\\/Turun_ylioppilaskyl\u00e4s\u00e4\u00e4ti\u00f6\"]}]}<\/script>\n<!-- \/ Yoast SEO plugin. -->","yoast_head_json":{"title":"How are the apartments equipped? | TYS | Turun Ylioppilaskyl\u00e4s\u00e4\u00e4ti\u00f6","description":"TYS on Turun yliopiston ylioppilaskunnan perustama vuonna 1966. TYS rakentaa, vuokraa ja yll\u00e4pit\u00e4\u00e4 opiskelija-asuntoja Turussa. Katso vinkit asuntohakuun!","robots":{"index":"index","follow":"follow","max-snippet":"max-snippet:-1","max-image-preview":"max-image-preview:large","max-video-preview":"max-video-preview:-1"},"canonical":"https:\/\/tys.fi\/en\/how-are-the-apartments-equipped","og_locale":"en_US","og_type":"article","og_title":"How are the apartments equipped? | TYS | Turun Ylioppilaskyl\u00e4s\u00e4\u00e4ti\u00f6","og_description":"TYS on Turun yliopiston ylioppilaskunnan perustama vuonna 1966. TYS rakentaa, vuokraa ja yll\u00e4pit\u00e4\u00e4 opiskelija-asuntoja Turussa. Katso vinkit asuntohakuun!","og_url":"https:\/\/tys.fi\/en\/how-are-the-apartments-equipped","og_site_name":"Turun Ylioppilaskyl&auml;s&auml;&auml;ti&ouml;","article_publisher":"https:\/\/www.facebook.com\/tysturku\/","article_modified_time":"2026-04-13T09:33:09+00:00","twitter_card":"summary_large_image","twitter_site":"@tysturku","twitter_misc":{"Est. reading time":"4 minutes"},"schema":{"@context":"https:\/\/schema.org","@graph":[{"@type":"WebPage","@id":"https:\/\/tys.fi\/en\/how-are-the-apartments-equipped","url":"https:\/\/tys.fi\/en\/how-are-the-apartments-equipped","name":"How are the apartments equipped? | TYS | Turun Ylioppilaskyl\u00e4s\u00e4\u00e4ti\u00f6","isPartOf":{"@id":"https:\/\/tys.fi\/#website"},"datePublished":"2021-12-23T20:09:49+00:00","dateModified":"2026-04-13T09:33:09+00:00","description":"TYS on Turun yliopiston ylioppilaskunnan perustama vuonna 1966. TYS rakentaa, vuokraa ja yll\u00e4pit\u00e4\u00e4 opiskelija-asuntoja Turussa. Katso vinkit asuntohakuun!","breadcrumb":{"@id":"https:\/\/tys.fi\/en\/how-are-the-apartments-equipped#breadcrumb"},"inLanguage":"en-US","potentialAction":[{"@type":"ReadAction","target":["https:\/\/tys.fi\/en\/how-are-the-apartments-equipped"]}]},{"@type":"BreadcrumbList","@id":"https:\/\/tys.fi\/en\/how-are-the-apartments-equipped#breadcrumb","itemListElement":[{"@type":"ListItem","position":1,"name":"Home","item":"https:\/\/tys.fi\/en"},{"@type":"ListItem","position":2,"name":"How are the apartments equipped?"}]},{"@type":"WebSite","@id":"https:\/\/tys.fi\/#website","url":"https:\/\/tys.fi\/","name":"Turun Ylioppilaskyl\u00e4s\u00e4\u00e4ti\u00f6","description":"Vuokra-asunnot Turku","publisher":{"@id":"https:\/\/tys.fi\/#organization"},"potentialAction":[{"@type":"SearchAction","target":{"@type":"EntryPoint","urlTemplate":"https:\/\/tys.fi\/?s={search_term_string}"},"query-input":{"@type":"PropertyValueSpecification","valueRequired":true,"valueName":"search_term_string"}}],"inLanguage":"en-US"},{"@type":"Organization","@id":"https:\/\/tys.fi\/#organization","name":"TYS","url":"https:\/\/tys.fi\/","logo":{"@type":"ImageObject","inLanguage":"en-US","@id":"https:\/\/tys.fi\/#\/schema\/logo\/image\/","url":"https:\/\/tys.fi\/wp-content\/uploads\/2019\/03\/TYS-Logo_Green_500px.png","contentUrl":"https:\/\/tys.fi\/wp-content\/uploads\/2019\/03\/TYS-Logo_Green_500px.png","width":500,"height":232,"caption":"TYS"},"image":{"@id":"https:\/\/tys.fi\/#\/schema\/logo\/image\/"},"sameAs":["https:\/\/www.facebook.com\/tysturku\/","https:\/\/x.com\/tysturku","https:\/\/www.instagram.com\/tysturku\/","https:\/\/www.linkedin.com\/company\/tysturku\/","https:\/\/www.youtube.com\/channel\/UCjKOs8BOiY0SORCB0WWixlw?view_as=subscriber","https:\/\/fi.wikipedia.org\/wiki\/Turun_ylioppilaskyl\u00e4s\u00e4\u00e4ti\u00f6"]}]}},"_links":{"self":[{"href":"https:\/\/tys.fi\/en\/wp-json\/wp\/v2\/pages\/22259","targetHints":{"allow":["GET"]}}],"collection":[{"href":"https:\/\/tys.fi\/en\/wp-json\/wp\/v2\/pages"}],"about":[{"href":"https:\/\/tys.fi\/en\/wp-json\/wp\/v2\/types\/page"}],"author":[{"embeddable":true,"href":"https:\/\/tys.fi\/en\/wp-json\/wp\/v2\/users\/2"}],"replies":[{"embeddable":true,"href":"https:\/\/tys.fi\/en\/wp-json\/wp\/v2\/comments?post=22259"}],"version-history":[{"count":7,"href":"https:\/\/tys.fi\/en\/wp-json\/wp\/v2\/pages\/22259\/revisions"}],"predecessor-version":[{"id":31081,"href":"https:\/\/tys.fi\/en\/wp-json\/wp\/v2\/pages\/22259\/revisions\/31081"}],"wp:attachment":[{"href":"https:\/\/tys.fi\/en\/wp-json\/wp\/v2\/media?parent=22259"}],"curies":[{"name":"wp","href":"https:\/\/api.w.org\/{rel}","templated":true}]}}