{"id":1810,"date":"2019-04-26T18:12:17","date_gmt":"2019-04-26T15:12:17","guid":{"rendered":"https:\/\/tys.fi\/?page_id=1810"},"modified":"2025-01-24T14:28:17","modified_gmt":"2025-01-24T12:28:17","slug":"parking-license-on-eparking-system","status":"publish","type":"page","link":"https:\/\/tys.fi\/en\/services\/parking-spaces\/parking-license-on-eparking-system","title":{"rendered":"eParking instructions"},"content":{"rendered":"[vc_row type=&#8221;in_container&#8221; full_screen_row_position=&#8221;middle&#8221; column_margin=&#8221;default&#8221; column_direction=&#8221;default&#8221; column_direction_tablet=&#8221;default&#8221; column_direction_phone=&#8221;default&#8221; scene_position=&#8221;center&#8221; text_color=&#8221;dark&#8221; text_align=&#8221;left&#8221; row_border_radius=&#8221;none&#8221; row_border_radius_applies=&#8221;bg&#8221; overflow=&#8221;visible&#8221; overlay_strength=&#8221;0.3&#8243; gradient_direction=&#8221;left_to_right&#8221; shape_divider_position=&#8221;bottom&#8221; bg_image_animation=&#8221;none&#8221;][vc_column column_padding=&#8221;padding-5-percent&#8221; column_padding_tablet=&#8221;inherit&#8221; column_padding_phone=&#8221;inherit&#8221; column_padding_position=&#8221;all&#8221; column_element_direction_desktop=&#8221;default&#8221; column_element_spacing=&#8221;default&#8221; desktop_text_alignment=&#8221;default&#8221; tablet_text_alignment=&#8221;default&#8221; phone_text_alignment=&#8221;default&#8221; background_color_opacity=&#8221;1&#8243; background_hover_color_opacity=&#8221;1&#8243; column_backdrop_filter=&#8221;none&#8221; column_shadow=&#8221;none&#8221; column_border_radius=&#8221;none&#8221; column_link_target=&#8221;_self&#8221; column_position=&#8221;default&#8221; gradient_direction=&#8221;left_to_right&#8221; overlay_strength=&#8221;0.3&#8243; width=&#8221;1\/1&#8243; tablet_width_inherit=&#8221;default&#8221; animation_type=&#8221;default&#8221; bg_image_animation=&#8221;none&#8221; border_type=&#8221;simple&#8221; column_border_width=&#8221;none&#8221; column_border_style=&#8221;solid&#8221;][vc_custom_heading text=&#8221;Apply for parking permits and reserve parking space on eParking&#8221; font_container=&#8221;tag:h2|text_align:left|color:%23829974&#8243; use_theme_fonts=&#8221;yes&#8221; css=&#8221;&#8221;][\/vc_column][\/vc_row][vc_row type=&#8221;in_container&#8221; full_screen_row_position=&#8221;middle&#8221; column_margin=&#8221;default&#8221; column_direction=&#8221;default&#8221; column_direction_tablet=&#8221;default&#8221; column_direction_phone=&#8221;default&#8221; bg_color=&#8221;#ffffff&#8221; scene_position=&#8221;center&#8221; text_color=&#8221;dark&#8221; text_align=&#8221;left&#8221; row_border_radius=&#8221;none&#8221; row_border_radius_applies=&#8221;bg&#8221; overflow=&#8221;visible&#8221; overlay_strength=&#8221;0.3&#8243; gradient_direction=&#8221;left_to_right&#8221; shape_divider_position=&#8221;bottom&#8221; bg_image_animation=&#8221;none&#8221; shape_type=&#8221;&#8221; gradient_type=&#8221;default&#8221;][vc_column column_padding=&#8221;padding-5-percent&#8221; column_padding_tablet=&#8221;inherit&#8221; column_padding_phone=&#8221;inherit&#8221; column_padding_position=&#8221;all&#8221; column_element_direction_desktop=&#8221;default&#8221; column_element_spacing=&#8221;default&#8221; desktop_text_alignment=&#8221;default&#8221; tablet_text_alignment=&#8221;default&#8221; phone_text_alignment=&#8221;default&#8221; background_color=&#8221;#ffffff&#8221; background_color_opacity=&#8221;1&#8243; background_hover_color_opacity=&#8221;1&#8243; column_backdrop_filter=&#8221;none&#8221; column_shadow=&#8221;none&#8221; column_border_radius=&#8221;none&#8221; column_link_target=&#8221;_self&#8221; column_position=&#8221;default&#8221; gradient_direction=&#8221;left_to_right&#8221; overlay_strength=&#8221;0.3&#8243; width=&#8221;1\/2&#8243; tablet_width_inherit=&#8221;default&#8221; animation_type=&#8221;default&#8221; bg_image_animation=&#8221;none&#8221; border_type=&#8221;simple&#8221; column_border_width=&#8221;none&#8221; column_border_style=&#8221;solid&#8221; column_padding_type=&#8221;default&#8221; gradient_type=&#8221;default&#8221;][vc_column_text css=&#8221;&#8221; text_direction=&#8221;default&#8221;]\n<h4>All TYS parking areas require a parking permit<\/h4>\n<p>&nbsp;<\/p>\n<p><strong>All parking areas of the Turku Student Village Foundation (TYS) housing locations require a parking permit via the eParking application.<\/strong><\/p>\n<p>Every TYS tenant can get a parking permit to their housing locations parking area. The parking permit is available for the tenants free of charge, but the tenant has to 1. apply for a parking licance in the eParking app and after the license has been granted 2. reserve a right to park in a chosen parking area via app. The parking permit expires when the lease of the apartment ends.<\/p>\n<p>Please note that there are not enough parking spaces for every tenant in TYS housing locations. The parking permit does not guarantee a free space but provides you the right to park if there are free spaces in your housing locations parking area (except for the paid spaces with heating poles).<\/p>\n<p>The reservation and billing of the paid parking spaces with heating poles is also managed through eParking. All the parking spaces at housing location Aitiopaikka are paid spaces with heating poles, but the Aitiopaikka tenants can apply for a parking permit to the cost-free parking areas of Nummenranta.<\/p>\n<p>Wrongly parked vehicles will be fined. Parking control is provided by ParkkiPate Oy. Possible reclamations regarding fines and the like issued by ParkkiPate must be addressed directly to ParkkiPate as instructed in the notice accompanying the fine.[\/vc_column_text][vc_column_text css=&#8221;&#8221; text_direction=&#8221;default&#8221;]\n<h5><strong>Billing of paid heating pole spaces<\/strong><\/h5>\n<p>eParking will send invoices via email to residents who have rented a parking space with a heating pole. Mark the sender of the message as trusted and check your email spam folder regularly to be sure. If the invoice is not paid by the due date, the parking right will be terminated. Parking error fees due to an unpaid invoice will not be refunded.<\/p>\n<p>You can see your current reservations under the section \u201dMy reservations\u201d.\u00a0 In this section you can also update the registration number of the vehicle which you\u2019re currently using.<\/p>\n<p>The person parking the vehicle is personally responsible for setting the parked vehicle\u2019s registration number as the active registration number in the app. The parking permit for regular parking spaces can be active for one registration number at a time. Meanwhile, tenants who have reserved a paid space with a heating pole can input multiple registration numbers under their contract, after which all these vehicles have the right to use the heating pole space for parking.<\/p>\n<h5><\/h5>\n<h5><strong>Visitor parking<\/strong><\/h5>\n<p>Guests may park in streetside parking spaces and the dedicated guest parking spots available at Kiertot\u00e4hti, Tavasti and the Student Village. It\u2019s also possible to apply for a parking permit to your housing location and input the registration number of your guest\u2019s car. However, please note that the parking permit may only be active for one registration number at a time.<\/p>\n<p>Please consider that when applying for a parking permit for the first time, the processing may 1-5 business days. Once you have been granted a parking permit, you can add registration numbers and switch between them without delay.<\/p>\n<p>If you have a recurring need for guest parking, you can rent a parking space with a heating space for your car. This way, you can keep your guest\u2019s registration number active in your parking permit, so they can use the regular parking spaces at your housing location. If you believe that your housing location should have more dedicated guest parking, please contact your local tenant committee.<\/p>\n<h5><strong>Visiting TYS office and moving in or out<\/strong><\/h5>\n<p>There are some free customer spaces for customers visiting the TYS office at Inspehtorinkatu.<\/p>\n<p>Please note that parking in yards and rescue routes is forbidden \u2013 but short-term temporary parking in the yards is allowed when moving in or out of the building or when making a quick delivery. Parking control can also be asked to fine a vehicle that is parked in a reserved space.<\/p>\n<h5><\/h5>\n[\/vc_column_text][divider line_type=&#8221;No Line&#8221;][\/vc_column][vc_column column_padding=&#8221;padding-5-percent&#8221; column_padding_tablet=&#8221;inherit&#8221; column_padding_phone=&#8221;inherit&#8221; column_padding_position=&#8221;all&#8221; column_element_direction_desktop=&#8221;default&#8221; column_element_spacing=&#8221;default&#8221; desktop_text_alignment=&#8221;default&#8221; tablet_text_alignment=&#8221;default&#8221; phone_text_alignment=&#8221;default&#8221; background_color=&#8221;#dbdbdb&#8221; background_color_opacity=&#8221;1&#8243; background_hover_color_opacity=&#8221;1&#8243; column_backdrop_filter=&#8221;none&#8221; column_shadow=&#8221;none&#8221; column_border_radius=&#8221;none&#8221; column_link_target=&#8221;_self&#8221; column_position=&#8221;default&#8221; gradient_direction=&#8221;left_to_right&#8221; overlay_strength=&#8221;0.3&#8243; width=&#8221;1\/2&#8243; tablet_width_inherit=&#8221;default&#8221; animation_type=&#8221;default&#8221; bg_image_animation=&#8221;none&#8221; border_type=&#8221;simple&#8221; column_border_width=&#8221;none&#8221; column_border_style=&#8221;solid&#8221; column_padding_type=&#8221;default&#8221; gradient_type=&#8221;default&#8221;][vc_column_text css=&#8221;&#8221; text_direction=&#8221;default&#8221;]\n<h4>Do these two things before parking<\/h4>\n<p>Before parking in TYS&#8217;s parking area, you need to apply for a parking permit and book a parking space in your housing locations parking area. Please note that even parking in free &#8220;cold&#8221; parking spots requires booking a parking space!<\/p>\n<h5><strong>1. Applying for a parking permit<\/strong><\/h5>\n<p>Register at www.eparking.fi or by installing the eParking app to your phone. The username is your email address (we suggest you use the same email address which you\u2019ve given to TYS). You can also register with your Google account, when your information will be transferred automatically to the system.<\/p>\n<p><strong>Please note!<\/strong> Don&#8217;t register with Haka-credentials, or you won&#8217;t be able to apply for TYS parking spaces.<\/p>\n<p>Please <a href=\"https:\/\/en.web.eparking.fi\/ota-yhteytta\">contact the eParking customer service<\/a> if you need assistance with registration or using the app.<\/p>\n<p>You can download the eParking app from Google Play or the App Store.\u00a0<a href=\"https:\/\/eparking.fi\/en#!\/newuser\">You can find the instructions for using the app on eparking.fi.<\/a><\/p>\n<ol>\n<li>Install the app.<\/li>\n<li>Open the app and locate your housing location on the map.<\/li>\n<li>Press the lock-symbol and choose \u201cTurun Ylioppilaskyl\u00e4s\u00e4\u00e4ti\u00f6\u201d from the drop menu.<\/li>\n<li>Press \u201cJatka\u201d and choose your housing location from the dropdown list.<\/li>\n<li>Send the application. Your tenant status with TYS is checked by eParking within 1-5 business days.<\/li>\n<li>Add your registration number under the permit, after your application has been accepted.<\/li>\n<\/ol>\n<p>When your application has been accepted, you\u2019ll receive an email from eParking. You will still need to book a parking space in eParking.<\/p>\n<p><strong>Please note! You must do this step even if you won&#8217;t be using a paid personal parking space.<\/strong><\/p>\n<h5><strong>2. Booking a parking space in eParking:<\/strong><\/h5>\n<ol>\n<li>Open eParking.<\/li>\n<li>Change the map view to the contract parking map by selecting the calendar icon from the icons displayed at the bottom right of the map. The application informs that &#8220;Selected contract map&#8221;.<\/li>\n<li>Search for the parking area of \u200b\u200byour housing association or workplace based on the address or location. The application shows on the map in blue the parking areas to which you have parking rights based on your approved contract.<\/li>\n<li>Move the cursor over the correct parking area on the map and press &#8220;Select&#8221;.<\/li>\n<li>Select the type of your parking space. Please note that not all parking areas may offer all the types of parking spaces described above. After choosing the type of your parking place, press &#8220;Next&#8221;. If the type of parking space you selected is not available in the parking area, you can queue up.<\/li>\n<li>On the next page, select the start date of the contract and the billing interval. Fill in the additional information. Please note that if you wish, you can already add the registration numbers of all vehicles in use to the reservation at this stage.<\/li>\n<li>Press \u201cNext\u201d.<\/li>\n<li>Check that the information is correct.<\/li>\n<li>Read and accept the terms of use.<\/li>\n<li>Finally, press &#8220;Confirm&#8221;.<\/li>\n<\/ol>\n<p>Your parking space reservation takes effect on the start date of the contract you have chosen, and you can then start parking in the parking area.<\/p>\n<p>Your permit can be active for one registration number at a time, but you can still enter multiple registration numbers under one permit and switch between them. When parking, make sure that the registration number of the car being parked is active in the app.[\/vc_column_text][\/vc_column][\/vc_row]\n","protected":false},"excerpt":{"rendered":"<p>[vc_row type=&#8221;in_container&#8221; full_screen_row_position=&#8221;middle&#8221; column_margin=&#8221;default&#8221; column_direction=&#8221;default&#8221; column_direction_tablet=&#8221;default&#8221; column_direction_phone=&#8221;default&#8221; scene_position=&#8221;center&#8221; text_color=&#8221;dark&#8221; text_align=&#8221;left&#8221; row_border_radius=&#8221;none&#8221; row_border_radius_applies=&#8221;bg&#8221; overflow=&#8221;visible&#8221; overlay_strength=&#8221;0.3&#8243; gradient_direction=&#8221;left_to_right&#8221;&#8230;<\/p>\n","protected":false},"author":1,"featured_media":0,"parent":1577,"menu_order":0,"comment_status":"closed","ping_status":"closed","template":"","meta":{"footnotes":""},"class_list":["post-1810","page","type-page","status-publish"],"yoast_head":"<!-- This site is optimized with the Yoast SEO plugin v27.6 - https:\/\/yoast.com\/product\/yoast-seo-wordpress\/ -->\n<title>eParking instructions | TYS | Turun Ylioppilaskyl\u00e4s\u00e4\u00e4ti\u00f6<\/title>\n<meta name=\"robots\" content=\"index, follow, max-snippet:-1, max-image-preview:large, max-video-preview:-1\" \/>\n<link rel=\"canonical\" href=\"https:\/\/tys.fi\/en\/services\/parking-spaces\/parking-license-on-eparking-system\" \/>\n<meta property=\"og:locale\" content=\"en_US\" \/>\n<meta property=\"og:type\" content=\"article\" \/>\n<meta property=\"og:title\" content=\"eParking instructions | TYS | Turun Ylioppilaskyl\u00e4s\u00e4\u00e4ti\u00f6\" \/>\n<meta property=\"og:description\" content=\"[vc_row type=&#8221;in_container&#8221; full_screen_row_position=&#8221;middle&#8221; column_margin=&#8221;default&#8221; column_direction=&#8221;default&#8221; column_direction_tablet=&#8221;default&#8221; column_direction_phone=&#8221;default&#8221; scene_position=&#8221;center&#8221; text_color=&#8221;dark&#8221; text_align=&#8221;left&#8221; row_border_radius=&#8221;none&#8221; row_border_radius_applies=&#8221;bg&#8221; overflow=&#8221;visible&#8221; overlay_strength=&#8221;0.3&#8243; gradient_direction=&#8221;left_to_right&#8221;...\" \/>\n<meta property=\"og:url\" content=\"https:\/\/tys.fi\/en\/services\/parking-spaces\/parking-license-on-eparking-system\" \/>\n<meta property=\"og:site_name\" content=\"Turun Ylioppilaskyl&auml;s&auml;&auml;ti&ouml;\" \/>\n<meta property=\"article:publisher\" content=\"https:\/\/www.facebook.com\/tysturku\/\" \/>\n<meta property=\"article:modified_time\" content=\"2025-01-24T12:28:17+00:00\" \/>\n<meta name=\"twitter:card\" content=\"summary_large_image\" \/>\n<meta name=\"twitter:site\" content=\"@tysturku\" \/>\n<meta name=\"twitter:label1\" content=\"Est. reading time\" \/>\n\t<meta name=\"twitter:data1\" content=\"8 minutes\" \/>\n<script type=\"application\/ld+json\" class=\"yoast-schema-graph\">{\"@context\":\"https:\\\/\\\/schema.org\",\"@graph\":[{\"@type\":\"WebPage\",\"@id\":\"https:\\\/\\\/tys.fi\\\/en\\\/services\\\/parking-spaces\\\/parking-license-on-eparking-system\",\"url\":\"https:\\\/\\\/tys.fi\\\/en\\\/services\\\/parking-spaces\\\/parking-license-on-eparking-system\",\"name\":\"eParking instructions | TYS | Turun Ylioppilaskyl\u00e4s\u00e4\u00e4ti\u00f6\",\"isPartOf\":{\"@id\":\"https:\\\/\\\/tys.fi\\\/#website\"},\"datePublished\":\"2019-04-26T15:12:17+00:00\",\"dateModified\":\"2025-01-24T12:28:17+00:00\",\"breadcrumb\":{\"@id\":\"https:\\\/\\\/tys.fi\\\/en\\\/services\\\/parking-spaces\\\/parking-license-on-eparking-system#breadcrumb\"},\"inLanguage\":\"en-US\",\"potentialAction\":[{\"@type\":\"ReadAction\",\"target\":[\"https:\\\/\\\/tys.fi\\\/en\\\/services\\\/parking-spaces\\\/parking-license-on-eparking-system\"]}]},{\"@type\":\"BreadcrumbList\",\"@id\":\"https:\\\/\\\/tys.fi\\\/en\\\/services\\\/parking-spaces\\\/parking-license-on-eparking-system#breadcrumb\",\"itemListElement\":[{\"@type\":\"ListItem\",\"position\":1,\"name\":\"Home\",\"item\":\"https:\\\/\\\/tys.fi\\\/en\"},{\"@type\":\"ListItem\",\"position\":2,\"name\":\"Services\",\"item\":\"https:\\\/\\\/tys.fi\\\/en\\\/services\"},{\"@type\":\"ListItem\",\"position\":3,\"name\":\"Parking spaces\",\"item\":\"https:\\\/\\\/tys.fi\\\/en\\\/services\\\/parking-spaces\"},{\"@type\":\"ListItem\",\"position\":4,\"name\":\"eParking instructions\"}]},{\"@type\":\"WebSite\",\"@id\":\"https:\\\/\\\/tys.fi\\\/#website\",\"url\":\"https:\\\/\\\/tys.fi\\\/\",\"name\":\"Turun Ylioppilaskyl\u00e4s\u00e4\u00e4ti\u00f6\",\"description\":\"Vuokra-asunnot Turku\",\"publisher\":{\"@id\":\"https:\\\/\\\/tys.fi\\\/#organization\"},\"potentialAction\":[{\"@type\":\"SearchAction\",\"target\":{\"@type\":\"EntryPoint\",\"urlTemplate\":\"https:\\\/\\\/tys.fi\\\/?s={search_term_string}\"},\"query-input\":{\"@type\":\"PropertyValueSpecification\",\"valueRequired\":true,\"valueName\":\"search_term_string\"}}],\"inLanguage\":\"en-US\"},{\"@type\":\"Organization\",\"@id\":\"https:\\\/\\\/tys.fi\\\/#organization\",\"name\":\"TYS\",\"url\":\"https:\\\/\\\/tys.fi\\\/\",\"logo\":{\"@type\":\"ImageObject\",\"inLanguage\":\"en-US\",\"@id\":\"https:\\\/\\\/tys.fi\\\/#\\\/schema\\\/logo\\\/image\\\/\",\"url\":\"https:\\\/\\\/tys.fi\\\/wp-content\\\/uploads\\\/2019\\\/03\\\/TYS-Logo_Green_500px.png\",\"contentUrl\":\"https:\\\/\\\/tys.fi\\\/wp-content\\\/uploads\\\/2019\\\/03\\\/TYS-Logo_Green_500px.png\",\"width\":500,\"height\":232,\"caption\":\"TYS\"},\"image\":{\"@id\":\"https:\\\/\\\/tys.fi\\\/#\\\/schema\\\/logo\\\/image\\\/\"},\"sameAs\":[\"https:\\\/\\\/www.facebook.com\\\/tysturku\\\/\",\"https:\\\/\\\/x.com\\\/tysturku\",\"https:\\\/\\\/www.instagram.com\\\/tysturku\\\/\",\"https:\\\/\\\/www.linkedin.com\\\/company\\\/tysturku\\\/\",\"https:\\\/\\\/www.youtube.com\\\/channel\\\/UCjKOs8BOiY0SORCB0WWixlw?view_as=subscriber\",\"https:\\\/\\\/fi.wikipedia.org\\\/wiki\\\/Turun_ylioppilaskyl\u00e4s\u00e4\u00e4ti\u00f6\"]}]}<\/script>\n<!-- \/ Yoast SEO plugin. -->","yoast_head_json":{"title":"eParking instructions | TYS | Turun Ylioppilaskyl\u00e4s\u00e4\u00e4ti\u00f6","robots":{"index":"index","follow":"follow","max-snippet":"max-snippet:-1","max-image-preview":"max-image-preview:large","max-video-preview":"max-video-preview:-1"},"canonical":"https:\/\/tys.fi\/en\/services\/parking-spaces\/parking-license-on-eparking-system","og_locale":"en_US","og_type":"article","og_title":"eParking instructions | TYS | Turun Ylioppilaskyl\u00e4s\u00e4\u00e4ti\u00f6","og_description":"[vc_row type=&#8221;in_container&#8221; full_screen_row_position=&#8221;middle&#8221; column_margin=&#8221;default&#8221; column_direction=&#8221;default&#8221; column_direction_tablet=&#8221;default&#8221; column_direction_phone=&#8221;default&#8221; scene_position=&#8221;center&#8221; text_color=&#8221;dark&#8221; text_align=&#8221;left&#8221; row_border_radius=&#8221;none&#8221; row_border_radius_applies=&#8221;bg&#8221; overflow=&#8221;visible&#8221; overlay_strength=&#8221;0.3&#8243; gradient_direction=&#8221;left_to_right&#8221;...","og_url":"https:\/\/tys.fi\/en\/services\/parking-spaces\/parking-license-on-eparking-system","og_site_name":"Turun Ylioppilaskyl&auml;s&auml;&auml;ti&ouml;","article_publisher":"https:\/\/www.facebook.com\/tysturku\/","article_modified_time":"2025-01-24T12:28:17+00:00","twitter_card":"summary_large_image","twitter_site":"@tysturku","twitter_misc":{"Est. reading time":"8 minutes"},"schema":{"@context":"https:\/\/schema.org","@graph":[{"@type":"WebPage","@id":"https:\/\/tys.fi\/en\/services\/parking-spaces\/parking-license-on-eparking-system","url":"https:\/\/tys.fi\/en\/services\/parking-spaces\/parking-license-on-eparking-system","name":"eParking instructions | TYS | Turun Ylioppilaskyl\u00e4s\u00e4\u00e4ti\u00f6","isPartOf":{"@id":"https:\/\/tys.fi\/#website"},"datePublished":"2019-04-26T15:12:17+00:00","dateModified":"2025-01-24T12:28:17+00:00","breadcrumb":{"@id":"https:\/\/tys.fi\/en\/services\/parking-spaces\/parking-license-on-eparking-system#breadcrumb"},"inLanguage":"en-US","potentialAction":[{"@type":"ReadAction","target":["https:\/\/tys.fi\/en\/services\/parking-spaces\/parking-license-on-eparking-system"]}]},{"@type":"BreadcrumbList","@id":"https:\/\/tys.fi\/en\/services\/parking-spaces\/parking-license-on-eparking-system#breadcrumb","itemListElement":[{"@type":"ListItem","position":1,"name":"Home","item":"https:\/\/tys.fi\/en"},{"@type":"ListItem","position":2,"name":"Services","item":"https:\/\/tys.fi\/en\/services"},{"@type":"ListItem","position":3,"name":"Parking spaces","item":"https:\/\/tys.fi\/en\/services\/parking-spaces"},{"@type":"ListItem","position":4,"name":"eParking instructions"}]},{"@type":"WebSite","@id":"https:\/\/tys.fi\/#website","url":"https:\/\/tys.fi\/","name":"Turun Ylioppilaskyl\u00e4s\u00e4\u00e4ti\u00f6","description":"Vuokra-asunnot Turku","publisher":{"@id":"https:\/\/tys.fi\/#organization"},"potentialAction":[{"@type":"SearchAction","target":{"@type":"EntryPoint","urlTemplate":"https:\/\/tys.fi\/?s={search_term_string}"},"query-input":{"@type":"PropertyValueSpecification","valueRequired":true,"valueName":"search_term_string"}}],"inLanguage":"en-US"},{"@type":"Organization","@id":"https:\/\/tys.fi\/#organization","name":"TYS","url":"https:\/\/tys.fi\/","logo":{"@type":"ImageObject","inLanguage":"en-US","@id":"https:\/\/tys.fi\/#\/schema\/logo\/image\/","url":"https:\/\/tys.fi\/wp-content\/uploads\/2019\/03\/TYS-Logo_Green_500px.png","contentUrl":"https:\/\/tys.fi\/wp-content\/uploads\/2019\/03\/TYS-Logo_Green_500px.png","width":500,"height":232,"caption":"TYS"},"image":{"@id":"https:\/\/tys.fi\/#\/schema\/logo\/image\/"},"sameAs":["https:\/\/www.facebook.com\/tysturku\/","https:\/\/x.com\/tysturku","https:\/\/www.instagram.com\/tysturku\/","https:\/\/www.linkedin.com\/company\/tysturku\/","https:\/\/www.youtube.com\/channel\/UCjKOs8BOiY0SORCB0WWixlw?view_as=subscriber","https:\/\/fi.wikipedia.org\/wiki\/Turun_ylioppilaskyl\u00e4s\u00e4\u00e4ti\u00f6"]}]}},"_links":{"self":[{"href":"https:\/\/tys.fi\/en\/wp-json\/wp\/v2\/pages\/1810","targetHints":{"allow":["GET"]}}],"collection":[{"href":"https:\/\/tys.fi\/en\/wp-json\/wp\/v2\/pages"}],"about":[{"href":"https:\/\/tys.fi\/en\/wp-json\/wp\/v2\/types\/page"}],"author":[{"embeddable":true,"href":"https:\/\/tys.fi\/en\/wp-json\/wp\/v2\/users\/1"}],"replies":[{"embeddable":true,"href":"https:\/\/tys.fi\/en\/wp-json\/wp\/v2\/comments?post=1810"}],"version-history":[{"count":5,"href":"https:\/\/tys.fi\/en\/wp-json\/wp\/v2\/pages\/1810\/revisions"}],"predecessor-version":[{"id":29022,"href":"https:\/\/tys.fi\/en\/wp-json\/wp\/v2\/pages\/1810\/revisions\/29022"}],"up":[{"embeddable":true,"href":"https:\/\/tys.fi\/en\/wp-json\/wp\/v2\/pages\/1577"}],"wp:attachment":[{"href":"https:\/\/tys.fi\/en\/wp-json\/wp\/v2\/media?parent=1810"}],"curies":[{"name":"wp","href":"https:\/\/api.w.org\/{rel}","templated":true}]}}